{"id":60770,"date":"2024-10-08T10:46:46","date_gmt":"2024-10-08T08:46:46","guid":{"rendered":"https:\/\/www.fondapi.it\/privacy-notice-for-advance-payment-requests\/"},"modified":"2026-01-23T00:12:04","modified_gmt":"2026-01-22T23:12:04","slug":"privacy-notice-for-advance-payment-requests","status":"publish","type":"page","link":"https:\/\/www.fondapi.it\/en\/privacy-notice-for-advance-payment-requests\/","title":{"rendered":"Privacy Notice for Advance Payment Requests"},"content":{"rendered":"\t\t<div data-elementor-type=\"wp-page\" data-elementor-id=\"60770\" class=\"elementor elementor-60770\" data-elementor-post-type=\"page\">\n\t\t\t\t<div class=\"elementor-element elementor-element-de19f56 e-flex e-con-boxed e-con e-parent\" data-id=\"de19f56\" data-element_type=\"container\" data-e-type=\"container\" data-settings=\"{&quot;background_background&quot;:&quot;classic&quot;,&quot;jet_parallax_layout_list&quot;:[]}\">\n\t\t\t\t\t<div class=\"e-con-inner\">\n\t\t<div class=\"elementor-element elementor-element-0435ea6 e-flex e-con-boxed e-con e-child\" data-id=\"0435ea6\" data-element_type=\"container\" data-e-type=\"container\" data-settings=\"{&quot;jet_parallax_layout_list&quot;:[]}\">\n\t\t\t\t\t<div class=\"e-con-inner\">\n\t\t\t\t<div class=\"elementor-element elementor-element-594ff59 elementor-widget elementor-widget-jet-breadcrumbs\" data-id=\"594ff59\" data-element_type=\"widget\" data-e-type=\"widget\" data-widget_type=\"jet-breadcrumbs.default\">\n\t\t\t\t<div class=\"elementor-widget-container\">\n\t\t\t\t\t<div class=\"elementor-jet-breadcrumbs jet-blocks\">\n\t\t<div class=\"jet-breadcrumbs\">\n\t\t<div class=\"jet-breadcrumbs__content\">\n\t\t<div class=\"jet-breadcrumbs__wrap\"><div class=\"jet-breadcrumbs__item\"><a href=\"https:\/\/www.fondapi.it\/en\/\" class=\"jet-breadcrumbs__item-link is-home\" rel=\"home\" title=\"Home\">Home<\/a><\/div>\n\t\t<\/div>\n\t\t<\/div>\n\t\t<\/div><\/div>\t\t\t\t<\/div>\n\t\t\t\t<\/div>\n\t\t\t\t<div class=\"elementor-element elementor-element-0508116 elementor-widget elementor-widget-html\" data-id=\"0508116\" data-element_type=\"widget\" data-e-type=\"widget\" data-widget_type=\"html.default\">\n\t\t\t\t<div class=\"elementor-widget-container\">\n\t\t\t\t\t<script>\ndocument.addEventListener(\"DOMContentLoaded\", function() {\n  var observer = new MutationObserver(function(mutations) {\n    mutations.forEach(function(mutation) {\n      var link = document.querySelector(\".jet-breadcrumbs__item-link[title='Fondapi']\");\n      if (link) {\n        link.addEventListener(\"click\", function(event) {\n          event.preventDefault();\n        });\n      }\n    });\n  });\n\n  observer.observe(document.body, { childList: true, subtree: true });\n\n  var link = document.querySelector(\".jet-breadcrumbs__item-link[title='Fondapi']\");\n  if (link) {\n    link.addEventListener(\"click\", function(event) {\n      event.preventDefault();\n    });\n  }\n});\n<\/script>\n\t\t\t\t<\/div>\n\t\t\t\t<\/div>\n\t\t\t\t\t<\/div>\n\t\t\t\t<\/div>\n\t\t<div class=\"elementor-element elementor-element-98cbdc1 e-flex e-con-boxed e-con e-child\" data-id=\"98cbdc1\" data-element_type=\"container\" data-e-type=\"container\" data-settings=\"{&quot;jet_parallax_layout_list&quot;:[]}\">\n\t\t\t\t\t<div class=\"e-con-inner\">\n\t\t\t\t<div class=\"elementor-element elementor-element-c91d101 elementor-widget__width-auto elementor-widget elementor-widget-heading\" data-id=\"c91d101\" data-element_type=\"widget\" data-e-type=\"widget\" data-widget_type=\"heading.default\">\n\t\t\t\t<div class=\"elementor-widget-container\">\n\t\t\t\t\t<h6 class=\"elementor-heading-title elementor-size-default\">Fondapi<\/h6>\t\t\t\t<\/div>\n\t\t\t\t<\/div>\n\t\t\t\t\t<\/div>\n\t\t\t\t<\/div>\n\t\t\t\t\t<\/div>\n\t\t\t\t<\/div>\n\t\t<div class=\"elementor-element elementor-element-6e8ea33 e-flex e-con-boxed e-con e-parent\" data-id=\"6e8ea33\" data-element_type=\"container\" data-e-type=\"container\" data-settings=\"{&quot;jet_parallax_layout_list&quot;:[]}\">\n\t\t\t\t\t<div class=\"e-con-inner\">\n\t\t\t\t<div class=\"elementor-element elementor-element-4ef0536 elementor-widget elementor-widget-text-editor\" data-id=\"4ef0536\" data-element_type=\"widget\" data-e-type=\"widget\" data-widget_type=\"text-editor.default\">\n\t\t\t\t<div class=\"elementor-widget-container\">\n\t\t\t\t\t\t\t\t\t<p>Pursuant to articles 13 and 14 of EU Regulation 679\/2016, FONDAPI National Complementary Pension Fund for workers of small and medium enterprises (hereinafter Fondapi or Pension Fund) with headquarters at Piazza Cola di Rienzo, 80\/A &#8211; Rome, Data Controller, the Fund&#8217;s DPO can be contacted at the email address <a href=\"mailto:dpo_fondapi@protectiontrade.it\">dpo_fondapi@protectiontrade.it<\/a>, informs you that the processing of your personal data is carried out for the management of your advance payment request; the provision of data is necessary to pursue the mentioned purposes.<\/p><p>The processing will be carried out using automated and manual tools. Personal data, which will not be disclosed, may be communicated to entities responsible for managing complementary pension contributions, to the depositary bank Soci\u00e9t\u00e9 G\u00e9n\u00e9rale Securities Services S.p.A., also through a third-party provider\/Fabrick S.p.A. &#8211; acting as &#8220;Calling&#8221; intermediary &#8211; which in turn will transmit them to other entities involved in the service, with reference through the link to the Fabrick S.p.A. website page where the privacy notice regarding IBAN Check is available and with indication of other recipients https:\/\/www.fabrick.com\/it\/informativa-privacy-check-iban, for the service of verifying the correct association between IBAN and tax code\/VAT number through consultation of credit information systems and interbank information systems; to third parties for the provision of IT and archiving services and to entities whose right to access data is recognized by legal provisions and\/or secondary regulations.<\/p><p>Furthermore, during data processing operations, the Controller will know your identification, administrative and contact data. The Controller might also become aware of data that the Law defines as special (e.g., data relating to health status). In this regard as well, we confirm that such data will be processed with the utmost confidentiality.<\/p><p>The legal basis for processing is the response to a request from the data subject, the member&#8217;s enrollment in the Pension Fund and the consequent establishment of the associative relationship, as well as legal obligations and the granting of consent for the processing of special data. We also wish to inform you that you have the right to withdraw consent at any time. The withdrawal of consent does not affect the lawfulness of processing based on consent provided by you before withdrawal. Personal data acquired for the aforementioned purposes will be processed for the duration of the associative relationship and subsequently will be retained to fulfill obligations provided by accounting and tax regulations; such data will also be retained within the limitation periods provided for exercising rights arising from the associative relationship established with the Fund.<\/p><p>The data subject may contact the Controller to exercise the rights provided by the Regulation in their favor and in particular may request access, rectification, updating, blocking, withdrawal of consent in accordance with applicable regulations, limitation of processing, data portability and deletion of the same. The data subject also has the right to file a complaint with the supervisory authority regarding the processing of their personal data. These rights can be exercised by writing to the email address dpo_<a href=\"mailto:fondapi@protectiontrade.it\">fondapi@protectiontrade.it<\/a>.<\/p>\t\t\t\t\t\t\t\t<\/div>\n\t\t\t\t<\/div>\n\t\t\t\t<div class=\"elementor-element elementor-element-13dee0e elementor-widget elementor-widget-heading\" data-id=\"13dee0e\" data-element_type=\"widget\" data-e-type=\"widget\" data-widget_type=\"heading.default\">\n\t\t\t\t<div class=\"elementor-widget-container\">\n\t\t\t\t\t<h4 class=\"elementor-heading-title elementor-size-default\">Only if the request contains communication of special data<\/h4>\t\t\t\t<\/div>\n\t\t\t\t<\/div>\n\t\t\t\t<div class=\"elementor-element elementor-element-6292f69 elementor-widget elementor-widget-text-editor\" data-id=\"6292f69\" data-element_type=\"widget\" data-e-type=\"widget\" data-widget_type=\"text-editor.default\">\n\t\t\t\t<div class=\"elementor-widget-container\">\n\t\t\t\t\t\t\t\t\t<p><strong>Consent to the processing of personal data<\/strong><\/p><p>Having acquired the information referred to in article 13 of EU Regulation 679\/2016, I give consent to the processing of special personal data (e.g., data relating to health status) for the management of my advance payment request.<\/p>\t\t\t\t\t\t\t\t<\/div>\n\t\t\t\t<\/div>\n\t\t\t\t\t<\/div>\n\t\t\t\t<\/div>\n\t\t\t\t<\/div>\n\t\t","protected":false},"excerpt":{"rendered":"<p>Home Fondapi Pursuant to articles 13 and 14 of EU Regulation 679\/2016, FONDAPI National Complementary Pension Fund for workers of small and medium enterprises (hereinafter Fondapi or Pension Fund) with headquarters at Piazza Cola di Rienzo, 80\/A &#8211; Rome, Data Controller, the Fund&#8217;s DPO can be contacted at the email address dpo_fondapi@protectiontrade.it, informs you that [&hellip;]<\/p>\n","protected":false},"author":3,"featured_media":0,"parent":0,"menu_order":0,"comment_status":"closed","ping_status":"closed","template":"","meta":{"footnotes":""},"class_list":["post-60770","page","type-page","status-publish","hentry"],"yoast_head":"<!-- This site is optimized with the Yoast SEO plugin v27.2 - https:\/\/yoast.com\/product\/yoast-seo-wordpress\/ -->\n<title>Privacy Notice for Advance Payment Requests - Fondapi<\/title>\n<meta name=\"robots\" content=\"index, follow, max-snippet:-1, max-image-preview:large, max-video-preview:-1\" \/>\n<link rel=\"canonical\" href=\"https:\/\/www.fondapi.it\/en\/privacy-notice-for-advance-payment-requests\/\" \/>\n<meta property=\"og:locale\" content=\"en_US\" \/>\n<meta property=\"og:type\" content=\"article\" \/>\n<meta property=\"og:title\" content=\"Privacy Notice for Advance Payment Requests - Fondapi\" \/>\n<meta property=\"og:description\" content=\"Home Fondapi Pursuant to articles 13 and 14 of EU Regulation 679\/2016, FONDAPI National Complementary Pension Fund for workers of small and medium enterprises (hereinafter Fondapi or Pension Fund) with headquarters at Piazza Cola di Rienzo, 80\/A &#8211; Rome, Data Controller, the Fund&#8217;s DPO can be contacted at the email address dpo_fondapi@protectiontrade.it, informs you that [&hellip;]\" \/>\n<meta property=\"og:url\" content=\"https:\/\/www.fondapi.it\/en\/privacy-notice-for-advance-payment-requests\/\" \/>\n<meta property=\"og:site_name\" content=\"Fondapi\" \/>\n<meta property=\"article:publisher\" content=\"https:\/\/www.facebook.com\/pages\/Scegli-Fondapi\/111620682275544?fref=ts\" \/>\n<meta property=\"article:modified_time\" content=\"2026-01-22T23:12:04+00:00\" \/>\n<meta name=\"twitter:card\" content=\"summary_large_image\" \/>\n<meta name=\"twitter:site\" content=\"@fondapi\" \/>\n<meta name=\"twitter:label1\" content=\"Est. reading time\" \/>\n\t<meta name=\"twitter:data1\" content=\"3 minutes\" \/>\n<script type=\"application\/ld+json\" class=\"yoast-schema-graph\">{\"@context\":\"https:\/\/schema.org\",\"@graph\":[{\"@type\":\"WebPage\",\"@id\":\"https:\/\/www.fondapi.it\/en\/privacy-notice-for-advance-payment-requests\/\",\"url\":\"https:\/\/www.fondapi.it\/en\/privacy-notice-for-advance-payment-requests\/\",\"name\":\"Privacy Notice for Advance Payment Requests - Fondapi\",\"isPartOf\":{\"@id\":\"https:\/\/www.fondapi.it\/en\/#website\"},\"datePublished\":\"2024-10-08T08:46:46+00:00\",\"dateModified\":\"2026-01-22T23:12:04+00:00\",\"breadcrumb\":{\"@id\":\"https:\/\/www.fondapi.it\/en\/privacy-notice-for-advance-payment-requests\/#breadcrumb\"},\"inLanguage\":\"en-US\",\"potentialAction\":[{\"@type\":\"ReadAction\",\"target\":[\"https:\/\/www.fondapi.it\/en\/privacy-notice-for-advance-payment-requests\/\"]}]},{\"@type\":\"BreadcrumbList\",\"@id\":\"https:\/\/www.fondapi.it\/en\/privacy-notice-for-advance-payment-requests\/#breadcrumb\",\"itemListElement\":[{\"@type\":\"ListItem\",\"position\":1,\"name\":\"Home\",\"item\":\"https:\/\/www.fondapi.it\/en\/home\/\"},{\"@type\":\"ListItem\",\"position\":2,\"name\":\"Privacy Notice for Advance Payment Requests\"}]},{\"@type\":\"WebSite\",\"@id\":\"https:\/\/www.fondapi.it\/en\/#website\",\"url\":\"https:\/\/www.fondapi.it\/en\/\",\"name\":\"Fondapi\",\"description\":\"\",\"publisher\":{\"@id\":\"https:\/\/www.fondapi.it\/en\/#organization\"},\"alternateName\":\"Fondapi Fondo pensione integrativa\",\"potentialAction\":[{\"@type\":\"SearchAction\",\"target\":{\"@type\":\"EntryPoint\",\"urlTemplate\":\"https:\/\/www.fondapi.it\/en\/?s={search_term_string}\"},\"query-input\":{\"@type\":\"PropertyValueSpecification\",\"valueRequired\":true,\"valueName\":\"search_term_string\"}}],\"inLanguage\":\"en-US\"},{\"@type\":\"Organization\",\"@id\":\"https:\/\/www.fondapi.it\/en\/#organization\",\"name\":\"Fondapi - Fondo nazionale pensione complementare\",\"alternateName\":\"Fondapi Fondo pensione integrativa\",\"url\":\"https:\/\/www.fondapi.it\/en\/\",\"logo\":{\"@type\":\"ImageObject\",\"inLanguage\":\"en-US\",\"@id\":\"https:\/\/www.fondapi.it\/en\/#\/schema\/logo\/image\/\",\"url\":\"\",\"contentUrl\":\"\",\"caption\":\"Fondapi - Fondo nazionale pensione complementare\"},\"image\":{\"@id\":\"https:\/\/www.fondapi.it\/en\/#\/schema\/logo\/image\/\"},\"sameAs\":[\"https:\/\/www.facebook.com\/pages\/Scegli-Fondapi\/111620682275544?fref=ts\",\"https:\/\/x.com\/fondapi\",\"https:\/\/www.linkedin.com\/company\/18497131\",\"https:\/\/www.youtube.com\/user\/Fondapi\",\"https:\/\/www.instagram.com\/fondapi.it\/\"]}]}<\/script>\n<!-- \/ Yoast SEO plugin. -->","yoast_head_json":{"title":"Privacy Notice for Advance Payment Requests - Fondapi","robots":{"index":"index","follow":"follow","max-snippet":"max-snippet:-1","max-image-preview":"max-image-preview:large","max-video-preview":"max-video-preview:-1"},"canonical":"https:\/\/www.fondapi.it\/en\/privacy-notice-for-advance-payment-requests\/","og_locale":"en_US","og_type":"article","og_title":"Privacy Notice for Advance Payment Requests - Fondapi","og_description":"Home Fondapi Pursuant to articles 13 and 14 of EU Regulation 679\/2016, FONDAPI National Complementary Pension Fund for workers of small and medium enterprises (hereinafter Fondapi or Pension Fund) with headquarters at Piazza Cola di Rienzo, 80\/A &#8211; Rome, Data Controller, the Fund&#8217;s DPO can be contacted at the email address dpo_fondapi@protectiontrade.it, informs you that [&hellip;]","og_url":"https:\/\/www.fondapi.it\/en\/privacy-notice-for-advance-payment-requests\/","og_site_name":"Fondapi","article_publisher":"https:\/\/www.facebook.com\/pages\/Scegli-Fondapi\/111620682275544?fref=ts","article_modified_time":"2026-01-22T23:12:04+00:00","twitter_card":"summary_large_image","twitter_site":"@fondapi","twitter_misc":{"Est. reading time":"3 minutes"},"schema":{"@context":"https:\/\/schema.org","@graph":[{"@type":"WebPage","@id":"https:\/\/www.fondapi.it\/en\/privacy-notice-for-advance-payment-requests\/","url":"https:\/\/www.fondapi.it\/en\/privacy-notice-for-advance-payment-requests\/","name":"Privacy Notice for Advance Payment Requests - Fondapi","isPartOf":{"@id":"https:\/\/www.fondapi.it\/en\/#website"},"datePublished":"2024-10-08T08:46:46+00:00","dateModified":"2026-01-22T23:12:04+00:00","breadcrumb":{"@id":"https:\/\/www.fondapi.it\/en\/privacy-notice-for-advance-payment-requests\/#breadcrumb"},"inLanguage":"en-US","potentialAction":[{"@type":"ReadAction","target":["https:\/\/www.fondapi.it\/en\/privacy-notice-for-advance-payment-requests\/"]}]},{"@type":"BreadcrumbList","@id":"https:\/\/www.fondapi.it\/en\/privacy-notice-for-advance-payment-requests\/#breadcrumb","itemListElement":[{"@type":"ListItem","position":1,"name":"Home","item":"https:\/\/www.fondapi.it\/en\/home\/"},{"@type":"ListItem","position":2,"name":"Privacy Notice for Advance Payment Requests"}]},{"@type":"WebSite","@id":"https:\/\/www.fondapi.it\/en\/#website","url":"https:\/\/www.fondapi.it\/en\/","name":"Fondapi","description":"","publisher":{"@id":"https:\/\/www.fondapi.it\/en\/#organization"},"alternateName":"Fondapi Fondo pensione integrativa","potentialAction":[{"@type":"SearchAction","target":{"@type":"EntryPoint","urlTemplate":"https:\/\/www.fondapi.it\/en\/?s={search_term_string}"},"query-input":{"@type":"PropertyValueSpecification","valueRequired":true,"valueName":"search_term_string"}}],"inLanguage":"en-US"},{"@type":"Organization","@id":"https:\/\/www.fondapi.it\/en\/#organization","name":"Fondapi - Fondo nazionale pensione complementare","alternateName":"Fondapi Fondo pensione integrativa","url":"https:\/\/www.fondapi.it\/en\/","logo":{"@type":"ImageObject","inLanguage":"en-US","@id":"https:\/\/www.fondapi.it\/en\/#\/schema\/logo\/image\/","url":"","contentUrl":"","caption":"Fondapi - Fondo nazionale pensione complementare"},"image":{"@id":"https:\/\/www.fondapi.it\/en\/#\/schema\/logo\/image\/"},"sameAs":["https:\/\/www.facebook.com\/pages\/Scegli-Fondapi\/111620682275544?fref=ts","https:\/\/x.com\/fondapi","https:\/\/www.linkedin.com\/company\/18497131","https:\/\/www.youtube.com\/user\/Fondapi","https:\/\/www.instagram.com\/fondapi.it\/"]}]}},"_links":{"self":[{"href":"https:\/\/www.fondapi.it\/en\/wp-json\/wp\/v2\/pages\/60770","targetHints":{"allow":["GET"]}}],"collection":[{"href":"https:\/\/www.fondapi.it\/en\/wp-json\/wp\/v2\/pages"}],"about":[{"href":"https:\/\/www.fondapi.it\/en\/wp-json\/wp\/v2\/types\/page"}],"author":[{"embeddable":true,"href":"https:\/\/www.fondapi.it\/en\/wp-json\/wp\/v2\/users\/3"}],"replies":[{"embeddable":true,"href":"https:\/\/www.fondapi.it\/en\/wp-json\/wp\/v2\/comments?post=60770"}],"version-history":[{"count":4,"href":"https:\/\/www.fondapi.it\/en\/wp-json\/wp\/v2\/pages\/60770\/revisions"}],"predecessor-version":[{"id":63288,"href":"https:\/\/www.fondapi.it\/en\/wp-json\/wp\/v2\/pages\/60770\/revisions\/63288"}],"wp:attachment":[{"href":"https:\/\/www.fondapi.it\/en\/wp-json\/wp\/v2\/media?parent=60770"}],"curies":[{"name":"wp","href":"https:\/\/api.w.org\/{rel}","templated":true}]}}