{"id":60618,"date":"2025-10-22T17:13:36","date_gmt":"2025-10-22T15:13:36","guid":{"rendered":"https:\/\/www.fondapi.it\/politica-de-privacidad-del-chatbot\/"},"modified":"2025-11-11T08:38:28","modified_gmt":"2025-11-11T07:38:28","slug":"politica-de-privacidad-del-chatbot","status":"publish","type":"page","link":"https:\/\/www.fondapi.it\/es\/politica-de-privacidad-del-chatbot\/","title":{"rendered":"Pol\u00edtica de Privacidad del Chatbot"},"content":{"rendered":"\t\t<div data-elementor-type=\"wp-page\" data-elementor-id=\"60618\" class=\"elementor elementor-60618 elementor-60579\" data-elementor-post-type=\"page\">\n\t\t\t\t<div class=\"elementor-element elementor-element-653d948 e-flex e-con-boxed e-con e-parent\" data-id=\"653d948\" data-element_type=\"container\" data-e-type=\"container\" data-settings=\"{&quot;background_background&quot;:&quot;classic&quot;,&quot;jet_parallax_layout_list&quot;:[]}\">\n\t\t\t\t\t<div class=\"e-con-inner\">\n\t\t<div class=\"elementor-element elementor-element-dc41a10 e-flex e-con-boxed e-con e-child\" data-id=\"dc41a10\" data-element_type=\"container\" data-e-type=\"container\" data-settings=\"{&quot;jet_parallax_layout_list&quot;:[]}\">\n\t\t\t\t\t<div class=\"e-con-inner\">\n\t\t\t\t<div class=\"elementor-element elementor-element-58908fc elementor-widget elementor-widget-jet-breadcrumbs\" data-id=\"58908fc\" data-element_type=\"widget\" data-e-type=\"widget\" data-widget_type=\"jet-breadcrumbs.default\">\n\t\t\t\t<div class=\"elementor-widget-container\">\n\t\t\t\t\t<div class=\"elementor-jet-breadcrumbs jet-blocks\">\n\t\t<div class=\"jet-breadcrumbs\">\n\t\t<div class=\"jet-breadcrumbs__content\">\n\t\t<div class=\"jet-breadcrumbs__wrap\"><div class=\"jet-breadcrumbs__item\"><a href=\"https:\/\/www.fondapi.it\/es\/\" class=\"jet-breadcrumbs__item-link is-home\" rel=\"home\" title=\"Inicio\">Inicio<\/a><\/div>\n\t\t<\/div>\n\t\t<\/div>\n\t\t<\/div><\/div>\t\t\t\t<\/div>\n\t\t\t\t<\/div>\n\t\t\t\t<div class=\"elementor-element elementor-element-30db121 elementor-widget elementor-widget-html\" data-id=\"30db121\" data-element_type=\"widget\" data-e-type=\"widget\" data-widget_type=\"html.default\">\n\t\t\t\t<div class=\"elementor-widget-container\">\n\t\t\t\t\t<script>document.addEventListener(\"DOMContentLoaded\", function() {\n  var observer = new MutationObserver(function(mutations) {\n    mutations.forEach(function(mutation) {\n      var link = document.querySelector(\".jet-breadcrumbs__item-link[title='Fondapi']\");\n      if (link) {\n        link.addEventListener(\"click\", function(event) {\n          event.preventDefault();\n        });\n      }\n    });\n  });\n\n  observer.observe(document.body, { childList: true, subtree: true });\n\n  var link = document.querySelector(\".jet-breadcrumbs__item-link[title='Fondapi']\");\n  if (link) {\n    link.addEventListener(\"click\", function(event) {\n      event.preventDefault();\n    });\n  }\n});\n<\/script>\t\t\t\t<\/div>\n\t\t\t\t<\/div>\n\t\t\t\t\t<\/div>\n\t\t\t\t<\/div>\n\t\t<div class=\"elementor-element elementor-element-256d4b4 e-flex e-con-boxed e-con e-child\" data-id=\"256d4b4\" data-element_type=\"container\" data-e-type=\"container\" data-settings=\"{&quot;jet_parallax_layout_list&quot;:[]}\">\n\t\t\t\t\t<div class=\"e-con-inner\">\n\t\t\t\t<div class=\"elementor-element elementor-element-9257370 elementor-widget__width-auto elementor-widget elementor-widget-heading\" data-id=\"9257370\" data-element_type=\"widget\" data-e-type=\"widget\" data-widget_type=\"heading.default\">\n\t\t\t\t<div class=\"elementor-widget-container\">\n\t\t\t\t\t<h6 class=\"elementor-heading-title elementor-size-default\">Fondapi<\/h6>\t\t\t\t<\/div>\n\t\t\t\t<\/div>\n\t\t\t\t\t<\/div>\n\t\t\t\t<\/div>\n\t\t\t\t\t<\/div>\n\t\t\t\t<\/div>\n\t\t<div class=\"elementor-element elementor-element-fa4006a e-flex e-con-boxed e-con e-parent\" data-id=\"fa4006a\" data-element_type=\"container\" data-e-type=\"container\" data-settings=\"{&quot;jet_parallax_layout_list&quot;:[]}\">\n\t\t\t\t\t<div class=\"e-con-inner\">\n\t\t<div class=\"elementor-element elementor-element-893b52a e-con-full e-flex e-con e-child\" data-id=\"893b52a\" data-element_type=\"container\" data-e-type=\"container\" data-settings=\"{&quot;jet_parallax_layout_list&quot;:[]}\">\n\t\t\t\t<div class=\"elementor-element elementor-element-f26bc70 elementor-widget elementor-widget-heading\" data-id=\"f26bc70\" data-element_type=\"widget\" data-e-type=\"widget\" data-widget_type=\"heading.default\">\n\t\t\t\t<div class=\"elementor-widget-container\">\n\t\t\t\t\t<h3 class=\"elementor-heading-title elementor-size-default\">INFORMACI\u00d3N SOBRE EL TRATAMIENTO DE DATOS PERSONALES (Art. 13 Reglamento UE 2016\/679)<\/h3>\t\t\t\t<\/div>\n\t\t\t\t<\/div>\n\t\t\t\t<div class=\"elementor-element elementor-element-b569226 elementor-widget elementor-widget-text-editor\" data-id=\"b569226\" data-element_type=\"widget\" data-e-type=\"widget\" data-widget_type=\"text-editor.default\">\n\t\t\t\t<div class=\"elementor-widget-container\">\n\t\t\t\t\t\t\t\t\t<p>En virtud del art. 13 del Reglamento UE 2016\/679, relativo al tratamiento y la libre circulaci\u00f3n de datos personales con referencia a las personas f\u00edsicas (en adelante tambi\u00e9n Reglamento), FONDAPI Fondo nacional de pensi\u00f3n complementaria para los trabajadores de las peque\u00f1as y medianas empresas (en adelante Fondapi o Fondo de Pensi\u00f3n), en calidad de Responsable del tratamiento, proporciona la siguiente informaci\u00f3n sobre el tratamiento de datos personales pertenecientes a sus afiliados.<\/p><p><strong>1. RESPONSABLE DEL TRATAMIENTO DE DATOS <\/strong><\/p><p>El responsable del tratamiento de datos es FONDAPI Fondo nacional de pensi\u00f3n complementaria para los trabajadores de las peque\u00f1as y medianas empresas con sede en Piazza Cola di Rienzo, 80\/A \u2013 Roma.<\/p><p><strong>2. DELEGADO DE PROTECCI\u00d3N DE DATOS (DPO)<\/strong><\/p><p>El Delegado de protecci\u00f3n de datos (Data Protection Officer) es Protection Trade S.r.l. con sede en Via Giorgio Morandi 22, Itri (LT), correo electr\u00f3nico <a href=\"mailto:dpo_fondapi@protectiontrade.it\">dpo_fondapi@protectiontrade.it<\/a><\/p><p><strong>3. FINALIDADES DEL TRATAMIENTO<\/strong><\/p><p>El Chatbot puesto a disposici\u00f3n por Fondapi es un servicio de asistencia facultativo y no perjudica en modo alguno la posibilidad de contactar directamente con el Fondo. Las conversaciones son autom\u00e1ticas: no est\u00e1 prevista la intervenci\u00f3n de un operador. Las consultas realizadas en el Chatbot podr\u00e1n ser revisadas por un encargado en caso de que se produzca un mal funcionamiento del software.<\/p><p><strong>4. APORTACI\u00d3N DE DATOS<\/strong><\/p><p>La aportaci\u00f3n de los datos solicitados es obligatoria; en su ausencia ser\u00e1 imposible realizar la actividad.<\/p><p><strong>5. BASE JUR\u00cdDICA DEL TRATAMIENTO Y PER\u00cdODO DE CONSERVACI\u00d3N DE LOS DATOS<\/strong><\/p><p>La base jur\u00eddica del tratamiento para las finalidades descritas es la solicitud del interesado ex Art. 6, p\u00e1rr. 1, letra b) \u2013 ejecuci\u00f3n de medidas precontractuales o contractuales. Los datos personales recogidos a trav\u00e9s del servicio Chatbot se conservan durante un per\u00edodo de 12 meses desde la fecha de registro o por un plazo superior cuando intervenga un acto interruptivo y\/o suspensivo de la prescripci\u00f3n que justifique la prolongaci\u00f3n de la conservaci\u00f3n.<\/p><p><strong>6. NATURALEZA DE LOS DATOS TRATADOS<\/strong><\/p><p>El Chatbot presente en el \u00e1rea p\u00fablica del sitio proporcionar\u00e1 respuestas solo de car\u00e1cter general y de dominio p\u00fablico. Las categor\u00edas de datos personales tratados son las siguientes: Chatbot P\u00fablico: a) Contenido de las solicitudes. El Chatbot Privado: a) Texto de las solicitudes; b) Nombre del usuario; c) ID de usuario.<\/p><p><strong>7. MODALIDADES DE TRATAMIENTO DE LOS DATOS TRATADOS<\/strong><\/p><p>El tratamiento de los datos personales se realiza mediante instrumentos manuales e inform\u00e1ticos, con modalidades estrictamente correlacionadas con las finalidades indicadas anteriormente y, en cualquier caso, de modo que se garantice la seguridad, la protecci\u00f3n y la confidencialidad de los propios datos.<\/p><p><strong>8. DESTINATARIOS DE LOS DATOS<\/strong><\/p><p>Los datos personales recogidos podr\u00e1n ser tratados dentro de la organizaci\u00f3n del responsable del tratamiento por personas autorizadas y formadas. El Fondo de Pensi\u00f3n podr\u00e1 comunicar los datos personales adquiridos a sujetos y sociedades externas que proporcionen al mismo servicios estrictamente conectados e instrumentales a su propia actividad, tambi\u00e9n nombrados Encargados del tratamiento en virtud del art. 28 del Reglamento. La lista de los encargados del tratamiento, constantemente actualizada, se custodia en la sede legal del Responsable del tratamiento. Los datos personales adquiridos no son objeto de difusi\u00f3n. El Fondo de Pensi\u00f3n podr\u00eda valerse de proveedores o subproveedores que no residen en la Uni\u00f3n Europea; a tal respecto se garantiza que la transferencia podr\u00e1 realizarse solo hacia sujetos que garanticen un nivel adecuado de protecci\u00f3n del tratamiento de los datos y\/o hacia pa\u00edses para los cuales las Autoridades competentes han emitido una decisi\u00f3n de adecuaci\u00f3n, as\u00ed como hacia sujetos que han proporcionado garant\u00edas id\u00f3neas al tratamiento de los datos a trav\u00e9s de instrumentos normativos\/contractuales adecuados como, por ejemplo, la suscripci\u00f3n de cl\u00e1usulas contractuales est\u00e1ndar. Para obtener informaci\u00f3n al respecto, podr\u00e1 enviar un correo electr\u00f3nico a la direcci\u00f3n <a href=\"mailto:dpo_fondapi@protectiontrade.it\">dpo_fondapi@protectiontrade.it<\/a>.<\/p><p><strong>9. DERECHOS DEL INTERESADO<\/strong><\/p><p>Le informamos, por \u00faltimo, que podr\u00e1 ejercer los derechos contemplados por el Reglamento, escribiendo a dpo_fondapi@protectiontrade.it. En particular, podr\u00e1:<\/p><ul><li>acceder a sus datos personales, obteniendo evidencia de las finalidades perseguidas por parte del Responsable, de las categor\u00edas de datos involucrados, de los destinatarios a los que los mismos pueden ser comunicados, del per\u00edodo de conservaci\u00f3n aplicable, de la existencia de procesos decisionales automatizados, incluida la elaboraci\u00f3n de perfiles, y, al menos en tales casos, informaci\u00f3n significativa sobre la l\u00f3gica utilizada, as\u00ed como la importancia y las posibles consecuencias para el interesado, cuando no est\u00e9 ya indicado en el texto de esta Informaci\u00f3n;<\/li><li>obtener sin demora la rectificaci\u00f3n de los datos personales inexactos que le conciernen;<\/li><li>obtener, en los casos previstos por la ley, la supresi\u00f3n de sus datos;<\/li><li>obtener la limitaci\u00f3n del tratamiento u oponerse al mismo, cuando est\u00e9 admitido en base a las previsiones de ley aplicables al caso espec\u00edfico.<\/li><\/ul><p>Le recordamos, por \u00faltimo, que es un derecho del Interesado presentar una reclamaci\u00f3n ante la Autoridad de control: Autoridad Garante para la Protecci\u00f3n de los Datos Personales.<\/p>\t\t\t\t\t\t\t\t<\/div>\n\t\t\t\t<\/div>\n\t\t\t\t<\/div>\n\t\t\t\t\t<\/div>\n\t\t\t\t<\/div>\n\t\t\t\t<\/div>\n\t\t","protected":false},"excerpt":{"rendered":"<p>Home Fondapi INFORMACI\u00d3N SOBRE EL TRATAMIENTO DE DATOS PERSONALES (Art. 13 Reglamento UE 2016\/679) En virtud del art. 13 del Reglamento UE 2016\/679, relativo al tratamiento y la libre circulaci\u00f3n de datos personales con referencia a las personas f\u00edsicas (en adelante tambi\u00e9n Reglamento), FONDAPI Fondo nacional de pensi\u00f3n complementaria para los trabajadores de las peque\u00f1as [&hellip;]<\/p>\n","protected":false},"author":3,"featured_media":0,"parent":0,"menu_order":26,"comment_status":"closed","ping_status":"closed","template":"","meta":{"footnotes":""},"class_list":["post-60618","page","type-page","status-publish","hentry"],"yoast_head":"<!-- This site is optimized with the Yoast SEO plugin v27.2 - https:\/\/yoast.com\/product\/yoast-seo-wordpress\/ -->\n<title>Pol\u00edtica de Privacidad del Chatbot - Fondapi<\/title>\n<meta name=\"robots\" content=\"index, follow, max-snippet:-1, max-image-preview:large, max-video-preview:-1\" \/>\n<link rel=\"canonical\" href=\"https:\/\/www.fondapi.it\/es\/politica-de-privacidad-del-chatbot\/\" \/>\n<meta property=\"og:locale\" content=\"es_ES\" \/>\n<meta property=\"og:type\" content=\"article\" \/>\n<meta property=\"og:title\" content=\"Pol\u00edtica de Privacidad del Chatbot - Fondapi\" \/>\n<meta property=\"og:description\" content=\"Home Fondapi INFORMACI\u00d3N SOBRE EL TRATAMIENTO DE DATOS PERSONALES (Art. 13 Reglamento UE 2016\/679) En virtud del art. 13 del Reglamento UE 2016\/679, relativo al tratamiento y la libre circulaci\u00f3n de datos personales con referencia a las personas f\u00edsicas (en adelante tambi\u00e9n Reglamento), FONDAPI Fondo nacional de pensi\u00f3n complementaria para los trabajadores de las peque\u00f1as [&hellip;]\" \/>\n<meta property=\"og:url\" content=\"https:\/\/www.fondapi.it\/es\/politica-de-privacidad-del-chatbot\/\" \/>\n<meta property=\"og:site_name\" content=\"Fondapi\" \/>\n<meta property=\"article:publisher\" content=\"https:\/\/www.facebook.com\/pages\/Scegli-Fondapi\/111620682275544?fref=ts\" \/>\n<meta property=\"article:modified_time\" content=\"2025-11-11T07:38:28+00:00\" \/>\n<meta name=\"twitter:card\" content=\"summary_large_image\" \/>\n<meta name=\"twitter:site\" content=\"@fondapi\" \/>\n<meta name=\"twitter:label1\" content=\"Tiempo de lectura\" \/>\n\t<meta name=\"twitter:data1\" content=\"4 minutos\" \/>\n<script type=\"application\/ld+json\" class=\"yoast-schema-graph\">{\"@context\":\"https:\/\/schema.org\",\"@graph\":[{\"@type\":\"WebPage\",\"@id\":\"https:\/\/www.fondapi.it\/es\/politica-de-privacidad-del-chatbot\/\",\"url\":\"https:\/\/www.fondapi.it\/es\/politica-de-privacidad-del-chatbot\/\",\"name\":\"Pol\u00edtica de Privacidad del Chatbot - Fondapi\",\"isPartOf\":{\"@id\":\"https:\/\/www.fondapi.it\/es\/#website\"},\"datePublished\":\"2025-10-22T15:13:36+00:00\",\"dateModified\":\"2025-11-11T07:38:28+00:00\",\"breadcrumb\":{\"@id\":\"https:\/\/www.fondapi.it\/es\/politica-de-privacidad-del-chatbot\/#breadcrumb\"},\"inLanguage\":\"es\",\"potentialAction\":[{\"@type\":\"ReadAction\",\"target\":[\"https:\/\/www.fondapi.it\/es\/politica-de-privacidad-del-chatbot\/\"]}]},{\"@type\":\"BreadcrumbList\",\"@id\":\"https:\/\/www.fondapi.it\/es\/politica-de-privacidad-del-chatbot\/#breadcrumb\",\"itemListElement\":[{\"@type\":\"ListItem\",\"position\":1,\"name\":\"Home\",\"item\":\"https:\/\/www.fondapi.it\/es\/inicio\/\"},{\"@type\":\"ListItem\",\"position\":2,\"name\":\"Pol\u00edtica de Privacidad del Chatbot\"}]},{\"@type\":\"WebSite\",\"@id\":\"https:\/\/www.fondapi.it\/es\/#website\",\"url\":\"https:\/\/www.fondapi.it\/es\/\",\"name\":\"Fondapi\",\"description\":\"\",\"publisher\":{\"@id\":\"https:\/\/www.fondapi.it\/es\/#organization\"},\"alternateName\":\"Fondapi Fondo pensione integrativa\",\"potentialAction\":[{\"@type\":\"SearchAction\",\"target\":{\"@type\":\"EntryPoint\",\"urlTemplate\":\"https:\/\/www.fondapi.it\/es\/?s={search_term_string}\"},\"query-input\":{\"@type\":\"PropertyValueSpecification\",\"valueRequired\":true,\"valueName\":\"search_term_string\"}}],\"inLanguage\":\"es\"},{\"@type\":\"Organization\",\"@id\":\"https:\/\/www.fondapi.it\/es\/#organization\",\"name\":\"Fondapi - Fondo nazionale pensione complementare\",\"alternateName\":\"Fondapi Fondo pensione integrativa\",\"url\":\"https:\/\/www.fondapi.it\/es\/\",\"logo\":{\"@type\":\"ImageObject\",\"inLanguage\":\"es\",\"@id\":\"https:\/\/www.fondapi.it\/es\/#\/schema\/logo\/image\/\",\"url\":\"\",\"contentUrl\":\"\",\"caption\":\"Fondapi - Fondo nazionale pensione complementare\"},\"image\":{\"@id\":\"https:\/\/www.fondapi.it\/es\/#\/schema\/logo\/image\/\"},\"sameAs\":[\"https:\/\/www.facebook.com\/pages\/Scegli-Fondapi\/111620682275544?fref=ts\",\"https:\/\/x.com\/fondapi\",\"https:\/\/www.linkedin.com\/company\/18497131\",\"https:\/\/www.youtube.com\/user\/Fondapi\",\"https:\/\/www.instagram.com\/fondapi.it\/\"]}]}<\/script>\n<!-- \/ Yoast SEO plugin. -->","yoast_head_json":{"title":"Pol\u00edtica de Privacidad del Chatbot - Fondapi","robots":{"index":"index","follow":"follow","max-snippet":"max-snippet:-1","max-image-preview":"max-image-preview:large","max-video-preview":"max-video-preview:-1"},"canonical":"https:\/\/www.fondapi.it\/es\/politica-de-privacidad-del-chatbot\/","og_locale":"es_ES","og_type":"article","og_title":"Pol\u00edtica de Privacidad del Chatbot - Fondapi","og_description":"Home Fondapi INFORMACI\u00d3N SOBRE EL TRATAMIENTO DE DATOS PERSONALES (Art. 13 Reglamento UE 2016\/679) En virtud del art. 13 del Reglamento UE 2016\/679, relativo al tratamiento y la libre circulaci\u00f3n de datos personales con referencia a las personas f\u00edsicas (en adelante tambi\u00e9n Reglamento), FONDAPI Fondo nacional de pensi\u00f3n complementaria para los trabajadores de las peque\u00f1as [&hellip;]","og_url":"https:\/\/www.fondapi.it\/es\/politica-de-privacidad-del-chatbot\/","og_site_name":"Fondapi","article_publisher":"https:\/\/www.facebook.com\/pages\/Scegli-Fondapi\/111620682275544?fref=ts","article_modified_time":"2025-11-11T07:38:28+00:00","twitter_card":"summary_large_image","twitter_site":"@fondapi","twitter_misc":{"Tiempo de lectura":"4 minutos"},"schema":{"@context":"https:\/\/schema.org","@graph":[{"@type":"WebPage","@id":"https:\/\/www.fondapi.it\/es\/politica-de-privacidad-del-chatbot\/","url":"https:\/\/www.fondapi.it\/es\/politica-de-privacidad-del-chatbot\/","name":"Pol\u00edtica de Privacidad del Chatbot - Fondapi","isPartOf":{"@id":"https:\/\/www.fondapi.it\/es\/#website"},"datePublished":"2025-10-22T15:13:36+00:00","dateModified":"2025-11-11T07:38:28+00:00","breadcrumb":{"@id":"https:\/\/www.fondapi.it\/es\/politica-de-privacidad-del-chatbot\/#breadcrumb"},"inLanguage":"es","potentialAction":[{"@type":"ReadAction","target":["https:\/\/www.fondapi.it\/es\/politica-de-privacidad-del-chatbot\/"]}]},{"@type":"BreadcrumbList","@id":"https:\/\/www.fondapi.it\/es\/politica-de-privacidad-del-chatbot\/#breadcrumb","itemListElement":[{"@type":"ListItem","position":1,"name":"Home","item":"https:\/\/www.fondapi.it\/es\/inicio\/"},{"@type":"ListItem","position":2,"name":"Pol\u00edtica de Privacidad del Chatbot"}]},{"@type":"WebSite","@id":"https:\/\/www.fondapi.it\/es\/#website","url":"https:\/\/www.fondapi.it\/es\/","name":"Fondapi","description":"","publisher":{"@id":"https:\/\/www.fondapi.it\/es\/#organization"},"alternateName":"Fondapi Fondo pensione integrativa","potentialAction":[{"@type":"SearchAction","target":{"@type":"EntryPoint","urlTemplate":"https:\/\/www.fondapi.it\/es\/?s={search_term_string}"},"query-input":{"@type":"PropertyValueSpecification","valueRequired":true,"valueName":"search_term_string"}}],"inLanguage":"es"},{"@type":"Organization","@id":"https:\/\/www.fondapi.it\/es\/#organization","name":"Fondapi - Fondo nazionale pensione complementare","alternateName":"Fondapi Fondo pensione integrativa","url":"https:\/\/www.fondapi.it\/es\/","logo":{"@type":"ImageObject","inLanguage":"es","@id":"https:\/\/www.fondapi.it\/es\/#\/schema\/logo\/image\/","url":"","contentUrl":"","caption":"Fondapi - Fondo nazionale pensione complementare"},"image":{"@id":"https:\/\/www.fondapi.it\/es\/#\/schema\/logo\/image\/"},"sameAs":["https:\/\/www.facebook.com\/pages\/Scegli-Fondapi\/111620682275544?fref=ts","https:\/\/x.com\/fondapi","https:\/\/www.linkedin.com\/company\/18497131","https:\/\/www.youtube.com\/user\/Fondapi","https:\/\/www.instagram.com\/fondapi.it\/"]}]}},"_links":{"self":[{"href":"https:\/\/www.fondapi.it\/es\/wp-json\/wp\/v2\/pages\/60618","targetHints":{"allow":["GET"]}}],"collection":[{"href":"https:\/\/www.fondapi.it\/es\/wp-json\/wp\/v2\/pages"}],"about":[{"href":"https:\/\/www.fondapi.it\/es\/wp-json\/wp\/v2\/types\/page"}],"author":[{"embeddable":true,"href":"https:\/\/www.fondapi.it\/es\/wp-json\/wp\/v2\/users\/3"}],"replies":[{"embeddable":true,"href":"https:\/\/www.fondapi.it\/es\/wp-json\/wp\/v2\/comments?post=60618"}],"version-history":[{"count":1,"href":"https:\/\/www.fondapi.it\/es\/wp-json\/wp\/v2\/pages\/60618\/revisions"}],"predecessor-version":[{"id":60620,"href":"https:\/\/www.fondapi.it\/es\/wp-json\/wp\/v2\/pages\/60618\/revisions\/60620"}],"wp:attachment":[{"href":"https:\/\/www.fondapi.it\/es\/wp-json\/wp\/v2\/media?parent=60618"}],"curies":[{"name":"wp","href":"https:\/\/api.w.org\/{rel}","templated":true}]}}