{"id":60636,"date":"2024-09-23T17:51:23","date_gmt":"2024-09-23T15:51:23","guid":{"rendered":"https:\/\/www.fondapi.it\/error-de-inicio-de-sesion\/"},"modified":"2025-11-11T08:43:08","modified_gmt":"2025-11-11T07:43:08","slug":"error-de-inicio-de-sesion","status":"publish","type":"page","link":"https:\/\/www.fondapi.it\/es\/soporte\/area-empresas-y-cajas\/error-de-inicio-de-sesion\/","title":{"rendered":"Error de inicio de sesi\u00f3n"},"content":{"rendered":"\t\t<div data-elementor-type=\"wp-page\" data-elementor-id=\"60636\" class=\"elementor elementor-60636 elementor-58777\" data-elementor-post-type=\"page\">\n\t\t\t\t<div class=\"elementor-element elementor-element-653d948 e-flex e-con-boxed e-con e-parent\" data-id=\"653d948\" data-element_type=\"container\" data-e-type=\"container\" data-settings=\"{&quot;background_background&quot;:&quot;classic&quot;,&quot;jet_parallax_layout_list&quot;:[]}\">\n\t\t\t\t\t<div class=\"e-con-inner\">\n\t\t<div class=\"elementor-element elementor-element-dc41a10 e-flex e-con-boxed e-con e-child\" data-id=\"dc41a10\" data-element_type=\"container\" data-e-type=\"container\" data-settings=\"{&quot;jet_parallax_layout_list&quot;:[]}\">\n\t\t\t\t\t<div class=\"e-con-inner\">\n\t\t\t\t<div class=\"elementor-element elementor-element-58908fc elementor-widget elementor-widget-jet-breadcrumbs\" data-id=\"58908fc\" data-element_type=\"widget\" data-e-type=\"widget\" data-widget_type=\"jet-breadcrumbs.default\">\n\t\t\t\t<div class=\"elementor-widget-container\">\n\t\t\t\t\t<div class=\"elementor-jet-breadcrumbs jet-blocks\">\n\t\t<div class=\"jet-breadcrumbs\">\n\t\t<div class=\"jet-breadcrumbs__content\">\n\t\t<div class=\"jet-breadcrumbs__wrap\"><div class=\"jet-breadcrumbs__item\"><a href=\"https:\/\/www.fondapi.it\/es\/\" class=\"jet-breadcrumbs__item-link is-home\" rel=\"home\" title=\"Inicio\">Inicio<\/a><\/div>\n\t\t<\/div>\n\t\t<\/div>\n\t\t<\/div><\/div>\t\t\t\t<\/div>\n\t\t\t\t<\/div>\n\t\t\t\t<div class=\"elementor-element elementor-element-30db121 elementor-widget elementor-widget-html\" data-id=\"30db121\" data-element_type=\"widget\" data-e-type=\"widget\" data-widget_type=\"html.default\">\n\t\t\t\t<div class=\"elementor-widget-container\">\n\t\t\t\t\t<script>document.addEventListener(\"DOMContentLoaded\", function() {\n  var observer = new MutationObserver(function(mutations) {\n    mutations.forEach(function(mutation) {\n      var link = document.querySelector(\".jet-breadcrumbs__item-link[title='Fondapi']\");\n      if (link) {\n        link.addEventListener(\"click\", function(event) {\n          event.preventDefault();\n        });\n      }\n    });\n  });\n\n  observer.observe(document.body, { childList: true, subtree: true });\n\n  var link = document.querySelector(\".jet-breadcrumbs__item-link[title='Fondapi']\");\n  if (link) {\n    link.addEventListener(\"click\", function(event) {\n      event.preventDefault();\n    });\n  }\n});\n<\/script>\t\t\t\t<\/div>\n\t\t\t\t<\/div>\n\t\t\t\t\t<\/div>\n\t\t\t\t<\/div>\n\t\t<div class=\"elementor-element elementor-element-256d4b4 e-flex e-con-boxed e-con e-child\" data-id=\"256d4b4\" data-element_type=\"container\" data-e-type=\"container\" data-settings=\"{&quot;jet_parallax_layout_list&quot;:[]}\">\n\t\t\t\t\t<div class=\"e-con-inner\">\n\t\t\t\t<div class=\"elementor-element elementor-element-9257370 elementor-widget__width-auto elementor-widget elementor-widget-heading\" data-id=\"9257370\" data-element_type=\"widget\" data-e-type=\"widget\" data-widget_type=\"heading.default\">\n\t\t\t\t<div class=\"elementor-widget-container\">\n\t\t\t\t\t<h6 class=\"elementor-heading-title elementor-size-default\">Soporte<\/h6>\t\t\t\t<\/div>\n\t\t\t\t<\/div>\n\t\t\t\t<div class=\"elementor-element elementor-element-ebefc7a elementor-widget elementor-widget-heading\" data-id=\"ebefc7a\" data-element_type=\"widget\" data-e-type=\"widget\" data-widget_type=\"heading.default\">\n\t\t\t\t<div class=\"elementor-widget-container\">\n\t\t\t\t\t<h4 class=\"elementor-heading-title elementor-size-default\">ID de usuario o contrase\u00f1a no v\u00e1lidos<\/h4>\t\t\t\t<\/div>\n\t\t\t\t<\/div>\n\t\t\t\t\t<\/div>\n\t\t\t\t<\/div>\n\t\t\t\t\t<\/div>\n\t\t\t\t<\/div>\n\t\t<div class=\"elementor-element elementor-element-deb99cb e-flex e-con-boxed e-con e-parent\" data-id=\"deb99cb\" data-element_type=\"container\" data-e-type=\"container\" data-settings=\"{&quot;jet_parallax_layout_list&quot;:[]}\">\n\t\t\t\t\t<div class=\"e-con-inner\">\n\t\t<div class=\"elementor-element elementor-element-c13b45e e-con-full e-flex e-con e-child\" data-id=\"c13b45e\" data-element_type=\"container\" data-e-type=\"container\" data-settings=\"{&quot;jet_parallax_layout_list&quot;:[],&quot;background_background&quot;:&quot;classic&quot;}\">\n\t\t<div class=\"elementor-element elementor-element-2129e07 e-con-full e-flex e-con e-child\" data-id=\"2129e07\" data-element_type=\"container\" data-e-type=\"container\" data-settings=\"{&quot;jet_parallax_layout_list&quot;:[]}\">\n\t\t\t\t<div class=\"elementor-element elementor-element-4076d14 elementor-widget elementor-widget-heading\" data-id=\"4076d14\" data-element_type=\"widget\" data-e-type=\"widget\" data-widget_type=\"heading.default\">\n\t\t\t\t<div class=\"elementor-widget-container\">\n\t\t\t\t\t<h4 class=\"elementor-heading-title elementor-size-default\">INICIO DE SESI\u00d3N \u00c1REA PRIVADA<\/BR> EMPRESAS Y CAJAS<\/h4>\t\t\t\t<\/div>\n\t\t\t\t<\/div>\n\t\t\t\t<div class=\"elementor-element elementor-element-f438892 elementor-widget elementor-widget-html\" data-id=\"f438892\" data-element_type=\"widget\" data-e-type=\"widget\" data-widget_type=\"html.default\">\n\t\t\t\t<div class=\"elementor-widget-container\">\n\t\t\t\t\t<div id=\"arac\">\n\t\t<form method=\"post\" action=\"https:\/\/webab.previnet.it\/fondi-pensione\/ecol-fondapi\/login.portal\" name=\"authentication\" class=\"login\">\n\t<fieldset>\n\t\t<div class=\"box-input\">\n\t\t\t<label>ID de usuario <\/label>\n\t\t\t<input name=\"den-login\" value=\"\" type=\"txt\" size=\"16\">\n\t\t<\/div>\n\t\t<div class=\"box-input\">\n\t\t\t<label>Contrase\u00f1a<\/label>\n\t\t\t<input name=\"den-password\" value=\"\" type=\"password\" size=\"16\">\n\t\t\t<input name=\"url-unauthorized\" value=\"https:\/\/www.fondapi.it\/supporto\/supporto-aziende-e-casse\/login_unau\/\" type=\"hidden\">\n\t\t<\/div>\n\t\t\n\t\t<input type=\"submit\" value=\"Acceder\" class=\"blue-button\">\n\t\t<a href=\"https:\/\/funds.previnet.it\/w-horizon-fondapi-azienda\/recuperoPassword.html#\/\" target=\"_blank\" class=\"blue-button left\" rel=\"noopener\">\u00bfHa olvidado su contrase\u00f1a?<\/a>\n\t<\/fieldset>\n<\/form> \n<\/div>\t\t\t\t<\/div>\n\t\t\t\t<\/div>\n\t\t\t\t<\/div>\n\t\t\t\t<\/div>\n\t\t\t\t\t<\/div>\n\t\t\t\t<\/div>\n\t\t\t\t<\/div>\n\t\t","protected":false},"excerpt":{"rendered":"<p>Home Soporte ID de usuario o contrase\u00f1a no v\u00e1lidos INICIO DE SESI\u00d3N \u00c1REA PRIVADA EMPRESAS Y CAJAS ID de usuario Contrase\u00f1a \u00bfHa olvidado su contrase\u00f1a?<\/p>\n","protected":false},"author":1,"featured_media":0,"parent":60765,"menu_order":0,"comment_status":"closed","ping_status":"closed","template":"","meta":{"footnotes":""},"class_list":["post-60636","page","type-page","status-publish","hentry"],"yoast_head":"<!-- This site is optimized with the Yoast SEO plugin v27.4 - https:\/\/yoast.com\/product\/yoast-seo-wordpress\/ -->\n<title>Error de inicio de sesi\u00f3n - Fondapi<\/title>\n<meta name=\"robots\" content=\"index, follow, max-snippet:-1, max-image-preview:large, max-video-preview:-1\" \/>\n<link rel=\"canonical\" href=\"https:\/\/www.fondapi.it\/es\/soporte\/area-empresas-y-cajas\/error-de-inicio-de-sesion\/\" \/>\n<meta property=\"og:locale\" content=\"es_ES\" \/>\n<meta property=\"og:type\" content=\"article\" \/>\n<meta property=\"og:title\" content=\"Error de inicio de sesi\u00f3n - Fondapi\" \/>\n<meta property=\"og:description\" content=\"Home Soporte ID de usuario o contrase\u00f1a no v\u00e1lidos INICIO DE SESI\u00d3N \u00c1REA PRIVADA EMPRESAS Y CAJAS ID de usuario Contrase\u00f1a \u00bfHa olvidado su contrase\u00f1a?\" \/>\n<meta property=\"og:url\" content=\"https:\/\/www.fondapi.it\/es\/soporte\/area-empresas-y-cajas\/error-de-inicio-de-sesion\/\" \/>\n<meta property=\"og:site_name\" content=\"Fondapi\" \/>\n<meta property=\"article:publisher\" content=\"https:\/\/www.facebook.com\/pages\/Scegli-Fondapi\/111620682275544?fref=ts\" \/>\n<meta property=\"article:modified_time\" content=\"2025-11-11T07:43:08+00:00\" \/>\n<meta name=\"twitter:card\" content=\"summary_large_image\" \/>\n<meta name=\"twitter:site\" content=\"@fondapi\" \/>\n<script type=\"application\/ld+json\" class=\"yoast-schema-graph\">{\"@context\":\"https:\\\/\\\/schema.org\",\"@graph\":[{\"@type\":\"WebPage\",\"@id\":\"https:\\\/\\\/www.fondapi.it\\\/es\\\/soporte\\\/area-empresas-y-cajas\\\/error-de-inicio-de-sesion\\\/\",\"url\":\"https:\\\/\\\/www.fondapi.it\\\/es\\\/soporte\\\/area-empresas-y-cajas\\\/error-de-inicio-de-sesion\\\/\",\"name\":\"Error de inicio de sesi\u00f3n - Fondapi\",\"isPartOf\":{\"@id\":\"https:\\\/\\\/www.fondapi.it\\\/es\\\/#website\"},\"datePublished\":\"2024-09-23T15:51:23+00:00\",\"dateModified\":\"2025-11-11T07:43:08+00:00\",\"breadcrumb\":{\"@id\":\"https:\\\/\\\/www.fondapi.it\\\/es\\\/soporte\\\/area-empresas-y-cajas\\\/error-de-inicio-de-sesion\\\/#breadcrumb\"},\"inLanguage\":\"es\",\"potentialAction\":[{\"@type\":\"ReadAction\",\"target\":[\"https:\\\/\\\/www.fondapi.it\\\/es\\\/soporte\\\/area-empresas-y-cajas\\\/error-de-inicio-de-sesion\\\/\"]}]},{\"@type\":\"BreadcrumbList\",\"@id\":\"https:\\\/\\\/www.fondapi.it\\\/es\\\/soporte\\\/area-empresas-y-cajas\\\/error-de-inicio-de-sesion\\\/#breadcrumb\",\"itemListElement\":[{\"@type\":\"ListItem\",\"position\":1,\"name\":\"Home\",\"item\":\"https:\\\/\\\/www.fondapi.it\\\/es\\\/inicio\\\/\"},{\"@type\":\"ListItem\",\"position\":2,\"name\":\"Soporte\",\"item\":\"https:\\\/\\\/www.fondapi.it\\\/es\\\/soporte\\\/\"},{\"@type\":\"ListItem\",\"position\":3,\"name\":\"\u00c1rea empresas y cajas\",\"item\":\"https:\\\/\\\/www.fondapi.it\\\/es\\\/soporte\\\/area-empresas-y-cajas\\\/\"},{\"@type\":\"ListItem\",\"position\":4,\"name\":\"Error de inicio de sesi\u00f3n\"}]},{\"@type\":\"WebSite\",\"@id\":\"https:\\\/\\\/www.fondapi.it\\\/es\\\/#website\",\"url\":\"https:\\\/\\\/www.fondapi.it\\\/es\\\/\",\"name\":\"Fondapi\",\"description\":\"\",\"publisher\":{\"@id\":\"https:\\\/\\\/www.fondapi.it\\\/es\\\/#organization\"},\"alternateName\":\"Fondapi Fondo pensione integrativa\",\"potentialAction\":[{\"@type\":\"SearchAction\",\"target\":{\"@type\":\"EntryPoint\",\"urlTemplate\":\"https:\\\/\\\/www.fondapi.it\\\/es\\\/?s={search_term_string}\"},\"query-input\":{\"@type\":\"PropertyValueSpecification\",\"valueRequired\":true,\"valueName\":\"search_term_string\"}}],\"inLanguage\":\"es\"},{\"@type\":\"Organization\",\"@id\":\"https:\\\/\\\/www.fondapi.it\\\/es\\\/#organization\",\"name\":\"Fondapi - Fondo nazionale pensione complementare\",\"alternateName\":\"Fondapi Fondo pensione integrativa\",\"url\":\"https:\\\/\\\/www.fondapi.it\\\/es\\\/\",\"logo\":{\"@type\":\"ImageObject\",\"inLanguage\":\"es\",\"@id\":\"https:\\\/\\\/www.fondapi.it\\\/es\\\/#\\\/schema\\\/logo\\\/image\\\/\",\"url\":\"\",\"contentUrl\":\"\",\"caption\":\"Fondapi - Fondo nazionale pensione complementare\"},\"image\":{\"@id\":\"https:\\\/\\\/www.fondapi.it\\\/es\\\/#\\\/schema\\\/logo\\\/image\\\/\"},\"sameAs\":[\"https:\\\/\\\/www.facebook.com\\\/pages\\\/Scegli-Fondapi\\\/111620682275544?fref=ts\",\"https:\\\/\\\/x.com\\\/fondapi\",\"https:\\\/\\\/www.linkedin.com\\\/company\\\/18497131\",\"https:\\\/\\\/www.youtube.com\\\/user\\\/Fondapi\",\"https:\\\/\\\/www.instagram.com\\\/fondapi.it\\\/\"]}]}<\/script>\n<!-- \/ Yoast SEO plugin. -->","yoast_head_json":{"title":"Error de inicio de sesi\u00f3n - Fondapi","robots":{"index":"index","follow":"follow","max-snippet":"max-snippet:-1","max-image-preview":"max-image-preview:large","max-video-preview":"max-video-preview:-1"},"canonical":"https:\/\/www.fondapi.it\/es\/soporte\/area-empresas-y-cajas\/error-de-inicio-de-sesion\/","og_locale":"es_ES","og_type":"article","og_title":"Error de inicio de sesi\u00f3n - Fondapi","og_description":"Home Soporte ID de usuario o contrase\u00f1a no v\u00e1lidos INICIO DE SESI\u00d3N \u00c1REA PRIVADA EMPRESAS Y CAJAS ID de usuario Contrase\u00f1a \u00bfHa olvidado su contrase\u00f1a?","og_url":"https:\/\/www.fondapi.it\/es\/soporte\/area-empresas-y-cajas\/error-de-inicio-de-sesion\/","og_site_name":"Fondapi","article_publisher":"https:\/\/www.facebook.com\/pages\/Scegli-Fondapi\/111620682275544?fref=ts","article_modified_time":"2025-11-11T07:43:08+00:00","twitter_card":"summary_large_image","twitter_site":"@fondapi","schema":{"@context":"https:\/\/schema.org","@graph":[{"@type":"WebPage","@id":"https:\/\/www.fondapi.it\/es\/soporte\/area-empresas-y-cajas\/error-de-inicio-de-sesion\/","url":"https:\/\/www.fondapi.it\/es\/soporte\/area-empresas-y-cajas\/error-de-inicio-de-sesion\/","name":"Error de inicio de sesi\u00f3n - Fondapi","isPartOf":{"@id":"https:\/\/www.fondapi.it\/es\/#website"},"datePublished":"2024-09-23T15:51:23+00:00","dateModified":"2025-11-11T07:43:08+00:00","breadcrumb":{"@id":"https:\/\/www.fondapi.it\/es\/soporte\/area-empresas-y-cajas\/error-de-inicio-de-sesion\/#breadcrumb"},"inLanguage":"es","potentialAction":[{"@type":"ReadAction","target":["https:\/\/www.fondapi.it\/es\/soporte\/area-empresas-y-cajas\/error-de-inicio-de-sesion\/"]}]},{"@type":"BreadcrumbList","@id":"https:\/\/www.fondapi.it\/es\/soporte\/area-empresas-y-cajas\/error-de-inicio-de-sesion\/#breadcrumb","itemListElement":[{"@type":"ListItem","position":1,"name":"Home","item":"https:\/\/www.fondapi.it\/es\/inicio\/"},{"@type":"ListItem","position":2,"name":"Soporte","item":"https:\/\/www.fondapi.it\/es\/soporte\/"},{"@type":"ListItem","position":3,"name":"\u00c1rea empresas y cajas","item":"https:\/\/www.fondapi.it\/es\/soporte\/area-empresas-y-cajas\/"},{"@type":"ListItem","position":4,"name":"Error de inicio de sesi\u00f3n"}]},{"@type":"WebSite","@id":"https:\/\/www.fondapi.it\/es\/#website","url":"https:\/\/www.fondapi.it\/es\/","name":"Fondapi","description":"","publisher":{"@id":"https:\/\/www.fondapi.it\/es\/#organization"},"alternateName":"Fondapi Fondo pensione integrativa","potentialAction":[{"@type":"SearchAction","target":{"@type":"EntryPoint","urlTemplate":"https:\/\/www.fondapi.it\/es\/?s={search_term_string}"},"query-input":{"@type":"PropertyValueSpecification","valueRequired":true,"valueName":"search_term_string"}}],"inLanguage":"es"},{"@type":"Organization","@id":"https:\/\/www.fondapi.it\/es\/#organization","name":"Fondapi - Fondo nazionale pensione complementare","alternateName":"Fondapi Fondo pensione integrativa","url":"https:\/\/www.fondapi.it\/es\/","logo":{"@type":"ImageObject","inLanguage":"es","@id":"https:\/\/www.fondapi.it\/es\/#\/schema\/logo\/image\/","url":"","contentUrl":"","caption":"Fondapi - Fondo nazionale pensione complementare"},"image":{"@id":"https:\/\/www.fondapi.it\/es\/#\/schema\/logo\/image\/"},"sameAs":["https:\/\/www.facebook.com\/pages\/Scegli-Fondapi\/111620682275544?fref=ts","https:\/\/x.com\/fondapi","https:\/\/www.linkedin.com\/company\/18497131","https:\/\/www.youtube.com\/user\/Fondapi","https:\/\/www.instagram.com\/fondapi.it\/"]}]}},"_links":{"self":[{"href":"https:\/\/www.fondapi.it\/es\/wp-json\/wp\/v2\/pages\/60636","targetHints":{"allow":["GET"]}}],"collection":[{"href":"https:\/\/www.fondapi.it\/es\/wp-json\/wp\/v2\/pages"}],"about":[{"href":"https:\/\/www.fondapi.it\/es\/wp-json\/wp\/v2\/types\/page"}],"author":[{"embeddable":true,"href":"https:\/\/www.fondapi.it\/es\/wp-json\/wp\/v2\/users\/1"}],"replies":[{"embeddable":true,"href":"https:\/\/www.fondapi.it\/es\/wp-json\/wp\/v2\/comments?post=60636"}],"version-history":[{"count":2,"href":"https:\/\/www.fondapi.it\/es\/wp-json\/wp\/v2\/pages\/60636\/revisions"}],"predecessor-version":[{"id":60767,"href":"https:\/\/www.fondapi.it\/es\/wp-json\/wp\/v2\/pages\/60636\/revisions\/60767"}],"up":[{"embeddable":true,"href":"https:\/\/www.fondapi.it\/es\/wp-json\/wp\/v2\/pages\/60765"}],"wp:attachment":[{"href":"https:\/\/www.fondapi.it\/es\/wp-json\/wp\/v2\/media?parent=60636"}],"curies":[{"name":"wp","href":"https:\/\/api.w.org\/{rel}","templated":true}]}}