{"id":60715,"date":"2024-09-10T16:45:39","date_gmt":"2024-09-10T14:45:39","guid":{"rendered":"https:\/\/www.fondapi.it\/rescates-y-prestacion-de-pension\/"},"modified":"2025-11-12T08:41:39","modified_gmt":"2025-11-12T07:41:39","slug":"rescates-y-prestacion-de-pension","status":"publish","type":"page","link":"https:\/\/www.fondapi.it\/es\/como-funciona\/adhesion-trabajadores\/rescate-del-fondo-de-pensiones\/rescates-y-prestacion-de-pension\/","title":{"rendered":"Rescates y prestaci\u00f3n de pensi\u00f3n"},"content":{"rendered":"\t\t<div data-elementor-type=\"wp-page\" data-elementor-id=\"60715\" class=\"elementor elementor-60715 elementor-57396\" data-elementor-post-type=\"page\">\n\t\t\t\t<div class=\"elementor-element elementor-element-653d948 e-flex e-con-boxed e-con e-parent\" data-id=\"653d948\" data-element_type=\"container\" data-e-type=\"container\" data-settings=\"{&quot;background_background&quot;:&quot;classic&quot;,&quot;jet_parallax_layout_list&quot;:[]}\">\n\t\t\t\t\t<div class=\"e-con-inner\">\n\t\t<div class=\"elementor-element elementor-element-dc41a10 e-flex e-con-boxed e-con e-child\" data-id=\"dc41a10\" data-element_type=\"container\" data-e-type=\"container\" data-settings=\"{&quot;jet_parallax_layout_list&quot;:[]}\">\n\t\t\t\t\t<div class=\"e-con-inner\">\n\t\t\t\t<div class=\"elementor-element elementor-element-58908fc elementor-widget elementor-widget-jet-breadcrumbs\" data-id=\"58908fc\" data-element_type=\"widget\" data-e-type=\"widget\" data-widget_type=\"jet-breadcrumbs.default\">\n\t\t\t\t<div class=\"elementor-widget-container\">\n\t\t\t\t\t<div class=\"elementor-jet-breadcrumbs jet-blocks\">\n\t\t<div class=\"jet-breadcrumbs\">\n\t\t<div class=\"jet-breadcrumbs__content\">\n\t\t<div class=\"jet-breadcrumbs__wrap\"><div class=\"jet-breadcrumbs__item\"><a href=\"https:\/\/www.fondapi.it\/es\/\" class=\"jet-breadcrumbs__item-link is-home\" rel=\"home\" title=\"Inicio\">Inicio<\/a><\/div>\n\t\t<\/div>\n\t\t<\/div>\n\t\t<\/div><\/div>\t\t\t\t<\/div>\n\t\t\t\t<\/div>\n\t\t\t\t<div class=\"elementor-element elementor-element-30db121 elementor-widget elementor-widget-html\" data-id=\"30db121\" data-element_type=\"widget\" data-e-type=\"widget\" data-widget_type=\"html.default\">\n\t\t\t\t<div class=\"elementor-widget-container\">\n\t\t\t\t\t<script>document.addEventListener(\"DOMContentLoaded\", function() {\n  var observer = new MutationObserver(function(mutations) {\n    mutations.forEach(function(mutation) {\n      var link = document.querySelector(\".jet-breadcrumbs__item-link[title='Fondapi']\");\n      if (link) {\n        link.addEventListener(\"click\", function(event) {\n          event.preventDefault();\n        });\n      }\n    });\n  });\n\n  observer.observe(document.body, { childList: true, subtree: true });\n\n  var link = document.querySelector(\".jet-breadcrumbs__item-link[title='Fondapi']\");\n  if (link) {\n    link.addEventListener(\"click\", function(event) {\n      event.preventDefault();\n    });\n  }\n});\n<\/script>\t\t\t\t<\/div>\n\t\t\t\t<\/div>\n\t\t\t\t\t<\/div>\n\t\t\t\t<\/div>\n\t\t<div class=\"elementor-element elementor-element-256d4b4 e-flex e-con-boxed e-con e-child\" data-id=\"256d4b4\" data-element_type=\"container\" data-e-type=\"container\" data-settings=\"{&quot;jet_parallax_layout_list&quot;:[]}\">\n\t\t\t\t\t<div class=\"e-con-inner\">\n\t\t\t\t<div class=\"elementor-element elementor-element-9257370 elementor-widget__width-auto elementor-widget elementor-widget-heading\" data-id=\"9257370\" data-element_type=\"widget\" data-e-type=\"widget\" data-widget_type=\"heading.default\">\n\t\t\t\t<div class=\"elementor-widget-container\">\n\t\t\t\t\t<h6 class=\"elementor-heading-title elementor-size-default\">C\u00d3MO FUNCIONA<\/h6>\t\t\t\t<\/div>\n\t\t\t\t<\/div>\n\t\t\t\t\t<\/div>\n\t\t\t\t<\/div>\n\t\t\t\t\t<\/div>\n\t\t\t\t<\/div>\n\t\t<div class=\"elementor-element elementor-element-fa4006a e-flex e-con-boxed e-con e-parent\" data-id=\"fa4006a\" data-element_type=\"container\" data-e-type=\"container\" data-settings=\"{&quot;jet_parallax_layout_list&quot;:[]}\">\n\t\t\t\t\t<div class=\"e-con-inner\">\n\t\t<div class=\"elementor-element elementor-element-893b52a e-con-full e-flex e-con e-child\" data-id=\"893b52a\" data-element_type=\"container\" data-e-type=\"container\" data-settings=\"{&quot;jet_parallax_layout_list&quot;:[]}\">\n\t\t\t\t<div class=\"elementor-element elementor-element-f26bc70 elementor-widget elementor-widget-heading\" data-id=\"f26bc70\" data-element_type=\"widget\" data-e-type=\"widget\" data-widget_type=\"heading.default\">\n\t\t\t\t<div class=\"elementor-widget-container\">\n\t\t\t\t\t<h4 class=\"elementor-heading-title elementor-size-default\">Desde abril de 2020, los afiliados a Fondapi pueden presentar la solicitud de rescate o de prestaci\u00f3n de pensi\u00f3n directamente en l\u00ednea.\n<\/BR>\nPara enviar la solicitud online, basta con acceder a su \u00c1rea reservada, hacer clic en el apartado \u201cRESCATES\u201d y seguir el procedimiento guiado paso a paso.<\/h4>\t\t\t\t<\/div>\n\t\t\t\t<\/div>\n\t\t\t\t<div class=\"elementor-element elementor-element-2e9892f elementor-widget elementor-widget-button\" data-id=\"2e9892f\" data-element_type=\"widget\" data-e-type=\"widget\" data-widget_type=\"button.default\">\n\t\t\t\t<div class=\"elementor-widget-container\">\n\t\t\t\t\t\t\t\t\t<div class=\"elementor-button-wrapper\">\n\t\t\t\t\t<a class=\"elementor-button elementor-button-link elementor-size-sm\" href=\"https:\/\/funds.previnet.it\/w-horizon-fondapi\/login.html#\/\" target=\"_blank\">\n\t\t\t\t\t\t<span class=\"elementor-button-content-wrapper\">\n\t\t\t\t\t\t\t\t\t<span class=\"elementor-button-text\">Acceda al \u00e1rea reservada<\/span>\n\t\t\t\t\t<\/span>\n\t\t\t\t\t<\/a>\n\t\t\t\t<\/div>\n\t\t\t\t\t\t\t\t<\/div>\n\t\t\t\t<\/div>\n\t\t\t\t<div class=\"elementor-element elementor-element-f7481b1 elementor-widget elementor-widget-text-editor\" data-id=\"f7481b1\" data-element_type=\"widget\" data-e-type=\"widget\" data-widget_type=\"text-editor.default\">\n\t\t\t\t<div class=\"elementor-widget-container\">\n\t\t\t\t\t\t\t\t\t<p>Presentar la solicitud en l\u00ednea permite:<\/p><ul><li><strong>Mayor comodidad y seguridad<\/strong>: \u00a1h\u00e1galo todo desde casa con unos pocos clics! La solicitud se env\u00eda a Fondapi telem\u00e1ticamente y no tendr\u00e1 que ir a correos para enviar la documentaci\u00f3n; <\/li><li><strong>No gasta nada<\/strong>: no tendr\u00e1 que asumir los costes econ\u00f3micos de un env\u00edo postal;<\/li><li><strong>Mayor rapidez<\/strong>: Fondapi recibe la solicitud en tiempo real. Al eliminar los tiempos postales, \u00a1la liquidaci\u00f3n se realizar\u00e1 en menos tiempo! <\/li><li><strong>Certeza de env\u00edo<\/strong>: despu\u00e9s de enviar la solicitud, recibir\u00e1 inmediatamente un acuse de recibo;<\/li><li><strong>\u00a1Una elecci\u00f3n ecol\u00f3gicamente responsable!<\/strong><\/li><\/ul>\t\t\t\t\t\t\t\t<\/div>\n\t\t\t\t<\/div>\n\t\t\t\t<div class=\"elementor-element elementor-element-6dafb21 elementor-widget elementor-widget-text-editor\" data-id=\"6dafb21\" data-element_type=\"widget\" data-e-type=\"widget\" data-widget_type=\"text-editor.default\">\n\t\t\t\t<div class=\"elementor-widget-container\">\n\t\t\t\t\t\t\t\t\t<p>Si, en cambio, desea presentar la solicitud de rescate o jubilaci\u00f3n mediante la impresi\u00f3n y el env\u00edo del formulario en papel, puede imprimir el formulario:<\/p><ul><li>de rescate \u2013 <a href=\"https:\/\/www.fondapi.it\/documenti\/modulo-richiesta-riscatto\/\" target=\"_blank\" rel=\"noreferrer noopener\">haciendo clic aqu\u00ed<\/a>;<\/li><li>de rescate al 80% \u2013 <a href=\"https:\/\/www.fondapi.it\/documenti\/modulo-richiesta-riscatto-80\/\" target=\"_blank\" rel=\"noreferrer noopener\">haciendo clic aqu\u00ed<\/a>;<\/li><li>de liquidaci\u00f3n por jubilaci\u00f3n \u2013 <a href=\"https:\/\/www.fondapi.it\/documenti\/modulo-richiesta-liquidazione-per-pensionamento\/\" target=\"_blank\" rel=\"noopener\">haciendo clic aqu\u00ed<\/a>.<\/li><\/ul><p>En este caso, le recordamos que lea y cumplimente cuidadosamente el formulario, lo firme y env\u00ede el original a:<br><strong>FONDAPI \u2013 Piazza Cola di Rienzo, 80\/a \u2013 00192 \u2013 Roma<\/strong><\/p>\t\t\t\t\t\t\t\t<\/div>\n\t\t\t\t<\/div>\n\t\t\t\t<\/div>\n\t\t<div class=\"elementor-element elementor-element-f58ae9e e-con-full e-flex e-con e-child\" data-id=\"f58ae9e\" data-element_type=\"container\" data-e-type=\"container\" data-settings=\"{&quot;jet_parallax_layout_list&quot;:[]}\">\n\t\t\t\t<div class=\"elementor-element elementor-element-7d86ef4 elementor-widget elementor-widget-image\" data-id=\"7d86ef4\" data-element_type=\"widget\" data-e-type=\"widget\" data-widget_type=\"image.default\">\n\t\t\t\t<div class=\"elementor-widget-container\">\n\t\t\t\t\t\t\t\t\t\t\t\t\t\t\t<img fetchpriority=\"high\" decoding=\"async\" width=\"1333\" height=\"2000\" src=\"https:\/\/www.fondapi.it\/wp-content\/uploads\/2024\/09\/cose.webp\" class=\"attachment-full size-full wp-image-60716\" alt=\"\" srcset=\"https:\/\/www.fondapi.it\/wp-content\/uploads\/2024\/09\/cose.webp 1333w, https:\/\/www.fondapi.it\/wp-content\/uploads\/2024\/09\/cose-200x300.webp 200w, https:\/\/www.fondapi.it\/wp-content\/uploads\/2024\/09\/cose-682x1024.webp 682w, https:\/\/www.fondapi.it\/wp-content\/uploads\/2024\/09\/cose-768x1152.webp 768w, https:\/\/www.fondapi.it\/wp-content\/uploads\/2024\/09\/cose-1024x1536.webp 1024w\" sizes=\"(max-width: 1333px) 100vw, 1333px\" \/>\t\t\t\t\t\t\t\t\t\t\t\t\t\t\t<\/div>\n\t\t\t\t<\/div>\n\t\t\t\t<\/div>\n\t\t\t\t\t<\/div>\n\t\t\t\t<\/div>\n\t\t<div class=\"elementor-element elementor-element-04be12b elementor-hidden-mobile e-flex e-con-boxed e-con e-parent\" data-id=\"04be12b\" data-element_type=\"container\" data-e-type=\"container\" data-settings=\"{&quot;background_background&quot;:&quot;classic&quot;,&quot;jet_parallax_layout_list&quot;:[]}\">\n\t\t\t\t\t<div class=\"e-con-inner\">\n\t\t\t\t\t<\/div>\n\t\t\t\t<\/div>\n\t\t\t\t<\/div>\n\t\t","protected":false},"excerpt":{"rendered":"<p>Home C\u00d3MO FUNCIONA Desde abril de 2020, los afiliados a Fondapi pueden presentar la solicitud de rescate o de prestaci\u00f3n de pensi\u00f3n directamente en l\u00ednea. Para enviar la solicitud online, basta con acceder a su \u00c1rea reservada, hacer clic en el apartado \u201cRESCATES\u201d y seguir el procedimiento guiado paso a paso. Acceda al \u00e1rea reservada [&hellip;]<\/p>\n","protected":false},"author":1,"featured_media":0,"parent":60972,"menu_order":0,"comment_status":"closed","ping_status":"closed","template":"","meta":{"footnotes":""},"class_list":["post-60715","page","type-page","status-publish","hentry"],"yoast_head":"<!-- This site is optimized with the Yoast SEO plugin v27.2 - https:\/\/yoast.com\/product\/yoast-seo-wordpress\/ -->\n<title>Rescates y prestaci\u00f3n de pensi\u00f3n - Fondapi<\/title>\n<meta name=\"robots\" content=\"index, follow, max-snippet:-1, max-image-preview:large, max-video-preview:-1\" \/>\n<link rel=\"canonical\" href=\"https:\/\/www.fondapi.it\/es\/como-funciona\/adhesion-trabajadores\/rescate-del-fondo-de-pensiones\/rescates-y-prestacion-de-pension\/\" \/>\n<meta property=\"og:locale\" content=\"es_ES\" \/>\n<meta property=\"og:type\" content=\"article\" \/>\n<meta property=\"og:title\" content=\"Rescates y prestaci\u00f3n de pensi\u00f3n - Fondapi\" \/>\n<meta property=\"og:description\" content=\"Home C\u00d3MO FUNCIONA Desde abril de 2020, los afiliados a Fondapi pueden presentar la solicitud de rescate o de prestaci\u00f3n de pensi\u00f3n directamente en l\u00ednea. Para enviar la solicitud online, basta con acceder a su \u00c1rea reservada, hacer clic en el apartado \u201cRESCATES\u201d y seguir el procedimiento guiado paso a paso. Acceda al \u00e1rea reservada [&hellip;]\" \/>\n<meta property=\"og:url\" content=\"https:\/\/www.fondapi.it\/es\/como-funciona\/adhesion-trabajadores\/rescate-del-fondo-de-pensiones\/rescates-y-prestacion-de-pension\/\" \/>\n<meta property=\"og:site_name\" content=\"Fondapi\" \/>\n<meta property=\"article:publisher\" content=\"https:\/\/www.facebook.com\/pages\/Scegli-Fondapi\/111620682275544?fref=ts\" \/>\n<meta property=\"article:modified_time\" content=\"2025-11-12T07:41:39+00:00\" \/>\n<meta property=\"og:image\" content=\"https:\/\/www.fondapi.it\/wp-content\/uploads\/2024\/09\/cose.webp\" \/>\n\t<meta property=\"og:image:width\" content=\"1333\" \/>\n\t<meta property=\"og:image:height\" content=\"2000\" \/>\n\t<meta property=\"og:image:type\" content=\"image\/webp\" \/>\n<meta name=\"twitter:card\" content=\"summary_large_image\" \/>\n<meta name=\"twitter:site\" content=\"@fondapi\" \/>\n<meta name=\"twitter:label1\" content=\"Tiempo de lectura\" \/>\n\t<meta name=\"twitter:data1\" content=\"1 minuto\" \/>\n<script type=\"application\/ld+json\" class=\"yoast-schema-graph\">{\"@context\":\"https:\/\/schema.org\",\"@graph\":[{\"@type\":\"WebPage\",\"@id\":\"https:\/\/www.fondapi.it\/es\/como-funciona\/adhesion-trabajadores\/rescate-del-fondo-de-pensiones\/rescates-y-prestacion-de-pension\/\",\"url\":\"https:\/\/www.fondapi.it\/es\/como-funciona\/adhesion-trabajadores\/rescate-del-fondo-de-pensiones\/rescates-y-prestacion-de-pension\/\",\"name\":\"Rescates y prestaci\u00f3n de pensi\u00f3n - Fondapi\",\"isPartOf\":{\"@id\":\"https:\/\/www.fondapi.it\/es\/#website\"},\"primaryImageOfPage\":{\"@id\":\"https:\/\/www.fondapi.it\/es\/como-funciona\/adhesion-trabajadores\/rescate-del-fondo-de-pensiones\/rescates-y-prestacion-de-pension\/#primaryimage\"},\"image\":{\"@id\":\"https:\/\/www.fondapi.it\/es\/como-funciona\/adhesion-trabajadores\/rescate-del-fondo-de-pensiones\/rescates-y-prestacion-de-pension\/#primaryimage\"},\"thumbnailUrl\":\"https:\/\/www.fondapi.it\/wp-content\/uploads\/2024\/09\/cose.webp\",\"datePublished\":\"2024-09-10T14:45:39+00:00\",\"dateModified\":\"2025-11-12T07:41:39+00:00\",\"breadcrumb\":{\"@id\":\"https:\/\/www.fondapi.it\/es\/como-funciona\/adhesion-trabajadores\/rescate-del-fondo-de-pensiones\/rescates-y-prestacion-de-pension\/#breadcrumb\"},\"inLanguage\":\"es\",\"potentialAction\":[{\"@type\":\"ReadAction\",\"target\":[\"https:\/\/www.fondapi.it\/es\/como-funciona\/adhesion-trabajadores\/rescate-del-fondo-de-pensiones\/rescates-y-prestacion-de-pension\/\"]}]},{\"@type\":\"ImageObject\",\"inLanguage\":\"es\",\"@id\":\"https:\/\/www.fondapi.it\/es\/como-funciona\/adhesion-trabajadores\/rescate-del-fondo-de-pensiones\/rescates-y-prestacion-de-pension\/#primaryimage\",\"url\":\"https:\/\/www.fondapi.it\/wp-content\/uploads\/2024\/09\/cose.webp\",\"contentUrl\":\"https:\/\/www.fondapi.it\/wp-content\/uploads\/2024\/09\/cose.webp\"},{\"@type\":\"BreadcrumbList\",\"@id\":\"https:\/\/www.fondapi.it\/es\/como-funciona\/adhesion-trabajadores\/rescate-del-fondo-de-pensiones\/rescates-y-prestacion-de-pension\/#breadcrumb\",\"itemListElement\":[{\"@type\":\"ListItem\",\"position\":1,\"name\":\"Home\",\"item\":\"https:\/\/www.fondapi.it\/es\/inicio\/\"},{\"@type\":\"ListItem\",\"position\":2,\"name\":\"\u00bfC\u00f3mo funciona?\",\"item\":\"https:\/\/www.fondapi.it\/es\/como-funciona\/\"},{\"@type\":\"ListItem\",\"position\":3,\"name\":\"Adhesi\u00f3n trabajadores\",\"item\":\"https:\/\/www.fondapi.it\/es\/como-funciona\/adhesion-trabajadores\/\"},{\"@type\":\"ListItem\",\"position\":4,\"name\":\"Rescate del fondo de pensiones\",\"item\":\"https:\/\/www.fondapi.it\/es\/como-funciona\/adhesion-trabajadores\/rescate-del-fondo-de-pensiones\/\"},{\"@type\":\"ListItem\",\"position\":5,\"name\":\"Rescates y prestaci\u00f3n de pensi\u00f3n\"}]},{\"@type\":\"WebSite\",\"@id\":\"https:\/\/www.fondapi.it\/es\/#website\",\"url\":\"https:\/\/www.fondapi.it\/es\/\",\"name\":\"Fondapi\",\"description\":\"\",\"publisher\":{\"@id\":\"https:\/\/www.fondapi.it\/es\/#organization\"},\"alternateName\":\"Fondapi Fondo pensione integrativa\",\"potentialAction\":[{\"@type\":\"SearchAction\",\"target\":{\"@type\":\"EntryPoint\",\"urlTemplate\":\"https:\/\/www.fondapi.it\/es\/?s={search_term_string}\"},\"query-input\":{\"@type\":\"PropertyValueSpecification\",\"valueRequired\":true,\"valueName\":\"search_term_string\"}}],\"inLanguage\":\"es\"},{\"@type\":\"Organization\",\"@id\":\"https:\/\/www.fondapi.it\/es\/#organization\",\"name\":\"Fondapi - Fondo nazionale pensione complementare\",\"alternateName\":\"Fondapi Fondo pensione integrativa\",\"url\":\"https:\/\/www.fondapi.it\/es\/\",\"logo\":{\"@type\":\"ImageObject\",\"inLanguage\":\"es\",\"@id\":\"https:\/\/www.fondapi.it\/es\/#\/schema\/logo\/image\/\",\"url\":\"\",\"contentUrl\":\"\",\"caption\":\"Fondapi - Fondo nazionale pensione complementare\"},\"image\":{\"@id\":\"https:\/\/www.fondapi.it\/es\/#\/schema\/logo\/image\/\"},\"sameAs\":[\"https:\/\/www.facebook.com\/pages\/Scegli-Fondapi\/111620682275544?fref=ts\",\"https:\/\/x.com\/fondapi\",\"https:\/\/www.linkedin.com\/company\/18497131\",\"https:\/\/www.youtube.com\/user\/Fondapi\",\"https:\/\/www.instagram.com\/fondapi.it\/\"]}]}<\/script>\n<!-- \/ Yoast SEO plugin. -->","yoast_head_json":{"title":"Rescates y prestaci\u00f3n de pensi\u00f3n - Fondapi","robots":{"index":"index","follow":"follow","max-snippet":"max-snippet:-1","max-image-preview":"max-image-preview:large","max-video-preview":"max-video-preview:-1"},"canonical":"https:\/\/www.fondapi.it\/es\/como-funciona\/adhesion-trabajadores\/rescate-del-fondo-de-pensiones\/rescates-y-prestacion-de-pension\/","og_locale":"es_ES","og_type":"article","og_title":"Rescates y prestaci\u00f3n de pensi\u00f3n - Fondapi","og_description":"Home C\u00d3MO FUNCIONA Desde abril de 2020, los afiliados a Fondapi pueden presentar la solicitud de rescate o de prestaci\u00f3n de pensi\u00f3n directamente en l\u00ednea. Para enviar la solicitud online, basta con acceder a su \u00c1rea reservada, hacer clic en el apartado \u201cRESCATES\u201d y seguir el procedimiento guiado paso a paso. Acceda al \u00e1rea reservada [&hellip;]","og_url":"https:\/\/www.fondapi.it\/es\/como-funciona\/adhesion-trabajadores\/rescate-del-fondo-de-pensiones\/rescates-y-prestacion-de-pension\/","og_site_name":"Fondapi","article_publisher":"https:\/\/www.facebook.com\/pages\/Scegli-Fondapi\/111620682275544?fref=ts","article_modified_time":"2025-11-12T07:41:39+00:00","og_image":[{"width":1333,"height":2000,"url":"https:\/\/www.fondapi.it\/wp-content\/uploads\/2024\/09\/cose.webp","type":"image\/webp"}],"twitter_card":"summary_large_image","twitter_site":"@fondapi","twitter_misc":{"Tiempo de lectura":"1 minuto"},"schema":{"@context":"https:\/\/schema.org","@graph":[{"@type":"WebPage","@id":"https:\/\/www.fondapi.it\/es\/como-funciona\/adhesion-trabajadores\/rescate-del-fondo-de-pensiones\/rescates-y-prestacion-de-pension\/","url":"https:\/\/www.fondapi.it\/es\/como-funciona\/adhesion-trabajadores\/rescate-del-fondo-de-pensiones\/rescates-y-prestacion-de-pension\/","name":"Rescates y prestaci\u00f3n de pensi\u00f3n - Fondapi","isPartOf":{"@id":"https:\/\/www.fondapi.it\/es\/#website"},"primaryImageOfPage":{"@id":"https:\/\/www.fondapi.it\/es\/como-funciona\/adhesion-trabajadores\/rescate-del-fondo-de-pensiones\/rescates-y-prestacion-de-pension\/#primaryimage"},"image":{"@id":"https:\/\/www.fondapi.it\/es\/como-funciona\/adhesion-trabajadores\/rescate-del-fondo-de-pensiones\/rescates-y-prestacion-de-pension\/#primaryimage"},"thumbnailUrl":"https:\/\/www.fondapi.it\/wp-content\/uploads\/2024\/09\/cose.webp","datePublished":"2024-09-10T14:45:39+00:00","dateModified":"2025-11-12T07:41:39+00:00","breadcrumb":{"@id":"https:\/\/www.fondapi.it\/es\/como-funciona\/adhesion-trabajadores\/rescate-del-fondo-de-pensiones\/rescates-y-prestacion-de-pension\/#breadcrumb"},"inLanguage":"es","potentialAction":[{"@type":"ReadAction","target":["https:\/\/www.fondapi.it\/es\/como-funciona\/adhesion-trabajadores\/rescate-del-fondo-de-pensiones\/rescates-y-prestacion-de-pension\/"]}]},{"@type":"ImageObject","inLanguage":"es","@id":"https:\/\/www.fondapi.it\/es\/como-funciona\/adhesion-trabajadores\/rescate-del-fondo-de-pensiones\/rescates-y-prestacion-de-pension\/#primaryimage","url":"https:\/\/www.fondapi.it\/wp-content\/uploads\/2024\/09\/cose.webp","contentUrl":"https:\/\/www.fondapi.it\/wp-content\/uploads\/2024\/09\/cose.webp"},{"@type":"BreadcrumbList","@id":"https:\/\/www.fondapi.it\/es\/como-funciona\/adhesion-trabajadores\/rescate-del-fondo-de-pensiones\/rescates-y-prestacion-de-pension\/#breadcrumb","itemListElement":[{"@type":"ListItem","position":1,"name":"Home","item":"https:\/\/www.fondapi.it\/es\/inicio\/"},{"@type":"ListItem","position":2,"name":"\u00bfC\u00f3mo funciona?","item":"https:\/\/www.fondapi.it\/es\/como-funciona\/"},{"@type":"ListItem","position":3,"name":"Adhesi\u00f3n trabajadores","item":"https:\/\/www.fondapi.it\/es\/como-funciona\/adhesion-trabajadores\/"},{"@type":"ListItem","position":4,"name":"Rescate del fondo de pensiones","item":"https:\/\/www.fondapi.it\/es\/como-funciona\/adhesion-trabajadores\/rescate-del-fondo-de-pensiones\/"},{"@type":"ListItem","position":5,"name":"Rescates y prestaci\u00f3n de pensi\u00f3n"}]},{"@type":"WebSite","@id":"https:\/\/www.fondapi.it\/es\/#website","url":"https:\/\/www.fondapi.it\/es\/","name":"Fondapi","description":"","publisher":{"@id":"https:\/\/www.fondapi.it\/es\/#organization"},"alternateName":"Fondapi Fondo pensione integrativa","potentialAction":[{"@type":"SearchAction","target":{"@type":"EntryPoint","urlTemplate":"https:\/\/www.fondapi.it\/es\/?s={search_term_string}"},"query-input":{"@type":"PropertyValueSpecification","valueRequired":true,"valueName":"search_term_string"}}],"inLanguage":"es"},{"@type":"Organization","@id":"https:\/\/www.fondapi.it\/es\/#organization","name":"Fondapi - Fondo nazionale pensione complementare","alternateName":"Fondapi Fondo pensione integrativa","url":"https:\/\/www.fondapi.it\/es\/","logo":{"@type":"ImageObject","inLanguage":"es","@id":"https:\/\/www.fondapi.it\/es\/#\/schema\/logo\/image\/","url":"","contentUrl":"","caption":"Fondapi - Fondo nazionale pensione complementare"},"image":{"@id":"https:\/\/www.fondapi.it\/es\/#\/schema\/logo\/image\/"},"sameAs":["https:\/\/www.facebook.com\/pages\/Scegli-Fondapi\/111620682275544?fref=ts","https:\/\/x.com\/fondapi","https:\/\/www.linkedin.com\/company\/18497131","https:\/\/www.youtube.com\/user\/Fondapi","https:\/\/www.instagram.com\/fondapi.it\/"]}]}},"_links":{"self":[{"href":"https:\/\/www.fondapi.it\/es\/wp-json\/wp\/v2\/pages\/60715","targetHints":{"allow":["GET"]}}],"collection":[{"href":"https:\/\/www.fondapi.it\/es\/wp-json\/wp\/v2\/pages"}],"about":[{"href":"https:\/\/www.fondapi.it\/es\/wp-json\/wp\/v2\/types\/page"}],"author":[{"embeddable":true,"href":"https:\/\/www.fondapi.it\/es\/wp-json\/wp\/v2\/users\/1"}],"replies":[{"embeddable":true,"href":"https:\/\/www.fondapi.it\/es\/wp-json\/wp\/v2\/comments?post=60715"}],"version-history":[{"count":2,"href":"https:\/\/www.fondapi.it\/es\/wp-json\/wp\/v2\/pages\/60715\/revisions"}],"predecessor-version":[{"id":60974,"href":"https:\/\/www.fondapi.it\/es\/wp-json\/wp\/v2\/pages\/60715\/revisions\/60974"}],"up":[{"embeddable":true,"href":"https:\/\/www.fondapi.it\/es\/wp-json\/wp\/v2\/pages\/60972"}],"wp:attachment":[{"href":"https:\/\/www.fondapi.it\/es\/wp-json\/wp\/v2\/media?parent=60715"}],"curies":[{"name":"wp","href":"https:\/\/api.w.org\/{rel}","templated":true}]}}