{"id":60797,"date":"2024-10-08T10:46:46","date_gmt":"2024-10-08T08:46:46","guid":{"rendered":"https:\/\/www.fondapi.it\/politica-de-privacidad-para-las-solicitudes-de-anticipo\/"},"modified":"2025-11-11T08:43:49","modified_gmt":"2025-11-11T07:43:49","slug":"politica-de-privacidad-para-las-solicitudes-de-anticipo","status":"publish","type":"page","link":"https:\/\/www.fondapi.it\/es\/politica-de-privacidad-para-las-solicitudes-de-anticipo\/","title":{"rendered":"Pol\u00edtica de privacidad para las solicitudes de anticipo"},"content":{"rendered":"\t\t<div data-elementor-type=\"wp-page\" data-elementor-id=\"60797\" class=\"elementor elementor-60797\" data-elementor-post-type=\"page\">\n\t\t\t\t<div class=\"elementor-element elementor-element-316fe8c e-flex e-con-boxed e-con e-parent\" data-id=\"316fe8c\" data-element_type=\"container\" data-e-type=\"container\" data-settings=\"{&quot;jet_parallax_layout_list&quot;:[]}\">\n\t\t\t\t\t<div class=\"e-con-inner\">\n\t\t\t\t<div class=\"elementor-element elementor-element-9ac6b54 elementor-widget elementor-widget-heading\" data-id=\"9ac6b54\" data-element_type=\"widget\" data-e-type=\"widget\" data-widget_type=\"heading.default\">\n\t\t\t\t<div class=\"elementor-widget-container\">\n\t\t\t\t\t<h2 class=\"elementor-heading-title elementor-size-default\">INFORMACI\u00d3N PROPORCIONADA AL INTERESADO SOBRE EL TRATAMIENTO DE DATOS PERSONALES<\/h2>\t\t\t\t<\/div>\n\t\t\t\t<\/div>\n\t\t\t\t\t<\/div>\n\t\t\t\t<\/div>\n\t\t<div class=\"elementor-element elementor-element-6e8ea33 e-flex e-con-boxed e-con e-parent\" data-id=\"6e8ea33\" data-element_type=\"container\" data-e-type=\"container\" data-settings=\"{&quot;jet_parallax_layout_list&quot;:[]}\">\n\t\t\t\t\t<div class=\"e-con-inner\">\n\t\t\t\t<div class=\"elementor-element elementor-element-4ef0536 elementor-widget elementor-widget-text-editor\" data-id=\"4ef0536\" data-element_type=\"widget\" data-e-type=\"widget\" data-widget_type=\"text-editor.default\">\n\t\t\t\t<div class=\"elementor-widget-container\">\n\t\t\t\t\t\t\t\t\t<p>De conformidad con los art\u00edculos 13 y 14 del Reglamento UE 679\/2016, FONDAPI Fondo Nacional de Pensiones Complementarias para trabajadores de peque\u00f1as y medianas empresas (en adelante Fondapi o Fondo de Pensiones) con sede en Piazza Cola di Rienzo, 80\/A &#8211; Roma, Responsable del tratamiento, el DPO del Fondo puede ser contactado en la direcci\u00f3n de correo electr\u00f3nico <a href=\"mailto:dpo_fondapi@protectiontrade.it\">dpo_fondapi@protectiontrade.it<\/a>, le informa que el tratamiento de sus datos personales se realiza para gestionar su solicitud de anticipos; la provisi\u00f3n de datos es necesaria para perseguir los fines mencionados. <\/p><p>El tratamiento se realizar\u00e1 con herramientas automatizadas y manuales. Los datos personales, que no ser\u00e1n difundidos, podr\u00e1n ser comunicados a los sujetos encargados de la gesti\u00f3n de las contribuciones de pensiones complementarias, al Banco depositario Soci\u00e9t\u00e9 G\u00e9n\u00e9rale Securities Services S.p.A., incluso a trav\u00e9s de un proveedor tercero\/ Fabrick S.p.A. &#8211; en calidad de intermediario \u00abCalling\u00bb &#8211; que a su vez los transmitir\u00e1 a otros sujetos involucrados en el servicio, con reenv\u00edo mediante el enlace a la p\u00e1gina web de Fabrick S.p.A donde est\u00e1 disponible la informaci\u00f3n relativa al Check IBAN y con la indicaci\u00f3n de otros destinatarios <g id=\"gid_0\">https:\/\/www.fabrick.com\/it\/informativa-privacy-check-iban<\/g>, para el servicio de verificaci\u00f3n de la correcta asociaci\u00f3n entre IBAN y c\u00f3digo fiscal\/NIF mediante la consulta de sistemas de informaci\u00f3n crediticia y sistemas inform\u00e1ticos interbancarios; a terceros para el suministro de servicios inform\u00e1ticos y de archivo y a sujetos a quienes la facultad de acceder a los datos sea reconocida por disposiciones legales y\/o normativa secundaria.  <\/p><p>Adem\u00e1s, durante las operaciones de tratamiento de datos, el Responsable conocer\u00e1 sus datos identificativos, administrativos y de contacto. El Responsable tambi\u00e9n podr\u00eda conocer Datos que la Ley define como particulares (p.ej. datos relativos al estado de salud). Tambi\u00e9n a este respecto, le confirmamos que dichos datos ser\u00e1n tratados con la m\u00e1xima confidencialidad.  <\/p><p>La base jur\u00eddica del tratamiento es la respuesta a una solicitud del interesado, la adhesi\u00f3n del afiliado al Fondo de Pensiones y la consiguiente determinaci\u00f3n de la relaci\u00f3n asociativa, as\u00ed como las obligaciones legales y el otorgamiento del consentimiento para el tratamiento de datos particulares. Adem\u00e1s, deseamos informarle que tiene derecho a revocar el consentimiento en cualquier momento. La revocaci\u00f3n del consentimiento no afecta a la licitud del tratamiento basado en el consentimiento previo a su retirada. Los datos personales adquiridos para los fines antes mencionados ser\u00e1n tratados durante la duraci\u00f3n de la relaci\u00f3n asociativa y posteriormente se conservar\u00e1n para cumplir con las obligaciones previstas por la normativa contable y fiscal; estos datos tambi\u00e9n se conservar\u00e1n dentro de los l\u00edmites de los plazos de prescripci\u00f3n previstos para el ejercicio de los derechos derivados de la relaci\u00f3n asociativa establecida con el Fondo.   <\/p><p>El interesado podr\u00e1 dirigirse al Responsable para ejercer los derechos previstos por el Reglamento a su favor y en particular podr\u00e1 solicitar el acceso, la rectificaci\u00f3n, la actualizaci\u00f3n, el bloqueo, la revocaci\u00f3n del consentimiento de conformidad con las normas aplicables, la limitaci\u00f3n del tratamiento, la portabilidad de los datos y la cancelaci\u00f3n de los mismos. El interesado, en relaci\u00f3n con el tratamiento de sus datos personales, tiene adem\u00e1s derecho a presentar una reclamaci\u00f3n ante la Autoridad de control. Estos derechos pueden ejercerse escribiendo a la direcci\u00f3n de correo electr\u00f3nico dpo_<a href=\"mailto:fondapi@protectiontrade.it\">fondapi@protectiontrade.it<\/a>.  <\/p><p> <\/p><h3><strong>SOLO SI LA SOLICITUD CONTIENE LA COMUNICACI\u00d3N DE DATOS PARTICULARES<\/strong><\/h3><p><strong> <\/strong><\/p><p><strong>Consentimiento para el tratamiento de datos personales<\/strong><\/p><p>Habiendo adquirido la informaci\u00f3n del art\u00edculo 13 del Reglamento UE 679\/2016, doy mi consentimiento para el tratamiento de datos personales particulares (p.ej. datos relativos al estado de salud) para la gesti\u00f3n de mi solicitud de anticipo.<\/p>\t\t\t\t\t\t\t\t<\/div>\n\t\t\t\t<\/div>\n\t\t\t\t\t<\/div>\n\t\t\t\t<\/div>\n\t\t\t\t<\/div>\n\t\t","protected":false},"excerpt":{"rendered":"<p>INFORMACI\u00d3N PROPORCIONADA AL INTERESADO SOBRE EL TRATAMIENTO DE DATOS PERSONALES De conformidad con los art\u00edculos 13 y 14 del Reglamento UE 679\/2016, FONDAPI Fondo Nacional de Pensiones Complementarias para trabajadores de peque\u00f1as y medianas empresas (en adelante Fondapi o Fondo de Pensiones) con sede en Piazza Cola di Rienzo, 80\/A &#8211; Roma, Responsable del tratamiento, [&hellip;]<\/p>\n","protected":false},"author":3,"featured_media":0,"parent":0,"menu_order":0,"comment_status":"closed","ping_status":"closed","template":"","meta":{"footnotes":""},"class_list":["post-60797","page","type-page","status-publish","hentry"],"yoast_head":"<!-- This site is optimized with the Yoast SEO plugin v27.2 - https:\/\/yoast.com\/product\/yoast-seo-wordpress\/ -->\n<title>Pol\u00edtica de privacidad para las solicitudes de anticipo - Fondapi<\/title>\n<meta name=\"robots\" content=\"index, follow, max-snippet:-1, max-image-preview:large, max-video-preview:-1\" \/>\n<link rel=\"canonical\" href=\"https:\/\/www.fondapi.it\/es\/politica-de-privacidad-para-las-solicitudes-de-anticipo\/\" \/>\n<meta property=\"og:locale\" content=\"es_ES\" \/>\n<meta property=\"og:type\" content=\"article\" \/>\n<meta property=\"og:title\" content=\"Pol\u00edtica de privacidad para las solicitudes de anticipo - Fondapi\" \/>\n<meta property=\"og:description\" content=\"INFORMACI\u00d3N PROPORCIONADA AL INTERESADO SOBRE EL TRATAMIENTO DE DATOS PERSONALES De conformidad con los art\u00edculos 13 y 14 del Reglamento UE 679\/2016, FONDAPI Fondo Nacional de Pensiones Complementarias para trabajadores de peque\u00f1as y medianas empresas (en adelante Fondapi o Fondo de Pensiones) con sede en Piazza Cola di Rienzo, 80\/A &#8211; Roma, Responsable del tratamiento, [&hellip;]\" \/>\n<meta property=\"og:url\" content=\"https:\/\/www.fondapi.it\/es\/politica-de-privacidad-para-las-solicitudes-de-anticipo\/\" \/>\n<meta property=\"og:site_name\" content=\"Fondapi\" \/>\n<meta property=\"article:publisher\" content=\"https:\/\/www.facebook.com\/pages\/Scegli-Fondapi\/111620682275544?fref=ts\" \/>\n<meta property=\"article:modified_time\" content=\"2025-11-11T07:43:49+00:00\" \/>\n<meta name=\"twitter:card\" content=\"summary_large_image\" \/>\n<meta name=\"twitter:site\" content=\"@fondapi\" \/>\n<meta name=\"twitter:label1\" content=\"Tiempo de lectura\" \/>\n\t<meta name=\"twitter:data1\" content=\"3 minutos\" \/>\n<script type=\"application\/ld+json\" class=\"yoast-schema-graph\">{\"@context\":\"https:\/\/schema.org\",\"@graph\":[{\"@type\":\"WebPage\",\"@id\":\"https:\/\/www.fondapi.it\/es\/politica-de-privacidad-para-las-solicitudes-de-anticipo\/\",\"url\":\"https:\/\/www.fondapi.it\/es\/politica-de-privacidad-para-las-solicitudes-de-anticipo\/\",\"name\":\"Pol\u00edtica de privacidad para las solicitudes de anticipo - Fondapi\",\"isPartOf\":{\"@id\":\"https:\/\/www.fondapi.it\/es\/#website\"},\"datePublished\":\"2024-10-08T08:46:46+00:00\",\"dateModified\":\"2025-11-11T07:43:49+00:00\",\"breadcrumb\":{\"@id\":\"https:\/\/www.fondapi.it\/es\/politica-de-privacidad-para-las-solicitudes-de-anticipo\/#breadcrumb\"},\"inLanguage\":\"es\",\"potentialAction\":[{\"@type\":\"ReadAction\",\"target\":[\"https:\/\/www.fondapi.it\/es\/politica-de-privacidad-para-las-solicitudes-de-anticipo\/\"]}]},{\"@type\":\"BreadcrumbList\",\"@id\":\"https:\/\/www.fondapi.it\/es\/politica-de-privacidad-para-las-solicitudes-de-anticipo\/#breadcrumb\",\"itemListElement\":[{\"@type\":\"ListItem\",\"position\":1,\"name\":\"Home\",\"item\":\"https:\/\/www.fondapi.it\/es\/inicio\/\"},{\"@type\":\"ListItem\",\"position\":2,\"name\":\"Pol\u00edtica de privacidad para las solicitudes de anticipo\"}]},{\"@type\":\"WebSite\",\"@id\":\"https:\/\/www.fondapi.it\/es\/#website\",\"url\":\"https:\/\/www.fondapi.it\/es\/\",\"name\":\"Fondapi\",\"description\":\"\",\"publisher\":{\"@id\":\"https:\/\/www.fondapi.it\/es\/#organization\"},\"alternateName\":\"Fondapi Fondo pensione integrativa\",\"potentialAction\":[{\"@type\":\"SearchAction\",\"target\":{\"@type\":\"EntryPoint\",\"urlTemplate\":\"https:\/\/www.fondapi.it\/es\/?s={search_term_string}\"},\"query-input\":{\"@type\":\"PropertyValueSpecification\",\"valueRequired\":true,\"valueName\":\"search_term_string\"}}],\"inLanguage\":\"es\"},{\"@type\":\"Organization\",\"@id\":\"https:\/\/www.fondapi.it\/es\/#organization\",\"name\":\"Fondapi - Fondo nazionale pensione complementare\",\"alternateName\":\"Fondapi Fondo pensione integrativa\",\"url\":\"https:\/\/www.fondapi.it\/es\/\",\"logo\":{\"@type\":\"ImageObject\",\"inLanguage\":\"es\",\"@id\":\"https:\/\/www.fondapi.it\/es\/#\/schema\/logo\/image\/\",\"url\":\"\",\"contentUrl\":\"\",\"caption\":\"Fondapi - Fondo nazionale pensione complementare\"},\"image\":{\"@id\":\"https:\/\/www.fondapi.it\/es\/#\/schema\/logo\/image\/\"},\"sameAs\":[\"https:\/\/www.facebook.com\/pages\/Scegli-Fondapi\/111620682275544?fref=ts\",\"https:\/\/x.com\/fondapi\",\"https:\/\/www.linkedin.com\/company\/18497131\",\"https:\/\/www.youtube.com\/user\/Fondapi\",\"https:\/\/www.instagram.com\/fondapi.it\/\"]}]}<\/script>\n<!-- \/ Yoast SEO plugin. -->","yoast_head_json":{"title":"Pol\u00edtica de privacidad para las solicitudes de anticipo - Fondapi","robots":{"index":"index","follow":"follow","max-snippet":"max-snippet:-1","max-image-preview":"max-image-preview:large","max-video-preview":"max-video-preview:-1"},"canonical":"https:\/\/www.fondapi.it\/es\/politica-de-privacidad-para-las-solicitudes-de-anticipo\/","og_locale":"es_ES","og_type":"article","og_title":"Pol\u00edtica de privacidad para las solicitudes de anticipo - Fondapi","og_description":"INFORMACI\u00d3N PROPORCIONADA AL INTERESADO SOBRE EL TRATAMIENTO DE DATOS PERSONALES De conformidad con los art\u00edculos 13 y 14 del Reglamento UE 679\/2016, FONDAPI Fondo Nacional de Pensiones Complementarias para trabajadores de peque\u00f1as y medianas empresas (en adelante Fondapi o Fondo de Pensiones) con sede en Piazza Cola di Rienzo, 80\/A &#8211; Roma, Responsable del tratamiento, [&hellip;]","og_url":"https:\/\/www.fondapi.it\/es\/politica-de-privacidad-para-las-solicitudes-de-anticipo\/","og_site_name":"Fondapi","article_publisher":"https:\/\/www.facebook.com\/pages\/Scegli-Fondapi\/111620682275544?fref=ts","article_modified_time":"2025-11-11T07:43:49+00:00","twitter_card":"summary_large_image","twitter_site":"@fondapi","twitter_misc":{"Tiempo de lectura":"3 minutos"},"schema":{"@context":"https:\/\/schema.org","@graph":[{"@type":"WebPage","@id":"https:\/\/www.fondapi.it\/es\/politica-de-privacidad-para-las-solicitudes-de-anticipo\/","url":"https:\/\/www.fondapi.it\/es\/politica-de-privacidad-para-las-solicitudes-de-anticipo\/","name":"Pol\u00edtica de privacidad para las solicitudes de anticipo - Fondapi","isPartOf":{"@id":"https:\/\/www.fondapi.it\/es\/#website"},"datePublished":"2024-10-08T08:46:46+00:00","dateModified":"2025-11-11T07:43:49+00:00","breadcrumb":{"@id":"https:\/\/www.fondapi.it\/es\/politica-de-privacidad-para-las-solicitudes-de-anticipo\/#breadcrumb"},"inLanguage":"es","potentialAction":[{"@type":"ReadAction","target":["https:\/\/www.fondapi.it\/es\/politica-de-privacidad-para-las-solicitudes-de-anticipo\/"]}]},{"@type":"BreadcrumbList","@id":"https:\/\/www.fondapi.it\/es\/politica-de-privacidad-para-las-solicitudes-de-anticipo\/#breadcrumb","itemListElement":[{"@type":"ListItem","position":1,"name":"Home","item":"https:\/\/www.fondapi.it\/es\/inicio\/"},{"@type":"ListItem","position":2,"name":"Pol\u00edtica de privacidad para las solicitudes de anticipo"}]},{"@type":"WebSite","@id":"https:\/\/www.fondapi.it\/es\/#website","url":"https:\/\/www.fondapi.it\/es\/","name":"Fondapi","description":"","publisher":{"@id":"https:\/\/www.fondapi.it\/es\/#organization"},"alternateName":"Fondapi Fondo pensione integrativa","potentialAction":[{"@type":"SearchAction","target":{"@type":"EntryPoint","urlTemplate":"https:\/\/www.fondapi.it\/es\/?s={search_term_string}"},"query-input":{"@type":"PropertyValueSpecification","valueRequired":true,"valueName":"search_term_string"}}],"inLanguage":"es"},{"@type":"Organization","@id":"https:\/\/www.fondapi.it\/es\/#organization","name":"Fondapi - Fondo nazionale pensione complementare","alternateName":"Fondapi Fondo pensione integrativa","url":"https:\/\/www.fondapi.it\/es\/","logo":{"@type":"ImageObject","inLanguage":"es","@id":"https:\/\/www.fondapi.it\/es\/#\/schema\/logo\/image\/","url":"","contentUrl":"","caption":"Fondapi - Fondo nazionale pensione complementare"},"image":{"@id":"https:\/\/www.fondapi.it\/es\/#\/schema\/logo\/image\/"},"sameAs":["https:\/\/www.facebook.com\/pages\/Scegli-Fondapi\/111620682275544?fref=ts","https:\/\/x.com\/fondapi","https:\/\/www.linkedin.com\/company\/18497131","https:\/\/www.youtube.com\/user\/Fondapi","https:\/\/www.instagram.com\/fondapi.it\/"]}]}},"_links":{"self":[{"href":"https:\/\/www.fondapi.it\/es\/wp-json\/wp\/v2\/pages\/60797","targetHints":{"allow":["GET"]}}],"collection":[{"href":"https:\/\/www.fondapi.it\/es\/wp-json\/wp\/v2\/pages"}],"about":[{"href":"https:\/\/www.fondapi.it\/es\/wp-json\/wp\/v2\/types\/page"}],"author":[{"embeddable":true,"href":"https:\/\/www.fondapi.it\/es\/wp-json\/wp\/v2\/users\/3"}],"replies":[{"embeddable":true,"href":"https:\/\/www.fondapi.it\/es\/wp-json\/wp\/v2\/comments?post=60797"}],"version-history":[{"count":1,"href":"https:\/\/www.fondapi.it\/es\/wp-json\/wp\/v2\/pages\/60797\/revisions"}],"predecessor-version":[{"id":60798,"href":"https:\/\/www.fondapi.it\/es\/wp-json\/wp\/v2\/pages\/60797\/revisions\/60798"}],"wp:attachment":[{"href":"https:\/\/www.fondapi.it\/es\/wp-json\/wp\/v2\/media?parent=60797"}],"curies":[{"name":"wp","href":"https:\/\/api.w.org\/{rel}","templated":true}]}}