{"id":60809,"date":"2024-08-28T17:31:45","date_gmt":"2024-08-28T15:31:45","guid":{"rendered":"https:\/\/www.fondapi.it\/comparar-costes\/"},"modified":"2025-11-12T08:41:53","modified_gmt":"2025-11-12T07:41:53","slug":"comparar-costes","status":"publish","type":"page","link":"https:\/\/www.fondapi.it\/es\/como-funciona\/costes\/comparar-costes\/","title":{"rendered":"Comparar costes"},"content":{"rendered":"\t\t<div data-elementor-type=\"wp-page\" data-elementor-id=\"60809\" class=\"elementor elementor-60809 elementor-57189\" data-elementor-post-type=\"page\">\n\t\t\t\t<div class=\"elementor-element elementor-element-358f0189 e-flex e-con-boxed e-con e-parent\" data-id=\"358f0189\" data-element_type=\"container\" data-e-type=\"container\" data-settings=\"{&quot;background_background&quot;:&quot;classic&quot;,&quot;jet_parallax_layout_list&quot;:[]}\">\n\t\t\t\t\t<div class=\"e-con-inner\">\n\t\t<div class=\"elementor-element elementor-element-6d69c033 e-flex e-con-boxed e-con e-child\" data-id=\"6d69c033\" data-element_type=\"container\" data-e-type=\"container\" data-settings=\"{&quot;jet_parallax_layout_list&quot;:[]}\">\n\t\t\t\t\t<div class=\"e-con-inner\">\n\t\t\t\t<div class=\"elementor-element elementor-element-67aa5191 elementor-widget elementor-widget-jet-breadcrumbs\" data-id=\"67aa5191\" data-element_type=\"widget\" data-e-type=\"widget\" data-widget_type=\"jet-breadcrumbs.default\">\n\t\t\t\t<div class=\"elementor-widget-container\">\n\t\t\t\t\t<div class=\"elementor-jet-breadcrumbs jet-blocks\">\n\t\t<div class=\"jet-breadcrumbs\">\n\t\t<div class=\"jet-breadcrumbs__content\">\n\t\t<div class=\"jet-breadcrumbs__wrap\"><div class=\"jet-breadcrumbs__item\"><a href=\"https:\/\/www.fondapi.it\/es\/\" class=\"jet-breadcrumbs__item-link is-home\" rel=\"home\" title=\"Inicio\">Inicio<\/a><\/div>\n\t\t<\/div>\n\t\t<\/div>\n\t\t<\/div><\/div>\t\t\t\t<\/div>\n\t\t\t\t<\/div>\n\t\t\t\t<div class=\"elementor-element elementor-element-4e26a608 elementor-widget elementor-widget-html\" data-id=\"4e26a608\" data-element_type=\"widget\" data-e-type=\"widget\" data-widget_type=\"html.default\">\n\t\t\t\t<div class=\"elementor-widget-container\">\n\t\t\t\t\t<script>document.addEventListener(\"DOMContentLoaded\", function() {\n  var observer = new MutationObserver(function(mutations) {\n    mutations.forEach(function(mutation) {\n      var link = document.querySelector(\".jet-breadcrumbs__item-link[title='Fondapi']\");\n      if (link) {\n        link.addEventListener(\"click\", function(event) {\n          event.preventDefault();\n        });\n      }\n    });\n  });\n\n  observer.observe(document.body, { childList: true, subtree: true });\n\n  var link = document.querySelector(\".jet-breadcrumbs__item-link[title='Fondapi']\");\n  if (link) {\n    link.addEventListener(\"click\", function(event) {\n      event.preventDefault();\n    });\n  }\n});\n<\/script>\t\t\t\t<\/div>\n\t\t\t\t<\/div>\n\t\t\t\t\t<\/div>\n\t\t\t\t<\/div>\n\t\t<div class=\"elementor-element elementor-element-7d7edf00 e-flex e-con-boxed e-con e-child\" data-id=\"7d7edf00\" data-element_type=\"container\" data-e-type=\"container\" data-settings=\"{&quot;jet_parallax_layout_list&quot;:[]}\">\n\t\t\t\t\t<div class=\"e-con-inner\">\n\t\t\t\t<div class=\"elementor-element elementor-element-41f6d441 elementor-widget__width-auto elementor-widget elementor-widget-heading\" data-id=\"41f6d441\" data-element_type=\"widget\" data-e-type=\"widget\" data-widget_type=\"heading.default\">\n\t\t\t\t<div class=\"elementor-widget-container\">\n\t\t\t\t\t<h6 class=\"elementor-heading-title elementor-size-default\">C\u00d3MO FUNCIONA<\/h6>\t\t\t\t<\/div>\n\t\t\t\t<\/div>\n\t\t\t\t\t<\/div>\n\t\t\t\t<\/div>\n\t\t\t\t\t<\/div>\n\t\t\t\t<\/div>\n\t\t<div class=\"elementor-element elementor-element-5f5c2a28 e-flex e-con-boxed e-con e-parent\" data-id=\"5f5c2a28\" data-element_type=\"container\" data-e-type=\"container\" data-settings=\"{&quot;jet_parallax_layout_list&quot;:[]}\">\n\t\t\t\t\t<div class=\"e-con-inner\">\n\t\t<div class=\"elementor-element elementor-element-3585db00 e-con-full e-flex e-con e-child\" data-id=\"3585db00\" data-element_type=\"container\" data-e-type=\"container\" data-settings=\"{&quot;jet_parallax_layout_list&quot;:[]}\">\n\t\t\t\t<div class=\"elementor-element elementor-element-3870dace elementor-widget elementor-widget-text-editor\" data-id=\"3870dace\" data-element_type=\"widget\" data-e-type=\"widget\" data-widget_type=\"text-editor.default\">\n\t\t\t\t<div class=\"elementor-widget-container\">\n\t\t\t\t\t\t\t\t\t<p>Cuando se trata de elegir una fuente de inversi\u00f3n, los <b>costes<\/b> representan, naturalmente, un <b>componente fundamental en el proceso de decisi\u00f3n de un individuo<\/b>. <\/p><p>Precisamente porque la transparencia es uno de los valores fundamentales de Fondapi, ofrecemos una herramienta que permite la comparaci\u00f3n directa entre las diversas opciones disponibles. <\/p><p>\u00a1Pruebe todas las combinaciones para encontrar la soluci\u00f3n m\u00e1s adecuada para usted!<\/p>\t\t\t\t\t\t\t\t<\/div>\n\t\t\t\t<\/div>\n\t\t\t\t<\/div>\n\t\t<div class=\"elementor-element elementor-element-5270aeed e-con-full e-flex e-con e-child\" data-id=\"5270aeed\" data-element_type=\"container\" data-e-type=\"container\" data-settings=\"{&quot;jet_parallax_layout_list&quot;:[]}\">\n\t\t\t\t<div class=\"elementor-element elementor-element-1a42fbb elementor-widget elementor-widget-html\" data-id=\"1a42fbb\" data-element_type=\"widget\" data-e-type=\"widget\" data-widget_type=\"html.default\">\n\t\t\t\t<div class=\"elementor-widget-container\">\n\t\t\t\t\t<iframe width=\"100%\" height=\"650px\" frameborder=\"0\" src=\"https:\/\/confrontafondi.gdsoftware.it\/fondapi.aspx\" id=\"confronta-costi\"><\/iframe>\t\t\t\t<\/div>\n\t\t\t\t<\/div>\n\t\t\t\t<\/div>\n\t\t\t\t\t<\/div>\n\t\t\t\t<\/div>\n\t\t<div class=\"elementor-element elementor-element-6bfbb58b elementor-hidden-mobile e-flex e-con-boxed e-con e-parent\" data-id=\"6bfbb58b\" data-element_type=\"container\" data-e-type=\"container\" data-settings=\"{&quot;background_background&quot;:&quot;classic&quot;,&quot;jet_parallax_layout_list&quot;:[]}\">\n\t\t\t\t\t<div class=\"e-con-inner\">\n\t\t\t\t\t<\/div>\n\t\t\t\t<\/div>\n\t\t\t\t<\/div>\n\t\t","protected":false},"excerpt":{"rendered":"<p>Home C\u00d3MO FUNCIONA Cuando se trata de elegir una fuente de inversi\u00f3n, los costes representan, naturalmente, un componente fundamental en el proceso de decisi\u00f3n de un individuo. Precisamente porque la transparencia es uno de los valores fundamentales de Fondapi, ofrecemos una herramienta que permite la comparaci\u00f3n directa entre las diversas opciones disponibles. \u00a1Pruebe todas las [&hellip;]<\/p>\n","protected":false},"author":1,"featured_media":0,"parent":60980,"menu_order":0,"comment_status":"closed","ping_status":"closed","template":"","meta":{"footnotes":""},"class_list":["post-60809","page","type-page","status-publish","hentry"],"yoast_head":"<!-- This site is optimized with the Yoast SEO plugin v27.2 - https:\/\/yoast.com\/product\/yoast-seo-wordpress\/ -->\n<title>Comparar costes - Fondapi<\/title>\n<meta name=\"robots\" content=\"index, follow, max-snippet:-1, max-image-preview:large, max-video-preview:-1\" \/>\n<link rel=\"canonical\" href=\"https:\/\/www.fondapi.it\/es\/como-funciona\/costes\/comparar-costes\/\" \/>\n<meta property=\"og:locale\" content=\"es_ES\" \/>\n<meta property=\"og:type\" content=\"article\" \/>\n<meta property=\"og:title\" content=\"Comparar costes - Fondapi\" \/>\n<meta property=\"og:description\" content=\"Home C\u00d3MO FUNCIONA Cuando se trata de elegir una fuente de inversi\u00f3n, los costes representan, naturalmente, un componente fundamental en el proceso de decisi\u00f3n de un individuo. Precisamente porque la transparencia es uno de los valores fundamentales de Fondapi, ofrecemos una herramienta que permite la comparaci\u00f3n directa entre las diversas opciones disponibles. \u00a1Pruebe todas las [&hellip;]\" \/>\n<meta property=\"og:url\" content=\"https:\/\/www.fondapi.it\/es\/como-funciona\/costes\/comparar-costes\/\" \/>\n<meta property=\"og:site_name\" content=\"Fondapi\" \/>\n<meta property=\"article:publisher\" content=\"https:\/\/www.facebook.com\/pages\/Scegli-Fondapi\/111620682275544?fref=ts\" \/>\n<meta property=\"article:modified_time\" content=\"2025-11-12T07:41:53+00:00\" \/>\n<meta name=\"twitter:card\" content=\"summary_large_image\" \/>\n<meta name=\"twitter:site\" content=\"@fondapi\" \/>\n<script type=\"application\/ld+json\" class=\"yoast-schema-graph\">{\"@context\":\"https:\/\/schema.org\",\"@graph\":[{\"@type\":\"WebPage\",\"@id\":\"https:\/\/www.fondapi.it\/es\/como-funciona\/costes\/comparar-costes\/\",\"url\":\"https:\/\/www.fondapi.it\/es\/como-funciona\/costes\/comparar-costes\/\",\"name\":\"Comparar costes - Fondapi\",\"isPartOf\":{\"@id\":\"https:\/\/www.fondapi.it\/es\/#website\"},\"datePublished\":\"2024-08-28T15:31:45+00:00\",\"dateModified\":\"2025-11-12T07:41:53+00:00\",\"breadcrumb\":{\"@id\":\"https:\/\/www.fondapi.it\/es\/como-funciona\/costes\/comparar-costes\/#breadcrumb\"},\"inLanguage\":\"es\",\"potentialAction\":[{\"@type\":\"ReadAction\",\"target\":[\"https:\/\/www.fondapi.it\/es\/como-funciona\/costes\/comparar-costes\/\"]}]},{\"@type\":\"BreadcrumbList\",\"@id\":\"https:\/\/www.fondapi.it\/es\/como-funciona\/costes\/comparar-costes\/#breadcrumb\",\"itemListElement\":[{\"@type\":\"ListItem\",\"position\":1,\"name\":\"Home\",\"item\":\"https:\/\/www.fondapi.it\/es\/inicio\/\"},{\"@type\":\"ListItem\",\"position\":2,\"name\":\"\u00bfC\u00f3mo funciona?\",\"item\":\"https:\/\/www.fondapi.it\/es\/como-funciona\/\"},{\"@type\":\"ListItem\",\"position\":3,\"name\":\"Costes\",\"item\":\"https:\/\/www.fondapi.it\/es\/como-funciona\/costes\/\"},{\"@type\":\"ListItem\",\"position\":4,\"name\":\"Comparar costes\"}]},{\"@type\":\"WebSite\",\"@id\":\"https:\/\/www.fondapi.it\/es\/#website\",\"url\":\"https:\/\/www.fondapi.it\/es\/\",\"name\":\"Fondapi\",\"description\":\"\",\"publisher\":{\"@id\":\"https:\/\/www.fondapi.it\/es\/#organization\"},\"alternateName\":\"Fondapi Fondo pensione integrativa\",\"potentialAction\":[{\"@type\":\"SearchAction\",\"target\":{\"@type\":\"EntryPoint\",\"urlTemplate\":\"https:\/\/www.fondapi.it\/es\/?s={search_term_string}\"},\"query-input\":{\"@type\":\"PropertyValueSpecification\",\"valueRequired\":true,\"valueName\":\"search_term_string\"}}],\"inLanguage\":\"es\"},{\"@type\":\"Organization\",\"@id\":\"https:\/\/www.fondapi.it\/es\/#organization\",\"name\":\"Fondapi - Fondo nazionale pensione complementare\",\"alternateName\":\"Fondapi Fondo pensione integrativa\",\"url\":\"https:\/\/www.fondapi.it\/es\/\",\"logo\":{\"@type\":\"ImageObject\",\"inLanguage\":\"es\",\"@id\":\"https:\/\/www.fondapi.it\/es\/#\/schema\/logo\/image\/\",\"url\":\"\",\"contentUrl\":\"\",\"caption\":\"Fondapi - Fondo nazionale pensione complementare\"},\"image\":{\"@id\":\"https:\/\/www.fondapi.it\/es\/#\/schema\/logo\/image\/\"},\"sameAs\":[\"https:\/\/www.facebook.com\/pages\/Scegli-Fondapi\/111620682275544?fref=ts\",\"https:\/\/x.com\/fondapi\",\"https:\/\/www.linkedin.com\/company\/18497131\",\"https:\/\/www.youtube.com\/user\/Fondapi\",\"https:\/\/www.instagram.com\/fondapi.it\/\"]}]}<\/script>\n<!-- \/ Yoast SEO plugin. -->","yoast_head_json":{"title":"Comparar costes - Fondapi","robots":{"index":"index","follow":"follow","max-snippet":"max-snippet:-1","max-image-preview":"max-image-preview:large","max-video-preview":"max-video-preview:-1"},"canonical":"https:\/\/www.fondapi.it\/es\/como-funciona\/costes\/comparar-costes\/","og_locale":"es_ES","og_type":"article","og_title":"Comparar costes - Fondapi","og_description":"Home C\u00d3MO FUNCIONA Cuando se trata de elegir una fuente de inversi\u00f3n, los costes representan, naturalmente, un componente fundamental en el proceso de decisi\u00f3n de un individuo. Precisamente porque la transparencia es uno de los valores fundamentales de Fondapi, ofrecemos una herramienta que permite la comparaci\u00f3n directa entre las diversas opciones disponibles. \u00a1Pruebe todas las [&hellip;]","og_url":"https:\/\/www.fondapi.it\/es\/como-funciona\/costes\/comparar-costes\/","og_site_name":"Fondapi","article_publisher":"https:\/\/www.facebook.com\/pages\/Scegli-Fondapi\/111620682275544?fref=ts","article_modified_time":"2025-11-12T07:41:53+00:00","twitter_card":"summary_large_image","twitter_site":"@fondapi","schema":{"@context":"https:\/\/schema.org","@graph":[{"@type":"WebPage","@id":"https:\/\/www.fondapi.it\/es\/como-funciona\/costes\/comparar-costes\/","url":"https:\/\/www.fondapi.it\/es\/como-funciona\/costes\/comparar-costes\/","name":"Comparar costes - Fondapi","isPartOf":{"@id":"https:\/\/www.fondapi.it\/es\/#website"},"datePublished":"2024-08-28T15:31:45+00:00","dateModified":"2025-11-12T07:41:53+00:00","breadcrumb":{"@id":"https:\/\/www.fondapi.it\/es\/como-funciona\/costes\/comparar-costes\/#breadcrumb"},"inLanguage":"es","potentialAction":[{"@type":"ReadAction","target":["https:\/\/www.fondapi.it\/es\/como-funciona\/costes\/comparar-costes\/"]}]},{"@type":"BreadcrumbList","@id":"https:\/\/www.fondapi.it\/es\/como-funciona\/costes\/comparar-costes\/#breadcrumb","itemListElement":[{"@type":"ListItem","position":1,"name":"Home","item":"https:\/\/www.fondapi.it\/es\/inicio\/"},{"@type":"ListItem","position":2,"name":"\u00bfC\u00f3mo funciona?","item":"https:\/\/www.fondapi.it\/es\/como-funciona\/"},{"@type":"ListItem","position":3,"name":"Costes","item":"https:\/\/www.fondapi.it\/es\/como-funciona\/costes\/"},{"@type":"ListItem","position":4,"name":"Comparar costes"}]},{"@type":"WebSite","@id":"https:\/\/www.fondapi.it\/es\/#website","url":"https:\/\/www.fondapi.it\/es\/","name":"Fondapi","description":"","publisher":{"@id":"https:\/\/www.fondapi.it\/es\/#organization"},"alternateName":"Fondapi Fondo pensione integrativa","potentialAction":[{"@type":"SearchAction","target":{"@type":"EntryPoint","urlTemplate":"https:\/\/www.fondapi.it\/es\/?s={search_term_string}"},"query-input":{"@type":"PropertyValueSpecification","valueRequired":true,"valueName":"search_term_string"}}],"inLanguage":"es"},{"@type":"Organization","@id":"https:\/\/www.fondapi.it\/es\/#organization","name":"Fondapi - Fondo nazionale pensione complementare","alternateName":"Fondapi Fondo pensione integrativa","url":"https:\/\/www.fondapi.it\/es\/","logo":{"@type":"ImageObject","inLanguage":"es","@id":"https:\/\/www.fondapi.it\/es\/#\/schema\/logo\/image\/","url":"","contentUrl":"","caption":"Fondapi - Fondo nazionale pensione complementare"},"image":{"@id":"https:\/\/www.fondapi.it\/es\/#\/schema\/logo\/image\/"},"sameAs":["https:\/\/www.facebook.com\/pages\/Scegli-Fondapi\/111620682275544?fref=ts","https:\/\/x.com\/fondapi","https:\/\/www.linkedin.com\/company\/18497131","https:\/\/www.youtube.com\/user\/Fondapi","https:\/\/www.instagram.com\/fondapi.it\/"]}]}},"_links":{"self":[{"href":"https:\/\/www.fondapi.it\/es\/wp-json\/wp\/v2\/pages\/60809","targetHints":{"allow":["GET"]}}],"collection":[{"href":"https:\/\/www.fondapi.it\/es\/wp-json\/wp\/v2\/pages"}],"about":[{"href":"https:\/\/www.fondapi.it\/es\/wp-json\/wp\/v2\/types\/page"}],"author":[{"embeddable":true,"href":"https:\/\/www.fondapi.it\/es\/wp-json\/wp\/v2\/users\/1"}],"replies":[{"embeddable":true,"href":"https:\/\/www.fondapi.it\/es\/wp-json\/wp\/v2\/comments?post=60809"}],"version-history":[{"count":2,"href":"https:\/\/www.fondapi.it\/es\/wp-json\/wp\/v2\/pages\/60809\/revisions"}],"predecessor-version":[{"id":60981,"href":"https:\/\/www.fondapi.it\/es\/wp-json\/wp\/v2\/pages\/60809\/revisions\/60981"}],"up":[{"embeddable":true,"href":"https:\/\/www.fondapi.it\/es\/wp-json\/wp\/v2\/pages\/60980"}],"wp:attachment":[{"href":"https:\/\/www.fondapi.it\/es\/wp-json\/wp\/v2\/media?parent=60809"}],"curies":[{"name":"wp","href":"https:\/\/api.w.org\/{rel}","templated":true}]}}