{"id":60838,"date":"2024-09-10T16:09:00","date_gmt":"2024-09-10T14:09:00","guid":{"rendered":"https:\/\/www.fondapi.it\/comparacion-afiliado-no-afiliado\/"},"modified":"2025-11-12T08:45:25","modified_gmt":"2025-11-12T07:45:25","slug":"comparacion-afiliado-no-afiliado","status":"publish","type":"page","link":"https:\/\/www.fondapi.it\/es\/inversion\/comparacion-afiliado-no-afiliado\/","title":{"rendered":"Comparaci\u00f3n afiliado \/ no afiliado"},"content":{"rendered":"\t\t<div data-elementor-type=\"wp-page\" data-elementor-id=\"60838\" class=\"elementor elementor-60838 elementor-57321\" data-elementor-post-type=\"page\">\n\t\t\t\t<div class=\"elementor-element elementor-element-50a207b1 e-flex e-con-boxed e-con e-parent\" data-id=\"50a207b1\" data-element_type=\"container\" data-e-type=\"container\" data-settings=\"{&quot;background_background&quot;:&quot;classic&quot;,&quot;jet_parallax_layout_list&quot;:[]}\">\n\t\t\t\t\t<div class=\"e-con-inner\">\n\t\t<div class=\"elementor-element elementor-element-650947b9 e-flex e-con-boxed e-con e-child\" data-id=\"650947b9\" data-element_type=\"container\" data-e-type=\"container\" data-settings=\"{&quot;jet_parallax_layout_list&quot;:[]}\">\n\t\t\t\t\t<div class=\"e-con-inner\">\n\t\t\t\t<div class=\"elementor-element elementor-element-7140745e elementor-widget elementor-widget-jet-breadcrumbs\" data-id=\"7140745e\" data-element_type=\"widget\" data-e-type=\"widget\" data-widget_type=\"jet-breadcrumbs.default\">\n\t\t\t\t<div class=\"elementor-widget-container\">\n\t\t\t\t\t<div class=\"elementor-jet-breadcrumbs jet-blocks\">\n\t\t<div class=\"jet-breadcrumbs\">\n\t\t<div class=\"jet-breadcrumbs__content\">\n\t\t<div class=\"jet-breadcrumbs__wrap\"><div class=\"jet-breadcrumbs__item\"><a href=\"https:\/\/www.fondapi.it\/es\/\" class=\"jet-breadcrumbs__item-link is-home\" rel=\"home\" title=\"Inicio\">Inicio<\/a><\/div>\n\t\t<\/div>\n\t\t<\/div>\n\t\t<\/div><\/div>\t\t\t\t<\/div>\n\t\t\t\t<\/div>\n\t\t\t\t<div class=\"elementor-element elementor-element-5f3e39e3 elementor-widget elementor-widget-html\" data-id=\"5f3e39e3\" data-element_type=\"widget\" data-e-type=\"widget\" data-widget_type=\"html.default\">\n\t\t\t\t<div class=\"elementor-widget-container\">\n\t\t\t\t\t<script>document.addEventListener(\"DOMContentLoaded\", function() {\n  var observer = new MutationObserver(function(mutations) {\n    mutations.forEach(function(mutation) {\n      var link = document.querySelector(\".jet-breadcrumbs__item-link[title='Fondapi']\");\n      if (link) {\n        link.addEventListener(\"click\", function(event) {\n          event.preventDefault();\n        });\n      }\n    });\n  });\n\n  observer.observe(document.body, { childList: true, subtree: true });\n\n  var link = document.querySelector(\".jet-breadcrumbs__item-link[title='Fondapi']\");\n  if (link) {\n    link.addEventListener(\"click\", function(event) {\n      event.preventDefault();\n    });\n  }\n});\n<\/script>\t\t\t\t<\/div>\n\t\t\t\t<\/div>\n\t\t\t\t\t<\/div>\n\t\t\t\t<\/div>\n\t\t<div class=\"elementor-element elementor-element-74b90932 e-flex e-con-boxed e-con e-child\" data-id=\"74b90932\" data-element_type=\"container\" data-e-type=\"container\" data-settings=\"{&quot;jet_parallax_layout_list&quot;:[]}\">\n\t\t\t\t\t<div class=\"e-con-inner\">\n\t\t\t\t<div class=\"elementor-element elementor-element-1b838b8b elementor-widget__width-auto elementor-widget elementor-widget-heading\" data-id=\"1b838b8b\" data-element_type=\"widget\" data-e-type=\"widget\" data-widget_type=\"heading.default\">\n\t\t\t\t<div class=\"elementor-widget-container\">\n\t\t\t\t\t<h6 class=\"elementor-heading-title elementor-size-default\">inversi\u00f3n<\/h6>\t\t\t\t<\/div>\n\t\t\t\t<\/div>\n\t\t\t\t\t<\/div>\n\t\t\t\t<\/div>\n\t\t\t\t\t<\/div>\n\t\t\t\t<\/div>\n\t\t<div class=\"elementor-element elementor-element-5c4fe14d e-flex e-con-boxed e-con e-parent\" data-id=\"5c4fe14d\" data-element_type=\"container\" data-e-type=\"container\" data-settings=\"{&quot;jet_parallax_layout_list&quot;:[]}\">\n\t\t\t\t\t<div class=\"e-con-inner\">\n\t\t<div class=\"elementor-element elementor-element-158d1054 e-con-full e-flex e-con e-child\" data-id=\"158d1054\" data-element_type=\"container\" data-e-type=\"container\" data-settings=\"{&quot;jet_parallax_layout_list&quot;:[]}\">\n\t\t\t\t<div class=\"elementor-element elementor-element-6b868ef4 elementor-widget elementor-widget-text-editor\" data-id=\"6b868ef4\" data-element_type=\"widget\" data-e-type=\"widget\" data-widget_type=\"text-editor.default\">\n\t\t\t\t<div class=\"elementor-widget-container\">\n\t\t\t\t\t\t\t\t\t<p>Supongamos <strong>un trabajador<\/strong> que:<\/p><ul><li><strong>empez\u00f3 a trabajar en 1998<\/strong> y se afili\u00f3 inmediatamente a Fondapi;<\/li><li>su salario bruto anual <strong>(RAL)<\/strong> es <strong>de 17.350,00 \u20ac<\/strong><\/li><li><strong>tasa de incremento salarial<\/strong> del <strong>1,5% anual<\/strong><\/li><\/ul><p>y que <strong>aporta<\/strong>:<\/p><ul><li>el <strong>100% del finiquito<\/strong> a Fondapi;<\/li><li>la <strong>contribuci\u00f3n<\/strong> <strong>a su cargo<\/strong> del <strong>1,20% del salario base<\/strong>;<\/li><li>la <strong>contribuci\u00f3n a cargo de la empresa<\/strong> del <strong>1,20%<\/strong>;<\/li><\/ul><p> <\/p><p>El gr\u00e1fico muestra las cantidades que el trabajador ha acumulado a\u00f1o tras a\u00f1o en Fondapi (calculadas sobre los rendimientos REALES de los 3 fondos) en comparaci\u00f3n con las cantidades acumuladas por el trabajador que decidi\u00f3 dejar el finiquito en la empresa:<\/p>\t\t\t\t\t\t\t\t<\/div>\n\t\t\t\t<\/div>\n\t\t\t\t<\/div>\n\t\t<div class=\"elementor-element elementor-element-9b4717d e-con-full e-flex e-con e-child\" data-id=\"9b4717d\" data-element_type=\"container\" data-e-type=\"container\" data-settings=\"{&quot;jet_parallax_layout_list&quot;:[]}\">\n\t\t\t\t<div class=\"elementor-element elementor-element-823c9b9 elementor-widget elementor-widget-shortcode\" data-id=\"823c9b9\" data-element_type=\"widget\" data-e-type=\"widget\" data-widget_type=\"shortcode.default\">\n\t\t\t\t<div class=\"elementor-widget-container\">\n\t\t\t\t\t\t\t<div class=\"elementor-shortcode\">\n<div class=\"wdt-wrapper-chart-loader\" data-id=\"12\"\n     style=\"height: 400px;\">\n    <div class=\"wdt-main-item\">\n                <div class=\"wdt-chart-animated-background\" style=\"height: 100px\">\n            <div class=\"wdt-background-masker wdt-btn-divide-left wdt-chart-one\"><\/div>\n            <div class=\"wdt-background-masker wdt-btn-divide-left-2\"><\/div>\n            <div class=\"wdt-background-masker wdt-btn-divide-left-3\"><\/div>\n            <div class=\"wdt-background-masker wdt-btn-divide-left-4 wdt-chart-three\"><\/div>\n            <div class=\"wdt-background-masker wdt-btn-divide-left-5\"><\/div>\n            <div class=\"wdt-background-masker wdt-btn-divide-left-6\"><\/div>\n            <div class=\"wdt-background-masker wdt-btn-divide-left-7 \"><\/div>\n            <div class=\"wdt-background-masker wdt-btn-divide-left-8\"><\/div>\n        <\/div>\n        <div class=\"wdt-chart-animated-background\" style=\"height: 100px\">\n            <div class=\"wdt-background-masker wdt-btn-divide-left\"><\/div>\n            <div class=\"wdt-background-masker wdt-btn-divide-left-2 wdt-chart-two\"><\/div>\n            <div class=\"wdt-background-masker wdt-btn-divide-left-3\"><\/div>\n            <div class=\"wdt-background-masker wdt-btn-divide-left-4\"><\/div>\n            <div class=\"wdt-background-masker wdt-btn-divide-left-5 wdt-chart-four\"><\/div>\n            <div class=\"wdt-background-masker wdt-btn-divide-left-6\"><\/div>\n            <div class=\"wdt-background-masker wdt-btn-divide-left-7\"><\/div>\n            <div class=\"wdt-background-masker wdt-btn-divide-left-8\"><\/div>\n        <\/div>\n        <div class=\"wdt-chart-animated-background\" style=\"height: 100px\">\n            <div class=\"wdt-background-masker wdt-btn-divide-left\"><\/div>\n            <div class=\"wdt-background-masker wdt-btn-divide-left-2\"><\/div>\n            <div class=\"wdt-background-masker wdt-btn-divide-left-3\"><\/div>\n            <div class=\"wdt-background-masker wdt-btn-divide-left-4\"><\/div>\n            <div class=\"wdt-background-masker wdt-btn-divide-left-5\"><\/div>\n            <div class=\"wdt-background-masker wdt-btn-divide-left-6 wdt-chart-five\"><\/div>\n            <div class=\"wdt-background-masker wdt-btn-divide-left-7\"><\/div>\n            <div class=\"wdt-background-masker wdt-btn-divide-left-8\"><\/div>\n        <\/div>\n        <div class=\"wdt-chart-animated-background\" style=\"height: 100px\">\n            <div class=\"wdt-background-masker wdt-btn-divide-left\"><\/div>\n            <div class=\"wdt-background-masker wdt-btn-divide-left-2\"><\/div>\n            <div class=\"wdt-background-masker wdt-btn-divide-left-3\"><\/div>\n            <div class=\"wdt-background-masker wdt-btn-divide-left-4\"><\/div>\n            <div class=\"wdt-background-masker wdt-btn-divide-left-5\"><\/div>\n            <div class=\"wdt-background-masker wdt-btn-divide-left-6\"><\/div>\n            <div class=\"wdt-background-masker wdt-btn-divide-left-7\"><\/div>\n            <div class=\"wdt-background-masker wdt-btn-divide-left-8\"><\/div>\n        <\/div>\n        <div class=\"wdt-static-background\">\n            <div class=\"wdt-background-masker\"><\/div>\n        <\/div>\n    <\/div>\n<\/div>\n<style>\n    \n<\/style>    <script type=\"text\/javascript\">\n        if (typeof (wpDataCharts) == 'undefined') wpDataCharts = {};\n        wpDataCharts[12] = {\n            render_data: {\"wdtNumberFormat\":\"1\",\"options\":{\"title\":{\"text\":\"Fondapi vs. TFR\",\"floating\":false,\"align\":\"center\"},\"series\":[{\"type\":\"column\",\"name\":\"Garanzia\",\"color\":\"#D4D3CB\",\"label\":\"Garanzia\",\"orig_header\":\"garanzia\",\"data\":[1743.72,3529.37,5361.28,7357,9429.19,11515.15,13394.44,16350.86,18514.5,20462.65,23390.83,26183.46,29363.91,31803.8,34332.94,36683.82,38419.23,41789.38,44634.56,47387.49,46670.14,50891.94,54661.49],\"yAxis\":0},{\"type\":\"column\",\"name\":\"Prudente\",\"color\":\"#F0D88F\",\"label\":\"Prudente\",\"orig_header\":\"prudente\",\"data\":[1743.72,3529.37,5361.28,7357,9429.19,11515.15,12472.11,16115.74,18444.9,20451.91,24274.88,27529.54,32714.96,35728.7,39339.38,42306.41,43756.67,50028.61,54442.4,59750.08,55406.93,62077.35,67645.42],\"yAxis\":0},{\"type\":\"\",\"name\":\"Crescita\",\"color\":\"#C19C51\",\"label\":\"Crescita\",\"orig_header\":\"crescita\",\"data\":[1743.72,3529.37,5361.28,7357,9429.19,11515.15,11180.05,15107.12,17242.98,18612.09,22117.13,26598.29,32113.98,35843.8,39871.94,43651.67,44121.79,52564.08,56809.06,65304.48,59710.54,68936.36,76489.81],\"yAxis\":0},{\"type\":\"\",\"name\":\"Non Iscritto\",\"color\":\"#063353\",\"label\":\"Non Iscritto\",\"orig_header\":\"noniscritto\",\"data\":[1743.72,3112.99,4726.83,6403.33,8111.94,9966.07,11821.53,13590.9,15543.25,17771.33,19942.03,21787.77,23532.55,25298.44,27192.09,29231.5,31367.94,33348.39,35219.82,37459.92,41753.36,45488.41,47957.67],\"yAxis\":0}],\"xAxis\":{\"categories\":[2002,2003,2004,2005,2006,2007,2008,2009,2010,2011,2012,2013,2014,2015,2016,2017,2018,2019,2020,2021,2022,2023,2024],\"crosshair\":false},\"yAxis\":[{\"gridLineDashStyle\":\"solid\",\"title\":{\"text\":\"Euro\"},\"crosshair\":false},[],[],[]],\"chart\":{\"backgroundColor\":\"\",\"borderWidth\":0,\"borderColor\":\"\",\"borderRadius\":0,\"zoomType\":\"none\",\"panning\":false,\"panKey\":\"shift\",\"plotBackgroundColor\":\"\",\"plotBackgroundImage\":\"\",\"plotBorderColor\":\"\",\"plotBorderWidth\":7,\"inverted\":false},\"subtitle\":{\"text\":\"\",\"align\":\"center\"},\"tooltip\":{\"enabled\":true,\"backgroundColor\":\"rgba(255, 255, 255, 0.85)\",\"borderWidth\":\"1\",\"borderColor\":\"\",\"borderRadius\":\"3\",\"shared\":false,\"valuePrefix\":\"\",\"valueSuffix\":\"\"},\"legend\":{\"enabled\":true,\"backgroundColor\":\"\",\"title\":{\"text\":\"\"},\"layout\":\"horizontal\",\"align\":\"center\",\"verticalAlign\":\"bottom\",\"borderWidth\":\"0\",\"borderColor\":\"\",\"borderRadius\":\"0\"},\"exporting\":{\"enabled\":false,\"chartOptions\":{\"plotOptions\":{\"series\":{\"dataLabels\":{\"enabled\":false}}}},\"filename\":\"\",\"width\":\"\",\"buttons\":{\"contextButton\":{\"align\":\"right\",\"verticalAlign\":\"top\",\"symbolStroke\":\"#666666\",\"text\":\"\"}}},\"credits\":{\"enabled\":true,\"href\":\"http:\\\/\\\/www.fondapi.it\",\"text\":\"fondapi.it\"}},\"type\":\"highcharts_basic_column_chart\",\"height\":400},\n            engine: \"highcharts\",\n            type: \"highcharts_basic_column_chart\",\n            title: \"Fondapi vs. TFR\",\n            container: \"wpDataChart_12\",\n            follow_filtering: 0,\n            wpdatatable_id: 21,\n            group_chart: 0        }\n    <\/script>\n\n    <div id=\"wpDataChart_12\" class=\"highcharts_basic_column_chart\" style=\"width: 100%\"><\/div>\n<\/div>\n\t\t\t\t\t\t<\/div>\n\t\t\t\t<\/div>\n\t\t\t\t<\/div>\n\t\t\t\t\t<\/div>\n\t\t\t\t<\/div>\n\t\t<div class=\"elementor-element elementor-element-fc73212 elementor-hidden-mobile e-flex e-con-boxed e-con e-parent\" data-id=\"fc73212\" data-element_type=\"container\" data-e-type=\"container\" data-settings=\"{&quot;background_background&quot;:&quot;classic&quot;,&quot;jet_parallax_layout_list&quot;:[]}\">\n\t\t\t\t\t<div class=\"e-con-inner\">\n\t\t\t\t\t<\/div>\n\t\t\t\t<\/div>\n\t\t\t\t<\/div>\n\t\t","protected":false},"excerpt":{"rendered":"<p>Home inversi\u00f3n Supongamos un trabajador que: empez\u00f3 a trabajar en 1998 y se afili\u00f3 inmediatamente a Fondapi; su salario bruto anual (RAL) es de 17.350,00 \u20ac tasa de incremento salarial del 1,5% anual y que aporta: el 100% del finiquito a Fondapi; la contribuci\u00f3n a su cargo del 1,20% del salario base; la contribuci\u00f3n a [&hellip;]<\/p>\n","protected":false},"author":1,"featured_media":0,"parent":61187,"menu_order":18,"comment_status":"closed","ping_status":"closed","template":"","meta":{"footnotes":""},"class_list":["post-60838","page","type-page","status-publish","hentry"],"yoast_head":"<!-- This site is optimized with the Yoast SEO plugin v27.2 - https:\/\/yoast.com\/product\/yoast-seo-wordpress\/ -->\n<title>Comparaci\u00f3n afiliado \/ no afiliado - Fondapi<\/title>\n<meta name=\"robots\" content=\"index, follow, max-snippet:-1, max-image-preview:large, max-video-preview:-1\" \/>\n<link rel=\"canonical\" href=\"https:\/\/www.fondapi.it\/es\/inversion\/comparacion-afiliado-no-afiliado\/\" \/>\n<meta property=\"og:locale\" content=\"es_ES\" \/>\n<meta property=\"og:type\" content=\"article\" \/>\n<meta property=\"og:title\" content=\"Comparaci\u00f3n afiliado \/ no afiliado - Fondapi\" \/>\n<meta property=\"og:description\" content=\"Home inversi\u00f3n Supongamos un trabajador que: empez\u00f3 a trabajar en 1998 y se afili\u00f3 inmediatamente a Fondapi; su salario bruto anual (RAL) es de 17.350,00 \u20ac tasa de incremento salarial del 1,5% anual y que aporta: el 100% del finiquito a Fondapi; la contribuci\u00f3n a su cargo del 1,20% del salario base; la contribuci\u00f3n a [&hellip;]\" \/>\n<meta property=\"og:url\" content=\"https:\/\/www.fondapi.it\/es\/inversion\/comparacion-afiliado-no-afiliado\/\" \/>\n<meta property=\"og:site_name\" content=\"Fondapi\" \/>\n<meta property=\"article:publisher\" content=\"https:\/\/www.facebook.com\/pages\/Scegli-Fondapi\/111620682275544?fref=ts\" \/>\n<meta property=\"article:modified_time\" content=\"2025-11-12T07:45:25+00:00\" \/>\n<meta name=\"twitter:card\" content=\"summary_large_image\" \/>\n<meta name=\"twitter:site\" content=\"@fondapi\" \/>\n<meta name=\"twitter:label1\" content=\"Tiempo de lectura\" \/>\n\t<meta name=\"twitter:data1\" content=\"1 minuto\" \/>\n<script type=\"application\/ld+json\" class=\"yoast-schema-graph\">{\"@context\":\"https:\/\/schema.org\",\"@graph\":[{\"@type\":\"WebPage\",\"@id\":\"https:\/\/www.fondapi.it\/es\/inversion\/comparacion-afiliado-no-afiliado\/\",\"url\":\"https:\/\/www.fondapi.it\/es\/inversion\/comparacion-afiliado-no-afiliado\/\",\"name\":\"Comparaci\u00f3n afiliado \/ no afiliado - Fondapi\",\"isPartOf\":{\"@id\":\"https:\/\/www.fondapi.it\/es\/#website\"},\"datePublished\":\"2024-09-10T14:09:00+00:00\",\"dateModified\":\"2025-11-12T07:45:25+00:00\",\"breadcrumb\":{\"@id\":\"https:\/\/www.fondapi.it\/es\/inversion\/comparacion-afiliado-no-afiliado\/#breadcrumb\"},\"inLanguage\":\"es\",\"potentialAction\":[{\"@type\":\"ReadAction\",\"target\":[\"https:\/\/www.fondapi.it\/es\/inversion\/comparacion-afiliado-no-afiliado\/\"]}]},{\"@type\":\"BreadcrumbList\",\"@id\":\"https:\/\/www.fondapi.it\/es\/inversion\/comparacion-afiliado-no-afiliado\/#breadcrumb\",\"itemListElement\":[{\"@type\":\"ListItem\",\"position\":1,\"name\":\"Home\",\"item\":\"https:\/\/www.fondapi.it\/es\/inicio\/\"},{\"@type\":\"ListItem\",\"position\":2,\"name\":\"Inversi\u00f3n\",\"item\":\"https:\/\/www.fondapi.it\/es\/inversion\/\"},{\"@type\":\"ListItem\",\"position\":3,\"name\":\"Comparaci\u00f3n afiliado \/ no afiliado\"}]},{\"@type\":\"WebSite\",\"@id\":\"https:\/\/www.fondapi.it\/es\/#website\",\"url\":\"https:\/\/www.fondapi.it\/es\/\",\"name\":\"Fondapi\",\"description\":\"\",\"publisher\":{\"@id\":\"https:\/\/www.fondapi.it\/es\/#organization\"},\"alternateName\":\"Fondapi Fondo pensione integrativa\",\"potentialAction\":[{\"@type\":\"SearchAction\",\"target\":{\"@type\":\"EntryPoint\",\"urlTemplate\":\"https:\/\/www.fondapi.it\/es\/?s={search_term_string}\"},\"query-input\":{\"@type\":\"PropertyValueSpecification\",\"valueRequired\":true,\"valueName\":\"search_term_string\"}}],\"inLanguage\":\"es\"},{\"@type\":\"Organization\",\"@id\":\"https:\/\/www.fondapi.it\/es\/#organization\",\"name\":\"Fondapi - Fondo nazionale pensione complementare\",\"alternateName\":\"Fondapi Fondo pensione integrativa\",\"url\":\"https:\/\/www.fondapi.it\/es\/\",\"logo\":{\"@type\":\"ImageObject\",\"inLanguage\":\"es\",\"@id\":\"https:\/\/www.fondapi.it\/es\/#\/schema\/logo\/image\/\",\"url\":\"\",\"contentUrl\":\"\",\"caption\":\"Fondapi - Fondo nazionale pensione complementare\"},\"image\":{\"@id\":\"https:\/\/www.fondapi.it\/es\/#\/schema\/logo\/image\/\"},\"sameAs\":[\"https:\/\/www.facebook.com\/pages\/Scegli-Fondapi\/111620682275544?fref=ts\",\"https:\/\/x.com\/fondapi\",\"https:\/\/www.linkedin.com\/company\/18497131\",\"https:\/\/www.youtube.com\/user\/Fondapi\",\"https:\/\/www.instagram.com\/fondapi.it\/\"]}]}<\/script>\n<!-- \/ Yoast SEO plugin. -->","yoast_head_json":{"title":"Comparaci\u00f3n afiliado \/ no afiliado - Fondapi","robots":{"index":"index","follow":"follow","max-snippet":"max-snippet:-1","max-image-preview":"max-image-preview:large","max-video-preview":"max-video-preview:-1"},"canonical":"https:\/\/www.fondapi.it\/es\/inversion\/comparacion-afiliado-no-afiliado\/","og_locale":"es_ES","og_type":"article","og_title":"Comparaci\u00f3n afiliado \/ no afiliado - Fondapi","og_description":"Home inversi\u00f3n Supongamos un trabajador que: empez\u00f3 a trabajar en 1998 y se afili\u00f3 inmediatamente a Fondapi; su salario bruto anual (RAL) es de 17.350,00 \u20ac tasa de incremento salarial del 1,5% anual y que aporta: el 100% del finiquito a Fondapi; la contribuci\u00f3n a su cargo del 1,20% del salario base; la contribuci\u00f3n a [&hellip;]","og_url":"https:\/\/www.fondapi.it\/es\/inversion\/comparacion-afiliado-no-afiliado\/","og_site_name":"Fondapi","article_publisher":"https:\/\/www.facebook.com\/pages\/Scegli-Fondapi\/111620682275544?fref=ts","article_modified_time":"2025-11-12T07:45:25+00:00","twitter_card":"summary_large_image","twitter_site":"@fondapi","twitter_misc":{"Tiempo de lectura":"1 minuto"},"schema":{"@context":"https:\/\/schema.org","@graph":[{"@type":"WebPage","@id":"https:\/\/www.fondapi.it\/es\/inversion\/comparacion-afiliado-no-afiliado\/","url":"https:\/\/www.fondapi.it\/es\/inversion\/comparacion-afiliado-no-afiliado\/","name":"Comparaci\u00f3n afiliado \/ no afiliado - Fondapi","isPartOf":{"@id":"https:\/\/www.fondapi.it\/es\/#website"},"datePublished":"2024-09-10T14:09:00+00:00","dateModified":"2025-11-12T07:45:25+00:00","breadcrumb":{"@id":"https:\/\/www.fondapi.it\/es\/inversion\/comparacion-afiliado-no-afiliado\/#breadcrumb"},"inLanguage":"es","potentialAction":[{"@type":"ReadAction","target":["https:\/\/www.fondapi.it\/es\/inversion\/comparacion-afiliado-no-afiliado\/"]}]},{"@type":"BreadcrumbList","@id":"https:\/\/www.fondapi.it\/es\/inversion\/comparacion-afiliado-no-afiliado\/#breadcrumb","itemListElement":[{"@type":"ListItem","position":1,"name":"Home","item":"https:\/\/www.fondapi.it\/es\/inicio\/"},{"@type":"ListItem","position":2,"name":"Inversi\u00f3n","item":"https:\/\/www.fondapi.it\/es\/inversion\/"},{"@type":"ListItem","position":3,"name":"Comparaci\u00f3n afiliado \/ no afiliado"}]},{"@type":"WebSite","@id":"https:\/\/www.fondapi.it\/es\/#website","url":"https:\/\/www.fondapi.it\/es\/","name":"Fondapi","description":"","publisher":{"@id":"https:\/\/www.fondapi.it\/es\/#organization"},"alternateName":"Fondapi Fondo pensione integrativa","potentialAction":[{"@type":"SearchAction","target":{"@type":"EntryPoint","urlTemplate":"https:\/\/www.fondapi.it\/es\/?s={search_term_string}"},"query-input":{"@type":"PropertyValueSpecification","valueRequired":true,"valueName":"search_term_string"}}],"inLanguage":"es"},{"@type":"Organization","@id":"https:\/\/www.fondapi.it\/es\/#organization","name":"Fondapi - Fondo nazionale pensione complementare","alternateName":"Fondapi Fondo pensione integrativa","url":"https:\/\/www.fondapi.it\/es\/","logo":{"@type":"ImageObject","inLanguage":"es","@id":"https:\/\/www.fondapi.it\/es\/#\/schema\/logo\/image\/","url":"","contentUrl":"","caption":"Fondapi - Fondo nazionale pensione complementare"},"image":{"@id":"https:\/\/www.fondapi.it\/es\/#\/schema\/logo\/image\/"},"sameAs":["https:\/\/www.facebook.com\/pages\/Scegli-Fondapi\/111620682275544?fref=ts","https:\/\/x.com\/fondapi","https:\/\/www.linkedin.com\/company\/18497131","https:\/\/www.youtube.com\/user\/Fondapi","https:\/\/www.instagram.com\/fondapi.it\/"]}]}},"_links":{"self":[{"href":"https:\/\/www.fondapi.it\/es\/wp-json\/wp\/v2\/pages\/60838","targetHints":{"allow":["GET"]}}],"collection":[{"href":"https:\/\/www.fondapi.it\/es\/wp-json\/wp\/v2\/pages"}],"about":[{"href":"https:\/\/www.fondapi.it\/es\/wp-json\/wp\/v2\/types\/page"}],"author":[{"embeddable":true,"href":"https:\/\/www.fondapi.it\/es\/wp-json\/wp\/v2\/users\/1"}],"replies":[{"embeddable":true,"href":"https:\/\/www.fondapi.it\/es\/wp-json\/wp\/v2\/comments?post=60838"}],"version-history":[{"count":2,"href":"https:\/\/www.fondapi.it\/es\/wp-json\/wp\/v2\/pages\/60838\/revisions"}],"predecessor-version":[{"id":61192,"href":"https:\/\/www.fondapi.it\/es\/wp-json\/wp\/v2\/pages\/60838\/revisions\/61192"}],"up":[{"embeddable":true,"href":"https:\/\/www.fondapi.it\/es\/wp-json\/wp\/v2\/pages\/61187"}],"wp:attachment":[{"href":"https:\/\/www.fondapi.it\/es\/wp-json\/wp\/v2\/media?parent=60838"}],"curies":[{"name":"wp","href":"https:\/\/api.w.org\/{rel}","templated":true}]}}