{"id":60944,"date":"2024-06-19T14:55:18","date_gmt":"2024-06-19T12:55:18","guid":{"rendered":"https:\/\/www.fondapi.it\/sostenibilidad\/"},"modified":"2025-11-12T08:45:30","modified_gmt":"2025-11-12T07:45:30","slug":"sostenibilidad","status":"publish","type":"page","link":"https:\/\/www.fondapi.it\/es\/inversion\/sostenibilidad\/","title":{"rendered":"Sostenibilidad"},"content":{"rendered":"\t\t<div data-elementor-type=\"wp-page\" data-elementor-id=\"60944\" class=\"elementor elementor-60944 elementor-55897\" data-elementor-post-type=\"page\">\n\t\t\t\t<div class=\"elementor-element elementor-element-68920dce e-flex e-con-boxed e-con e-parent\" data-id=\"68920dce\" data-element_type=\"container\" data-e-type=\"container\" data-settings=\"{&quot;background_background&quot;:&quot;classic&quot;,&quot;jet_parallax_layout_list&quot;:[]}\">\n\t\t\t\t\t<div class=\"e-con-inner\">\n\t\t<div class=\"elementor-element elementor-element-1a3fdeb5 e-flex e-con-boxed e-con e-child\" data-id=\"1a3fdeb5\" data-element_type=\"container\" data-e-type=\"container\" data-settings=\"{&quot;jet_parallax_layout_list&quot;:[]}\">\n\t\t\t\t\t<div class=\"e-con-inner\">\n\t\t\t\t<div class=\"elementor-element elementor-element-7b9f07be elementor-widget elementor-widget-jet-breadcrumbs\" data-id=\"7b9f07be\" data-element_type=\"widget\" data-e-type=\"widget\" data-widget_type=\"jet-breadcrumbs.default\">\n\t\t\t\t<div class=\"elementor-widget-container\">\n\t\t\t\t\t<div class=\"elementor-jet-breadcrumbs jet-blocks\">\n\t\t<div class=\"jet-breadcrumbs\">\n\t\t<div class=\"jet-breadcrumbs__content\">\n\t\t<div class=\"jet-breadcrumbs__wrap\"><div class=\"jet-breadcrumbs__item\"><a href=\"https:\/\/www.fondapi.it\/es\/\" class=\"jet-breadcrumbs__item-link is-home\" rel=\"home\" title=\"Inicio\">Inicio<\/a><\/div>\n\t\t<\/div>\n\t\t<\/div>\n\t\t<\/div><\/div>\t\t\t\t<\/div>\n\t\t\t\t<\/div>\n\t\t\t\t<div class=\"elementor-element elementor-element-3d8aed6e elementor-widget elementor-widget-html\" data-id=\"3d8aed6e\" data-element_type=\"widget\" data-e-type=\"widget\" data-widget_type=\"html.default\">\n\t\t\t\t<div class=\"elementor-widget-container\">\n\t\t\t\t\t<script>document.addEventListener(\"DOMContentLoaded\", function() {\n  var observer = new MutationObserver(function(mutations) {\n    mutations.forEach(function(mutation) {\n      var link = document.querySelector(\".jet-breadcrumbs__item-link[title='Fondapi']\");\n      if (link) {\n        link.addEventListener(\"click\", function(event) {\n          event.preventDefault();\n        });\n      }\n    });\n  });\n\n  observer.observe(document.body, { childList: true, subtree: true });\n\n  var link = document.querySelector(\".jet-breadcrumbs__item-link[title='Fondapi']\");\n  if (link) {\n    link.addEventListener(\"click\", function(event) {\n      event.preventDefault();\n    });\n  }\n});\n<\/script>\t\t\t\t<\/div>\n\t\t\t\t<\/div>\n\t\t\t\t\t<\/div>\n\t\t\t\t<\/div>\n\t\t<div class=\"elementor-element elementor-element-35986759 e-flex e-con-boxed e-con e-child\" data-id=\"35986759\" data-element_type=\"container\" data-e-type=\"container\" data-settings=\"{&quot;jet_parallax_layout_list&quot;:[]}\">\n\t\t\t\t\t<div class=\"e-con-inner\">\n\t\t\t\t<div class=\"elementor-element elementor-element-71c119a5 elementor-widget__width-auto elementor-widget elementor-widget-heading\" data-id=\"71c119a5\" data-element_type=\"widget\" data-e-type=\"widget\" data-widget_type=\"heading.default\">\n\t\t\t\t<div class=\"elementor-widget-container\">\n\t\t\t\t\t<h6 class=\"elementor-heading-title elementor-size-default\">inversi\u00f3n<\/h6>\t\t\t\t<\/div>\n\t\t\t\t<\/div>\n\t\t\t\t\t<\/div>\n\t\t\t\t<\/div>\n\t\t\t\t\t<\/div>\n\t\t\t\t<\/div>\n\t\t<div class=\"elementor-element elementor-element-44c573c1 e-flex e-con-boxed e-con e-parent\" data-id=\"44c573c1\" data-element_type=\"container\" data-e-type=\"container\" data-settings=\"{&quot;jet_parallax_layout_list&quot;:[]}\">\n\t\t\t\t\t<div class=\"e-con-inner\">\n\t\t<div class=\"elementor-element elementor-element-4157d29 e-con-full e-flex e-con e-child\" data-id=\"4157d29\" data-element_type=\"container\" data-e-type=\"container\" data-settings=\"{&quot;jet_parallax_layout_list&quot;:[],&quot;sticky&quot;:&quot;top&quot;,&quot;sticky_on&quot;:[&quot;desktop&quot;,&quot;tablet&quot;],&quot;sticky_offset&quot;:140,&quot;sticky_parent&quot;:&quot;yes&quot;,&quot;sticky_effects_offset&quot;:0,&quot;sticky_anchor_link_offset&quot;:0}\">\n\t\t\t\t<div class=\"elementor-element elementor-element-23ddb87c elementor-widget elementor-widget-text-editor\" data-id=\"23ddb87c\" data-element_type=\"widget\" data-e-type=\"widget\" data-widget_type=\"text-editor.default\">\n\t\t\t\t<div class=\"elementor-widget-container\">\n\t\t\t\t\t\t\t\t\t<p>Desde 2008, gracias a la <b>colaboraci\u00f3n con un operador especializado<\/b>, Fondapi ha iniciado una <b>decidida actividad de inversi\u00f3n<\/b> que tiene en cuenta los <b>principios de inversi\u00f3n sostenible ESG<\/b>.<\/p><p>Los recursos, las contribuciones de los trabajadores, son invertidos por gestores internacionales en una amplia selecci\u00f3n de acciones y bonos emitidos por empresas y pa\u00edses.<\/p><p>Sin embargo, los gestores para la selecci\u00f3n de los t\u00edtulos:<\/p><ul><li aria-level=\"1\">tienen en cuenta tambi\u00e9n el <b>respeto a criterios de sostenibilidad ambiental<\/b> (<b>E<\/b>nvironment), <b>social<\/b> (<b>S<\/b>ocial), y de <b>buen gobierno<\/b> (<b>G<\/b>overnance);<\/li><li aria-level=\"1\"><b>no pueden invertir en empresas<\/b> (aproximadamente el 6% del total invertible) <b>que presentan los niveles m\u00e1s bajos de sostenibilidad<\/b>.<\/li><\/ul>\t\t\t\t\t\t\t\t<\/div>\n\t\t\t\t<\/div>\n\t\t\t\t<\/div>\n\t\t<div class=\"elementor-element elementor-element-ed1ca0b e-con-full e-flex e-con e-child\" data-id=\"ed1ca0b\" data-element_type=\"container\" data-e-type=\"container\" data-settings=\"{&quot;jet_parallax_layout_list&quot;:[]}\">\n\t\t\t\t<div class=\"elementor-element elementor-element-234c8588 elementor-widget elementor-widget-image\" data-id=\"234c8588\" data-element_type=\"widget\" data-e-type=\"widget\" data-widget_type=\"image.default\">\n\t\t\t\t<div class=\"elementor-widget-container\">\n\t\t\t\t\t\t\t\t\t\t\t\t\t\t\t<img fetchpriority=\"high\" decoding=\"async\" width=\"1333\" height=\"2000\" src=\"https:\/\/www.fondapi.it\/wp-content\/uploads\/2024\/09\/sostenibilita.webp\" class=\"attachment-full size-full wp-image-60945\" alt=\"\" srcset=\"https:\/\/www.fondapi.it\/wp-content\/uploads\/2024\/09\/sostenibilita.webp 1333w, https:\/\/www.fondapi.it\/wp-content\/uploads\/2024\/09\/sostenibilita-200x300.webp 200w, https:\/\/www.fondapi.it\/wp-content\/uploads\/2024\/09\/sostenibilita-682x1024.webp 682w, https:\/\/www.fondapi.it\/wp-content\/uploads\/2024\/09\/sostenibilita-768x1152.webp 768w, https:\/\/www.fondapi.it\/wp-content\/uploads\/2024\/09\/sostenibilita-1024x1536.webp 1024w\" sizes=\"(max-width: 1333px) 100vw, 1333px\" \/>\t\t\t\t\t\t\t\t\t\t\t\t\t\t\t<\/div>\n\t\t\t\t<\/div>\n\t\t\t\t<\/div>\n\t\t\t\t\t<\/div>\n\t\t\t\t<\/div>\n\t\t<div class=\"elementor-element elementor-element-1673dc5f elementor-hidden-mobile e-flex e-con-boxed e-con e-parent\" data-id=\"1673dc5f\" data-element_type=\"container\" data-e-type=\"container\" data-settings=\"{&quot;background_background&quot;:&quot;classic&quot;,&quot;jet_parallax_layout_list&quot;:[]}\">\n\t\t\t\t\t<div class=\"e-con-inner\">\n\t\t\t\t\t<\/div>\n\t\t\t\t<\/div>\n\t\t<div class=\"elementor-element elementor-element-22c68ebd e-flex e-con-boxed e-con e-parent\" data-id=\"22c68ebd\" data-element_type=\"container\" data-e-type=\"container\" data-settings=\"{&quot;jet_parallax_layout_list&quot;:[]}\">\n\t\t\t\t\t<div class=\"e-con-inner\">\n\t\t<div class=\"elementor-element elementor-element-2368c7ad e-con-full e-flex e-con e-child\" data-id=\"2368c7ad\" data-element_type=\"container\" data-e-type=\"container\" data-settings=\"{&quot;jet_parallax_layout_list&quot;:[]}\">\n\t\t\t\t<div class=\"elementor-element elementor-element-143115e0 elementor-widget elementor-widget-heading\" data-id=\"143115e0\" data-element_type=\"widget\" data-e-type=\"widget\" data-widget_type=\"heading.default\">\n\t\t\t\t<div class=\"elementor-widget-container\">\n\t\t\t\t\t<h3 class=\"elementor-heading-title elementor-size-default\">Pero, \u00bfqu\u00e9 significa <br><span style=\"color: #3997B9\">\"inversi\u00f3n sostenible\"<\/span>?<\/h3>\t\t\t\t<\/div>\n\t\t\t\t<\/div>\n\t\t\t\t<div class=\"elementor-element elementor-element-79f02fbc elementor-widget elementor-widget-text-editor\" data-id=\"79f02fbc\" data-element_type=\"widget\" data-e-type=\"widget\" data-widget_type=\"text-editor.default\">\n\t\t\t\t<div class=\"elementor-widget-container\">\n\t\t\t\t\t\t\t\t\t<p>Se trata de <b>integrar el an\u00e1lisis del rendimiento econ\u00f3mico-financiero de los t\u00edtulos con el an\u00e1lisis en materia ambiental, social y de buen gobierno<\/b>. A continuaci\u00f3n, los principales criterios de an\u00e1lisis de sostenibilidad utilizados por Fondapi. <\/p>\t\t\t\t\t\t\t\t<\/div>\n\t\t\t\t<\/div>\n\t\t\t\t<\/div>\n\t\t\t\t\t<\/div>\n\t\t\t\t<\/div>\n\t\t<div class=\"elementor-element elementor-element-5918ea71 e-flex e-con-boxed e-con e-parent\" data-id=\"5918ea71\" data-element_type=\"container\" data-e-type=\"container\" data-settings=\"{&quot;jet_parallax_layout_list&quot;:[]}\">\n\t\t\t\t\t<div class=\"e-con-inner\">\n\t\t<div class=\"elementor-element elementor-element-6a34a338 e-con-full e-flex e-con e-child\" data-id=\"6a34a338\" data-element_type=\"container\" data-e-type=\"container\" data-settings=\"{&quot;jet_parallax_layout_list&quot;:[]}\">\n\t\t\t\t<div class=\"elementor-element elementor-element-699512fc elementor-widget elementor-widget-heading\" data-id=\"699512fc\" data-element_type=\"widget\" data-e-type=\"widget\" data-widget_type=\"heading.default\">\n\t\t\t\t<div class=\"elementor-widget-container\">\n\t\t\t\t\t<h3 class=\"elementor-heading-title elementor-size-default\">Los factores m\u00e1s importantes de inversi\u00f3n ESG\n<\/h3>\t\t\t\t<\/div>\n\t\t\t\t<\/div>\n\t\t\t\t<div class=\"elementor-element elementor-element-0f2bd9d elementor-widget elementor-widget-jet-table\" data-id=\"0f2bd9d\" data-element_type=\"widget\" data-e-type=\"widget\" data-widget_type=\"jet-table.default\">\n\t\t\t\t<div class=\"elementor-widget-container\">\n\t\t\t\t\t<div class=\"elementor-jet-table jet-elements\">\n\t\t<div class=\"jet-table-wrapper jet-table-responsive-mobile\">\n\t\t\t<table class=\"jet-table jet-table--fa5-compat\">\n\t\t\t\t<thead class=\"jet-table__head\"><tr class=\"jet-table__head-row\"><th class=\"jet-table__cell elementor-repeater-item-8dd6081 jet-table__head-cell\" scope=\"col\"><div class=\"jet-table__cell-inner\"><div class=\"jet-table__cell-content\"><div class=\"jet-table__cell-text\">Ambiental<\/div><\/div><\/div><\/th><th class=\"jet-table__cell elementor-repeater-item-88d8ec7 jet-table__head-cell\" scope=\"col\"><div class=\"jet-table__cell-inner\"><div class=\"jet-table__cell-content\"><div class=\"jet-table__cell-text\">Social<\/div><\/div><\/div><\/th><th class=\"jet-table__cell elementor-repeater-item-ed8326e jet-table__head-cell\" scope=\"col\"><div class=\"jet-table__cell-inner\"><div class=\"jet-table__cell-content\"><div class=\"jet-table__cell-text\">Gobernanza<\/div><\/div><\/div><\/th><\/tr><\/thead>\n\t\t\t\t\t\t\t\t<tbody class=\"jet-table__body\"><tr class=\"jet-table__body-row elementor-repeater-item-297b992\"><td class=\"jet-table__cell elementor-repeater-item-b34448d jet-table__body-cell\"><div class=\"jet-table__cell-inner\"><div class=\"jet-table__cell-content\"><div class=\"jet-table__cell-text\">Prevenci\u00f3n y limitaci\u00f3n de la contaminaci\u00f3n (contaminaci\u00f3n del suelo, del aire y del agua en toda la cadena de valor)<\/div><\/div><\/div><\/td><td class=\"jet-table__cell elementor-repeater-item-d0c5a58 jet-table__body-cell\"><div class=\"jet-table__cell-inner\"><div class=\"jet-table__cell-content\"><div class=\"jet-table__cell-text\">Salud y seguridad de los empleados y consumidores (reducci\u00f3n de accidentes y v\u00edctimas en el trabajo, salud y certificaci\u00f3n de seguridad)<\/div><\/div><\/div><\/td><td class=\"jet-table__cell elementor-repeater-item-8c2b47a jet-table__body-cell\"><div class=\"jet-table__cell-inner\"><div class=\"jet-table__cell-content\"><div class=\"jet-table__cell-text\">Respeto a los derechos de los accionistas minoritarios (una acci\u00f3n, un voto)<\/div><\/div><\/div><\/td><\/tr><tr class=\"jet-table__body-row elementor-repeater-item-2234a8b\"><td class=\"jet-table__cell elementor-repeater-item-8d39f46 jet-table__body-cell\"><div class=\"jet-table__cell-inner\"><div class=\"jet-table__cell-content\"><div class=\"jet-table__cell-text\">Tratamiento de residuos y reciclaje<\/div><\/div><\/div><\/td><td class=\"jet-table__cell elementor-repeater-item-071910c jet-table__body-cell\"><div class=\"jet-table__cell-inner\"><div class=\"jet-table__cell-content\"><div class=\"jet-table__cell-text\">Lucha contra la discriminaci\u00f3n en el trabajo, uso de contratos at\u00edpicos<\/div><\/div><\/div><\/td><td class=\"jet-table__cell elementor-repeater-item-49ee47f jet-table__body-cell\"><div class=\"jet-table__cell-inner\"><div class=\"jet-table__cell-content\"><div class=\"jet-table__cell-text\">Ausencia de conflictos de inter\u00e9s (Consejo de administraci\u00f3n con mayor\u00eda de miembros independientes)<\/div><\/div><\/div><\/td><\/tr><tr class=\"jet-table__body-row elementor-repeater-item-a3ce0d2\"><td class=\"jet-table__cell elementor-repeater-item-5b70b13 jet-table__body-cell\"><div class=\"jet-table__cell-inner\"><div class=\"jet-table__cell-content\"><div class=\"jet-table__cell-text\">Cambio clim\u00e1tico (uso limitado y eficiente de materias primas y energ\u00eda, reducci\u00f3n de CO2, energ\u00edas renovables)<\/div><\/div><\/div><\/td><td class=\"jet-table__cell elementor-repeater-item-60f9f31 jet-table__body-cell\"><div class=\"jet-table__cell-inner\"><div class=\"jet-table__cell-content\"><div class=\"jet-table__cell-text\">Actividades de inversi\u00f3n en las comunidades locales (microfinanzas, proyectos sociales)<\/div><\/div><\/div><\/td><td class=\"jet-table__cell elementor-repeater-item-1e7e161 jet-table__body-cell\"><div class=\"jet-table__cell-inner\"><div class=\"jet-table__cell-content\"><div class=\"jet-table__cell-text\">Buenas estructuras de gobernanza y sistemas de control interno contra la corrupci\u00f3n y el blanqueo de dinero<\/div><\/div><\/div><\/td><\/tr><\/tbody>\n\t\t\t<\/table>\n\t\t<\/div>\n\n\t\t<\/div>\t\t\t\t<\/div>\n\t\t\t\t<\/div>\n\t\t\t\t<div class=\"elementor-element elementor-element-6d0c4647 elementor-widget elementor-widget-text-editor\" data-id=\"6d0c4647\" data-element_type=\"widget\" data-e-type=\"widget\" data-widget_type=\"text-editor.default\">\n\t\t\t\t<div class=\"elementor-widget-container\">\n\t\t\t\t\t\t\t\t\t<p>El mundo financiero est\u00e1 cada vez m\u00e1s de acuerdo en que la integraci\u00f3n de este tipo de an\u00e1lisis con el an\u00e1lisis financiero permite, con el tiempo, <b>reducir el riesgo de inversiones en empresas menos competitivas<\/b>, y por lo tanto menos rentables desde el punto de vista econ\u00f3mico-financiero.<\/p><p>Para m\u00e1s informaci\u00f3n sobre la estrategia de inversi\u00f3n sostenible de Fondapi, le invitamos a consultar la documentaci\u00f3n.<\/p>\t\t\t\t\t\t\t\t<\/div>\n\t\t\t\t<\/div>\n\t\t\t\t<div class=\"elementor-element elementor-element-ef6c8e2 elementor-widget elementor-widget-button\" data-id=\"ef6c8e2\" data-element_type=\"widget\" data-e-type=\"widget\" data-widget_type=\"button.default\">\n\t\t\t\t<div class=\"elementor-widget-container\">\n\t\t\t\t\t\t\t\t\t<div class=\"elementor-button-wrapper\">\n\t\t\t\t\t<a class=\"elementor-button elementor-button-link elementor-size-sm\" href=\"https:\/\/www.fondapi.it\/es\/documentos-oficiales\/#sostenibilita\">\n\t\t\t\t\t\t<span class=\"elementor-button-content-wrapper\">\n\t\t\t\t\t\t\t\t\t<span class=\"elementor-button-text\">Lea la documentaci\u00f3n<\/span>\n\t\t\t\t\t<\/span>\n\t\t\t\t\t<\/a>\n\t\t\t\t<\/div>\n\t\t\t\t\t\t\t\t<\/div>\n\t\t\t\t<\/div>\n\t\t\t\t<\/div>\n\t\t\t\t\t<\/div>\n\t\t\t\t<\/div>\n\t\t\t\t<\/div>\n\t\t","protected":false},"excerpt":{"rendered":"<p>Home inversi\u00f3n Desde 2008, gracias a la colaboraci\u00f3n con un operador especializado, Fondapi ha iniciado una decidida actividad de inversi\u00f3n que tiene en cuenta los principios de inversi\u00f3n sostenible ESG. Los recursos, las contribuciones de los trabajadores, son invertidos por gestores internacionales en una amplia selecci\u00f3n de acciones y bonos emitidos por empresas y pa\u00edses. [&hellip;]<\/p>\n","protected":false},"author":1,"featured_media":0,"parent":61187,"menu_order":20,"comment_status":"closed","ping_status":"closed","template":"","meta":{"footnotes":""},"class_list":["post-60944","page","type-page","status-publish","hentry"],"yoast_head":"<!-- This site is optimized with the Yoast SEO plugin v27.3 - https:\/\/yoast.com\/product\/yoast-seo-wordpress\/ -->\n<title>Sostenibilidad - Fondapi<\/title>\n<meta name=\"robots\" content=\"index, follow, max-snippet:-1, max-image-preview:large, max-video-preview:-1\" \/>\n<link rel=\"canonical\" href=\"https:\/\/www.fondapi.it\/es\/inversion\/sostenibilidad\/\" \/>\n<meta property=\"og:locale\" content=\"es_ES\" \/>\n<meta property=\"og:type\" content=\"article\" \/>\n<meta property=\"og:title\" content=\"Sostenibilidad - Fondapi\" \/>\n<meta property=\"og:description\" content=\"Home inversi\u00f3n Desde 2008, gracias a la colaboraci\u00f3n con un operador especializado, Fondapi ha iniciado una decidida actividad de inversi\u00f3n que tiene en cuenta los principios de inversi\u00f3n sostenible ESG. Los recursos, las contribuciones de los trabajadores, son invertidos por gestores internacionales en una amplia selecci\u00f3n de acciones y bonos emitidos por empresas y pa\u00edses. [&hellip;]\" \/>\n<meta property=\"og:url\" content=\"https:\/\/www.fondapi.it\/es\/inversion\/sostenibilidad\/\" \/>\n<meta property=\"og:site_name\" content=\"Fondapi\" \/>\n<meta property=\"article:publisher\" content=\"https:\/\/www.facebook.com\/pages\/Scegli-Fondapi\/111620682275544?fref=ts\" \/>\n<meta property=\"article:modified_time\" content=\"2025-11-12T07:45:30+00:00\" \/>\n<meta property=\"og:image\" content=\"https:\/\/www.fondapi.it\/wp-content\/uploads\/2024\/09\/sostenibilita.webp\" \/>\n\t<meta property=\"og:image:width\" content=\"1333\" \/>\n\t<meta property=\"og:image:height\" content=\"2000\" \/>\n\t<meta property=\"og:image:type\" content=\"image\/webp\" \/>\n<meta name=\"twitter:card\" content=\"summary_large_image\" \/>\n<meta name=\"twitter:site\" content=\"@fondapi\" \/>\n<meta name=\"twitter:label1\" content=\"Tiempo de lectura\" \/>\n\t<meta name=\"twitter:data1\" content=\"2 minutos\" \/>\n<script type=\"application\/ld+json\" class=\"yoast-schema-graph\">{\"@context\":\"https:\\\/\\\/schema.org\",\"@graph\":[{\"@type\":\"WebPage\",\"@id\":\"https:\\\/\\\/www.fondapi.it\\\/es\\\/inversion\\\/sostenibilidad\\\/\",\"url\":\"https:\\\/\\\/www.fondapi.it\\\/es\\\/inversion\\\/sostenibilidad\\\/\",\"name\":\"Sostenibilidad - Fondapi\",\"isPartOf\":{\"@id\":\"https:\\\/\\\/www.fondapi.it\\\/es\\\/#website\"},\"primaryImageOfPage\":{\"@id\":\"https:\\\/\\\/www.fondapi.it\\\/es\\\/inversion\\\/sostenibilidad\\\/#primaryimage\"},\"image\":{\"@id\":\"https:\\\/\\\/www.fondapi.it\\\/es\\\/inversion\\\/sostenibilidad\\\/#primaryimage\"},\"thumbnailUrl\":\"https:\\\/\\\/www.fondapi.it\\\/wp-content\\\/uploads\\\/2024\\\/09\\\/sostenibilita.webp\",\"datePublished\":\"2024-06-19T12:55:18+00:00\",\"dateModified\":\"2025-11-12T07:45:30+00:00\",\"breadcrumb\":{\"@id\":\"https:\\\/\\\/www.fondapi.it\\\/es\\\/inversion\\\/sostenibilidad\\\/#breadcrumb\"},\"inLanguage\":\"es\",\"potentialAction\":[{\"@type\":\"ReadAction\",\"target\":[\"https:\\\/\\\/www.fondapi.it\\\/es\\\/inversion\\\/sostenibilidad\\\/\"]}]},{\"@type\":\"ImageObject\",\"inLanguage\":\"es\",\"@id\":\"https:\\\/\\\/www.fondapi.it\\\/es\\\/inversion\\\/sostenibilidad\\\/#primaryimage\",\"url\":\"https:\\\/\\\/www.fondapi.it\\\/wp-content\\\/uploads\\\/2024\\\/09\\\/sostenibilita.webp\",\"contentUrl\":\"https:\\\/\\\/www.fondapi.it\\\/wp-content\\\/uploads\\\/2024\\\/09\\\/sostenibilita.webp\"},{\"@type\":\"BreadcrumbList\",\"@id\":\"https:\\\/\\\/www.fondapi.it\\\/es\\\/inversion\\\/sostenibilidad\\\/#breadcrumb\",\"itemListElement\":[{\"@type\":\"ListItem\",\"position\":1,\"name\":\"Home\",\"item\":\"https:\\\/\\\/www.fondapi.it\\\/es\\\/inicio\\\/\"},{\"@type\":\"ListItem\",\"position\":2,\"name\":\"Inversi\u00f3n\",\"item\":\"https:\\\/\\\/www.fondapi.it\\\/es\\\/inversion\\\/\"},{\"@type\":\"ListItem\",\"position\":3,\"name\":\"Sostenibilidad\"}]},{\"@type\":\"WebSite\",\"@id\":\"https:\\\/\\\/www.fondapi.it\\\/es\\\/#website\",\"url\":\"https:\\\/\\\/www.fondapi.it\\\/es\\\/\",\"name\":\"Fondapi\",\"description\":\"\",\"publisher\":{\"@id\":\"https:\\\/\\\/www.fondapi.it\\\/es\\\/#organization\"},\"alternateName\":\"Fondapi Fondo pensione integrativa\",\"potentialAction\":[{\"@type\":\"SearchAction\",\"target\":{\"@type\":\"EntryPoint\",\"urlTemplate\":\"https:\\\/\\\/www.fondapi.it\\\/es\\\/?s={search_term_string}\"},\"query-input\":{\"@type\":\"PropertyValueSpecification\",\"valueRequired\":true,\"valueName\":\"search_term_string\"}}],\"inLanguage\":\"es\"},{\"@type\":\"Organization\",\"@id\":\"https:\\\/\\\/www.fondapi.it\\\/es\\\/#organization\",\"name\":\"Fondapi - Fondo nazionale pensione complementare\",\"alternateName\":\"Fondapi Fondo pensione integrativa\",\"url\":\"https:\\\/\\\/www.fondapi.it\\\/es\\\/\",\"logo\":{\"@type\":\"ImageObject\",\"inLanguage\":\"es\",\"@id\":\"https:\\\/\\\/www.fondapi.it\\\/es\\\/#\\\/schema\\\/logo\\\/image\\\/\",\"url\":\"\",\"contentUrl\":\"\",\"caption\":\"Fondapi - Fondo nazionale pensione complementare\"},\"image\":{\"@id\":\"https:\\\/\\\/www.fondapi.it\\\/es\\\/#\\\/schema\\\/logo\\\/image\\\/\"},\"sameAs\":[\"https:\\\/\\\/www.facebook.com\\\/pages\\\/Scegli-Fondapi\\\/111620682275544?fref=ts\",\"https:\\\/\\\/x.com\\\/fondapi\",\"https:\\\/\\\/www.linkedin.com\\\/company\\\/18497131\",\"https:\\\/\\\/www.youtube.com\\\/user\\\/Fondapi\",\"https:\\\/\\\/www.instagram.com\\\/fondapi.it\\\/\"]}]}<\/script>\n<!-- \/ Yoast SEO plugin. -->","yoast_head_json":{"title":"Sostenibilidad - Fondapi","robots":{"index":"index","follow":"follow","max-snippet":"max-snippet:-1","max-image-preview":"max-image-preview:large","max-video-preview":"max-video-preview:-1"},"canonical":"https:\/\/www.fondapi.it\/es\/inversion\/sostenibilidad\/","og_locale":"es_ES","og_type":"article","og_title":"Sostenibilidad - Fondapi","og_description":"Home inversi\u00f3n Desde 2008, gracias a la colaboraci\u00f3n con un operador especializado, Fondapi ha iniciado una decidida actividad de inversi\u00f3n que tiene en cuenta los principios de inversi\u00f3n sostenible ESG. Los recursos, las contribuciones de los trabajadores, son invertidos por gestores internacionales en una amplia selecci\u00f3n de acciones y bonos emitidos por empresas y pa\u00edses. [&hellip;]","og_url":"https:\/\/www.fondapi.it\/es\/inversion\/sostenibilidad\/","og_site_name":"Fondapi","article_publisher":"https:\/\/www.facebook.com\/pages\/Scegli-Fondapi\/111620682275544?fref=ts","article_modified_time":"2025-11-12T07:45:30+00:00","og_image":[{"width":1333,"height":2000,"url":"https:\/\/www.fondapi.it\/wp-content\/uploads\/2024\/09\/sostenibilita.webp","type":"image\/webp"}],"twitter_card":"summary_large_image","twitter_site":"@fondapi","twitter_misc":{"Tiempo de lectura":"2 minutos"},"schema":{"@context":"https:\/\/schema.org","@graph":[{"@type":"WebPage","@id":"https:\/\/www.fondapi.it\/es\/inversion\/sostenibilidad\/","url":"https:\/\/www.fondapi.it\/es\/inversion\/sostenibilidad\/","name":"Sostenibilidad - Fondapi","isPartOf":{"@id":"https:\/\/www.fondapi.it\/es\/#website"},"primaryImageOfPage":{"@id":"https:\/\/www.fondapi.it\/es\/inversion\/sostenibilidad\/#primaryimage"},"image":{"@id":"https:\/\/www.fondapi.it\/es\/inversion\/sostenibilidad\/#primaryimage"},"thumbnailUrl":"https:\/\/www.fondapi.it\/wp-content\/uploads\/2024\/09\/sostenibilita.webp","datePublished":"2024-06-19T12:55:18+00:00","dateModified":"2025-11-12T07:45:30+00:00","breadcrumb":{"@id":"https:\/\/www.fondapi.it\/es\/inversion\/sostenibilidad\/#breadcrumb"},"inLanguage":"es","potentialAction":[{"@type":"ReadAction","target":["https:\/\/www.fondapi.it\/es\/inversion\/sostenibilidad\/"]}]},{"@type":"ImageObject","inLanguage":"es","@id":"https:\/\/www.fondapi.it\/es\/inversion\/sostenibilidad\/#primaryimage","url":"https:\/\/www.fondapi.it\/wp-content\/uploads\/2024\/09\/sostenibilita.webp","contentUrl":"https:\/\/www.fondapi.it\/wp-content\/uploads\/2024\/09\/sostenibilita.webp"},{"@type":"BreadcrumbList","@id":"https:\/\/www.fondapi.it\/es\/inversion\/sostenibilidad\/#breadcrumb","itemListElement":[{"@type":"ListItem","position":1,"name":"Home","item":"https:\/\/www.fondapi.it\/es\/inicio\/"},{"@type":"ListItem","position":2,"name":"Inversi\u00f3n","item":"https:\/\/www.fondapi.it\/es\/inversion\/"},{"@type":"ListItem","position":3,"name":"Sostenibilidad"}]},{"@type":"WebSite","@id":"https:\/\/www.fondapi.it\/es\/#website","url":"https:\/\/www.fondapi.it\/es\/","name":"Fondapi","description":"","publisher":{"@id":"https:\/\/www.fondapi.it\/es\/#organization"},"alternateName":"Fondapi Fondo pensione integrativa","potentialAction":[{"@type":"SearchAction","target":{"@type":"EntryPoint","urlTemplate":"https:\/\/www.fondapi.it\/es\/?s={search_term_string}"},"query-input":{"@type":"PropertyValueSpecification","valueRequired":true,"valueName":"search_term_string"}}],"inLanguage":"es"},{"@type":"Organization","@id":"https:\/\/www.fondapi.it\/es\/#organization","name":"Fondapi - Fondo nazionale pensione complementare","alternateName":"Fondapi Fondo pensione integrativa","url":"https:\/\/www.fondapi.it\/es\/","logo":{"@type":"ImageObject","inLanguage":"es","@id":"https:\/\/www.fondapi.it\/es\/#\/schema\/logo\/image\/","url":"","contentUrl":"","caption":"Fondapi - Fondo nazionale pensione complementare"},"image":{"@id":"https:\/\/www.fondapi.it\/es\/#\/schema\/logo\/image\/"},"sameAs":["https:\/\/www.facebook.com\/pages\/Scegli-Fondapi\/111620682275544?fref=ts","https:\/\/x.com\/fondapi","https:\/\/www.linkedin.com\/company\/18497131","https:\/\/www.youtube.com\/user\/Fondapi","https:\/\/www.instagram.com\/fondapi.it\/"]}]}},"_links":{"self":[{"href":"https:\/\/www.fondapi.it\/es\/wp-json\/wp\/v2\/pages\/60944","targetHints":{"allow":["GET"]}}],"collection":[{"href":"https:\/\/www.fondapi.it\/es\/wp-json\/wp\/v2\/pages"}],"about":[{"href":"https:\/\/www.fondapi.it\/es\/wp-json\/wp\/v2\/types\/page"}],"author":[{"embeddable":true,"href":"https:\/\/www.fondapi.it\/es\/wp-json\/wp\/v2\/users\/1"}],"replies":[{"embeddable":true,"href":"https:\/\/www.fondapi.it\/es\/wp-json\/wp\/v2\/comments?post=60944"}],"version-history":[{"count":3,"href":"https:\/\/www.fondapi.it\/es\/wp-json\/wp\/v2\/pages\/60944\/revisions"}],"predecessor-version":[{"id":61210,"href":"https:\/\/www.fondapi.it\/es\/wp-json\/wp\/v2\/pages\/60944\/revisions\/61210"}],"up":[{"embeddable":true,"href":"https:\/\/www.fondapi.it\/es\/wp-json\/wp\/v2\/pages\/61187"}],"wp:attachment":[{"href":"https:\/\/www.fondapi.it\/es\/wp-json\/wp\/v2\/media?parent=60944"}],"curies":[{"name":"wp","href":"https:\/\/api.w.org\/{rel}","templated":true}]}}