{"id":61036,"date":"2024-06-19T12:54:51","date_gmt":"2024-06-19T10:54:51","guid":{"rendered":"https:\/\/www.fondapi.it\/organos-institucionales\/"},"modified":"2025-11-12T08:49:17","modified_gmt":"2025-11-12T07:49:17","slug":"organos-institucionales","status":"publish","type":"page","link":"https:\/\/www.fondapi.it\/es\/fondapi\/organos-institucionales\/","title":{"rendered":"\u00d3rganos institucionales"},"content":{"rendered":"\t\t<div data-elementor-type=\"wp-page\" data-elementor-id=\"61036\" class=\"elementor elementor-61036 elementor-55842\" data-elementor-post-type=\"page\">\n\t\t\t\t<div class=\"elementor-element elementor-element-653d948 e-flex e-con-boxed e-con e-parent\" data-id=\"653d948\" data-element_type=\"container\" data-e-type=\"container\" data-settings=\"{&quot;background_background&quot;:&quot;classic&quot;,&quot;jet_parallax_layout_list&quot;:[]}\">\n\t\t\t\t\t<div class=\"e-con-inner\">\n\t\t<div class=\"elementor-element elementor-element-dc41a10 e-flex e-con-boxed e-con e-child\" data-id=\"dc41a10\" data-element_type=\"container\" data-e-type=\"container\" data-settings=\"{&quot;jet_parallax_layout_list&quot;:[]}\">\n\t\t\t\t\t<div class=\"e-con-inner\">\n\t\t\t\t<div class=\"elementor-element elementor-element-58908fc elementor-widget elementor-widget-jet-breadcrumbs\" data-id=\"58908fc\" data-element_type=\"widget\" data-e-type=\"widget\" data-widget_type=\"jet-breadcrumbs.default\">\n\t\t\t\t<div class=\"elementor-widget-container\">\n\t\t\t\t\t<div class=\"elementor-jet-breadcrumbs jet-blocks\">\n\t\t<div class=\"jet-breadcrumbs\">\n\t\t<div class=\"jet-breadcrumbs__content\">\n\t\t<div class=\"jet-breadcrumbs__wrap\"><div class=\"jet-breadcrumbs__item\"><a href=\"https:\/\/www.fondapi.it\/es\/\" class=\"jet-breadcrumbs__item-link is-home\" rel=\"home\" title=\"Inicio\">Inicio<\/a><\/div>\n\t\t<\/div>\n\t\t<\/div>\n\t\t<\/div><\/div>\t\t\t\t<\/div>\n\t\t\t\t<\/div>\n\t\t\t\t<div class=\"elementor-element elementor-element-30db121 elementor-widget elementor-widget-html\" data-id=\"30db121\" data-element_type=\"widget\" data-e-type=\"widget\" data-widget_type=\"html.default\">\n\t\t\t\t<div class=\"elementor-widget-container\">\n\t\t\t\t\t<script>document.addEventListener(\"DOMContentLoaded\", function() {\n  var observer = new MutationObserver(function(mutations) {\n    mutations.forEach(function(mutation) {\n      var link = document.querySelector(\".jet-breadcrumbs__item-link[title='Fondapi']\");\n      if (link) {\n        link.addEventListener(\"click\", function(event) {\n          event.preventDefault();\n        });\n      }\n    });\n  });\n\n  observer.observe(document.body, { childList: true, subtree: true });\n\n  var link = document.querySelector(\".jet-breadcrumbs__item-link[title='Fondapi']\");\n  if (link) {\n    link.addEventListener(\"click\", function(event) {\n      event.preventDefault();\n    });\n  }\n});\n<\/script>\t\t\t\t<\/div>\n\t\t\t\t<\/div>\n\t\t\t\t\t<\/div>\n\t\t\t\t<\/div>\n\t\t<div class=\"elementor-element elementor-element-256d4b4 e-flex e-con-boxed e-con e-child\" data-id=\"256d4b4\" data-element_type=\"container\" data-e-type=\"container\" data-settings=\"{&quot;jet_parallax_layout_list&quot;:[]}\">\n\t\t\t\t\t<div class=\"e-con-inner\">\n\t\t\t\t<div class=\"elementor-element elementor-element-9257370 elementor-widget__width-auto elementor-widget elementor-widget-heading\" data-id=\"9257370\" data-element_type=\"widget\" data-e-type=\"widget\" data-widget_type=\"heading.default\">\n\t\t\t\t<div class=\"elementor-widget-container\">\n\t\t\t\t\t<h6 class=\"elementor-heading-title elementor-size-default\">Fondapi<\/h6>\t\t\t\t<\/div>\n\t\t\t\t<\/div>\n\t\t\t\t\t<\/div>\n\t\t\t\t<\/div>\n\t\t\t\t\t<\/div>\n\t\t\t\t<\/div>\n\t\t<div class=\"elementor-element elementor-element-fa4006a e-flex e-con-boxed e-con e-parent\" data-id=\"fa4006a\" data-element_type=\"container\" data-e-type=\"container\" data-settings=\"{&quot;jet_parallax_layout_list&quot;:[]}\">\n\t\t\t\t\t<div class=\"e-con-inner\">\n\t\t<div class=\"elementor-element elementor-element-893b52a e-con-full e-flex e-con e-child\" data-id=\"893b52a\" data-element_type=\"container\" data-e-type=\"container\" data-settings=\"{&quot;jet_parallax_layout_list&quot;:[]}\">\n\t\t\t\t<div class=\"elementor-element elementor-element-59600d6 elementor-widget elementor-widget-text-editor\" data-id=\"59600d6\" data-element_type=\"widget\" data-e-type=\"widget\" data-widget_type=\"text-editor.default\">\n\t\t\t\t<div class=\"elementor-widget-container\">\n\t\t\t\t\t\t\t\t\t<p><b>Angelo Bruscino<br><\/b>Presidente del Consejo de Administraci\u00f3n<\/p>\t\t\t\t\t\t\t\t<\/div>\n\t\t\t\t<\/div>\n\t\t\t\t<div class=\"elementor-element elementor-element-89a9ab8 elementor-widget elementor-widget-text-editor\" data-id=\"89a9ab8\" data-element_type=\"widget\" data-e-type=\"widget\" data-widget_type=\"text-editor.default\">\n\t\t\t\t<div class=\"elementor-widget-container\">\n\t\t\t\t\t\t\t\t\t<p><b>Massimiliano Nobis<br><\/b>Vicepresidente del Consejo de Administraci\u00f3n<\/p>\t\t\t\t\t\t\t\t<\/div>\n\t\t\t\t<\/div>\n\t\t\t\t<div class=\"elementor-element elementor-element-4e86e22 elementor-widget elementor-widget-text-editor\" data-id=\"4e86e22\" data-element_type=\"widget\" data-e-type=\"widget\" data-widget_type=\"text-editor.default\">\n\t\t\t\t<div class=\"elementor-widget-container\">\n\t\t\t\t\t\t\t\t\t<p><b>Erminio Sciore, Stefania Mangione, Angelo Spampinato, Vincenzo Elifani, Giacomo Tinti, Massimo Gramondi, Roberto Di Francesco, Luca Lambertini, Marco Petrelli, Riccardo Realfonzo, Corrado Alberto, Ezio Giorgi<br><\/b>Miembros del Consejo de Administraci\u00f3n<\/p>\t\t\t\t\t\t\t\t<\/div>\n\t\t\t\t<\/div>\n\t\t\t\t<div class=\"elementor-element elementor-element-10fb225 elementor-widget elementor-widget-text-editor\" data-id=\"10fb225\" data-element_type=\"widget\" data-e-type=\"widget\" data-widget_type=\"text-editor.default\">\n\t\t\t\t<div class=\"elementor-widget-container\">\n\t\t\t\t\t\t\t\t\t<p><b>Marco Lombardi<\/b><br>Presidente del Colegio de Auditores<\/p>\t\t\t\t\t\t\t\t<\/div>\n\t\t\t\t<\/div>\n\t\t\t\t<div class=\"elementor-element elementor-element-95b8399 elementor-widget elementor-widget-text-editor\" data-id=\"95b8399\" data-element_type=\"widget\" data-e-type=\"widget\" data-widget_type=\"text-editor.default\">\n\t\t\t\t<div class=\"elementor-widget-container\">\n\t\t\t\t\t\t\t\t\t<p><b>Fabrizio Francescut, Franco Grieco, Maria Cristina Accogli<\/b><br>Miembros del Colegio de Auditores<\/p>\t\t\t\t\t\t\t\t<\/div>\n\t\t\t\t<\/div>\n\t\t\t\t<div class=\"elementor-element elementor-element-ba06928 elementor-widget elementor-widget-text-editor\" data-id=\"ba06928\" data-element_type=\"widget\" data-e-type=\"widget\" data-widget_type=\"text-editor.default\">\n\t\t\t\t<div class=\"elementor-widget-container\">\n\t\t\t\t\t\t\t\t\t<p><b>Mauro Bichelli<\/b><br>Director General<\/p>\t\t\t\t\t\t\t\t<\/div>\n\t\t\t\t<\/div>\n\t\t\t\t<\/div>\n\t\t<div class=\"elementor-element elementor-element-f58ae9e e-con-full e-flex e-con e-child\" data-id=\"f58ae9e\" data-element_type=\"container\" data-e-type=\"container\" data-settings=\"{&quot;jet_parallax_layout_list&quot;:[]}\">\n\t\t\t\t<div class=\"elementor-element elementor-element-7d86ef4 elementor-widget elementor-widget-image\" data-id=\"7d86ef4\" data-element_type=\"widget\" data-e-type=\"widget\" data-widget_type=\"image.default\">\n\t\t\t\t<div class=\"elementor-widget-container\">\n\t\t\t\t\t\t\t\t\t\t\t\t\t\t\t<img fetchpriority=\"high\" decoding=\"async\" width=\"1333\" height=\"2000\" src=\"https:\/\/www.fondapi.it\/wp-content\/uploads\/2024\/09\/organi.webp\" class=\"attachment-full size-full wp-image-61037\" alt=\"\" srcset=\"https:\/\/www.fondapi.it\/wp-content\/uploads\/2024\/09\/organi.webp 1333w, https:\/\/www.fondapi.it\/wp-content\/uploads\/2024\/09\/organi-200x300.webp 200w, https:\/\/www.fondapi.it\/wp-content\/uploads\/2024\/09\/organi-682x1024.webp 682w, https:\/\/www.fondapi.it\/wp-content\/uploads\/2024\/09\/organi-768x1152.webp 768w, https:\/\/www.fondapi.it\/wp-content\/uploads\/2024\/09\/organi-1024x1536.webp 1024w\" sizes=\"(max-width: 1333px) 100vw, 1333px\" \/>\t\t\t\t\t\t\t\t\t\t\t\t\t\t\t<\/div>\n\t\t\t\t<\/div>\n\t\t\t\t<\/div>\n\t\t\t\t\t<\/div>\n\t\t\t\t<\/div>\n\t\t<div class=\"elementor-element elementor-element-04be12b elementor-hidden-mobile e-flex e-con-boxed e-con e-parent\" data-id=\"04be12b\" data-element_type=\"container\" data-e-type=\"container\" data-settings=\"{&quot;background_background&quot;:&quot;classic&quot;,&quot;jet_parallax_layout_list&quot;:[]}\">\n\t\t\t\t\t<div class=\"e-con-inner\">\n\t\t\t\t\t<\/div>\n\t\t\t\t<\/div>\n\t\t\t\t<\/div>\n\t\t","protected":false},"excerpt":{"rendered":"<p>Home Fondapi Angelo BruscinoPresidente del Consejo de Administraci\u00f3n Massimiliano NobisVicepresidente del Consejo de Administraci\u00f3n Erminio Sciore, Stefania Mangione, Angelo Spampinato, Vincenzo Elifani, Giacomo Tinti, Massimo Gramondi, Roberto Di Francesco, Luca Lambertini, Marco Petrelli, Riccardo Realfonzo, Corrado Alberto, Ezio GiorgiMiembros del Consejo de Administraci\u00f3n Marco LombardiPresidente del Colegio de Auditores Fabrizio Francescut, Franco Grieco, Maria Cristina [&hellip;]<\/p>\n","protected":false},"author":1,"featured_media":0,"parent":61256,"menu_order":8,"comment_status":"closed","ping_status":"closed","template":"","meta":{"footnotes":""},"class_list":["post-61036","page","type-page","status-publish","hentry"],"yoast_head":"<!-- This site is optimized with the Yoast SEO plugin v27.2 - https:\/\/yoast.com\/product\/yoast-seo-wordpress\/ -->\n<title>\u00d3rganos institucionales - Fondapi<\/title>\n<meta name=\"robots\" content=\"index, follow, max-snippet:-1, max-image-preview:large, max-video-preview:-1\" \/>\n<link rel=\"canonical\" href=\"https:\/\/www.fondapi.it\/es\/fondapi\/organos-institucionales\/\" \/>\n<meta property=\"og:locale\" content=\"es_ES\" \/>\n<meta property=\"og:type\" content=\"article\" \/>\n<meta property=\"og:title\" content=\"\u00d3rganos institucionales - Fondapi\" \/>\n<meta property=\"og:description\" content=\"Home Fondapi Angelo BruscinoPresidente del Consejo de Administraci\u00f3n Massimiliano NobisVicepresidente del Consejo de Administraci\u00f3n Erminio Sciore, Stefania Mangione, Angelo Spampinato, Vincenzo Elifani, Giacomo Tinti, Massimo Gramondi, Roberto Di Francesco, Luca Lambertini, Marco Petrelli, Riccardo Realfonzo, Corrado Alberto, Ezio GiorgiMiembros del Consejo de Administraci\u00f3n Marco LombardiPresidente del Colegio de Auditores Fabrizio Francescut, Franco Grieco, Maria Cristina [&hellip;]\" \/>\n<meta property=\"og:url\" content=\"https:\/\/www.fondapi.it\/es\/fondapi\/organos-institucionales\/\" \/>\n<meta property=\"og:site_name\" content=\"Fondapi\" \/>\n<meta property=\"article:publisher\" content=\"https:\/\/www.facebook.com\/pages\/Scegli-Fondapi\/111620682275544?fref=ts\" \/>\n<meta property=\"article:modified_time\" content=\"2025-11-12T07:49:17+00:00\" \/>\n<meta property=\"og:image\" content=\"https:\/\/www.fondapi.it\/wp-content\/uploads\/2024\/09\/organi.webp\" \/>\n\t<meta property=\"og:image:width\" content=\"1333\" \/>\n\t<meta property=\"og:image:height\" content=\"2000\" \/>\n\t<meta property=\"og:image:type\" content=\"image\/webp\" \/>\n<meta name=\"twitter:card\" content=\"summary_large_image\" \/>\n<meta name=\"twitter:site\" content=\"@fondapi\" \/>\n<script type=\"application\/ld+json\" class=\"yoast-schema-graph\">{\"@context\":\"https:\/\/schema.org\",\"@graph\":[{\"@type\":\"WebPage\",\"@id\":\"https:\/\/www.fondapi.it\/es\/fondapi\/organos-institucionales\/\",\"url\":\"https:\/\/www.fondapi.it\/es\/fondapi\/organos-institucionales\/\",\"name\":\"\u00d3rganos institucionales - Fondapi\",\"isPartOf\":{\"@id\":\"https:\/\/www.fondapi.it\/es\/#website\"},\"primaryImageOfPage\":{\"@id\":\"https:\/\/www.fondapi.it\/es\/fondapi\/organos-institucionales\/#primaryimage\"},\"image\":{\"@id\":\"https:\/\/www.fondapi.it\/es\/fondapi\/organos-institucionales\/#primaryimage\"},\"thumbnailUrl\":\"https:\/\/www.fondapi.it\/wp-content\/uploads\/2024\/09\/organi.webp\",\"datePublished\":\"2024-06-19T10:54:51+00:00\",\"dateModified\":\"2025-11-12T07:49:17+00:00\",\"breadcrumb\":{\"@id\":\"https:\/\/www.fondapi.it\/es\/fondapi\/organos-institucionales\/#breadcrumb\"},\"inLanguage\":\"es\",\"potentialAction\":[{\"@type\":\"ReadAction\",\"target\":[\"https:\/\/www.fondapi.it\/es\/fondapi\/organos-institucionales\/\"]}]},{\"@type\":\"ImageObject\",\"inLanguage\":\"es\",\"@id\":\"https:\/\/www.fondapi.it\/es\/fondapi\/organos-institucionales\/#primaryimage\",\"url\":\"https:\/\/www.fondapi.it\/wp-content\/uploads\/2024\/09\/organi.webp\",\"contentUrl\":\"https:\/\/www.fondapi.it\/wp-content\/uploads\/2024\/09\/organi.webp\"},{\"@type\":\"BreadcrumbList\",\"@id\":\"https:\/\/www.fondapi.it\/es\/fondapi\/organos-institucionales\/#breadcrumb\",\"itemListElement\":[{\"@type\":\"ListItem\",\"position\":1,\"name\":\"Home\",\"item\":\"https:\/\/www.fondapi.it\/es\/inicio\/\"},{\"@type\":\"ListItem\",\"position\":2,\"name\":\"Fondapi\",\"item\":\"https:\/\/www.fondapi.it\/es\/fondapi\/\"},{\"@type\":\"ListItem\",\"position\":3,\"name\":\"\u00d3rganos institucionales\"}]},{\"@type\":\"WebSite\",\"@id\":\"https:\/\/www.fondapi.it\/es\/#website\",\"url\":\"https:\/\/www.fondapi.it\/es\/\",\"name\":\"Fondapi\",\"description\":\"\",\"publisher\":{\"@id\":\"https:\/\/www.fondapi.it\/es\/#organization\"},\"alternateName\":\"Fondapi Fondo pensione integrativa\",\"potentialAction\":[{\"@type\":\"SearchAction\",\"target\":{\"@type\":\"EntryPoint\",\"urlTemplate\":\"https:\/\/www.fondapi.it\/es\/?s={search_term_string}\"},\"query-input\":{\"@type\":\"PropertyValueSpecification\",\"valueRequired\":true,\"valueName\":\"search_term_string\"}}],\"inLanguage\":\"es\"},{\"@type\":\"Organization\",\"@id\":\"https:\/\/www.fondapi.it\/es\/#organization\",\"name\":\"Fondapi - Fondo nazionale pensione complementare\",\"alternateName\":\"Fondapi Fondo pensione integrativa\",\"url\":\"https:\/\/www.fondapi.it\/es\/\",\"logo\":{\"@type\":\"ImageObject\",\"inLanguage\":\"es\",\"@id\":\"https:\/\/www.fondapi.it\/es\/#\/schema\/logo\/image\/\",\"url\":\"\",\"contentUrl\":\"\",\"caption\":\"Fondapi - Fondo nazionale pensione complementare\"},\"image\":{\"@id\":\"https:\/\/www.fondapi.it\/es\/#\/schema\/logo\/image\/\"},\"sameAs\":[\"https:\/\/www.facebook.com\/pages\/Scegli-Fondapi\/111620682275544?fref=ts\",\"https:\/\/x.com\/fondapi\",\"https:\/\/www.linkedin.com\/company\/18497131\",\"https:\/\/www.youtube.com\/user\/Fondapi\",\"https:\/\/www.instagram.com\/fondapi.it\/\"]}]}<\/script>\n<!-- \/ Yoast SEO plugin. -->","yoast_head_json":{"title":"\u00d3rganos institucionales - Fondapi","robots":{"index":"index","follow":"follow","max-snippet":"max-snippet:-1","max-image-preview":"max-image-preview:large","max-video-preview":"max-video-preview:-1"},"canonical":"https:\/\/www.fondapi.it\/es\/fondapi\/organos-institucionales\/","og_locale":"es_ES","og_type":"article","og_title":"\u00d3rganos institucionales - Fondapi","og_description":"Home Fondapi Angelo BruscinoPresidente del Consejo de Administraci\u00f3n Massimiliano NobisVicepresidente del Consejo de Administraci\u00f3n Erminio Sciore, Stefania Mangione, Angelo Spampinato, Vincenzo Elifani, Giacomo Tinti, Massimo Gramondi, Roberto Di Francesco, Luca Lambertini, Marco Petrelli, Riccardo Realfonzo, Corrado Alberto, Ezio GiorgiMiembros del Consejo de Administraci\u00f3n Marco LombardiPresidente del Colegio de Auditores Fabrizio Francescut, Franco Grieco, Maria Cristina [&hellip;]","og_url":"https:\/\/www.fondapi.it\/es\/fondapi\/organos-institucionales\/","og_site_name":"Fondapi","article_publisher":"https:\/\/www.facebook.com\/pages\/Scegli-Fondapi\/111620682275544?fref=ts","article_modified_time":"2025-11-12T07:49:17+00:00","og_image":[{"width":1333,"height":2000,"url":"https:\/\/www.fondapi.it\/wp-content\/uploads\/2024\/09\/organi.webp","type":"image\/webp"}],"twitter_card":"summary_large_image","twitter_site":"@fondapi","schema":{"@context":"https:\/\/schema.org","@graph":[{"@type":"WebPage","@id":"https:\/\/www.fondapi.it\/es\/fondapi\/organos-institucionales\/","url":"https:\/\/www.fondapi.it\/es\/fondapi\/organos-institucionales\/","name":"\u00d3rganos institucionales - Fondapi","isPartOf":{"@id":"https:\/\/www.fondapi.it\/es\/#website"},"primaryImageOfPage":{"@id":"https:\/\/www.fondapi.it\/es\/fondapi\/organos-institucionales\/#primaryimage"},"image":{"@id":"https:\/\/www.fondapi.it\/es\/fondapi\/organos-institucionales\/#primaryimage"},"thumbnailUrl":"https:\/\/www.fondapi.it\/wp-content\/uploads\/2024\/09\/organi.webp","datePublished":"2024-06-19T10:54:51+00:00","dateModified":"2025-11-12T07:49:17+00:00","breadcrumb":{"@id":"https:\/\/www.fondapi.it\/es\/fondapi\/organos-institucionales\/#breadcrumb"},"inLanguage":"es","potentialAction":[{"@type":"ReadAction","target":["https:\/\/www.fondapi.it\/es\/fondapi\/organos-institucionales\/"]}]},{"@type":"ImageObject","inLanguage":"es","@id":"https:\/\/www.fondapi.it\/es\/fondapi\/organos-institucionales\/#primaryimage","url":"https:\/\/www.fondapi.it\/wp-content\/uploads\/2024\/09\/organi.webp","contentUrl":"https:\/\/www.fondapi.it\/wp-content\/uploads\/2024\/09\/organi.webp"},{"@type":"BreadcrumbList","@id":"https:\/\/www.fondapi.it\/es\/fondapi\/organos-institucionales\/#breadcrumb","itemListElement":[{"@type":"ListItem","position":1,"name":"Home","item":"https:\/\/www.fondapi.it\/es\/inicio\/"},{"@type":"ListItem","position":2,"name":"Fondapi","item":"https:\/\/www.fondapi.it\/es\/fondapi\/"},{"@type":"ListItem","position":3,"name":"\u00d3rganos institucionales"}]},{"@type":"WebSite","@id":"https:\/\/www.fondapi.it\/es\/#website","url":"https:\/\/www.fondapi.it\/es\/","name":"Fondapi","description":"","publisher":{"@id":"https:\/\/www.fondapi.it\/es\/#organization"},"alternateName":"Fondapi Fondo pensione integrativa","potentialAction":[{"@type":"SearchAction","target":{"@type":"EntryPoint","urlTemplate":"https:\/\/www.fondapi.it\/es\/?s={search_term_string}"},"query-input":{"@type":"PropertyValueSpecification","valueRequired":true,"valueName":"search_term_string"}}],"inLanguage":"es"},{"@type":"Organization","@id":"https:\/\/www.fondapi.it\/es\/#organization","name":"Fondapi - Fondo nazionale pensione complementare","alternateName":"Fondapi Fondo pensione integrativa","url":"https:\/\/www.fondapi.it\/es\/","logo":{"@type":"ImageObject","inLanguage":"es","@id":"https:\/\/www.fondapi.it\/es\/#\/schema\/logo\/image\/","url":"","contentUrl":"","caption":"Fondapi - Fondo nazionale pensione complementare"},"image":{"@id":"https:\/\/www.fondapi.it\/es\/#\/schema\/logo\/image\/"},"sameAs":["https:\/\/www.facebook.com\/pages\/Scegli-Fondapi\/111620682275544?fref=ts","https:\/\/x.com\/fondapi","https:\/\/www.linkedin.com\/company\/18497131","https:\/\/www.youtube.com\/user\/Fondapi","https:\/\/www.instagram.com\/fondapi.it\/"]}]}},"_links":{"self":[{"href":"https:\/\/www.fondapi.it\/es\/wp-json\/wp\/v2\/pages\/61036","targetHints":{"allow":["GET"]}}],"collection":[{"href":"https:\/\/www.fondapi.it\/es\/wp-json\/wp\/v2\/pages"}],"about":[{"href":"https:\/\/www.fondapi.it\/es\/wp-json\/wp\/v2\/types\/page"}],"author":[{"embeddable":true,"href":"https:\/\/www.fondapi.it\/es\/wp-json\/wp\/v2\/users\/1"}],"replies":[{"embeddable":true,"href":"https:\/\/www.fondapi.it\/es\/wp-json\/wp\/v2\/comments?post=61036"}],"version-history":[{"count":2,"href":"https:\/\/www.fondapi.it\/es\/wp-json\/wp\/v2\/pages\/61036\/revisions"}],"predecessor-version":[{"id":61261,"href":"https:\/\/www.fondapi.it\/es\/wp-json\/wp\/v2\/pages\/61036\/revisions\/61261"}],"up":[{"embeddable":true,"href":"https:\/\/www.fondapi.it\/es\/wp-json\/wp\/v2\/pages\/61256"}],"wp:attachment":[{"href":"https:\/\/www.fondapi.it\/es\/wp-json\/wp\/v2\/media?parent=61036"}],"curies":[{"name":"wp","href":"https:\/\/api.w.org\/{rel}","templated":true}]}}