{"id":61116,"date":"2024-06-19T12:54:19","date_gmt":"2024-06-19T10:54:19","guid":{"rendered":"https:\/\/www.fondapi.it\/transparencia-e-informacion\/"},"modified":"2025-11-12T16:33:10","modified_gmt":"2025-11-12T15:33:10","slug":"transparencia-e-informacion","status":"publish","type":"page","link":"https:\/\/www.fondapi.it\/es\/fondapi\/transparencia-e-informacion\/","title":{"rendered":"Transparencia e informaci\u00f3n"},"content":{"rendered":"\t\t<div data-elementor-type=\"wp-page\" data-elementor-id=\"61116\" class=\"elementor elementor-61116 elementor-55837\" data-elementor-post-type=\"page\">\n\t\t\t\t<div class=\"elementor-element elementor-element-653d948 e-flex e-con-boxed e-con e-parent\" data-id=\"653d948\" data-element_type=\"container\" data-e-type=\"container\" data-settings=\"{&quot;background_background&quot;:&quot;classic&quot;,&quot;jet_parallax_layout_list&quot;:[]}\">\n\t\t\t\t\t<div class=\"e-con-inner\">\n\t\t<div class=\"elementor-element elementor-element-dc41a10 e-flex e-con-boxed e-con e-child\" data-id=\"dc41a10\" data-element_type=\"container\" data-e-type=\"container\" data-settings=\"{&quot;jet_parallax_layout_list&quot;:[]}\">\n\t\t\t\t\t<div class=\"e-con-inner\">\n\t\t\t\t<div class=\"elementor-element elementor-element-58908fc elementor-widget elementor-widget-jet-breadcrumbs\" data-id=\"58908fc\" data-element_type=\"widget\" data-e-type=\"widget\" data-widget_type=\"jet-breadcrumbs.default\">\n\t\t\t\t<div class=\"elementor-widget-container\">\n\t\t\t\t\t<div class=\"elementor-jet-breadcrumbs jet-blocks\">\n\t\t<div class=\"jet-breadcrumbs\">\n\t\t<div class=\"jet-breadcrumbs__content\">\n\t\t<div class=\"jet-breadcrumbs__wrap\"><div class=\"jet-breadcrumbs__item\"><a href=\"https:\/\/www.fondapi.it\/es\/\" class=\"jet-breadcrumbs__item-link is-home\" rel=\"home\" title=\"Inicio\">Inicio<\/a><\/div>\n\t\t<\/div>\n\t\t<\/div>\n\t\t<\/div><\/div>\t\t\t\t<\/div>\n\t\t\t\t<\/div>\n\t\t\t\t<div class=\"elementor-element elementor-element-30db121 elementor-widget elementor-widget-html\" data-id=\"30db121\" data-element_type=\"widget\" data-e-type=\"widget\" data-widget_type=\"html.default\">\n\t\t\t\t<div class=\"elementor-widget-container\">\n\t\t\t\t\t<script>document.addEventListener(\"DOMContentLoaded\", function() {\n  var observer = new MutationObserver(function(mutations) {\n    mutations.forEach(function(mutation) {\n      var link = document.querySelector(\".jet-breadcrumbs__item-link[title='Fondapi']\");\n      if (link) {\n        link.addEventListener(\"click\", function(event) {\n          event.preventDefault();\n        });\n      }\n    });\n  });\n\n  observer.observe(document.body, { childList: true, subtree: true });\n\n  var link = document.querySelector(\".jet-breadcrumbs__item-link[title='Fondapi']\");\n  if (link) {\n    link.addEventListener(\"click\", function(event) {\n      event.preventDefault();\n    });\n  }\n});\n<\/script>\t\t\t\t<\/div>\n\t\t\t\t<\/div>\n\t\t\t\t\t<\/div>\n\t\t\t\t<\/div>\n\t\t<div class=\"elementor-element elementor-element-256d4b4 e-flex e-con-boxed e-con e-child\" data-id=\"256d4b4\" data-element_type=\"container\" data-e-type=\"container\" data-settings=\"{&quot;jet_parallax_layout_list&quot;:[]}\">\n\t\t\t\t\t<div class=\"e-con-inner\">\n\t\t\t\t<div class=\"elementor-element elementor-element-9257370 elementor-widget__width-auto elementor-widget elementor-widget-heading\" data-id=\"9257370\" data-element_type=\"widget\" data-e-type=\"widget\" data-widget_type=\"heading.default\">\n\t\t\t\t<div class=\"elementor-widget-container\">\n\t\t\t\t\t<h6 class=\"elementor-heading-title elementor-size-default\">Fondapi<\/h6>\t\t\t\t<\/div>\n\t\t\t\t<\/div>\n\t\t\t\t\t<\/div>\n\t\t\t\t<\/div>\n\t\t\t\t\t<\/div>\n\t\t\t\t<\/div>\n\t\t<div class=\"elementor-element elementor-element-fa4006a e-flex e-con-boxed e-con e-parent\" data-id=\"fa4006a\" data-element_type=\"container\" data-e-type=\"container\" data-settings=\"{&quot;jet_parallax_layout_list&quot;:[]}\">\n\t\t\t\t\t<div class=\"e-con-inner\">\n\t\t<div class=\"elementor-element elementor-element-893b52a e-con-full e-flex e-con e-child\" data-id=\"893b52a\" data-element_type=\"container\" data-e-type=\"container\" data-settings=\"{&quot;jet_parallax_layout_list&quot;:[]}\">\n\t\t\t\t<div class=\"elementor-element elementor-element-f26bc70 elementor-widget elementor-widget-heading\" data-id=\"f26bc70\" data-element_type=\"widget\" data-e-type=\"widget\" data-widget_type=\"heading.default\">\n\t\t\t\t<div class=\"elementor-widget-container\">\n\t\t\t\t\t<h4 class=\"elementor-heading-title elementor-size-default\">Para poder hablar de transparencia e informaci\u00f3n, es importante explicar primero c\u00f3mo se componen los \u00d3rganos de Fondapi.\n<\/h4>\t\t\t\t<\/div>\n\t\t\t\t<\/div>\n\t\t\t\t<div class=\"elementor-element elementor-element-f7481b1 elementor-widget elementor-widget-text-editor\" data-id=\"f7481b1\" data-element_type=\"widget\" data-e-type=\"widget\" data-widget_type=\"text-editor.default\">\n\t\t\t\t<div class=\"elementor-widget-container\">\n\t\t\t\t\t\t\t\t\t<p>La <b>Asamblea de delegados<\/b> est\u00e1 constituida paritariamente por representantes de los trabajadores y representantes de las empresas, y se renueva cada 3 a\u00f1os aproximadamente.<\/p><p>Con la misma periodicidad, la Asamblea nombra a los miembros del <b>Consejo de administraci\u00f3n<\/b>, tambi\u00e9n constituido paritariamente por representantes de los trabajadores y de las empresas. El cargo de <b>Presidencia del Consejo de administraci\u00f3n<\/b> se alterna, en cada renovaci\u00f3n, entre las dos representaciones. <\/p><p>Este esquema, adem\u00e1s de proporcionar la posibilidad de di\u00e1logo con los miembros de los \u00f3rganos, garantiza la <b>m\u00e1s equitativa representatividad para trabajadores y empresas adheridas a Fondapi<\/b>.<\/p><p><b>Transparencia e informaci\u00f3n<\/b> significa dotar a todos de las herramientas para verificar lo que sucede en torno al Fondo de pensiones y a las posiciones contributivas individuales. Cada trabajador tiene la posibilidad de <b>consultar su posici\u00f3n contributiva<\/b> accediendo al <b>\u00e1rea privada<\/b> desde el ordenador <b>o<\/b> mediante la <b>aplicaci\u00f3n para smartphones y tablets<\/b>, donde puede: <\/p><ul><li aria-level=\"1\">consultar los <b>extractos de contribuciones<\/b> de los \u00faltimos a\u00f1os y descargarlos en su dispositivo;<\/li><li aria-level=\"1\">controlar la <b>correcci\u00f3n contributiva<\/b> de la empresa;<\/li><li aria-level=\"1\">verificar la <b>posibilidad de solicitar anticipos<\/b> y el importe m\u00e1ximo que puede solicitar;<\/li><li aria-level=\"1\">Designar a los beneficiarios en caso de fallecimiento;<\/li><li aria-level=\"1\"><b>Solicitar rescates, jubilaciones y anticipos<\/b>;<\/li><li aria-level=\"1\">Realizar aportaciones voluntarias adicionales;<\/li><li aria-level=\"1\">Modificar el compartimento de inversi\u00f3n adapt\u00e1ndolo a sus necesidades;<\/li><li aria-level=\"1\">Descargar la documentaci\u00f3n necesaria para fines fiscales.<\/li><\/ul><p><br>Adem\u00e1s, el trabajador puede decidir recibir los <b>boletines informativos de Fondapi<\/b>: una oportunidad peri\u00f3dica para hacer balance de las actividades del Fondo y de los temas recientes relacionados con las pensiones complementarias.<\/p>\t\t\t\t\t\t\t\t<\/div>\n\t\t\t\t<\/div>\n\t\t\t\t<div class=\"elementor-element elementor-element-e978cec elementor-widget elementor-widget-button\" data-id=\"e978cec\" data-element_type=\"widget\" data-e-type=\"widget\" data-widget_type=\"button.default\">\n\t\t\t\t<div class=\"elementor-widget-container\">\n\t\t\t\t\t\t\t\t\t<div class=\"elementor-button-wrapper\">\n\t\t\t\t\t<a class=\"elementor-button elementor-button-link elementor-size-sm\" href=\"https:\/\/www.fondapi.it\/es\/#newsletter\">\n\t\t\t\t\t\t<span class=\"elementor-button-content-wrapper\">\n\t\t\t\t\t\t\t\t\t<span class=\"elementor-button-text\">Inscr\u00edbase ahora<\/span>\n\t\t\t\t\t<\/span>\n\t\t\t\t\t<\/a>\n\t\t\t\t<\/div>\n\t\t\t\t\t\t\t\t<\/div>\n\t\t\t\t<\/div>\n\t\t\t\t<\/div>\n\t\t<div class=\"elementor-element elementor-element-f58ae9e e-con-full e-flex e-con e-child\" data-id=\"f58ae9e\" data-element_type=\"container\" data-e-type=\"container\" data-settings=\"{&quot;jet_parallax_layout_list&quot;:[]}\">\n\t\t\t\t<div class=\"elementor-element elementor-element-7d86ef4 elementor-widget elementor-widget-image\" data-id=\"7d86ef4\" data-element_type=\"widget\" data-e-type=\"widget\" data-widget_type=\"image.default\">\n\t\t\t\t<div class=\"elementor-widget-container\">\n\t\t\t\t\t\t\t\t\t\t\t\t\t\t\t<img fetchpriority=\"high\" decoding=\"async\" width=\"1333\" height=\"2000\" src=\"https:\/\/www.fondapi.it\/wp-content\/uploads\/2024\/09\/trasparenza-1.webp\" class=\"attachment-full size-full wp-image-61117\" alt=\"\" srcset=\"https:\/\/www.fondapi.it\/wp-content\/uploads\/2024\/09\/trasparenza-1.webp 1333w, https:\/\/www.fondapi.it\/wp-content\/uploads\/2024\/09\/trasparenza-1-200x300.webp 200w, https:\/\/www.fondapi.it\/wp-content\/uploads\/2024\/09\/trasparenza-1-682x1024.webp 682w, https:\/\/www.fondapi.it\/wp-content\/uploads\/2024\/09\/trasparenza-1-768x1152.webp 768w, https:\/\/www.fondapi.it\/wp-content\/uploads\/2024\/09\/trasparenza-1-1024x1536.webp 1024w\" sizes=\"(max-width: 1333px) 100vw, 1333px\" \/>\t\t\t\t\t\t\t\t\t\t\t\t\t\t\t<\/div>\n\t\t\t\t<\/div>\n\t\t\t\t<\/div>\n\t\t\t\t\t<\/div>\n\t\t\t\t<\/div>\n\t\t<div class=\"elementor-element elementor-element-04be12b elementor-hidden-mobile e-flex e-con-boxed e-con e-parent\" data-id=\"04be12b\" data-element_type=\"container\" data-e-type=\"container\" data-settings=\"{&quot;background_background&quot;:&quot;classic&quot;,&quot;jet_parallax_layout_list&quot;:[]}\">\n\t\t\t\t\t<div class=\"e-con-inner\">\n\t\t\t\t\t<\/div>\n\t\t\t\t<\/div>\n\t\t\t\t<\/div>\n\t\t","protected":false},"excerpt":{"rendered":"<p>Home Fondapi Para poder hablar de transparencia e informaci\u00f3n, es importante explicar primero c\u00f3mo se componen los \u00d3rganos de Fondapi. La Asamblea de delegados est\u00e1 constituida paritariamente por representantes de los trabajadores y representantes de las empresas, y se renueva cada 3 a\u00f1os aproximadamente. Con la misma periodicidad, la Asamblea nombra a los miembros del [&hellip;]<\/p>\n","protected":false},"author":1,"featured_media":0,"parent":61256,"menu_order":6,"comment_status":"closed","ping_status":"closed","template":"","meta":{"footnotes":""},"class_list":["post-61116","page","type-page","status-publish","hentry"],"yoast_head":"<!-- This site is optimized with the Yoast SEO plugin v27.2 - https:\/\/yoast.com\/product\/yoast-seo-wordpress\/ -->\n<title>Transparencia e informaci\u00f3n - Fondapi<\/title>\n<meta name=\"robots\" content=\"index, follow, max-snippet:-1, max-image-preview:large, max-video-preview:-1\" \/>\n<link rel=\"canonical\" href=\"https:\/\/www.fondapi.it\/es\/fondapi\/transparencia-e-informacion\/\" \/>\n<meta property=\"og:locale\" content=\"es_ES\" \/>\n<meta property=\"og:type\" content=\"article\" \/>\n<meta property=\"og:title\" content=\"Transparencia e informaci\u00f3n - Fondapi\" \/>\n<meta property=\"og:description\" content=\"Home Fondapi Para poder hablar de transparencia e informaci\u00f3n, es importante explicar primero c\u00f3mo se componen los \u00d3rganos de Fondapi. La Asamblea de delegados est\u00e1 constituida paritariamente por representantes de los trabajadores y representantes de las empresas, y se renueva cada 3 a\u00f1os aproximadamente. Con la misma periodicidad, la Asamblea nombra a los miembros del [&hellip;]\" \/>\n<meta property=\"og:url\" content=\"https:\/\/www.fondapi.it\/es\/fondapi\/transparencia-e-informacion\/\" \/>\n<meta property=\"og:site_name\" content=\"Fondapi\" \/>\n<meta property=\"article:publisher\" content=\"https:\/\/www.facebook.com\/pages\/Scegli-Fondapi\/111620682275544?fref=ts\" \/>\n<meta property=\"article:modified_time\" content=\"2025-11-12T15:33:10+00:00\" \/>\n<meta property=\"og:image\" content=\"https:\/\/www.fondapi.it\/wp-content\/uploads\/2024\/09\/trasparenza-1.webp\" \/>\n\t<meta property=\"og:image:width\" content=\"1333\" \/>\n\t<meta property=\"og:image:height\" content=\"2000\" \/>\n\t<meta property=\"og:image:type\" content=\"image\/webp\" \/>\n<meta name=\"twitter:card\" content=\"summary_large_image\" \/>\n<meta name=\"twitter:site\" content=\"@fondapi\" \/>\n<meta name=\"twitter:label1\" content=\"Tiempo de lectura\" \/>\n\t<meta name=\"twitter:data1\" content=\"1 minuto\" \/>\n<script type=\"application\/ld+json\" class=\"yoast-schema-graph\">{\"@context\":\"https:\/\/schema.org\",\"@graph\":[{\"@type\":\"WebPage\",\"@id\":\"https:\/\/www.fondapi.it\/es\/fondapi\/transparencia-e-informacion\/\",\"url\":\"https:\/\/www.fondapi.it\/es\/fondapi\/transparencia-e-informacion\/\",\"name\":\"Transparencia e informaci\u00f3n - Fondapi\",\"isPartOf\":{\"@id\":\"https:\/\/www.fondapi.it\/es\/#website\"},\"primaryImageOfPage\":{\"@id\":\"https:\/\/www.fondapi.it\/es\/fondapi\/transparencia-e-informacion\/#primaryimage\"},\"image\":{\"@id\":\"https:\/\/www.fondapi.it\/es\/fondapi\/transparencia-e-informacion\/#primaryimage\"},\"thumbnailUrl\":\"https:\/\/www.fondapi.it\/wp-content\/uploads\/2024\/09\/trasparenza-1.webp\",\"datePublished\":\"2024-06-19T10:54:19+00:00\",\"dateModified\":\"2025-11-12T15:33:10+00:00\",\"breadcrumb\":{\"@id\":\"https:\/\/www.fondapi.it\/es\/fondapi\/transparencia-e-informacion\/#breadcrumb\"},\"inLanguage\":\"es\",\"potentialAction\":[{\"@type\":\"ReadAction\",\"target\":[\"https:\/\/www.fondapi.it\/es\/fondapi\/transparencia-e-informacion\/\"]}]},{\"@type\":\"ImageObject\",\"inLanguage\":\"es\",\"@id\":\"https:\/\/www.fondapi.it\/es\/fondapi\/transparencia-e-informacion\/#primaryimage\",\"url\":\"https:\/\/www.fondapi.it\/wp-content\/uploads\/2024\/09\/trasparenza-1.webp\",\"contentUrl\":\"https:\/\/www.fondapi.it\/wp-content\/uploads\/2024\/09\/trasparenza-1.webp\"},{\"@type\":\"BreadcrumbList\",\"@id\":\"https:\/\/www.fondapi.it\/es\/fondapi\/transparencia-e-informacion\/#breadcrumb\",\"itemListElement\":[{\"@type\":\"ListItem\",\"position\":1,\"name\":\"Home\",\"item\":\"https:\/\/www.fondapi.it\/es\/inicio\/\"},{\"@type\":\"ListItem\",\"position\":2,\"name\":\"Fondapi\",\"item\":\"https:\/\/www.fondapi.it\/es\/fondapi\/\"},{\"@type\":\"ListItem\",\"position\":3,\"name\":\"Transparencia e informaci\u00f3n\"}]},{\"@type\":\"WebSite\",\"@id\":\"https:\/\/www.fondapi.it\/es\/#website\",\"url\":\"https:\/\/www.fondapi.it\/es\/\",\"name\":\"Fondapi\",\"description\":\"\",\"publisher\":{\"@id\":\"https:\/\/www.fondapi.it\/es\/#organization\"},\"alternateName\":\"Fondapi Fondo pensione integrativa\",\"potentialAction\":[{\"@type\":\"SearchAction\",\"target\":{\"@type\":\"EntryPoint\",\"urlTemplate\":\"https:\/\/www.fondapi.it\/es\/?s={search_term_string}\"},\"query-input\":{\"@type\":\"PropertyValueSpecification\",\"valueRequired\":true,\"valueName\":\"search_term_string\"}}],\"inLanguage\":\"es\"},{\"@type\":\"Organization\",\"@id\":\"https:\/\/www.fondapi.it\/es\/#organization\",\"name\":\"Fondapi - Fondo nazionale pensione complementare\",\"alternateName\":\"Fondapi Fondo pensione integrativa\",\"url\":\"https:\/\/www.fondapi.it\/es\/\",\"logo\":{\"@type\":\"ImageObject\",\"inLanguage\":\"es\",\"@id\":\"https:\/\/www.fondapi.it\/es\/#\/schema\/logo\/image\/\",\"url\":\"\",\"contentUrl\":\"\",\"caption\":\"Fondapi - Fondo nazionale pensione complementare\"},\"image\":{\"@id\":\"https:\/\/www.fondapi.it\/es\/#\/schema\/logo\/image\/\"},\"sameAs\":[\"https:\/\/www.facebook.com\/pages\/Scegli-Fondapi\/111620682275544?fref=ts\",\"https:\/\/x.com\/fondapi\",\"https:\/\/www.linkedin.com\/company\/18497131\",\"https:\/\/www.youtube.com\/user\/Fondapi\",\"https:\/\/www.instagram.com\/fondapi.it\/\"]}]}<\/script>\n<!-- \/ Yoast SEO plugin. -->","yoast_head_json":{"title":"Transparencia e informaci\u00f3n - Fondapi","robots":{"index":"index","follow":"follow","max-snippet":"max-snippet:-1","max-image-preview":"max-image-preview:large","max-video-preview":"max-video-preview:-1"},"canonical":"https:\/\/www.fondapi.it\/es\/fondapi\/transparencia-e-informacion\/","og_locale":"es_ES","og_type":"article","og_title":"Transparencia e informaci\u00f3n - Fondapi","og_description":"Home Fondapi Para poder hablar de transparencia e informaci\u00f3n, es importante explicar primero c\u00f3mo se componen los \u00d3rganos de Fondapi. La Asamblea de delegados est\u00e1 constituida paritariamente por representantes de los trabajadores y representantes de las empresas, y se renueva cada 3 a\u00f1os aproximadamente. Con la misma periodicidad, la Asamblea nombra a los miembros del [&hellip;]","og_url":"https:\/\/www.fondapi.it\/es\/fondapi\/transparencia-e-informacion\/","og_site_name":"Fondapi","article_publisher":"https:\/\/www.facebook.com\/pages\/Scegli-Fondapi\/111620682275544?fref=ts","article_modified_time":"2025-11-12T15:33:10+00:00","og_image":[{"width":1333,"height":2000,"url":"https:\/\/www.fondapi.it\/wp-content\/uploads\/2024\/09\/trasparenza-1.webp","type":"image\/webp"}],"twitter_card":"summary_large_image","twitter_site":"@fondapi","twitter_misc":{"Tiempo de lectura":"1 minuto"},"schema":{"@context":"https:\/\/schema.org","@graph":[{"@type":"WebPage","@id":"https:\/\/www.fondapi.it\/es\/fondapi\/transparencia-e-informacion\/","url":"https:\/\/www.fondapi.it\/es\/fondapi\/transparencia-e-informacion\/","name":"Transparencia e informaci\u00f3n - Fondapi","isPartOf":{"@id":"https:\/\/www.fondapi.it\/es\/#website"},"primaryImageOfPage":{"@id":"https:\/\/www.fondapi.it\/es\/fondapi\/transparencia-e-informacion\/#primaryimage"},"image":{"@id":"https:\/\/www.fondapi.it\/es\/fondapi\/transparencia-e-informacion\/#primaryimage"},"thumbnailUrl":"https:\/\/www.fondapi.it\/wp-content\/uploads\/2024\/09\/trasparenza-1.webp","datePublished":"2024-06-19T10:54:19+00:00","dateModified":"2025-11-12T15:33:10+00:00","breadcrumb":{"@id":"https:\/\/www.fondapi.it\/es\/fondapi\/transparencia-e-informacion\/#breadcrumb"},"inLanguage":"es","potentialAction":[{"@type":"ReadAction","target":["https:\/\/www.fondapi.it\/es\/fondapi\/transparencia-e-informacion\/"]}]},{"@type":"ImageObject","inLanguage":"es","@id":"https:\/\/www.fondapi.it\/es\/fondapi\/transparencia-e-informacion\/#primaryimage","url":"https:\/\/www.fondapi.it\/wp-content\/uploads\/2024\/09\/trasparenza-1.webp","contentUrl":"https:\/\/www.fondapi.it\/wp-content\/uploads\/2024\/09\/trasparenza-1.webp"},{"@type":"BreadcrumbList","@id":"https:\/\/www.fondapi.it\/es\/fondapi\/transparencia-e-informacion\/#breadcrumb","itemListElement":[{"@type":"ListItem","position":1,"name":"Home","item":"https:\/\/www.fondapi.it\/es\/inicio\/"},{"@type":"ListItem","position":2,"name":"Fondapi","item":"https:\/\/www.fondapi.it\/es\/fondapi\/"},{"@type":"ListItem","position":3,"name":"Transparencia e informaci\u00f3n"}]},{"@type":"WebSite","@id":"https:\/\/www.fondapi.it\/es\/#website","url":"https:\/\/www.fondapi.it\/es\/","name":"Fondapi","description":"","publisher":{"@id":"https:\/\/www.fondapi.it\/es\/#organization"},"alternateName":"Fondapi Fondo pensione integrativa","potentialAction":[{"@type":"SearchAction","target":{"@type":"EntryPoint","urlTemplate":"https:\/\/www.fondapi.it\/es\/?s={search_term_string}"},"query-input":{"@type":"PropertyValueSpecification","valueRequired":true,"valueName":"search_term_string"}}],"inLanguage":"es"},{"@type":"Organization","@id":"https:\/\/www.fondapi.it\/es\/#organization","name":"Fondapi - Fondo nazionale pensione complementare","alternateName":"Fondapi Fondo pensione integrativa","url":"https:\/\/www.fondapi.it\/es\/","logo":{"@type":"ImageObject","inLanguage":"es","@id":"https:\/\/www.fondapi.it\/es\/#\/schema\/logo\/image\/","url":"","contentUrl":"","caption":"Fondapi - Fondo nazionale pensione complementare"},"image":{"@id":"https:\/\/www.fondapi.it\/es\/#\/schema\/logo\/image\/"},"sameAs":["https:\/\/www.facebook.com\/pages\/Scegli-Fondapi\/111620682275544?fref=ts","https:\/\/x.com\/fondapi","https:\/\/www.linkedin.com\/company\/18497131","https:\/\/www.youtube.com\/user\/Fondapi","https:\/\/www.instagram.com\/fondapi.it\/"]}]}},"_links":{"self":[{"href":"https:\/\/www.fondapi.it\/es\/wp-json\/wp\/v2\/pages\/61116","targetHints":{"allow":["GET"]}}],"collection":[{"href":"https:\/\/www.fondapi.it\/es\/wp-json\/wp\/v2\/pages"}],"about":[{"href":"https:\/\/www.fondapi.it\/es\/wp-json\/wp\/v2\/types\/page"}],"author":[{"embeddable":true,"href":"https:\/\/www.fondapi.it\/es\/wp-json\/wp\/v2\/users\/1"}],"replies":[{"embeddable":true,"href":"https:\/\/www.fondapi.it\/es\/wp-json\/wp\/v2\/comments?post=61116"}],"version-history":[{"count":5,"href":"https:\/\/www.fondapi.it\/es\/wp-json\/wp\/v2\/pages\/61116\/revisions"}],"predecessor-version":[{"id":62935,"href":"https:\/\/www.fondapi.it\/es\/wp-json\/wp\/v2\/pages\/61116\/revisions\/62935"}],"up":[{"embeddable":true,"href":"https:\/\/www.fondapi.it\/es\/wp-json\/wp\/v2\/pages\/61256"}],"wp:attachment":[{"href":"https:\/\/www.fondapi.it\/es\/wp-json\/wp\/v2\/media?parent=61116"}],"curies":[{"name":"wp","href":"https:\/\/api.w.org\/{rel}","templated":true}]}}