{"id":61169,"date":"2024-06-19T14:42:58","date_gmt":"2024-06-19T12:42:58","guid":{"rendered":"https:\/\/www.fondapi.it\/ventajas-para-las-empresas\/"},"modified":"2025-11-12T08:49:18","modified_gmt":"2025-11-12T07:49:18","slug":"ventajas-para-las-empresas","status":"publish","type":"page","link":"https:\/\/www.fondapi.it\/es\/como-funciona\/ventajas-para-las-empresas\/","title":{"rendered":"Ventajas para las empresas"},"content":{"rendered":"\t\t<div data-elementor-type=\"wp-page\" data-elementor-id=\"61169\" class=\"elementor elementor-61169 elementor-55874\" data-elementor-post-type=\"page\">\n\t\t\t\t<div class=\"elementor-element elementor-element-50a207b1 e-flex e-con-boxed e-con e-parent\" data-id=\"50a207b1\" data-element_type=\"container\" data-e-type=\"container\" data-settings=\"{&quot;background_background&quot;:&quot;classic&quot;,&quot;jet_parallax_layout_list&quot;:[]}\">\n\t\t\t\t\t<div class=\"e-con-inner\">\n\t\t<div class=\"elementor-element elementor-element-650947b9 e-flex e-con-boxed e-con e-child\" data-id=\"650947b9\" data-element_type=\"container\" data-e-type=\"container\" data-settings=\"{&quot;jet_parallax_layout_list&quot;:[]}\">\n\t\t\t\t\t<div class=\"e-con-inner\">\n\t\t\t\t<div class=\"elementor-element elementor-element-7140745e elementor-widget elementor-widget-jet-breadcrumbs\" data-id=\"7140745e\" data-element_type=\"widget\" data-e-type=\"widget\" data-widget_type=\"jet-breadcrumbs.default\">\n\t\t\t\t<div class=\"elementor-widget-container\">\n\t\t\t\t\t<div class=\"elementor-jet-breadcrumbs jet-blocks\">\n\t\t<div class=\"jet-breadcrumbs\">\n\t\t<div class=\"jet-breadcrumbs__content\">\n\t\t<div class=\"jet-breadcrumbs__wrap\"><div class=\"jet-breadcrumbs__item\"><a href=\"https:\/\/www.fondapi.it\/es\/\" class=\"jet-breadcrumbs__item-link is-home\" rel=\"home\" title=\"Inicio\">Inicio<\/a><\/div>\n\t\t<\/div>\n\t\t<\/div>\n\t\t<\/div><\/div>\t\t\t\t<\/div>\n\t\t\t\t<\/div>\n\t\t\t\t<div class=\"elementor-element elementor-element-5f3e39e3 elementor-widget elementor-widget-html\" data-id=\"5f3e39e3\" data-element_type=\"widget\" data-e-type=\"widget\" data-widget_type=\"html.default\">\n\t\t\t\t<div class=\"elementor-widget-container\">\n\t\t\t\t\t<script>document.addEventListener(\"DOMContentLoaded\", function() {\n  var observer = new MutationObserver(function(mutations) {\n    mutations.forEach(function(mutation) {\n      var link = document.querySelector(\".jet-breadcrumbs__item-link[title='Fondapi']\");\n      if (link) {\n        link.addEventListener(\"click\", function(event) {\n          event.preventDefault();\n        });\n      }\n    });\n  });\n\n  observer.observe(document.body, { childList: true, subtree: true });\n\n  var link = document.querySelector(\".jet-breadcrumbs__item-link[title='Fondapi']\");\n  if (link) {\n    link.addEventListener(\"click\", function(event) {\n      event.preventDefault();\n    });\n  }\n});\n<\/script>\t\t\t\t<\/div>\n\t\t\t\t<\/div>\n\t\t\t\t\t<\/div>\n\t\t\t\t<\/div>\n\t\t<div class=\"elementor-element elementor-element-74b90932 e-flex e-con-boxed e-con e-child\" data-id=\"74b90932\" data-element_type=\"container\" data-e-type=\"container\" data-settings=\"{&quot;jet_parallax_layout_list&quot;:[]}\">\n\t\t\t\t\t<div class=\"e-con-inner\">\n\t\t\t\t<div class=\"elementor-element elementor-element-1b838b8b elementor-widget__width-auto elementor-widget elementor-widget-heading\" data-id=\"1b838b8b\" data-element_type=\"widget\" data-e-type=\"widget\" data-widget_type=\"heading.default\">\n\t\t\t\t<div class=\"elementor-widget-container\">\n\t\t\t\t\t<h6 class=\"elementor-heading-title elementor-size-default\">c\u00f3mo funciona<\/h6>\t\t\t\t<\/div>\n\t\t\t\t<\/div>\n\t\t\t\t\t<\/div>\n\t\t\t\t<\/div>\n\t\t\t\t\t<\/div>\n\t\t\t\t<\/div>\n\t\t<div class=\"elementor-element elementor-element-5c4fe14d e-flex e-con-boxed e-con e-parent\" data-id=\"5c4fe14d\" data-element_type=\"container\" data-e-type=\"container\" data-settings=\"{&quot;jet_parallax_layout_list&quot;:[]}\">\n\t\t\t\t\t<div class=\"e-con-inner\">\n\t\t<div class=\"elementor-element elementor-element-158d1054 e-con-full e-flex e-con e-child\" data-id=\"158d1054\" data-element_type=\"container\" data-e-type=\"container\" data-settings=\"{&quot;jet_parallax_layout_list&quot;:[]}\">\n\t\t\t\t<div class=\"elementor-element elementor-element-6b868ef4 elementor-widget elementor-widget-text-editor\" data-id=\"6b868ef4\" data-element_type=\"widget\" data-e-type=\"widget\" data-widget_type=\"text-editor.default\">\n\t\t\t\t<div class=\"elementor-widget-container\">\n\t\t\t\t\t\t\t\t\t<p>Es una convicci\u00f3n extendida que un fondo de pensiones es un instrumento de ventaja contractual que concierne solo a los trabajadores. La realidad es, sin embargo, diferente, especialmente si se observa el servicio ofrecido por Fondapi a las Empresas adherentes; espec\u00edficamente: <\/p><ul><li aria-level=\"1\"><b>Fondapi habla directamente con las Empresas<\/b>: en los \u00faltimos a\u00f1os la mejor calidad de servicio est\u00e1 asegurada por una parte por el <b>personal interno de Fondapi que habla con las empresas<\/b>, por otra por una <b>centralita cualificada que <\/b>resuelve las dudas y las cuestiones planteadas directamente por los trabajadores inscritos y no inscritos.<\/li><li aria-level=\"1\">Fondapi est\u00e1 dotado de un <b>archivo de datos y documentos completamente digitalizado<\/b> que permite la lectura inmediata de eventos y documentos al recibir el expediente.<\/li><li aria-level=\"1\"><b>Ventaja organizativa<\/b>: Fondapi se presenta como <b>\u00fanico interlocutor<\/b> <b>cualificado<\/b>, preparado para responder a todas las necesidades de los trabajadores; y con Fondapi, se tiene a disposici\u00f3n una experiencia desarrollada en el sector de m\u00e1s de 15 a\u00f1os.<\/li><li aria-level=\"1\"><b>Un sistema de env\u00edo de flujos probado<\/b>: el sistema de <b>env\u00edo de flujos <\/b>es sencillo y r\u00e1pido. La empresa, mediante c\u00f3digos de acceso, entra en el sistema y completa el formulario electr\u00f3nico, y hecho esto lo env\u00eda; en los siguientes accesos al sistema se evidencian inmediatamente las anomal\u00edas o las se\u00f1alizaciones no realizadas destacando las correcciones a realizar, si las hay. <\/li><\/ul>\t\t\t\t\t\t\t\t<\/div>\n\t\t\t\t<\/div>\n\t\t\t\t<\/div>\n\t\t<div class=\"elementor-element elementor-element-9b4717d e-con-full e-flex e-con e-child\" data-id=\"9b4717d\" data-element_type=\"container\" data-e-type=\"container\" data-settings=\"{&quot;jet_parallax_layout_list&quot;:[]}\">\n\t\t\t\t<div class=\"elementor-element elementor-element-7d88e57e elementor-widget elementor-widget-image\" data-id=\"7d88e57e\" data-element_type=\"widget\" data-e-type=\"widget\" data-widget_type=\"image.default\">\n\t\t\t\t<div class=\"elementor-widget-container\">\n\t\t\t\t\t\t\t\t\t\t\t\t\t\t\t<img fetchpriority=\"high\" decoding=\"async\" width=\"1333\" height=\"2000\" src=\"https:\/\/www.fondapi.it\/wp-content\/uploads\/2024\/09\/vantaggi-aziende.webp\" class=\"attachment-full size-full wp-image-61170\" alt=\"\" srcset=\"https:\/\/www.fondapi.it\/wp-content\/uploads\/2024\/09\/vantaggi-aziende.webp 1333w, https:\/\/www.fondapi.it\/wp-content\/uploads\/2024\/09\/vantaggi-aziende-200x300.webp 200w, https:\/\/www.fondapi.it\/wp-content\/uploads\/2024\/09\/vantaggi-aziende-682x1024.webp 682w, https:\/\/www.fondapi.it\/wp-content\/uploads\/2024\/09\/vantaggi-aziende-768x1152.webp 768w, https:\/\/www.fondapi.it\/wp-content\/uploads\/2024\/09\/vantaggi-aziende-1024x1536.webp 1024w\" sizes=\"(max-width: 1333px) 100vw, 1333px\" \/>\t\t\t\t\t\t\t\t\t\t\t\t\t\t\t<\/div>\n\t\t\t\t<\/div>\n\t\t\t\t<\/div>\n\t\t\t\t\t<\/div>\n\t\t\t\t<\/div>\n\t\t<div class=\"elementor-element elementor-element-c59d148 elementor-hidden-mobile e-flex e-con-boxed e-con e-parent\" data-id=\"c59d148\" data-element_type=\"container\" data-e-type=\"container\" data-settings=\"{&quot;background_background&quot;:&quot;classic&quot;,&quot;jet_parallax_layout_list&quot;:[]}\">\n\t\t\t\t\t<div class=\"e-con-inner\">\n\t\t\t\t\t<\/div>\n\t\t\t\t<\/div>\n\t\t<div class=\"elementor-element elementor-element-a4c7114 e-flex e-con-boxed e-con e-parent\" data-id=\"a4c7114\" data-element_type=\"container\" data-e-type=\"container\" data-settings=\"{&quot;jet_parallax_layout_list&quot;:[]}\">\n\t\t\t\t\t<div class=\"e-con-inner\">\n\t\t<div class=\"elementor-element elementor-element-98d4c90 e-con-full e-flex e-con e-child\" data-id=\"98d4c90\" data-element_type=\"container\" data-e-type=\"container\" data-settings=\"{&quot;jet_parallax_layout_list&quot;:[]}\">\n\t\t\t\t<div class=\"elementor-element elementor-element-945a077 elementor-widget elementor-widget-text-editor\" data-id=\"945a077\" data-element_type=\"widget\" data-e-type=\"widget\" data-widget_type=\"text-editor.default\">\n\t\t\t\t<div class=\"elementor-widget-container\">\n\t\t\t\t\t\t\t\t\t<ul><li aria-level=\"1\"><b>La Empresa optimiza la gesti\u00f3n de los flujos de caja prospectivos: <\/b>si tiene menos de 50 empleados, la empresa no corre el riesgo de tener que liquidar repentinamente al trabajador por la salida con desembolsos imprevistos no planificados.<\/li><li aria-level=\"1\"><b>Fondapi es un instrumento contractual<\/b>: en todos los Organismos de gobierno del Fondo (Consejo de administraci\u00f3n y Asamblea) hay empresarios en representaci\u00f3n de las empresas que tutelan sus intereses.<\/li><li aria-level=\"1\"><b>Simplificaci\u00f3n administrativa<\/b>: la empresa ya no debe proceder a reservar el TFR, a calcular anualmente la revalorizaci\u00f3n, a calcular y versar anualmente el impuesto sustitutivo sobre la revalorizaci\u00f3n, a liquidar anticipos y saldos del TFR calculando los impuestos debidos, a completar la certificaci\u00f3n \u00fanica (CU) en caso de erogaci\u00f3n y a asistir al exempleado cuando la agencia, despu\u00e9s de 4 a\u00f1os, reliquida el TFR.<\/li><li aria-level=\"1\"><b>La Empresa puede valerse de un instrumento de fidelizaci\u00f3n y de premio para los trabajadores<\/b>: la previsi\u00f3n es un valor importante, y promoverlo en la empresa acerca a los trabajadores y tranquiliza a los empresarios porque va en la direcci\u00f3n de hacer menos dif\u00edciles los a\u00f1os de pensi\u00f3n. Adem\u00e1s el empresario que pretende premiar el m\u00e9rito en la empresa puede aumentar la contribuci\u00f3n a la previsi\u00f3n a los trabajadores meritorios; premiar de este modo a los trabajadores obliga a la empresa a sostener adicionalmente solo la contribuci\u00f3n de solidaridad del 10%: una modalidad de gratificaci\u00f3n mucho menos onerosa que un aumento en la n\u00f3mina al que se a\u00f1aden necesariamente las cargas previsionales y asistenciales de ley, mucho m\u00e1s gravosas. <\/li><li aria-level=\"1\"><b>Eliminaci\u00f3n de la contribuci\u00f3n al Fondo de Garant\u00eda del INPS<\/b>: con la inscripci\u00f3n de los trabajadores a la previsi\u00f3n desaparece el coste del trabajo por un valor igual a aproximadamente el 0,20% (el efecto es proporcional al TFR); con la reducci\u00f3n del coste del trabajo se estima que el ahorro tendencial es igual a aproximadamente el 0,28% al a\u00f1o.<\/li><li aria-level=\"1\"><b>La contribuci\u00f3n a cargo de la empresa es un coste pero, <\/b>como se ha dicho, <b>se paga una contribuci\u00f3n de solidaridad al INPS del 10%<\/b>, no la contribuci\u00f3n previsional que de otro modo ser\u00eda del 23,81%, y no se paga la reserva TFR del 7,41%. Como coste reduce el beneficio fiscal, y la contribuci\u00f3n a cargo de la empresa igual al 1% tiene un coste efectivo para la empresa inferior al 0,80%. <\/li><li aria-level=\"1\"><b>Deducibilidad de la renta de empresa<\/b>: el <b>importe igual al 4% del montante del TFR<\/b> destinado cada a\u00f1o a formas pension\u00edsticas complementarias y al Fondo para la erogaci\u00f3n a los trabajadores dependientes del sector privado de los tratamientos de fin de relaci\u00f3n de los que trata el art\u00edculo 2120 del c\u00f3digo civil es <b>deducible de la renta de empresa<\/b>. Para las <b>empresas con menos de 50 empleados<\/b> el <b>importe deducible es igual al 6%<\/b>. <\/li><li aria-level=\"1\"><b>Reducci\u00f3n de las cargas impropias: <\/b>con la reducci\u00f3n del coste del trabajo se estima que el <b>ahorro tendencial es igual a aproximadamente el 0,28% al a\u00f1o<\/b>.<\/li><li aria-level=\"1\"><b>Ley de Estabilidad 2017: <\/b>extiende el campo de aplicaci\u00f3n de las <b>ventajas para la erogaci\u00f3n de los premios de productividad<\/b> reconocidos a los trabajadores y versados al Fondo de pensiones hasta un m\u00e1ximo de 4.000 euros.<\/li><\/ul>\t\t\t\t\t\t\t\t<\/div>\n\t\t\t\t<\/div>\n\t\t\t\t<\/div>\n\t\t\t\t\t<\/div>\n\t\t\t\t<\/div>\n\t\t<div class=\"elementor-element elementor-element-182001d e-flex e-con-boxed e-con e-parent\" data-id=\"182001d\" data-element_type=\"container\" data-e-type=\"container\" data-settings=\"{&quot;jet_parallax_layout_list&quot;:[]}\">\n\t\t\t\t\t<div class=\"e-con-inner\">\n\t\t\t\t<div class=\"elementor-element elementor-element-9650ca3 elementor-widget elementor-widget-html\" data-id=\"9650ca3\" data-element_type=\"widget\" data-e-type=\"widget\" data-widget_type=\"html.default\">\n\t\t\t\t<div class=\"elementor-widget-container\">\n\t\t\t\t\t<script type=\"text\/javascript\" src=\"\/\/widget.trustpilot.com\/bootstrap\/v5\/tp.widget.bootstrap.min.js\" async=\"\"><\/script>\n<div class=\"trustpilot-widget\" data-locale=\"it-IT\" data-template-id=\"54ad5defc6454f065c28af8b\" data-businessunit-id=\"636d0a1b79e3f339e1d60a3b\" data-style-height=\"240px\" data-style-width=\"100%\" data-theme=\"light\" data-stars=\"1,2,3,4,5\" data-review-languages=\"it\" data-font-family=\"Lato\" data-text-color=\"#000000\">\n  <a href=\"https:\/\/it.trustpilot.com\/review\/fondapi.it\" target=\"_blank\" rel=\"noopener\">Trustpilot<\/a>\n<\/div>\t\t\t\t<\/div>\n\t\t\t\t<\/div>\n\t\t\t\t\t<\/div>\n\t\t\t\t<\/div>\n\t\t<div class=\"elementor-element elementor-element-9d178d0 e-flex e-con-boxed e-con e-parent\" data-id=\"9d178d0\" data-element_type=\"container\" data-e-type=\"container\" data-settings=\"{&quot;jet_parallax_layout_list&quot;:[]}\">\n\t\t\t\t\t<div class=\"e-con-inner\">\n\t\t\t\t<div class=\"elementor-element elementor-element-3984b19 elementor-widget elementor-widget-text-editor\" data-id=\"3984b19\" data-element_type=\"widget\" data-e-type=\"widget\" data-widget_type=\"text-editor.default\">\n\t\t\t\t<div class=\"elementor-widget-container\">\n\t\t\t\t\t\t\t\t\t<p>Mensaje promocional relativo a formas de pensiones complementarias \u2013 antes de la adhesi\u00f3n, lea la Parte I &#8216;La informaci\u00f3n clave para el adherente&#8217; y el Ap\u00e9ndice &#8216;Informaci\u00f3n sobre sostenibilidad&#8217;, de la Nota informativa.<\/p>\t\t\t\t\t\t\t\t<\/div>\n\t\t\t\t<\/div>\n\t\t\t\t\t<\/div>\n\t\t\t\t<\/div>\n\t\t\t\t<\/div>\n\t\t","protected":false},"excerpt":{"rendered":"<p>Home c\u00f3mo funciona Es una convicci\u00f3n extendida que un fondo de pensiones es un instrumento de ventaja contractual que concierne solo a los trabajadores. La realidad es, sin embargo, diferente, especialmente si se observa el servicio ofrecido por Fondapi a las Empresas adherentes; espec\u00edficamente: Fondapi habla directamente con las Empresas: en los \u00faltimos a\u00f1os la [&hellip;]<\/p>\n","protected":false},"author":1,"featured_media":0,"parent":61269,"menu_order":12,"comment_status":"closed","ping_status":"closed","template":"","meta":{"footnotes":""},"class_list":["post-61169","page","type-page","status-publish","hentry"],"yoast_head":"<!-- This site is optimized with the Yoast SEO plugin v27.2 - https:\/\/yoast.com\/product\/yoast-seo-wordpress\/ -->\n<title>Ventajas para las empresas - Fondapi<\/title>\n<meta name=\"description\" content=\"Los empleados no son los \u00fanicos que se benefician de la adhesi\u00f3n a un fondo de pensiones. \u00a1Descubra todas las ventajas reservadas a las empresas!\" \/>\n<meta name=\"robots\" content=\"index, follow, max-snippet:-1, max-image-preview:large, max-video-preview:-1\" \/>\n<link rel=\"canonical\" href=\"https:\/\/www.fondapi.it\/es\/como-funciona\/ventajas-para-las-empresas\/\" \/>\n<meta property=\"og:locale\" content=\"es_ES\" \/>\n<meta property=\"og:type\" content=\"article\" \/>\n<meta property=\"og:title\" content=\"Ventajas para las empresas - Fondapi\" \/>\n<meta property=\"og:description\" content=\"Los empleados no son los \u00fanicos que se benefician de la adhesi\u00f3n a un fondo de pensiones. \u00a1Descubra todas las ventajas reservadas a las empresas!\" \/>\n<meta property=\"og:url\" content=\"https:\/\/www.fondapi.it\/es\/como-funciona\/ventajas-para-las-empresas\/\" \/>\n<meta property=\"og:site_name\" content=\"Fondapi\" \/>\n<meta property=\"article:publisher\" content=\"https:\/\/www.facebook.com\/pages\/Scegli-Fondapi\/111620682275544?fref=ts\" \/>\n<meta property=\"article:modified_time\" content=\"2025-11-12T07:49:18+00:00\" \/>\n<meta property=\"og:image\" content=\"https:\/\/www.fondapi.it\/wp-content\/uploads\/2024\/09\/vantaggi-aziende.webp\" \/>\n\t<meta property=\"og:image:width\" content=\"1333\" \/>\n\t<meta property=\"og:image:height\" content=\"2000\" \/>\n\t<meta property=\"og:image:type\" content=\"image\/webp\" \/>\n<meta name=\"twitter:card\" content=\"summary_large_image\" \/>\n<meta name=\"twitter:site\" content=\"@fondapi\" \/>\n<meta name=\"twitter:label1\" content=\"Tiempo de lectura\" \/>\n\t<meta name=\"twitter:data1\" content=\"4 minutos\" \/>\n<script type=\"application\/ld+json\" class=\"yoast-schema-graph\">{\"@context\":\"https:\/\/schema.org\",\"@graph\":[{\"@type\":\"WebPage\",\"@id\":\"https:\/\/www.fondapi.it\/es\/como-funciona\/ventajas-para-las-empresas\/\",\"url\":\"https:\/\/www.fondapi.it\/es\/como-funciona\/ventajas-para-las-empresas\/\",\"name\":\"Ventajas para las empresas - Fondapi\",\"isPartOf\":{\"@id\":\"https:\/\/www.fondapi.it\/es\/#website\"},\"primaryImageOfPage\":{\"@id\":\"https:\/\/www.fondapi.it\/es\/como-funciona\/ventajas-para-las-empresas\/#primaryimage\"},\"image\":{\"@id\":\"https:\/\/www.fondapi.it\/es\/como-funciona\/ventajas-para-las-empresas\/#primaryimage\"},\"thumbnailUrl\":\"https:\/\/www.fondapi.it\/wp-content\/uploads\/2024\/09\/vantaggi-aziende.webp\",\"datePublished\":\"2024-06-19T12:42:58+00:00\",\"dateModified\":\"2025-11-12T07:49:18+00:00\",\"description\":\"Los empleados no son los \u00fanicos que se benefician de la adhesi\u00f3n a un fondo de pensiones. \u00a1Descubra todas las ventajas reservadas a las empresas!\",\"breadcrumb\":{\"@id\":\"https:\/\/www.fondapi.it\/es\/como-funciona\/ventajas-para-las-empresas\/#breadcrumb\"},\"inLanguage\":\"es\",\"potentialAction\":[{\"@type\":\"ReadAction\",\"target\":[\"https:\/\/www.fondapi.it\/es\/como-funciona\/ventajas-para-las-empresas\/\"]}]},{\"@type\":\"ImageObject\",\"inLanguage\":\"es\",\"@id\":\"https:\/\/www.fondapi.it\/es\/como-funciona\/ventajas-para-las-empresas\/#primaryimage\",\"url\":\"https:\/\/www.fondapi.it\/wp-content\/uploads\/2024\/09\/vantaggi-aziende.webp\",\"contentUrl\":\"https:\/\/www.fondapi.it\/wp-content\/uploads\/2024\/09\/vantaggi-aziende.webp\"},{\"@type\":\"BreadcrumbList\",\"@id\":\"https:\/\/www.fondapi.it\/es\/como-funciona\/ventajas-para-las-empresas\/#breadcrumb\",\"itemListElement\":[{\"@type\":\"ListItem\",\"position\":1,\"name\":\"Home\",\"item\":\"https:\/\/www.fondapi.it\/es\/inicio\/\"},{\"@type\":\"ListItem\",\"position\":2,\"name\":\"\u00bfC\u00f3mo funciona?\",\"item\":\"https:\/\/www.fondapi.it\/es\/como-funciona\/\"},{\"@type\":\"ListItem\",\"position\":3,\"name\":\"Ventajas para las empresas\"}]},{\"@type\":\"WebSite\",\"@id\":\"https:\/\/www.fondapi.it\/es\/#website\",\"url\":\"https:\/\/www.fondapi.it\/es\/\",\"name\":\"Fondapi\",\"description\":\"\",\"publisher\":{\"@id\":\"https:\/\/www.fondapi.it\/es\/#organization\"},\"alternateName\":\"Fondapi Fondo pensione integrativa\",\"potentialAction\":[{\"@type\":\"SearchAction\",\"target\":{\"@type\":\"EntryPoint\",\"urlTemplate\":\"https:\/\/www.fondapi.it\/es\/?s={search_term_string}\"},\"query-input\":{\"@type\":\"PropertyValueSpecification\",\"valueRequired\":true,\"valueName\":\"search_term_string\"}}],\"inLanguage\":\"es\"},{\"@type\":\"Organization\",\"@id\":\"https:\/\/www.fondapi.it\/es\/#organization\",\"name\":\"Fondapi - Fondo nazionale pensione complementare\",\"alternateName\":\"Fondapi Fondo pensione integrativa\",\"url\":\"https:\/\/www.fondapi.it\/es\/\",\"logo\":{\"@type\":\"ImageObject\",\"inLanguage\":\"es\",\"@id\":\"https:\/\/www.fondapi.it\/es\/#\/schema\/logo\/image\/\",\"url\":\"\",\"contentUrl\":\"\",\"caption\":\"Fondapi - Fondo nazionale pensione complementare\"},\"image\":{\"@id\":\"https:\/\/www.fondapi.it\/es\/#\/schema\/logo\/image\/\"},\"sameAs\":[\"https:\/\/www.facebook.com\/pages\/Scegli-Fondapi\/111620682275544?fref=ts\",\"https:\/\/x.com\/fondapi\",\"https:\/\/www.linkedin.com\/company\/18497131\",\"https:\/\/www.youtube.com\/user\/Fondapi\",\"https:\/\/www.instagram.com\/fondapi.it\/\"]}]}<\/script>\n<!-- \/ Yoast SEO plugin. -->","yoast_head_json":{"title":"Ventajas para las empresas - Fondapi","description":"Los empleados no son los \u00fanicos que se benefician de la adhesi\u00f3n a un fondo de pensiones. \u00a1Descubra todas las ventajas reservadas a las empresas!","robots":{"index":"index","follow":"follow","max-snippet":"max-snippet:-1","max-image-preview":"max-image-preview:large","max-video-preview":"max-video-preview:-1"},"canonical":"https:\/\/www.fondapi.it\/es\/como-funciona\/ventajas-para-las-empresas\/","og_locale":"es_ES","og_type":"article","og_title":"Ventajas para las empresas - Fondapi","og_description":"Los empleados no son los \u00fanicos que se benefician de la adhesi\u00f3n a un fondo de pensiones. \u00a1Descubra todas las ventajas reservadas a las empresas!","og_url":"https:\/\/www.fondapi.it\/es\/como-funciona\/ventajas-para-las-empresas\/","og_site_name":"Fondapi","article_publisher":"https:\/\/www.facebook.com\/pages\/Scegli-Fondapi\/111620682275544?fref=ts","article_modified_time":"2025-11-12T07:49:18+00:00","og_image":[{"width":1333,"height":2000,"url":"https:\/\/www.fondapi.it\/wp-content\/uploads\/2024\/09\/vantaggi-aziende.webp","type":"image\/webp"}],"twitter_card":"summary_large_image","twitter_site":"@fondapi","twitter_misc":{"Tiempo de lectura":"4 minutos"},"schema":{"@context":"https:\/\/schema.org","@graph":[{"@type":"WebPage","@id":"https:\/\/www.fondapi.it\/es\/como-funciona\/ventajas-para-las-empresas\/","url":"https:\/\/www.fondapi.it\/es\/como-funciona\/ventajas-para-las-empresas\/","name":"Ventajas para las empresas - Fondapi","isPartOf":{"@id":"https:\/\/www.fondapi.it\/es\/#website"},"primaryImageOfPage":{"@id":"https:\/\/www.fondapi.it\/es\/como-funciona\/ventajas-para-las-empresas\/#primaryimage"},"image":{"@id":"https:\/\/www.fondapi.it\/es\/como-funciona\/ventajas-para-las-empresas\/#primaryimage"},"thumbnailUrl":"https:\/\/www.fondapi.it\/wp-content\/uploads\/2024\/09\/vantaggi-aziende.webp","datePublished":"2024-06-19T12:42:58+00:00","dateModified":"2025-11-12T07:49:18+00:00","description":"Los empleados no son los \u00fanicos que se benefician de la adhesi\u00f3n a un fondo de pensiones. \u00a1Descubra todas las ventajas reservadas a las empresas!","breadcrumb":{"@id":"https:\/\/www.fondapi.it\/es\/como-funciona\/ventajas-para-las-empresas\/#breadcrumb"},"inLanguage":"es","potentialAction":[{"@type":"ReadAction","target":["https:\/\/www.fondapi.it\/es\/como-funciona\/ventajas-para-las-empresas\/"]}]},{"@type":"ImageObject","inLanguage":"es","@id":"https:\/\/www.fondapi.it\/es\/como-funciona\/ventajas-para-las-empresas\/#primaryimage","url":"https:\/\/www.fondapi.it\/wp-content\/uploads\/2024\/09\/vantaggi-aziende.webp","contentUrl":"https:\/\/www.fondapi.it\/wp-content\/uploads\/2024\/09\/vantaggi-aziende.webp"},{"@type":"BreadcrumbList","@id":"https:\/\/www.fondapi.it\/es\/como-funciona\/ventajas-para-las-empresas\/#breadcrumb","itemListElement":[{"@type":"ListItem","position":1,"name":"Home","item":"https:\/\/www.fondapi.it\/es\/inicio\/"},{"@type":"ListItem","position":2,"name":"\u00bfC\u00f3mo funciona?","item":"https:\/\/www.fondapi.it\/es\/como-funciona\/"},{"@type":"ListItem","position":3,"name":"Ventajas para las empresas"}]},{"@type":"WebSite","@id":"https:\/\/www.fondapi.it\/es\/#website","url":"https:\/\/www.fondapi.it\/es\/","name":"Fondapi","description":"","publisher":{"@id":"https:\/\/www.fondapi.it\/es\/#organization"},"alternateName":"Fondapi Fondo pensione integrativa","potentialAction":[{"@type":"SearchAction","target":{"@type":"EntryPoint","urlTemplate":"https:\/\/www.fondapi.it\/es\/?s={search_term_string}"},"query-input":{"@type":"PropertyValueSpecification","valueRequired":true,"valueName":"search_term_string"}}],"inLanguage":"es"},{"@type":"Organization","@id":"https:\/\/www.fondapi.it\/es\/#organization","name":"Fondapi - Fondo nazionale pensione complementare","alternateName":"Fondapi Fondo pensione integrativa","url":"https:\/\/www.fondapi.it\/es\/","logo":{"@type":"ImageObject","inLanguage":"es","@id":"https:\/\/www.fondapi.it\/es\/#\/schema\/logo\/image\/","url":"","contentUrl":"","caption":"Fondapi - Fondo nazionale pensione complementare"},"image":{"@id":"https:\/\/www.fondapi.it\/es\/#\/schema\/logo\/image\/"},"sameAs":["https:\/\/www.facebook.com\/pages\/Scegli-Fondapi\/111620682275544?fref=ts","https:\/\/x.com\/fondapi","https:\/\/www.linkedin.com\/company\/18497131","https:\/\/www.youtube.com\/user\/Fondapi","https:\/\/www.instagram.com\/fondapi.it\/"]}]}},"_links":{"self":[{"href":"https:\/\/www.fondapi.it\/es\/wp-json\/wp\/v2\/pages\/61169","targetHints":{"allow":["GET"]}}],"collection":[{"href":"https:\/\/www.fondapi.it\/es\/wp-json\/wp\/v2\/pages"}],"about":[{"href":"https:\/\/www.fondapi.it\/es\/wp-json\/wp\/v2\/types\/page"}],"author":[{"embeddable":true,"href":"https:\/\/www.fondapi.it\/es\/wp-json\/wp\/v2\/users\/1"}],"replies":[{"embeddable":true,"href":"https:\/\/www.fondapi.it\/es\/wp-json\/wp\/v2\/comments?post=61169"}],"version-history":[{"count":2,"href":"https:\/\/www.fondapi.it\/es\/wp-json\/wp\/v2\/pages\/61169\/revisions"}],"predecessor-version":[{"id":61272,"href":"https:\/\/www.fondapi.it\/es\/wp-json\/wp\/v2\/pages\/61169\/revisions\/61272"}],"up":[{"embeddable":true,"href":"https:\/\/www.fondapi.it\/es\/wp-json\/wp\/v2\/pages\/61269"}],"wp:attachment":[{"href":"https:\/\/www.fondapi.it\/es\/wp-json\/wp\/v2\/media?parent=61169"}],"curies":[{"name":"wp","href":"https:\/\/api.w.org\/{rel}","templated":true}]}}