{"id":61326,"date":"2024-06-14T11:25:08","date_gmt":"2024-06-14T09:25:08","guid":{"rendered":"https:\/\/www.fondapi.it\/fondapi\/que-es-fondapi\/"},"modified":"2025-11-27T09:24:57","modified_gmt":"2025-11-27T08:24:57","slug":"que-es-fondapi","status":"publish","type":"page","link":"https:\/\/www.fondapi.it\/es\/fondapi\/que-es-fondapi\/","title":{"rendered":"Qu\u00e9 es Fondapi"},"content":{"rendered":"\t\t<div data-elementor-type=\"wp-page\" data-elementor-id=\"61326\" class=\"elementor elementor-61326 elementor-1195\" data-elementor-post-type=\"page\">\n\t\t\t\t<div class=\"elementor-element elementor-element-653d948 e-flex e-con-boxed e-con e-parent\" data-id=\"653d948\" data-element_type=\"container\" data-e-type=\"container\" data-settings=\"{&quot;background_background&quot;:&quot;classic&quot;,&quot;jet_parallax_layout_list&quot;:[]}\">\n\t\t\t\t\t<div class=\"e-con-inner\">\n\t\t<div class=\"elementor-element elementor-element-dc41a10 e-flex e-con-boxed e-con e-child\" data-id=\"dc41a10\" data-element_type=\"container\" data-e-type=\"container\" data-settings=\"{&quot;jet_parallax_layout_list&quot;:[]}\">\n\t\t\t\t\t<div class=\"e-con-inner\">\n\t\t\t\t<div class=\"elementor-element elementor-element-58908fc elementor-widget elementor-widget-jet-breadcrumbs\" data-id=\"58908fc\" data-element_type=\"widget\" data-e-type=\"widget\" data-widget_type=\"jet-breadcrumbs.default\">\n\t\t\t\t<div class=\"elementor-widget-container\">\n\t\t\t\t\t<div class=\"elementor-jet-breadcrumbs jet-blocks\">\n\t\t<div class=\"jet-breadcrumbs\">\n\t\t<div class=\"jet-breadcrumbs__content\">\n\t\t<div class=\"jet-breadcrumbs__wrap\"><div class=\"jet-breadcrumbs__item\"><a href=\"https:\/\/www.fondapi.it\/es\/\" class=\"jet-breadcrumbs__item-link is-home\" rel=\"home\" title=\"Inicio\">Inicio<\/a><\/div>\n\t\t<\/div>\n\t\t<\/div>\n\t\t<\/div><\/div>\t\t\t\t<\/div>\n\t\t\t\t<\/div>\n\t\t\t\t<div class=\"elementor-element elementor-element-30db121 elementor-widget elementor-widget-html\" data-id=\"30db121\" data-element_type=\"widget\" data-e-type=\"widget\" data-widget_type=\"html.default\">\n\t\t\t\t<div class=\"elementor-widget-container\">\n\t\t\t\t\t<script>document.addEventListener(\"DOMContentLoaded\", function() {\n  var observer = new MutationObserver(function(mutations) {\n    mutations.forEach(function(mutation) {\n      var link = document.querySelector(\".jet-breadcrumbs__item-link[title='Fondapi']\");\n      if (link) {\n        link.addEventListener(\"click\", function(event) {\n          event.preventDefault();\n        });\n      }\n    });\n  });\n\n  observer.observe(document.body, { childList: true, subtree: true });\n\n  var link = document.querySelector(\".jet-breadcrumbs__item-link[title='Fondapi']\");\n  if (link) {\n    link.addEventListener(\"click\", function(event) {\n      event.preventDefault();\n    });\n  }\n});\n<\/script>\t\t\t\t<\/div>\n\t\t\t\t<\/div>\n\t\t\t\t\t<\/div>\n\t\t\t\t<\/div>\n\t\t<div class=\"elementor-element elementor-element-256d4b4 e-flex e-con-boxed e-con e-child\" data-id=\"256d4b4\" data-element_type=\"container\" data-e-type=\"container\" data-settings=\"{&quot;jet_parallax_layout_list&quot;:[]}\">\n\t\t\t\t\t<div class=\"e-con-inner\">\n\t\t\t\t<div class=\"elementor-element elementor-element-9257370 elementor-widget__width-auto elementor-widget elementor-widget-heading\" data-id=\"9257370\" data-element_type=\"widget\" data-e-type=\"widget\" data-widget_type=\"heading.default\">\n\t\t\t\t<div class=\"elementor-widget-container\">\n\t\t\t\t\t<h6 class=\"elementor-heading-title elementor-size-default\">Fondapi<\/h6>\t\t\t\t<\/div>\n\t\t\t\t<\/div>\n\t\t\t\t\t<\/div>\n\t\t\t\t<\/div>\n\t\t\t\t\t<\/div>\n\t\t\t\t<\/div>\n\t\t<div class=\"elementor-element elementor-element-fa4006a e-flex e-con-boxed e-con e-parent\" data-id=\"fa4006a\" data-element_type=\"container\" data-e-type=\"container\" data-settings=\"{&quot;jet_parallax_layout_list&quot;:[]}\">\n\t\t\t\t\t<div class=\"e-con-inner\">\n\t\t<div class=\"elementor-element elementor-element-893b52a e-con-full e-flex e-con e-child\" data-id=\"893b52a\" data-element_type=\"container\" data-e-type=\"container\" data-settings=\"{&quot;jet_parallax_layout_list&quot;:[]}\">\n\t\t\t\t<div class=\"elementor-element elementor-element-f7481b1 elementor-widget elementor-widget-text-editor\" data-id=\"f7481b1\" data-element_type=\"widget\" data-e-type=\"widget\" data-widget_type=\"text-editor.default\">\n\t\t\t\t<div class=\"elementor-widget-container\">\n\t\t\t\t\t\t\t\t\t<p>Fondapi es el <strong>fondo de pensiones<\/strong> complementario <strong>negociado<\/strong> para los <strong>trabajadores y<\/strong> las <strong>trabajadoras<\/strong> de las <strong>peque\u00f1as y medianas empresas<\/strong> italianas.&nbsp;<\/p>\n<p>Fondapi nace a finales de los a\u00f1os 90 por iniciativa de Confapi, CGIL, CISL y UIL con el \u00fanico <strong>objetivo<\/strong> de <strong>complementar la pensi\u00f3n p\u00fablica<\/strong> (INPS) de los trabajadores afiliados a trav\u00e9s de un sistema de previsi\u00f3n adicional y voluntario.<\/p>\n<h2>\u00bfQui\u00e9n puede afiliarse a Fondapi?<\/h2>\n<div>Pueden afiliarse a Fondapi los trabajadores y las trabajadoras por cuenta ajena de las empresas que aplican uno de los <strong>siguientes Convenios Colectivos Nacionales de Trabajo (CCNL)<\/strong>:<\/div>\n<ul>\n<li>Metal\u00fargico;<\/li>\n<li>Qu\u00edmico;<\/li>\n<li>Pl\u00e1stico y Caucho;<\/li>\n<li>Vidrio;<\/li>\n<li>Cer\u00e1mica;<\/li>\n<li>Textil;<\/li>\n<li>Alimentario;<\/li>\n<li>Gr\u00e1fico &#8211; Cartogr\u00e1fico;<\/li>\n<li>Inform\u00e1tico &#8211; Servicios innovadores;&nbsp;<\/li>\n<li>Multiservicios &#8211; Servicios a empresas;<\/li>\n<li>Construcci\u00f3n;<\/li>\n<li>Ladrillos y Cemento;<\/li>\n<li>Cal y Yeso;<\/li>\n<li>Piedra.&nbsp;<\/li>\n<\/ul>\t\t\t\t\t\t\t\t<\/div>\n\t\t\t\t<\/div>\n\t\t\t\t<div class=\"elementor-element elementor-element-2e9892f elementor-widget elementor-widget-button\" data-id=\"2e9892f\" data-element_type=\"widget\" data-e-type=\"widget\" data-widget_type=\"button.default\">\n\t\t\t\t<div class=\"elementor-widget-container\">\n\t\t\t\t\t\t\t\t\t<div class=\"elementor-button-wrapper\">\n\t\t\t\t\t<a class=\"elementor-button elementor-button-link elementor-size-sm\" href=\"https:\/\/www.fondapi.it\/es\/fondapi\/que-es-fondapi\/ccnl-metalurgicos\/\">\n\t\t\t\t\t\t<span class=\"elementor-button-content-wrapper\">\n\t\t\t\t\t\t\t\t\t<span class=\"elementor-button-text\">El CCNL Metal\u00fargico<\/span>\n\t\t\t\t\t<\/span>\n\t\t\t\t\t<\/a>\n\t\t\t\t<\/div>\n\t\t\t\t\t\t\t\t<\/div>\n\t\t\t\t<\/div>\n\t\t\t\t<\/div>\n\t\t<div class=\"elementor-element elementor-element-f58ae9e e-con-full e-flex e-con e-child\" data-id=\"f58ae9e\" data-element_type=\"container\" data-e-type=\"container\" data-settings=\"{&quot;jet_parallax_layout_list&quot;:[]}\">\n\t\t\t\t<div class=\"elementor-element elementor-element-7d86ef4 elementor-widget elementor-widget-image\" data-id=\"7d86ef4\" data-element_type=\"widget\" data-e-type=\"widget\" data-widget_type=\"image.default\">\n\t\t\t\t<div class=\"elementor-widget-container\">\n\t\t\t\t\t\t\t\t\t\t\t\t\t\t\t<img fetchpriority=\"high\" decoding=\"async\" width=\"1333\" height=\"2000\" src=\"https:\/\/www.fondapi.it\/wp-content\/uploads\/2024\/09\/cose.webp\" class=\"attachment-full size-full wp-image-60716\" alt=\"\" srcset=\"https:\/\/www.fondapi.it\/wp-content\/uploads\/2024\/09\/cose.webp 1333w, https:\/\/www.fondapi.it\/wp-content\/uploads\/2024\/09\/cose-200x300.webp 200w, https:\/\/www.fondapi.it\/wp-content\/uploads\/2024\/09\/cose-682x1024.webp 682w, https:\/\/www.fondapi.it\/wp-content\/uploads\/2024\/09\/cose-768x1152.webp 768w, https:\/\/www.fondapi.it\/wp-content\/uploads\/2024\/09\/cose-1024x1536.webp 1024w\" sizes=\"(max-width: 1333px) 100vw, 1333px\" \/>\t\t\t\t\t\t\t\t\t\t\t\t\t\t\t<\/div>\n\t\t\t\t<\/div>\n\t\t\t\t<\/div>\n\t\t\t\t\t<\/div>\n\t\t\t\t<\/div>\n\t\t<div class=\"elementor-element elementor-element-de45f33 e-flex e-con-boxed e-con e-parent\" data-id=\"de45f33\" data-element_type=\"container\" data-e-type=\"container\" data-settings=\"{&quot;jet_parallax_layout_list&quot;:[]}\">\n\t\t\t\t\t<div class=\"e-con-inner\">\n\t\t<div class=\"elementor-element elementor-element-b59219a e-con-full e-flex e-con e-child\" data-id=\"b59219a\" data-element_type=\"container\" data-e-type=\"container\" data-settings=\"{&quot;jet_parallax_layout_list&quot;:[]}\">\n\t\t\t\t<div class=\"elementor-element elementor-element-65fd22e elementor-widget elementor-widget-text-editor\" data-id=\"65fd22e\" data-element_type=\"widget\" data-e-type=\"widget\" data-widget_type=\"text-editor.default\">\n\t\t\t\t<div class=\"elementor-widget-container\">\n\t\t\t\t\t\t\t\t\t<h3>\u00bfC\u00f3mo se gestiona Fondapi?<\/h3><div>Fondapi est\u00e1 administrado por un Consejo de administraci\u00f3n paritario compuesto por representantes de los trabajadores y las trabajadoras asociadas (CGIL, CISL y UIL) y por representantes de las empresas contribuyentes (Confapi).<\/div><div>\u00a0<\/div><h3>\u00bfPor qu\u00e9 afiliarse a un fondo de pensiones como Fondapi?<\/h3><p>Adherirse a Fondapi le permitir\u00e1 construir una pensi\u00f3n complementaria que se sumar\u00e1 a la pensi\u00f3n p\u00fablica del INPS.<strong> Durante este proceso podr\u00e1 beneficiarse de numerosas ventajas econ\u00f3micas y fiscales:<\/strong><\/p><ul><li><span style=\"text-decoration: underline;\"><a href=\"https:\/\/www.fondapi.it\/es\/como-funciona\/contribucion-de-la-empresa\/\">Contribuci\u00f3n adicional a cargo de la empresa<\/a><\/span>;<\/li><li><a href=\"https:\/\/www.fondapi.it\/es\/como-funciona\/beneficios-fiscales\/\"><span style=\"text-decoration: underline;\">Deducci\u00f3n fiscal de las contribuciones pagadas al Fondo<\/span><\/a>;<\/li><li><a href=\"https:\/\/www.fondapi.it\/es\/como-funciona\/adhesion-trabajadores\/rescate-del-fondo-de-pensiones\/\"><span style=\"text-decoration: underline;\">Tributaci\u00f3n favorable en el momento de la liquidaci\u00f3n<\/span><\/a>;<\/li><li><a href=\"https:\/\/www.fondapi.it\/es\/inversion\/comparacion-afiliado-no-afiliado\/\"><span style=\"text-decoration: underline;\">Rendimientos potencialmente m\u00e1s elevados que la revalorizaci\u00f3n del TFR en la empresa<\/span><\/a>.<\/li><\/ul><h3>\u00bfC\u00f3mo funciona la adhesi\u00f3n a un fondo de pensiones como Fondapi?<\/h3><p>Quien se adhiere a Fondapi elige <strong>destinar<\/strong> al menos su propio <strong>TFR<\/strong> (Indemnizaci\u00f3n por Fin de Contrato) al Fondo en lugar de dejarlo en la empresa.<\/p><p>Una <strong>ventaja exclusiva<\/strong> de Fondapi es la posibilidad de aportar una contribuci\u00f3n mensual voluntaria (directamente de la n\u00f3mina) y obtener &#8211; de este modo &#8211; la <strong>contribuci\u00f3n adicional por parte de la empresa<\/strong>.<\/p><p>Este mecanismo le permite crear una pensi\u00f3n complementaria a partir de pocos euros al mes.<\/p><h3>\u00bfC\u00f3mo se gestionan las cantidades aportadas a Fondapi?<\/h3><p>Las contribuciones pagadas a Fondapi (TFR, contribuci\u00f3n voluntaria y contribuci\u00f3n de la empresa) se invierten en el compartimento de inversi\u00f3n que usted haya elegido en el momento de la adhesi\u00f3n.<\/p><p>Para m\u00e1s detalles sobre los compartimentos y para entender cu\u00e1l es el mejor para usted, <strong><a href=\"https:\/\/www.fondapi.it\/es\/inversion\/como-elegir-el-compartimento\/\"><span style=\"text-decoration: underline;\">visite la p\u00e1gina dedicada<\/span><\/a><\/strong>.<\/p><h3>Si me afilio a un fondo de pensiones como Fondapi, \u00bfestoy vinculado hasta la jubilaci\u00f3n?<\/h3><p>No, Fondapi le vincula menos de lo que espera. Podr\u00e1 retirar las cantidades:<\/p><ul><li><strong>en el momento<\/strong> de la jubilaci\u00f3n (en capital, en renta o en forma mixta);<\/li><li><strong>antes de la jubilaci\u00f3n<\/strong> si cambia de trabajo y la nueva empresa no aplica un CCNL que prevea Fondapi.<\/li><\/ul><p>Adem\u00e1s, al igual que ocurre en la empresa, podr\u00e1 <strong>solicitar anticipos<\/strong> sobre el capital que ha acumulado:<\/p><ul><li><strong>gastos m\u00e9dicos<\/strong> para usted o para familiares cercanos &#8211; sin v\u00ednculo de afiliaci\u00f3n &#8211; hasta el 75% de lo acumulado;<\/li><li><strong>compra<\/strong> o <strong>reforma de la vivienda habitual<\/strong> para usted o para sus hijos &#8211; despu\u00e9s de 8 a\u00f1os de afiliaci\u00f3n &#8211; hasta el 75% de lo acumulado;<\/li><li><strong>gastos sin justificar<\/strong> &#8211; despu\u00e9s de 8 a\u00f1os de afiliaci\u00f3n &#8211; hasta el 30% de lo acumulado.<\/li><\/ul><h3>\u00bfC\u00f3mo se gravan las prestaciones proporcionadas por Fondapi?<\/h3><p>Fondapi proporciona numerosas prestaciones. Las m\u00e1s comunes son:<\/p><ul><li>el <strong>rescate por p\u00e9rdida de requisitos<\/strong> de participaci\u00f3n (tras despido o dimisi\u00f3n). Gravado con un tipo impositivo sustitutivo del IRPF del 23% fijo;<\/li><li>la <strong>prestaci\u00f3n de jubilaci\u00f3n<\/strong> gravada entre el 15% y el 9% seg\u00fan los a\u00f1os de afiliaci\u00f3n acumulados;<\/li><li>los <strong>anticipos<\/strong> para la <strong>vivienda habitual y las necesidades sin justificar<\/strong> gravados al 23% fijo;<\/li><li>los anticipos para <strong>gastos m\u00e9dicos<\/strong> gravados entre el 15% y el 9% seg\u00fan los a\u00f1os de afiliaci\u00f3n acumulados.<\/li><\/ul><h3>\u00bfCu\u00e1nto cuesta adherirse a Fondapi?<\/h3><p>Fondapi es una entidad sin \u00e1nimo de lucro. Por lo tanto, hay <strong>costes fijos m\u00ednimos<\/strong> y comisiones de gesti\u00f3n muy bajas. <strong><span style=\"text-decoration: underline;\"><a href=\"https:\/\/www.fondapi.it\/es\/como-funciona\/costes\/\">Visite la p\u00e1gina sobre costes para m\u00e1s informaci\u00f3n<\/a><\/span><\/strong> o descargue la <span style=\"text-decoration: underline;\"><a href=\"https:\/\/www.fondapi.it\/documenti\/i-costi\/\">ficha \u00abLos Costes\u00bb<\/a><\/span> de la Nota Informativa.<\/p><h3>\u00bfC\u00f3mo afiliarse a Fondapi?<\/h3><p>Para adherirse, imprima el formulario o complete la adhesi\u00f3n en l\u00ednea. <span style=\"text-decoration: underline;\"><strong><a href=\"https:\/\/www.fondapi.it\/es\/como-funciona\/adhesion-trabajadores\/modalidades-de-adhesion\/\">Visite esta p\u00e1gina para iniciar la adhesi\u00f3n. <\/a><\/strong><\/span><\/p>\t\t\t\t\t\t\t\t<\/div>\n\t\t\t\t<\/div>\n\t\t\t\t<\/div>\n\t\t\t\t\t<\/div>\n\t\t\t\t<\/div>\n\t\t<div class=\"elementor-element elementor-element-1a27c86 e-flex e-con-boxed e-con e-parent\" data-id=\"1a27c86\" data-element_type=\"container\" data-e-type=\"container\" data-settings=\"{&quot;jet_parallax_layout_list&quot;:[]}\">\n\t\t\t\t\t<div class=\"e-con-inner\">\n\t\t\t\t<div class=\"elementor-element elementor-element-5183521 elementor-widget elementor-widget-html\" data-id=\"5183521\" data-element_type=\"widget\" data-e-type=\"widget\" data-widget_type=\"html.default\">\n\t\t\t\t<div class=\"elementor-widget-container\">\n\t\t\t\t\t<script type=\"text\/javascript\" src=\"\/\/widget.trustpilot.com\/bootstrap\/v5\/tp.widget.bootstrap.min.js\" async=\"\"><\/script>\n<div class=\"trustpilot-widget\" data-locale=\"it-IT\" data-template-id=\"54ad5defc6454f065c28af8b\" data-businessunit-id=\"636d0a1b79e3f339e1d60a3b\" data-style-height=\"240px\" data-style-width=\"100%\" data-theme=\"light\" data-stars=\"1,2,3,4,5\" data-review-languages=\"it\" data-font-family=\"Lato\" data-text-color=\"#000000\">\n  <a href=\"https:\/\/it.trustpilot.com\/review\/fondapi.it\" target=\"_blank\" rel=\"noopener\">Trustpilot<\/a>\n<\/div>\t\t\t\t<\/div>\n\t\t\t\t<\/div>\n\t\t\t\t\t<\/div>\n\t\t\t\t<\/div>\n\t\t<div class=\"elementor-element elementor-element-04be12b elementor-hidden-mobile e-flex e-con-boxed e-con e-parent\" data-id=\"04be12b\" data-element_type=\"container\" data-e-type=\"container\" data-settings=\"{&quot;background_background&quot;:&quot;classic&quot;,&quot;jet_parallax_layout_list&quot;:[]}\">\n\t\t\t\t\t<div class=\"e-con-inner\">\n\t\t\t\t\t<\/div>\n\t\t\t\t<\/div>\n\t\t\t\t<\/div>\n\t\t","protected":false},"excerpt":{"rendered":"<p>Home Fondapi Fondapi es el fondo de pensiones complementario negociado para los trabajadores y las trabajadoras de las peque\u00f1as y medianas empresas italianas.&nbsp; Fondapi nace a finales de los a\u00f1os 90 por iniciativa de Confapi, CGIL, CISL y UIL con el \u00fanico objetivo de complementar la pensi\u00f3n p\u00fablica (INPS) de los trabajadores afiliados a trav\u00e9s [&hellip;]<\/p>\n","protected":false},"author":1,"featured_media":0,"parent":61256,"menu_order":3,"comment_status":"closed","ping_status":"closed","template":"","meta":{"footnotes":""},"class_list":["post-61326","page","type-page","status-publish","hentry"],"yoast_head":"<!-- This site is optimized with the Yoast SEO plugin v27.2 - https:\/\/yoast.com\/product\/yoast-seo-wordpress\/ -->\n<title>Qu\u00e9 es Fondapi - Fondapi<\/title>\n<meta name=\"description\" content=\"Fondapi es el fondo de pensiones complementario de negociaci\u00f3n colectiva destinado a las trabajadoras y los trabajadores de las peque\u00f1as y medianas empresas italianas.\" \/>\n<meta name=\"robots\" content=\"index, follow, max-snippet:-1, max-image-preview:large, max-video-preview:-1\" \/>\n<link rel=\"canonical\" href=\"https:\/\/www.fondapi.it\/es\/fondapi\/que-es-fondapi\/\" \/>\n<meta property=\"og:locale\" content=\"es_ES\" \/>\n<meta property=\"og:type\" content=\"article\" \/>\n<meta property=\"og:title\" content=\"Qu\u00e9 es Fondapi - Fondapi\" \/>\n<meta property=\"og:description\" content=\"Fondapi es el fondo de pensiones complementario de negociaci\u00f3n colectiva destinado a las trabajadoras y los trabajadores de las peque\u00f1as y medianas empresas italianas.\" \/>\n<meta property=\"og:url\" content=\"https:\/\/www.fondapi.it\/es\/fondapi\/que-es-fondapi\/\" \/>\n<meta property=\"og:site_name\" content=\"Fondapi\" \/>\n<meta property=\"article:publisher\" content=\"https:\/\/www.facebook.com\/pages\/Scegli-Fondapi\/111620682275544?fref=ts\" \/>\n<meta property=\"article:modified_time\" content=\"2025-11-27T08:24:57+00:00\" \/>\n<meta property=\"og:image\" content=\"https:\/\/www.fondapi.it\/wp-content\/uploads\/2024\/09\/cose.webp\" \/>\n\t<meta property=\"og:image:width\" content=\"1333\" \/>\n\t<meta property=\"og:image:height\" content=\"2000\" \/>\n\t<meta property=\"og:image:type\" content=\"image\/webp\" \/>\n<meta name=\"twitter:card\" content=\"summary_large_image\" \/>\n<meta name=\"twitter:site\" content=\"@fondapi\" \/>\n<meta name=\"twitter:label1\" content=\"Tiempo de lectura\" \/>\n\t<meta name=\"twitter:data1\" content=\"4 minutos\" \/>\n<script type=\"application\/ld+json\" class=\"yoast-schema-graph\">{\"@context\":\"https:\/\/schema.org\",\"@graph\":[{\"@type\":\"WebPage\",\"@id\":\"https:\/\/www.fondapi.it\/es\/fondapi\/que-es-fondapi\/\",\"url\":\"https:\/\/www.fondapi.it\/es\/fondapi\/que-es-fondapi\/\",\"name\":\"Qu\u00e9 es Fondapi - Fondapi\",\"isPartOf\":{\"@id\":\"https:\/\/www.fondapi.it\/es\/#website\"},\"primaryImageOfPage\":{\"@id\":\"https:\/\/www.fondapi.it\/es\/fondapi\/que-es-fondapi\/#primaryimage\"},\"image\":{\"@id\":\"https:\/\/www.fondapi.it\/es\/fondapi\/que-es-fondapi\/#primaryimage\"},\"thumbnailUrl\":\"https:\/\/www.fondapi.it\/wp-content\/uploads\/2024\/09\/cose.webp\",\"datePublished\":\"2024-06-14T09:25:08+00:00\",\"dateModified\":\"2025-11-27T08:24:57+00:00\",\"description\":\"Fondapi es el fondo de pensiones complementario de negociaci\u00f3n colectiva destinado a las trabajadoras y los trabajadores de las peque\u00f1as y medianas empresas italianas.\",\"breadcrumb\":{\"@id\":\"https:\/\/www.fondapi.it\/es\/fondapi\/que-es-fondapi\/#breadcrumb\"},\"inLanguage\":\"es\",\"potentialAction\":[{\"@type\":\"ReadAction\",\"target\":[\"https:\/\/www.fondapi.it\/es\/fondapi\/que-es-fondapi\/\"]}]},{\"@type\":\"ImageObject\",\"inLanguage\":\"es\",\"@id\":\"https:\/\/www.fondapi.it\/es\/fondapi\/que-es-fondapi\/#primaryimage\",\"url\":\"https:\/\/www.fondapi.it\/wp-content\/uploads\/2024\/09\/cose.webp\",\"contentUrl\":\"https:\/\/www.fondapi.it\/wp-content\/uploads\/2024\/09\/cose.webp\"},{\"@type\":\"BreadcrumbList\",\"@id\":\"https:\/\/www.fondapi.it\/es\/fondapi\/que-es-fondapi\/#breadcrumb\",\"itemListElement\":[{\"@type\":\"ListItem\",\"position\":1,\"name\":\"Home\",\"item\":\"https:\/\/www.fondapi.it\/es\/inicio\/\"},{\"@type\":\"ListItem\",\"position\":2,\"name\":\"Fondapi\",\"item\":\"https:\/\/www.fondapi.it\/es\/fondapi\/\"},{\"@type\":\"ListItem\",\"position\":3,\"name\":\"Qu\u00e9 es Fondapi\"}]},{\"@type\":\"WebSite\",\"@id\":\"https:\/\/www.fondapi.it\/es\/#website\",\"url\":\"https:\/\/www.fondapi.it\/es\/\",\"name\":\"Fondapi\",\"description\":\"\",\"publisher\":{\"@id\":\"https:\/\/www.fondapi.it\/es\/#organization\"},\"alternateName\":\"Fondapi Fondo pensione integrativa\",\"potentialAction\":[{\"@type\":\"SearchAction\",\"target\":{\"@type\":\"EntryPoint\",\"urlTemplate\":\"https:\/\/www.fondapi.it\/es\/?s={search_term_string}\"},\"query-input\":{\"@type\":\"PropertyValueSpecification\",\"valueRequired\":true,\"valueName\":\"search_term_string\"}}],\"inLanguage\":\"es\"},{\"@type\":\"Organization\",\"@id\":\"https:\/\/www.fondapi.it\/es\/#organization\",\"name\":\"Fondapi - Fondo nazionale pensione complementare\",\"alternateName\":\"Fondapi Fondo pensione integrativa\",\"url\":\"https:\/\/www.fondapi.it\/es\/\",\"logo\":{\"@type\":\"ImageObject\",\"inLanguage\":\"es\",\"@id\":\"https:\/\/www.fondapi.it\/es\/#\/schema\/logo\/image\/\",\"url\":\"\",\"contentUrl\":\"\",\"caption\":\"Fondapi - Fondo nazionale pensione complementare\"},\"image\":{\"@id\":\"https:\/\/www.fondapi.it\/es\/#\/schema\/logo\/image\/\"},\"sameAs\":[\"https:\/\/www.facebook.com\/pages\/Scegli-Fondapi\/111620682275544?fref=ts\",\"https:\/\/x.com\/fondapi\",\"https:\/\/www.linkedin.com\/company\/18497131\",\"https:\/\/www.youtube.com\/user\/Fondapi\",\"https:\/\/www.instagram.com\/fondapi.it\/\"]}]}<\/script>\n<!-- \/ Yoast SEO plugin. -->","yoast_head_json":{"title":"Qu\u00e9 es Fondapi - Fondapi","description":"Fondapi es el fondo de pensiones complementario de negociaci\u00f3n colectiva destinado a las trabajadoras y los trabajadores de las peque\u00f1as y medianas empresas italianas.","robots":{"index":"index","follow":"follow","max-snippet":"max-snippet:-1","max-image-preview":"max-image-preview:large","max-video-preview":"max-video-preview:-1"},"canonical":"https:\/\/www.fondapi.it\/es\/fondapi\/que-es-fondapi\/","og_locale":"es_ES","og_type":"article","og_title":"Qu\u00e9 es Fondapi - Fondapi","og_description":"Fondapi es el fondo de pensiones complementario de negociaci\u00f3n colectiva destinado a las trabajadoras y los trabajadores de las peque\u00f1as y medianas empresas italianas.","og_url":"https:\/\/www.fondapi.it\/es\/fondapi\/que-es-fondapi\/","og_site_name":"Fondapi","article_publisher":"https:\/\/www.facebook.com\/pages\/Scegli-Fondapi\/111620682275544?fref=ts","article_modified_time":"2025-11-27T08:24:57+00:00","og_image":[{"width":1333,"height":2000,"url":"https:\/\/www.fondapi.it\/wp-content\/uploads\/2024\/09\/cose.webp","type":"image\/webp"}],"twitter_card":"summary_large_image","twitter_site":"@fondapi","twitter_misc":{"Tiempo de lectura":"4 minutos"},"schema":{"@context":"https:\/\/schema.org","@graph":[{"@type":"WebPage","@id":"https:\/\/www.fondapi.it\/es\/fondapi\/que-es-fondapi\/","url":"https:\/\/www.fondapi.it\/es\/fondapi\/que-es-fondapi\/","name":"Qu\u00e9 es Fondapi - Fondapi","isPartOf":{"@id":"https:\/\/www.fondapi.it\/es\/#website"},"primaryImageOfPage":{"@id":"https:\/\/www.fondapi.it\/es\/fondapi\/que-es-fondapi\/#primaryimage"},"image":{"@id":"https:\/\/www.fondapi.it\/es\/fondapi\/que-es-fondapi\/#primaryimage"},"thumbnailUrl":"https:\/\/www.fondapi.it\/wp-content\/uploads\/2024\/09\/cose.webp","datePublished":"2024-06-14T09:25:08+00:00","dateModified":"2025-11-27T08:24:57+00:00","description":"Fondapi es el fondo de pensiones complementario de negociaci\u00f3n colectiva destinado a las trabajadoras y los trabajadores de las peque\u00f1as y medianas empresas italianas.","breadcrumb":{"@id":"https:\/\/www.fondapi.it\/es\/fondapi\/que-es-fondapi\/#breadcrumb"},"inLanguage":"es","potentialAction":[{"@type":"ReadAction","target":["https:\/\/www.fondapi.it\/es\/fondapi\/que-es-fondapi\/"]}]},{"@type":"ImageObject","inLanguage":"es","@id":"https:\/\/www.fondapi.it\/es\/fondapi\/que-es-fondapi\/#primaryimage","url":"https:\/\/www.fondapi.it\/wp-content\/uploads\/2024\/09\/cose.webp","contentUrl":"https:\/\/www.fondapi.it\/wp-content\/uploads\/2024\/09\/cose.webp"},{"@type":"BreadcrumbList","@id":"https:\/\/www.fondapi.it\/es\/fondapi\/que-es-fondapi\/#breadcrumb","itemListElement":[{"@type":"ListItem","position":1,"name":"Home","item":"https:\/\/www.fondapi.it\/es\/inicio\/"},{"@type":"ListItem","position":2,"name":"Fondapi","item":"https:\/\/www.fondapi.it\/es\/fondapi\/"},{"@type":"ListItem","position":3,"name":"Qu\u00e9 es Fondapi"}]},{"@type":"WebSite","@id":"https:\/\/www.fondapi.it\/es\/#website","url":"https:\/\/www.fondapi.it\/es\/","name":"Fondapi","description":"","publisher":{"@id":"https:\/\/www.fondapi.it\/es\/#organization"},"alternateName":"Fondapi Fondo pensione integrativa","potentialAction":[{"@type":"SearchAction","target":{"@type":"EntryPoint","urlTemplate":"https:\/\/www.fondapi.it\/es\/?s={search_term_string}"},"query-input":{"@type":"PropertyValueSpecification","valueRequired":true,"valueName":"search_term_string"}}],"inLanguage":"es"},{"@type":"Organization","@id":"https:\/\/www.fondapi.it\/es\/#organization","name":"Fondapi - Fondo nazionale pensione complementare","alternateName":"Fondapi Fondo pensione integrativa","url":"https:\/\/www.fondapi.it\/es\/","logo":{"@type":"ImageObject","inLanguage":"es","@id":"https:\/\/www.fondapi.it\/es\/#\/schema\/logo\/image\/","url":"","contentUrl":"","caption":"Fondapi - Fondo nazionale pensione complementare"},"image":{"@id":"https:\/\/www.fondapi.it\/es\/#\/schema\/logo\/image\/"},"sameAs":["https:\/\/www.facebook.com\/pages\/Scegli-Fondapi\/111620682275544?fref=ts","https:\/\/x.com\/fondapi","https:\/\/www.linkedin.com\/company\/18497131","https:\/\/www.youtube.com\/user\/Fondapi","https:\/\/www.instagram.com\/fondapi.it\/"]}]}},"_links":{"self":[{"href":"https:\/\/www.fondapi.it\/es\/wp-json\/wp\/v2\/pages\/61326","targetHints":{"allow":["GET"]}}],"collection":[{"href":"https:\/\/www.fondapi.it\/es\/wp-json\/wp\/v2\/pages"}],"about":[{"href":"https:\/\/www.fondapi.it\/es\/wp-json\/wp\/v2\/types\/page"}],"author":[{"embeddable":true,"href":"https:\/\/www.fondapi.it\/es\/wp-json\/wp\/v2\/users\/1"}],"replies":[{"embeddable":true,"href":"https:\/\/www.fondapi.it\/es\/wp-json\/wp\/v2\/comments?post=61326"}],"version-history":[{"count":4,"href":"https:\/\/www.fondapi.it\/es\/wp-json\/wp\/v2\/pages\/61326\/revisions"}],"predecessor-version":[{"id":63025,"href":"https:\/\/www.fondapi.it\/es\/wp-json\/wp\/v2\/pages\/61326\/revisions\/63025"}],"up":[{"embeddable":true,"href":"https:\/\/www.fondapi.it\/es\/wp-json\/wp\/v2\/pages\/61256"}],"wp:attachment":[{"href":"https:\/\/www.fondapi.it\/es\/wp-json\/wp\/v2\/media?parent=61326"}],"curies":[{"name":"wp","href":"https:\/\/api.w.org\/{rel}","templated":true}]}}