{"id":61369,"date":"2024-06-19T12:04:42","date_gmt":"2024-06-19T10:04:42","guid":{"rendered":"https:\/\/www.fondapi.it\/informacion-sobre-privacidad\/"},"modified":"2025-11-12T08:51:11","modified_gmt":"2025-11-12T07:51:11","slug":"informacion-sobre-privacidad","status":"publish","type":"page","link":"https:\/\/www.fondapi.it\/es\/informacion-sobre-privacidad\/","title":{"rendered":"Informaci\u00f3n sobre privacidad"},"content":{"rendered":"\t\t<div data-elementor-type=\"wp-page\" data-elementor-id=\"61369\" class=\"elementor elementor-61369 elementor-55801\" data-elementor-post-type=\"page\">\n\t\t\t\t<div class=\"elementor-element elementor-element-653d948 e-flex e-con-boxed e-con e-parent\" data-id=\"653d948\" data-element_type=\"container\" data-e-type=\"container\" data-settings=\"{&quot;background_background&quot;:&quot;classic&quot;,&quot;jet_parallax_layout_list&quot;:[]}\">\n\t\t\t\t\t<div class=\"e-con-inner\">\n\t\t<div class=\"elementor-element elementor-element-dc41a10 e-flex e-con-boxed e-con e-child\" data-id=\"dc41a10\" data-element_type=\"container\" data-e-type=\"container\" data-settings=\"{&quot;jet_parallax_layout_list&quot;:[]}\">\n\t\t\t\t\t<div class=\"e-con-inner\">\n\t\t\t\t<div class=\"elementor-element elementor-element-58908fc elementor-widget elementor-widget-jet-breadcrumbs\" data-id=\"58908fc\" data-element_type=\"widget\" data-e-type=\"widget\" data-widget_type=\"jet-breadcrumbs.default\">\n\t\t\t\t<div class=\"elementor-widget-container\">\n\t\t\t\t\t<div class=\"elementor-jet-breadcrumbs jet-blocks\">\n\t\t<div class=\"jet-breadcrumbs\">\n\t\t<div class=\"jet-breadcrumbs__content\">\n\t\t<div class=\"jet-breadcrumbs__wrap\"><div class=\"jet-breadcrumbs__item\"><a href=\"https:\/\/www.fondapi.it\/es\/\" class=\"jet-breadcrumbs__item-link is-home\" rel=\"home\" title=\"Inicio\">Inicio<\/a><\/div>\n\t\t<\/div>\n\t\t<\/div>\n\t\t<\/div><\/div>\t\t\t\t<\/div>\n\t\t\t\t<\/div>\n\t\t\t\t<div class=\"elementor-element elementor-element-30db121 elementor-widget elementor-widget-html\" data-id=\"30db121\" data-element_type=\"widget\" data-e-type=\"widget\" data-widget_type=\"html.default\">\n\t\t\t\t<div class=\"elementor-widget-container\">\n\t\t\t\t\t<script>document.addEventListener(\"DOMContentLoaded\", function() {\n  var observer = new MutationObserver(function(mutations) {\n    mutations.forEach(function(mutation) {\n      var link = document.querySelector(\".jet-breadcrumbs__item-link[title='Fondapi']\");\n      if (link) {\n        link.addEventListener(\"click\", function(event) {\n          event.preventDefault();\n        });\n      }\n    });\n  });\n\n  observer.observe(document.body, { childList: true, subtree: true });\n\n  var link = document.querySelector(\".jet-breadcrumbs__item-link[title='Fondapi']\");\n  if (link) {\n    link.addEventListener(\"click\", function(event) {\n      event.preventDefault();\n    });\n  }\n});\n<\/script>\t\t\t\t<\/div>\n\t\t\t\t<\/div>\n\t\t\t\t\t<\/div>\n\t\t\t\t<\/div>\n\t\t<div class=\"elementor-element elementor-element-256d4b4 e-flex e-con-boxed e-con e-child\" data-id=\"256d4b4\" data-element_type=\"container\" data-e-type=\"container\" data-settings=\"{&quot;jet_parallax_layout_list&quot;:[]}\">\n\t\t\t\t\t<div class=\"e-con-inner\">\n\t\t\t\t<div class=\"elementor-element elementor-element-9257370 elementor-widget__width-auto elementor-widget elementor-widget-heading\" data-id=\"9257370\" data-element_type=\"widget\" data-e-type=\"widget\" data-widget_type=\"heading.default\">\n\t\t\t\t<div class=\"elementor-widget-container\">\n\t\t\t\t\t<h6 class=\"elementor-heading-title elementor-size-default\">Fondapi<\/h6>\t\t\t\t<\/div>\n\t\t\t\t<\/div>\n\t\t\t\t\t<\/div>\n\t\t\t\t<\/div>\n\t\t\t\t\t<\/div>\n\t\t\t\t<\/div>\n\t\t<div class=\"elementor-element elementor-element-fa4006a e-flex e-con-boxed e-con e-parent\" data-id=\"fa4006a\" data-element_type=\"container\" data-e-type=\"container\" data-settings=\"{&quot;jet_parallax_layout_list&quot;:[]}\">\n\t\t\t\t\t<div class=\"e-con-inner\">\n\t\t<div class=\"elementor-element elementor-element-893b52a e-con-full e-flex e-con e-child\" data-id=\"893b52a\" data-element_type=\"container\" data-e-type=\"container\" data-settings=\"{&quot;jet_parallax_layout_list&quot;:[]}\">\n\t\t\t\t<div class=\"elementor-element elementor-element-f26bc70 elementor-widget elementor-widget-heading\" data-id=\"f26bc70\" data-element_type=\"widget\" data-e-type=\"widget\" data-widget_type=\"heading.default\">\n\t\t\t\t<div class=\"elementor-widget-container\">\n\t\t\t\t\t<h3 class=\"elementor-heading-title elementor-size-default\">Informaci\u00f3n en virtud del art\u00edculo 13 del Reglamento (UE) 2016\/679  <\/h3>\t\t\t\t<\/div>\n\t\t\t\t<\/div>\n\t\t\t\t<div class=\"elementor-element elementor-element-b569226 elementor-widget elementor-widget-text-editor\" data-id=\"b569226\" data-element_type=\"widget\" data-e-type=\"widget\" data-widget_type=\"text-editor.default\">\n\t\t\t\t<div class=\"elementor-widget-container\">\n\t\t\t\t\t\t\t\t\t<p><span style=\"font-weight: 400;\">Esta informaci\u00f3n se proporciona en virtud del art\u00edculo 13 del Reglamento (UE) 2016\/679 (en adelante, tambi\u00e9n Reglamento); de acuerdo con la ley indicada, dicho tratamiento se basar\u00e1 en los principios de correcci\u00f3n, legalidad y transparencia, as\u00ed como en la protecci\u00f3n de Su confidencialidad y de Sus derechos. <\/span><\/p><p><b>Titular del tratamiento <\/b><\/p><p><span style=\"font-weight: 400;\">El titular del tratamiento de los datos es FONDAPI, Fondo nacional de pensi\u00f3n complementaria para los trabajadores de las peque\u00f1as y medianas empresas, con sede en Piazza Cola di Rienzo, 80\/A \u2013 Roma (tambi\u00e9n Fondo)<\/span><\/p><p><b>Responsable de la Protecci\u00f3n de Datos (DPO)<\/b><\/p><p><span style=\"font-weight: 400;\">El Responsable de la Protecci\u00f3n de Datos es Protection Trade S.r.l. con domicilio social en Via Giorgio Morandi &#8211; 22, Itri (LT); su dato de contacto es el siguiente:<\/span> <a href=\"mailto:dpo_fondapi@protectiontrade.it\"><span style=\"font-weight: 400;\">dpo_fondapi@protectiontrade.it<\/span><\/a><span style=\"font-weight: 400;\">.<\/span><\/p><p><b>Finalidad del tratamiento y base jur\u00eddica del tratamiento <\/b><\/p><p><span style=\"font-weight: 400;\">La recogida y el tratamiento de Sus datos personales se realizan para el env\u00edo del bolet\u00edn informativo del Fondo a trav\u00e9s del correo electr\u00f3nico que usted ha facilitado. La base jur\u00eddica del tratamiento es el consentimiento.<\/span> <span style=\"font-weight: 400;\">En relaci\u00f3n con esto \u00faltimo, tiene derecho a revocarlo en cualquier momento. La revocaci\u00f3n del consentimiento no afecta a la licitud del tratamiento basada en el consentimiento que usted prest\u00f3 antes de la revocaci\u00f3n.<\/span><\/p><p><b>Naturaleza de los datos tratados<\/b><\/p><p><span style=\"font-weight: 400;\">Para la consecuci\u00f3n de las finalidades indicadas anteriormente, se tratar\u00e1n los siguientes datos: nombre y apellidos, direcci\u00f3n IP y direcci\u00f3n de correo electr\u00f3nico.<\/span><\/p><p><b>Naturaleza de la comunicaci\u00f3n de datos personales<\/b><\/p><p><span style=\"font-weight: 400;\">La comunicaci\u00f3n de los datos para estas actividades es facultativa y una posible negativa puede implicar la imposibilidad para el Titular de perseguir las finalidades mencionadas anteriormente. Usted tiene derecho a revocar el consentimiento en cualquier momento. La revocaci\u00f3n del consentimiento no afecta a la licitud del tratamiento basada en el consentimiento que usted prest\u00f3 antes de la revocaci\u00f3n.  <\/span><\/p><p><b>Modalidades del tratamiento<\/b><\/p><p><span style=\"font-weight: 400;\">El tratamiento se realiza con medios prevalentemente automatizados y, en cualquier caso, con la observancia de toda medida cautelar de seguridad y de confidencialidad de los datos.<\/span><\/p><p><b>Destinatarios de los datos<\/b><\/p><p><span style=\"font-weight: 400;\">Las personas autorizadas que se ocupan de la gesti\u00f3n de las comunicaciones y los sujetos externos nombrados responsables del tratamiento ex art. 28 del Reglamento UE 2016\/679, podr\u00e1n tener conocimiento de sus datos personales exclusivamente para la consecuci\u00f3n de las finalidades mencionadas anteriormente. Los datos, que no ser\u00e1n difundidos, podr\u00e1n ser comunicados a sujetos que, por cuenta del Titular, desempe\u00f1an actividades de gesti\u00f3n contable y fiscal y a sujetos a los cuales se les reconozca la facultad de acceder a los datos por disposiciones de ley y\/o de reglamento. Los datos no ser\u00e1n, por norma general, transferidos fuera de la Uni\u00f3n Europea. La eventual transferencia de los datos fuera de la Uni\u00f3n Europea se realizar\u00e1 solo hacia sujetos que garanticen un adecuado nivel de protecci\u00f3n del tratamiento y\/o hacia pa\u00edses para los cuales las Autoridades competentes hayan emitido una decisi\u00f3n de adecuaci\u00f3n y hacia sujetos que hayan proporcionado garant\u00edas id\u00f3neas al tratamiento de los datos a trav\u00e9s de instrumentos normativos\/contractuales adecuados, tales como, por ejemplo, la suscripci\u00f3n de cl\u00e1usulas contractuales est\u00e1ndar.   <\/span><\/p><p><b>Per\u00edodo de conservaci\u00f3n de los datos personales<\/b><\/p><p><span style=\"font-weight: 400;\">Los datos personales se conservar\u00e1n durante dos a\u00f1os o, en cualquier caso, hasta la revocaci\u00f3n del consentimiento.<\/span><\/p><p><b>Derechos de los interesados<\/b><\/p><p><span style=\"font-weight: 400;\">El interesado, por \u00faltimo, puede solicitar informaci\u00f3n sobre el tratamiento de sus datos personales escribiendo a la direcci\u00f3n de correo electr\u00f3nico<\/span> <a href=\"mailto:dpo_fondapi@protectiontrade.it\"><span style=\"font-weight: 400;\">dpo_fondapi@protectiontrade.it<\/span><\/a><span style=\"font-weight: 400;\">. En particular, el interesado podr\u00e1:<\/span><\/p><ul><li style=\"font-weight: 400;\" aria-level=\"1\"><span style=\"font-weight: 400;\">acceder a sus datos personales, obteniendo evidencia de las finalidades perseguidas por parte del Responsable, de las categor\u00edas de datos involucrados, de los destinatarios a los que los mismos pueden ser comunicados, del per\u00edodo de conservaci\u00f3n aplicable, de la existencia de procesos decisionales automatizados, incluida la elaboraci\u00f3n de perfiles, y, al menos en tales casos, informaci\u00f3n significativa sobre la l\u00f3gica utilizada, as\u00ed como la importancia y las posibles consecuencias para el interesado, cuando no est\u00e9 ya indicado en el texto de esta Informaci\u00f3n;<\/span><\/li><li style=\"font-weight: 400;\" aria-level=\"1\"><span style=\"font-weight: 400;\">obtener sin demora la rectificaci\u00f3n de los datos personales inexactos que le conciernen;<\/span><\/li><li style=\"font-weight: 400;\" aria-level=\"1\"><span style=\"font-weight: 400;\">obtener, en los casos previstos por la ley, la supresi\u00f3n de sus datos;<\/span><\/li><\/ul><ul><li style=\"font-weight: 400;\" aria-level=\"1\"><span style=\"font-weight: 400;\">obtener la limitaci\u00f3n del tratamiento u oponerse al mismo, cuando est\u00e9 admitido en base a las previsiones de ley aplicables al caso espec\u00edfico.<\/span><\/li><\/ul><h4><span style=\"font-weight: 400;\">Cuando lo considere oportuno, el interesado podr\u00e1 presentar una reclamaci\u00f3n ante la Autoridad de control (Autoridad Garante para la protecci\u00f3n de los datos personales).<\/span><\/h4>\t\t\t\t\t\t\t\t<\/div>\n\t\t\t\t<\/div>\n\t\t\t\t<div class=\"elementor-element elementor-element-f6ca896 elementor-widget elementor-widget-text-editor\" data-id=\"f6ca896\" data-element_type=\"widget\" data-e-type=\"widget\" data-widget_type=\"text-editor.default\">\n\t\t\t\t<div class=\"elementor-widget-container\">\n\t\t\t\t\t\t\t\t\t<h4><strong>CAR\u00c1CTER FACULTATIVO DE LA COMUNICACI\u00d3N DE LOS DATOS<\/strong><\/h4><p>Aparte de lo especificado para los datos de navegaci\u00f3n, el usuario es libre de facilitar los datos personales indicados en los formularios de solicitud o, en cualquier caso, indicados en los contactos con Fondapi para solicitar el env\u00edo de material informativo o de otras comunicaciones.<br>Su falta de comunicaci\u00f3n puede implicar la imposibilidad de obtener lo solicitado.<br>Se se\u00f1ala, adem\u00e1s, que la aceptaci\u00f3n de las denominadas cookies es condici\u00f3n necesaria para disfrutar del servicio de consulta de las p\u00e1ginas din\u00e1micas.<br>Para ser exhaustivos, cabe recordar que, en algunos casos (que no son objeto de la gesti\u00f3n ordinaria de este sitio), la Autoridad puede solicitar noticias e informaci\u00f3n a efectos del control sobre el tratamiento de los datos personales.<br>En estos casos, la respuesta es obligatoria, so pena de sanci\u00f3n administrativa.<\/p>\t\t\t\t\t\t\t\t<\/div>\n\t\t\t\t<\/div>\n\t\t\t\t<div class=\"elementor-element elementor-element-1155e6c elementor-widget elementor-widget-text-editor\" data-id=\"1155e6c\" data-element_type=\"widget\" data-e-type=\"widget\" data-widget_type=\"text-editor.default\">\n\t\t\t\t<div class=\"elementor-widget-container\">\n\t\t\t\t\t\t\t\t\t<h4><strong>MODALIDADES DEL TRATAMIENTO<\/strong><\/h4>\nLos datos personales se tratan con instrumentos automatizados durante el tiempo estrictamente necesario para conseguir los fines para los que han sido recogidos. Se observan medidas de seguridad espec\u00edficas para prevenir la p\u00e9rdida de los datos, usos il\u00edcitos o no correctos y accesos no autorizados. \t\t\t\t\t\t\t\t<\/div>\n\t\t\t\t<\/div>\n\t\t\t\t<div class=\"elementor-element elementor-element-7174e3b elementor-widget elementor-widget-text-editor\" data-id=\"7174e3b\" data-element_type=\"widget\" data-e-type=\"widget\" data-widget_type=\"text-editor.default\">\n\t\t\t\t<div class=\"elementor-widget-container\">\n\t\t\t\t\t\t\t\t\t<h4><strong>LUGAR DE TRATAMIENTO DE LOS DATOS<\/strong><\/h4>\nLos tratamientos relacionados con los servicios web de este sitio tienen lugar en la sede del Titular del tratamiento, es decir, Fondapi, y son gestionados solo por personal autorizado y expresamente\nencargado para ello. Ning\u00fan dato derivado del servicio web se comunica o difunde.\nLos datos, que no ser\u00e1n difundidos, podr\u00e1n ser comunicados tambi\u00e9n a sociedades terceras que, por cuenta nuestra,\nse ocupan de la gesti\u00f3n inform\u00e1tica del sitio y\/o de la gesti\u00f3n de otras actividades relacionadas con los servicios web proporcionados por el mismo. \t\t\t\t\t\t\t\t<\/div>\n\t\t\t\t<\/div>\n\t\t\t\t<div class=\"elementor-element elementor-element-0b8986a elementor-widget elementor-widget-text-editor\" data-id=\"0b8986a\" data-element_type=\"widget\" data-e-type=\"widget\" data-widget_type=\"text-editor.default\">\n\t\t\t\t<div class=\"elementor-widget-container\">\n\t\t\t\t\t\t\t\t\t<h4><strong>DERECHOS DE LOS INTERESADOS<\/strong><\/h4>\nEl interesado podr\u00e1 dirigirse al Titular para ejercer los derechos previstos por el Reglamento a favor del\nmismo y, en particular, podr\u00e1 solicitar el acceso, la rectificaci\u00f3n, la actualizaci\u00f3n, el bloqueo, la revocaci\u00f3n del\nconsentimiento de conformidad con las normas aplicables, la limitaci\u00f3n del tratamiento, la portabilidad de los datos\ny la cancelaci\u00f3n de los mismos. El interesado, en relaci\u00f3n con el tratamiento de sus datos personales, tiene adem\u00e1s derecho a presentar una reclamaci\u00f3n ante la Autoridad de control. Tales derechos pueden ser ejercidos\nescribiendo a la direcci\u00f3n de correo electr\u00f3nico fondapi@protectiontrade.it.  \t\t\t\t\t\t\t\t<\/div>\n\t\t\t\t<\/div>\n\t\t\t\t<div class=\"elementor-element elementor-element-20a95a3 elementor-widget elementor-widget-text-editor\" data-id=\"20a95a3\" data-element_type=\"widget\" data-e-type=\"widget\" data-widget_type=\"text-editor.default\">\n\t\t\t\t<div class=\"elementor-widget-container\">\n\t\t\t\t\t\t\t\t\t<h4><strong>TITULAR DEL TRATAMIENTO<\/strong><\/h4>\nEl titular del tratamiento de los datos es FONDAPI, Fondo nacional de pensi\u00f3n complementaria para los\ntrabajadores de las peque\u00f1as y medianas empresas, con sede en Piazza Cola di Rienzo, 80\/A &#8211; Roma.\t\t\t\t\t\t\t\t<\/div>\n\t\t\t\t<\/div>\n\t\t\t\t<\/div>\n\t\t\t\t\t<\/div>\n\t\t\t\t<\/div>\n\t\t\t\t<\/div>\n\t\t","protected":false},"excerpt":{"rendered":"<p>Home Fondapi Informaci\u00f3n en virtud del art\u00edculo 13 del Reglamento (UE) 2016\/679 Esta informaci\u00f3n se proporciona en virtud del art\u00edculo 13 del Reglamento (UE) 2016\/679 (en adelante, tambi\u00e9n Reglamento); de acuerdo con la ley indicada, dicho tratamiento se basar\u00e1 en los principios de correcci\u00f3n, legalidad y transparencia, as\u00ed como en la protecci\u00f3n de Su confidencialidad [&hellip;]<\/p>\n","protected":false},"author":1,"featured_media":0,"parent":0,"menu_order":26,"comment_status":"closed","ping_status":"closed","template":"","meta":{"footnotes":""},"class_list":["post-61369","page","type-page","status-publish","hentry"],"yoast_head":"<!-- This site is optimized with the Yoast SEO plugin v27.2 - https:\/\/yoast.com\/product\/yoast-seo-wordpress\/ -->\n<title>Informaci\u00f3n sobre privacidad - Fondapi<\/title>\n<meta name=\"robots\" content=\"index, follow, max-snippet:-1, max-image-preview:large, max-video-preview:-1\" \/>\n<link rel=\"canonical\" href=\"https:\/\/www.fondapi.it\/es\/informacion-sobre-privacidad\/\" \/>\n<meta property=\"og:locale\" content=\"es_ES\" \/>\n<meta property=\"og:type\" content=\"article\" \/>\n<meta property=\"og:title\" content=\"Informaci\u00f3n sobre privacidad - Fondapi\" \/>\n<meta property=\"og:description\" content=\"Home Fondapi Informaci\u00f3n en virtud del art\u00edculo 13 del Reglamento (UE) 2016\/679 Esta informaci\u00f3n se proporciona en virtud del art\u00edculo 13 del Reglamento (UE) 2016\/679 (en adelante, tambi\u00e9n Reglamento); de acuerdo con la ley indicada, dicho tratamiento se basar\u00e1 en los principios de correcci\u00f3n, legalidad y transparencia, as\u00ed como en la protecci\u00f3n de Su confidencialidad [&hellip;]\" \/>\n<meta property=\"og:url\" content=\"https:\/\/www.fondapi.it\/es\/informacion-sobre-privacidad\/\" \/>\n<meta property=\"og:site_name\" content=\"Fondapi\" \/>\n<meta property=\"article:publisher\" content=\"https:\/\/www.facebook.com\/pages\/Scegli-Fondapi\/111620682275544?fref=ts\" \/>\n<meta property=\"article:modified_time\" content=\"2025-11-12T07:51:11+00:00\" \/>\n<meta name=\"twitter:card\" content=\"summary_large_image\" \/>\n<meta name=\"twitter:site\" content=\"@fondapi\" \/>\n<meta name=\"twitter:label1\" content=\"Tiempo de lectura\" \/>\n\t<meta name=\"twitter:data1\" content=\"6 minutos\" \/>\n<script type=\"application\/ld+json\" class=\"yoast-schema-graph\">{\"@context\":\"https:\/\/schema.org\",\"@graph\":[{\"@type\":\"WebPage\",\"@id\":\"https:\/\/www.fondapi.it\/es\/informacion-sobre-privacidad\/\",\"url\":\"https:\/\/www.fondapi.it\/es\/informacion-sobre-privacidad\/\",\"name\":\"Informaci\u00f3n sobre privacidad - Fondapi\",\"isPartOf\":{\"@id\":\"https:\/\/www.fondapi.it\/es\/#website\"},\"datePublished\":\"2024-06-19T10:04:42+00:00\",\"dateModified\":\"2025-11-12T07:51:11+00:00\",\"breadcrumb\":{\"@id\":\"https:\/\/www.fondapi.it\/es\/informacion-sobre-privacidad\/#breadcrumb\"},\"inLanguage\":\"es\",\"potentialAction\":[{\"@type\":\"ReadAction\",\"target\":[\"https:\/\/www.fondapi.it\/es\/informacion-sobre-privacidad\/\"]}]},{\"@type\":\"BreadcrumbList\",\"@id\":\"https:\/\/www.fondapi.it\/es\/informacion-sobre-privacidad\/#breadcrumb\",\"itemListElement\":[{\"@type\":\"ListItem\",\"position\":1,\"name\":\"Home\",\"item\":\"https:\/\/www.fondapi.it\/es\/inicio\/\"},{\"@type\":\"ListItem\",\"position\":2,\"name\":\"Informaci\u00f3n sobre privacidad\"}]},{\"@type\":\"WebSite\",\"@id\":\"https:\/\/www.fondapi.it\/es\/#website\",\"url\":\"https:\/\/www.fondapi.it\/es\/\",\"name\":\"Fondapi\",\"description\":\"\",\"publisher\":{\"@id\":\"https:\/\/www.fondapi.it\/es\/#organization\"},\"alternateName\":\"Fondapi Fondo pensione integrativa\",\"potentialAction\":[{\"@type\":\"SearchAction\",\"target\":{\"@type\":\"EntryPoint\",\"urlTemplate\":\"https:\/\/www.fondapi.it\/es\/?s={search_term_string}\"},\"query-input\":{\"@type\":\"PropertyValueSpecification\",\"valueRequired\":true,\"valueName\":\"search_term_string\"}}],\"inLanguage\":\"es\"},{\"@type\":\"Organization\",\"@id\":\"https:\/\/www.fondapi.it\/es\/#organization\",\"name\":\"Fondapi - Fondo nazionale pensione complementare\",\"alternateName\":\"Fondapi Fondo pensione integrativa\",\"url\":\"https:\/\/www.fondapi.it\/es\/\",\"logo\":{\"@type\":\"ImageObject\",\"inLanguage\":\"es\",\"@id\":\"https:\/\/www.fondapi.it\/es\/#\/schema\/logo\/image\/\",\"url\":\"\",\"contentUrl\":\"\",\"caption\":\"Fondapi - Fondo nazionale pensione complementare\"},\"image\":{\"@id\":\"https:\/\/www.fondapi.it\/es\/#\/schema\/logo\/image\/\"},\"sameAs\":[\"https:\/\/www.facebook.com\/pages\/Scegli-Fondapi\/111620682275544?fref=ts\",\"https:\/\/x.com\/fondapi\",\"https:\/\/www.linkedin.com\/company\/18497131\",\"https:\/\/www.youtube.com\/user\/Fondapi\",\"https:\/\/www.instagram.com\/fondapi.it\/\"]}]}<\/script>\n<!-- \/ Yoast SEO plugin. -->","yoast_head_json":{"title":"Informaci\u00f3n sobre privacidad - Fondapi","robots":{"index":"index","follow":"follow","max-snippet":"max-snippet:-1","max-image-preview":"max-image-preview:large","max-video-preview":"max-video-preview:-1"},"canonical":"https:\/\/www.fondapi.it\/es\/informacion-sobre-privacidad\/","og_locale":"es_ES","og_type":"article","og_title":"Informaci\u00f3n sobre privacidad - Fondapi","og_description":"Home Fondapi Informaci\u00f3n en virtud del art\u00edculo 13 del Reglamento (UE) 2016\/679 Esta informaci\u00f3n se proporciona en virtud del art\u00edculo 13 del Reglamento (UE) 2016\/679 (en adelante, tambi\u00e9n Reglamento); de acuerdo con la ley indicada, dicho tratamiento se basar\u00e1 en los principios de correcci\u00f3n, legalidad y transparencia, as\u00ed como en la protecci\u00f3n de Su confidencialidad [&hellip;]","og_url":"https:\/\/www.fondapi.it\/es\/informacion-sobre-privacidad\/","og_site_name":"Fondapi","article_publisher":"https:\/\/www.facebook.com\/pages\/Scegli-Fondapi\/111620682275544?fref=ts","article_modified_time":"2025-11-12T07:51:11+00:00","twitter_card":"summary_large_image","twitter_site":"@fondapi","twitter_misc":{"Tiempo de lectura":"6 minutos"},"schema":{"@context":"https:\/\/schema.org","@graph":[{"@type":"WebPage","@id":"https:\/\/www.fondapi.it\/es\/informacion-sobre-privacidad\/","url":"https:\/\/www.fondapi.it\/es\/informacion-sobre-privacidad\/","name":"Informaci\u00f3n sobre privacidad - Fondapi","isPartOf":{"@id":"https:\/\/www.fondapi.it\/es\/#website"},"datePublished":"2024-06-19T10:04:42+00:00","dateModified":"2025-11-12T07:51:11+00:00","breadcrumb":{"@id":"https:\/\/www.fondapi.it\/es\/informacion-sobre-privacidad\/#breadcrumb"},"inLanguage":"es","potentialAction":[{"@type":"ReadAction","target":["https:\/\/www.fondapi.it\/es\/informacion-sobre-privacidad\/"]}]},{"@type":"BreadcrumbList","@id":"https:\/\/www.fondapi.it\/es\/informacion-sobre-privacidad\/#breadcrumb","itemListElement":[{"@type":"ListItem","position":1,"name":"Home","item":"https:\/\/www.fondapi.it\/es\/inicio\/"},{"@type":"ListItem","position":2,"name":"Informaci\u00f3n sobre privacidad"}]},{"@type":"WebSite","@id":"https:\/\/www.fondapi.it\/es\/#website","url":"https:\/\/www.fondapi.it\/es\/","name":"Fondapi","description":"","publisher":{"@id":"https:\/\/www.fondapi.it\/es\/#organization"},"alternateName":"Fondapi Fondo pensione integrativa","potentialAction":[{"@type":"SearchAction","target":{"@type":"EntryPoint","urlTemplate":"https:\/\/www.fondapi.it\/es\/?s={search_term_string}"},"query-input":{"@type":"PropertyValueSpecification","valueRequired":true,"valueName":"search_term_string"}}],"inLanguage":"es"},{"@type":"Organization","@id":"https:\/\/www.fondapi.it\/es\/#organization","name":"Fondapi - Fondo nazionale pensione complementare","alternateName":"Fondapi Fondo pensione integrativa","url":"https:\/\/www.fondapi.it\/es\/","logo":{"@type":"ImageObject","inLanguage":"es","@id":"https:\/\/www.fondapi.it\/es\/#\/schema\/logo\/image\/","url":"","contentUrl":"","caption":"Fondapi - Fondo nazionale pensione complementare"},"image":{"@id":"https:\/\/www.fondapi.it\/es\/#\/schema\/logo\/image\/"},"sameAs":["https:\/\/www.facebook.com\/pages\/Scegli-Fondapi\/111620682275544?fref=ts","https:\/\/x.com\/fondapi","https:\/\/www.linkedin.com\/company\/18497131","https:\/\/www.youtube.com\/user\/Fondapi","https:\/\/www.instagram.com\/fondapi.it\/"]}]}},"_links":{"self":[{"href":"https:\/\/www.fondapi.it\/es\/wp-json\/wp\/v2\/pages\/61369","targetHints":{"allow":["GET"]}}],"collection":[{"href":"https:\/\/www.fondapi.it\/es\/wp-json\/wp\/v2\/pages"}],"about":[{"href":"https:\/\/www.fondapi.it\/es\/wp-json\/wp\/v2\/types\/page"}],"author":[{"embeddable":true,"href":"https:\/\/www.fondapi.it\/es\/wp-json\/wp\/v2\/users\/1"}],"replies":[{"embeddable":true,"href":"https:\/\/www.fondapi.it\/es\/wp-json\/wp\/v2\/comments?post=61369"}],"version-history":[{"count":1,"href":"https:\/\/www.fondapi.it\/es\/wp-json\/wp\/v2\/pages\/61369\/revisions"}],"predecessor-version":[{"id":61370,"href":"https:\/\/www.fondapi.it\/es\/wp-json\/wp\/v2\/pages\/61369\/revisions\/61370"}],"wp:attachment":[{"href":"https:\/\/www.fondapi.it\/es\/wp-json\/wp\/v2\/media?parent=61369"}],"curies":[{"name":"wp","href":"https:\/\/api.w.org\/{rel}","templated":true}]}}