{"id":60616,"date":"2025-10-22T17:13:36","date_gmt":"2025-10-22T15:13:36","guid":{"rendered":"https:\/\/www.fondapi.it\/politique-de-confidentialite-chatbot\/"},"modified":"2025-11-11T08:38:25","modified_gmt":"2025-11-11T07:38:25","slug":"politique-de-confidentialite-chatbot","status":"publish","type":"page","link":"https:\/\/www.fondapi.it\/fr\/politique-de-confidentialite-chatbot\/","title":{"rendered":"Politique de confidentialit\u00e9 Chatbot"},"content":{"rendered":"\t\t<div data-elementor-type=\"wp-page\" data-elementor-id=\"60616\" class=\"elementor elementor-60616 elementor-60579\" data-elementor-post-type=\"page\">\n\t\t\t\t<div class=\"elementor-element elementor-element-653d948 e-flex e-con-boxed e-con e-parent\" data-id=\"653d948\" data-element_type=\"container\" data-e-type=\"container\" data-settings=\"{&quot;background_background&quot;:&quot;classic&quot;,&quot;jet_parallax_layout_list&quot;:[]}\">\n\t\t\t\t\t<div class=\"e-con-inner\">\n\t\t<div class=\"elementor-element elementor-element-dc41a10 e-flex e-con-boxed e-con e-child\" data-id=\"dc41a10\" data-element_type=\"container\" data-e-type=\"container\" data-settings=\"{&quot;jet_parallax_layout_list&quot;:[]}\">\n\t\t\t\t\t<div class=\"e-con-inner\">\n\t\t\t\t<div class=\"elementor-element elementor-element-58908fc elementor-widget elementor-widget-jet-breadcrumbs\" data-id=\"58908fc\" data-element_type=\"widget\" data-e-type=\"widget\" data-widget_type=\"jet-breadcrumbs.default\">\n\t\t\t\t<div class=\"elementor-widget-container\">\n\t\t\t\t\t<div class=\"elementor-jet-breadcrumbs jet-blocks\">\n\t\t<div class=\"jet-breadcrumbs\">\n\t\t<div class=\"jet-breadcrumbs__content\">\n\t\t<div class=\"jet-breadcrumbs__wrap\"><div class=\"jet-breadcrumbs__item\"><a href=\"https:\/\/www.fondapi.it\/fr\/\" class=\"jet-breadcrumbs__item-link is-home\" rel=\"home\" title=\"Accueil\">Accueil<\/a><\/div>\n\t\t<\/div>\n\t\t<\/div>\n\t\t<\/div><\/div>\t\t\t\t<\/div>\n\t\t\t\t<\/div>\n\t\t\t\t<div class=\"elementor-element elementor-element-30db121 elementor-widget elementor-widget-html\" data-id=\"30db121\" data-element_type=\"widget\" data-e-type=\"widget\" data-widget_type=\"html.default\">\n\t\t\t\t<div class=\"elementor-widget-container\">\n\t\t\t\t\t<script>document.addEventListener(\"DOMContentLoaded\", function() {\n  var observer = new MutationObserver(function(mutations) {\n    mutations.forEach(function(mutation) {\n      var link = document.querySelector(\".jet-breadcrumbs__item-link[title='Fondapi']\");\n      if (link) {\n        link.addEventListener(\"click\", function(event) {\n          event.preventDefault();\n        });\n      }\n    });\n  });\n\n  observer.observe(document.body, { childList: true, subtree: true });\n\n  var link = document.querySelector(\".jet-breadcrumbs__item-link[title='Fondapi']\");\n  if (link) {\n    link.addEventListener(\"click\", function(event) {\n      event.preventDefault();\n    });\n  }\n});\n<\/script>\t\t\t\t<\/div>\n\t\t\t\t<\/div>\n\t\t\t\t\t<\/div>\n\t\t\t\t<\/div>\n\t\t<div class=\"elementor-element elementor-element-256d4b4 e-flex e-con-boxed e-con e-child\" data-id=\"256d4b4\" data-element_type=\"container\" data-e-type=\"container\" data-settings=\"{&quot;jet_parallax_layout_list&quot;:[]}\">\n\t\t\t\t\t<div class=\"e-con-inner\">\n\t\t\t\t<div class=\"elementor-element elementor-element-9257370 elementor-widget__width-auto elementor-widget elementor-widget-heading\" data-id=\"9257370\" data-element_type=\"widget\" data-e-type=\"widget\" data-widget_type=\"heading.default\">\n\t\t\t\t<div class=\"elementor-widget-container\">\n\t\t\t\t\t<h6 class=\"elementor-heading-title elementor-size-default\">Fondapi<\/h6>\t\t\t\t<\/div>\n\t\t\t\t<\/div>\n\t\t\t\t\t<\/div>\n\t\t\t\t<\/div>\n\t\t\t\t\t<\/div>\n\t\t\t\t<\/div>\n\t\t<div class=\"elementor-element elementor-element-fa4006a e-flex e-con-boxed e-con e-parent\" data-id=\"fa4006a\" data-element_type=\"container\" data-e-type=\"container\" data-settings=\"{&quot;jet_parallax_layout_list&quot;:[]}\">\n\t\t\t\t\t<div class=\"e-con-inner\">\n\t\t<div class=\"elementor-element elementor-element-893b52a e-con-full e-flex e-con e-child\" data-id=\"893b52a\" data-element_type=\"container\" data-e-type=\"container\" data-settings=\"{&quot;jet_parallax_layout_list&quot;:[]}\">\n\t\t\t\t<div class=\"elementor-element elementor-element-f26bc70 elementor-widget elementor-widget-heading\" data-id=\"f26bc70\" data-element_type=\"widget\" data-e-type=\"widget\" data-widget_type=\"heading.default\">\n\t\t\t\t<div class=\"elementor-widget-container\">\n\t\t\t\t\t<h3 class=\"elementor-heading-title elementor-size-default\">INFORMATION SUR LE TRAITEMENT DES DONN\u00c9ES PERSONNELLES (Art. 13 R\u00e8glement UE 2016\/679)<\/h3>\t\t\t\t<\/div>\n\t\t\t\t<\/div>\n\t\t\t\t<div class=\"elementor-element elementor-element-b569226 elementor-widget elementor-widget-text-editor\" data-id=\"b569226\" data-element_type=\"widget\" data-e-type=\"widget\" data-widget_type=\"text-editor.default\">\n\t\t\t\t<div class=\"elementor-widget-container\">\n\t\t\t\t\t\t\t\t\t<p>En vertu de l&rsquo;art. 13 du R\u00e8glement UE 2016\/679, concernant le traitement et la libre circulation des donn\u00e9es personnelles relatives aux personnes physiques (ci-apr\u00e8s \u00e9galement R\u00e8glement), FONDAPI Fonds national de pension compl\u00e9mentaire pour les travailleurs des petites et moyennes entreprises (ci-apr\u00e8s Fondapi ou Fonds de Pension), en qualit\u00e9 de Responsable du traitement, fournit les informations suivantes sur le traitement des donn\u00e9es personnelles appartenant \u00e0 ses adh\u00e9rents.<\/p><p><strong>1. RESPONSABLE DU TRAITEMENT DES DONN\u00c9ES <\/strong><\/p><p>Le responsable du traitement des donn\u00e9es est FONDAPI Fonds national de pension compl\u00e9mentaire pour les travailleurs des petites et moyennes entreprises ayant son si\u00e8ge Piazza Cola di Rienzo, 80\/A \u2013 Rome.<\/p><p><strong>2. D\u00c9L\u00c9GU\u00c9 \u00c0 LA PROTECTION DES DONN\u00c9ES (DPO)<\/strong><\/p><p>Le D\u00e9l\u00e9gu\u00e9 \u00e0 la protection des donn\u00e9es (Data Protection Officer) est Protection Trade S.r.l. ayant son si\u00e8ge Via Giorgio Morandi 22, Itri (LT), e-mail <a href=\"mailto:dpo_fondapi@protectiontrade.it\">dpo_fondapi@protectiontrade.it<\/a><\/p><p><strong>3. FINALIT\u00c9S DU TRAITEMENT<\/strong><\/p><p>Le Chatbot mis \u00e0 disposition par Fondapi est un service d&rsquo;assistance facultatif et ne porte aucunement atteinte \u00e0 la possibilit\u00e9 de contacter directement le Fonds. Les conversations sont automatiques : aucune intervention d&rsquo;un op\u00e9rateur n&rsquo;est pr\u00e9vue. Les questions pos\u00e9es dans le Chatbot pourront \u00eatre examin\u00e9es par un pr\u00e9pos\u00e9 en cas de dysfonctionnement du logiciel.<\/p><p><strong>4. COMMUNICATION DES DONN\u00c9ES<\/strong><\/p><p>La communication des donn\u00e9es demand\u00e9es est obligatoire, \u00e0 d\u00e9faut il sera impossible d&rsquo;effectuer l&rsquo;activit\u00e9.<\/p><p><strong>5. BASE JURIDIQUE DU TRAITEMENT ET P\u00c9RIODE DE CONSERVATION DES DONN\u00c9ES<\/strong><\/p><p>La base juridique du traitement pour les finalit\u00e9s d\u00e9crites est la demande de la personne concern\u00e9e ex Art. 6, par. 1, lett. b) \u2013 ex\u00e9cution de mesures pr\u00e9contractuelles ou contractuelles. Les donn\u00e9es personnelles collect\u00e9es par le biais du service Chatbot sont conserv\u00e9es pendant une p\u00e9riode de 12 mois \u00e0 compter de la date d&rsquo;enregistrement ou pour une dur\u00e9e sup\u00e9rieure en cas d&rsquo;acte interruptif et\/ou suspensif de la prescription qui justifierait la prolongation de la conservation.<\/p><p><strong>6. NATURE DES DONN\u00c9ES TRAIT\u00c9ES<\/strong><\/p><p>Le Chatbot pr\u00e9sent dans l&rsquo;espace public du site fournira uniquement des r\u00e9ponses de caract\u00e8re g\u00e9n\u00e9ral et de domaine public. Les cat\u00e9gories de donn\u00e9es personnelles trait\u00e9es sont les suivantes : Chatbot Public : a) Contenu des demandes. Le Chatbot Priv\u00e9 : a) Texte des demandes ; b) Nom de l&rsquo;utilisateur ; c) ID utilisateur.<\/p><p><strong>7. MODALIT\u00c9S DE TRAITEMENT DES DONN\u00c9ES TRAIT\u00c9ES<\/strong><\/p><p>Le traitement des donn\u00e9es personnelles s&rsquo;effectue au moyen d&rsquo;outils manuels et informatiques, selon des modalit\u00e9s \u00e9troitement li\u00e9es aux finalit\u00e9s indiqu\u00e9es ci-dessus et, en tout cas, de mani\u00e8re \u00e0 garantir la s\u00e9curit\u00e9, la protection et la confidentialit\u00e9 des donn\u00e9es elles-m\u00eames.<\/p><p><strong>8. DESTINATAIRES DES DONN\u00c9ES<\/strong><\/p><p>Les donn\u00e9es personnelles collect\u00e9es pourront \u00eatre trait\u00e9es au sein de l&rsquo;organisation du responsable du traitement par des personnes autoris\u00e9es et form\u00e9es. Le Fonds de Pension pourra communiquer les donn\u00e9es personnelles acquises \u00e0 des sujets et soci\u00e9t\u00e9s externes qui fournissent au m\u00eame des services \u00e9troitement li\u00e9s et instrumentaux \u00e0 sa propre activit\u00e9, \u00e9galement nomm\u00e9s Responsables du traitement au sens de l&rsquo;art. 28 du R\u00e8glement. La liste des responsables du traitement, constamment mise \u00e0 jour, est conserv\u00e9e au si\u00e8ge l\u00e9gal du Responsable du traitement. Les donn\u00e9es personnelles acquises ne font pas l&rsquo;objet de diffusion. Le Fonds de Pension pourrait recourir \u00e0 des fournisseurs ou sous-fournisseurs qui ne r\u00e9sident pas dans l&rsquo;Union europ\u00e9enne, \u00e0 cet \u00e9gard il est garanti que le transfert ne pourra avoir lieu que vers des sujets qui garantissent un niveau ad\u00e9quat de protection du traitement des donn\u00e9es et\/ou vers des pays pour lesquels les Autorit\u00e9s comp\u00e9tentes ont \u00e9mis une d\u00e9cision d&rsquo;ad\u00e9quation, ainsi que vers des sujets qui ont fourni des garanties appropri\u00e9es au traitement des donn\u00e9es par le biais d&rsquo;instruments normatifs\/contractuels ad\u00e9quats tels que par exemple la souscription de clauses contractuelles standard. Pour obtenir des informations \u00e0 cet \u00e9gard, vous pourrez envoyer un e-mail \u00e0 l&rsquo;adresse <a href=\"mailto:dpo_fondapi@protectiontrade.it\">dpo_fondapi@protectiontrade.it<\/a>.<\/p><p><strong>9. DROITS DE LA PERSONNE CONCERN\u00c9E<\/strong><\/p><p>Nous vous informons, enfin, que vous pourrez exercer les droits pr\u00e9vus par le R\u00e8glement, en \u00e9crivant \u00e0 dpo_fondapi@protectiontrade.it. En particulier, vous pourrez :<\/p><ul><li>acc\u00e9der \u00e0 vos donn\u00e9es personnelles, en obtenant la preuve des finalit\u00e9s poursuivies par le Responsable du traitement, des cat\u00e9gories de donn\u00e9es concern\u00e9es, des destinataires auxquels elles peuvent \u00eatre communiqu\u00e9es, de la p\u00e9riode de conservation applicable, de l&rsquo;existence de processus d\u00e9cisionnels automatis\u00e9s, y compris le profilage, et, au moins dans ces cas, des informations significatives sur la logique utilis\u00e9e, ainsi que l&rsquo;importance et les cons\u00e9quences possibles pour la personne concern\u00e9e, si cela n&rsquo;est pas d\u00e9j\u00e0 indiqu\u00e9 dans le texte de cette Information ;<\/li><li>obtenir sans d\u00e9lai la rectification des donn\u00e9es personnelles inexactes qui vous concernent ;<\/li><li>obtenir, dans les cas pr\u00e9vus par la loi, l&rsquo;effacement de vos donn\u00e9es ;<\/li><li>obtenir la limitation du traitement ou vous y opposer, lorsque cela est admis sur la base des dispositions l\u00e9gales applicables au cas sp\u00e9cifique.<\/li><\/ul><p>Nous vous rappelons enfin, qu&rsquo;il est un droit de la Personne concern\u00e9e de d\u00e9poser une r\u00e9clamation aupr\u00e8s de l&rsquo;Autorit\u00e9 de contr\u00f4le : Autorit\u00e9 Garante pour la Protection des Donn\u00e9es Personnelles.<\/p>\t\t\t\t\t\t\t\t<\/div>\n\t\t\t\t<\/div>\n\t\t\t\t<\/div>\n\t\t\t\t\t<\/div>\n\t\t\t\t<\/div>\n\t\t\t\t<\/div>\n\t\t","protected":false},"excerpt":{"rendered":"<p>Home Fondapi INFORMATION SUR LE TRAITEMENT DES DONN\u00c9ES PERSONNELLES (Art. 13 R\u00e8glement UE 2016\/679) En vertu de l&rsquo;art. 13 du R\u00e8glement UE 2016\/679, concernant le traitement et la libre circulation des donn\u00e9es personnelles relatives aux personnes physiques (ci-apr\u00e8s \u00e9galement R\u00e8glement), FONDAPI Fonds national de pension compl\u00e9mentaire pour les travailleurs des petites et moyennes entreprises (ci-apr\u00e8s [&hellip;]<\/p>\n","protected":false},"author":3,"featured_media":0,"parent":0,"menu_order":26,"comment_status":"closed","ping_status":"closed","template":"","meta":{"footnotes":""},"class_list":["post-60616","page","type-page","status-publish","hentry"],"yoast_head":"<!-- This site is optimized with the Yoast SEO plugin v27.2 - https:\/\/yoast.com\/product\/yoast-seo-wordpress\/ -->\n<title>Politique de confidentialit\u00e9 Chatbot - Fondapi<\/title>\n<meta name=\"robots\" content=\"index, follow, max-snippet:-1, max-image-preview:large, max-video-preview:-1\" \/>\n<link rel=\"canonical\" href=\"https:\/\/www.fondapi.it\/fr\/politique-de-confidentialite-chatbot\/\" \/>\n<meta property=\"og:locale\" content=\"fr_FR\" \/>\n<meta property=\"og:type\" content=\"article\" \/>\n<meta property=\"og:title\" content=\"Politique de confidentialit\u00e9 Chatbot - Fondapi\" \/>\n<meta property=\"og:description\" content=\"Home Fondapi INFORMATION SUR LE TRAITEMENT DES DONN\u00c9ES PERSONNELLES (Art. 13 R\u00e8glement UE 2016\/679) En vertu de l&rsquo;art. 13 du R\u00e8glement UE 2016\/679, concernant le traitement et la libre circulation des donn\u00e9es personnelles relatives aux personnes physiques (ci-apr\u00e8s \u00e9galement R\u00e8glement), FONDAPI Fonds national de pension compl\u00e9mentaire pour les travailleurs des petites et moyennes entreprises (ci-apr\u00e8s [&hellip;]\" \/>\n<meta property=\"og:url\" content=\"https:\/\/www.fondapi.it\/fr\/politique-de-confidentialite-chatbot\/\" \/>\n<meta property=\"og:site_name\" content=\"Fondapi\" \/>\n<meta property=\"article:publisher\" content=\"https:\/\/www.facebook.com\/pages\/Scegli-Fondapi\/111620682275544?fref=ts\" \/>\n<meta property=\"article:modified_time\" content=\"2025-11-11T07:38:25+00:00\" \/>\n<meta name=\"twitter:card\" content=\"summary_large_image\" \/>\n<meta name=\"twitter:site\" content=\"@fondapi\" \/>\n<meta name=\"twitter:label1\" content=\"Dur\u00e9e de lecture estim\u00e9e\" \/>\n\t<meta name=\"twitter:data1\" content=\"4 minutes\" \/>\n<script type=\"application\/ld+json\" class=\"yoast-schema-graph\">{\"@context\":\"https:\/\/schema.org\",\"@graph\":[{\"@type\":\"WebPage\",\"@id\":\"https:\/\/www.fondapi.it\/fr\/politique-de-confidentialite-chatbot\/\",\"url\":\"https:\/\/www.fondapi.it\/fr\/politique-de-confidentialite-chatbot\/\",\"name\":\"Politique de confidentialit\u00e9 Chatbot - Fondapi\",\"isPartOf\":{\"@id\":\"https:\/\/www.fondapi.it\/fr\/#website\"},\"datePublished\":\"2025-10-22T15:13:36+00:00\",\"dateModified\":\"2025-11-11T07:38:25+00:00\",\"breadcrumb\":{\"@id\":\"https:\/\/www.fondapi.it\/fr\/politique-de-confidentialite-chatbot\/#breadcrumb\"},\"inLanguage\":\"fr-FR\",\"potentialAction\":[{\"@type\":\"ReadAction\",\"target\":[\"https:\/\/www.fondapi.it\/fr\/politique-de-confidentialite-chatbot\/\"]}]},{\"@type\":\"BreadcrumbList\",\"@id\":\"https:\/\/www.fondapi.it\/fr\/politique-de-confidentialite-chatbot\/#breadcrumb\",\"itemListElement\":[{\"@type\":\"ListItem\",\"position\":1,\"name\":\"Home\",\"item\":\"https:\/\/www.fondapi.it\/fr\/accueil\/\"},{\"@type\":\"ListItem\",\"position\":2,\"name\":\"Politique de confidentialit\u00e9 Chatbot\"}]},{\"@type\":\"WebSite\",\"@id\":\"https:\/\/www.fondapi.it\/fr\/#website\",\"url\":\"https:\/\/www.fondapi.it\/fr\/\",\"name\":\"Fondapi\",\"description\":\"\",\"publisher\":{\"@id\":\"https:\/\/www.fondapi.it\/fr\/#organization\"},\"alternateName\":\"Fondapi Fondo pensione integrativa\",\"potentialAction\":[{\"@type\":\"SearchAction\",\"target\":{\"@type\":\"EntryPoint\",\"urlTemplate\":\"https:\/\/www.fondapi.it\/fr\/?s={search_term_string}\"},\"query-input\":{\"@type\":\"PropertyValueSpecification\",\"valueRequired\":true,\"valueName\":\"search_term_string\"}}],\"inLanguage\":\"fr-FR\"},{\"@type\":\"Organization\",\"@id\":\"https:\/\/www.fondapi.it\/fr\/#organization\",\"name\":\"Fondapi - Fondo nazionale pensione complementare\",\"alternateName\":\"Fondapi Fondo pensione integrativa\",\"url\":\"https:\/\/www.fondapi.it\/fr\/\",\"logo\":{\"@type\":\"ImageObject\",\"inLanguage\":\"fr-FR\",\"@id\":\"https:\/\/www.fondapi.it\/fr\/#\/schema\/logo\/image\/\",\"url\":\"\",\"contentUrl\":\"\",\"caption\":\"Fondapi - Fondo nazionale pensione complementare\"},\"image\":{\"@id\":\"https:\/\/www.fondapi.it\/fr\/#\/schema\/logo\/image\/\"},\"sameAs\":[\"https:\/\/www.facebook.com\/pages\/Scegli-Fondapi\/111620682275544?fref=ts\",\"https:\/\/x.com\/fondapi\",\"https:\/\/www.linkedin.com\/company\/18497131\",\"https:\/\/www.youtube.com\/user\/Fondapi\",\"https:\/\/www.instagram.com\/fondapi.it\/\"]}]}<\/script>\n<!-- \/ Yoast SEO plugin. -->","yoast_head_json":{"title":"Politique de confidentialit\u00e9 Chatbot - Fondapi","robots":{"index":"index","follow":"follow","max-snippet":"max-snippet:-1","max-image-preview":"max-image-preview:large","max-video-preview":"max-video-preview:-1"},"canonical":"https:\/\/www.fondapi.it\/fr\/politique-de-confidentialite-chatbot\/","og_locale":"fr_FR","og_type":"article","og_title":"Politique de confidentialit\u00e9 Chatbot - Fondapi","og_description":"Home Fondapi INFORMATION SUR LE TRAITEMENT DES DONN\u00c9ES PERSONNELLES (Art. 13 R\u00e8glement UE 2016\/679) En vertu de l&rsquo;art. 13 du R\u00e8glement UE 2016\/679, concernant le traitement et la libre circulation des donn\u00e9es personnelles relatives aux personnes physiques (ci-apr\u00e8s \u00e9galement R\u00e8glement), FONDAPI Fonds national de pension compl\u00e9mentaire pour les travailleurs des petites et moyennes entreprises (ci-apr\u00e8s [&hellip;]","og_url":"https:\/\/www.fondapi.it\/fr\/politique-de-confidentialite-chatbot\/","og_site_name":"Fondapi","article_publisher":"https:\/\/www.facebook.com\/pages\/Scegli-Fondapi\/111620682275544?fref=ts","article_modified_time":"2025-11-11T07:38:25+00:00","twitter_card":"summary_large_image","twitter_site":"@fondapi","twitter_misc":{"Dur\u00e9e de lecture estim\u00e9e":"4 minutes"},"schema":{"@context":"https:\/\/schema.org","@graph":[{"@type":"WebPage","@id":"https:\/\/www.fondapi.it\/fr\/politique-de-confidentialite-chatbot\/","url":"https:\/\/www.fondapi.it\/fr\/politique-de-confidentialite-chatbot\/","name":"Politique de confidentialit\u00e9 Chatbot - Fondapi","isPartOf":{"@id":"https:\/\/www.fondapi.it\/fr\/#website"},"datePublished":"2025-10-22T15:13:36+00:00","dateModified":"2025-11-11T07:38:25+00:00","breadcrumb":{"@id":"https:\/\/www.fondapi.it\/fr\/politique-de-confidentialite-chatbot\/#breadcrumb"},"inLanguage":"fr-FR","potentialAction":[{"@type":"ReadAction","target":["https:\/\/www.fondapi.it\/fr\/politique-de-confidentialite-chatbot\/"]}]},{"@type":"BreadcrumbList","@id":"https:\/\/www.fondapi.it\/fr\/politique-de-confidentialite-chatbot\/#breadcrumb","itemListElement":[{"@type":"ListItem","position":1,"name":"Home","item":"https:\/\/www.fondapi.it\/fr\/accueil\/"},{"@type":"ListItem","position":2,"name":"Politique de confidentialit\u00e9 Chatbot"}]},{"@type":"WebSite","@id":"https:\/\/www.fondapi.it\/fr\/#website","url":"https:\/\/www.fondapi.it\/fr\/","name":"Fondapi","description":"","publisher":{"@id":"https:\/\/www.fondapi.it\/fr\/#organization"},"alternateName":"Fondapi Fondo pensione integrativa","potentialAction":[{"@type":"SearchAction","target":{"@type":"EntryPoint","urlTemplate":"https:\/\/www.fondapi.it\/fr\/?s={search_term_string}"},"query-input":{"@type":"PropertyValueSpecification","valueRequired":true,"valueName":"search_term_string"}}],"inLanguage":"fr-FR"},{"@type":"Organization","@id":"https:\/\/www.fondapi.it\/fr\/#organization","name":"Fondapi - Fondo nazionale pensione complementare","alternateName":"Fondapi Fondo pensione integrativa","url":"https:\/\/www.fondapi.it\/fr\/","logo":{"@type":"ImageObject","inLanguage":"fr-FR","@id":"https:\/\/www.fondapi.it\/fr\/#\/schema\/logo\/image\/","url":"","contentUrl":"","caption":"Fondapi - Fondo nazionale pensione complementare"},"image":{"@id":"https:\/\/www.fondapi.it\/fr\/#\/schema\/logo\/image\/"},"sameAs":["https:\/\/www.facebook.com\/pages\/Scegli-Fondapi\/111620682275544?fref=ts","https:\/\/x.com\/fondapi","https:\/\/www.linkedin.com\/company\/18497131","https:\/\/www.youtube.com\/user\/Fondapi","https:\/\/www.instagram.com\/fondapi.it\/"]}]}},"_links":{"self":[{"href":"https:\/\/www.fondapi.it\/fr\/wp-json\/wp\/v2\/pages\/60616","targetHints":{"allow":["GET"]}}],"collection":[{"href":"https:\/\/www.fondapi.it\/fr\/wp-json\/wp\/v2\/pages"}],"about":[{"href":"https:\/\/www.fondapi.it\/fr\/wp-json\/wp\/v2\/types\/page"}],"author":[{"embeddable":true,"href":"https:\/\/www.fondapi.it\/fr\/wp-json\/wp\/v2\/users\/3"}],"replies":[{"embeddable":true,"href":"https:\/\/www.fondapi.it\/fr\/wp-json\/wp\/v2\/comments?post=60616"}],"version-history":[{"count":1,"href":"https:\/\/www.fondapi.it\/fr\/wp-json\/wp\/v2\/pages\/60616\/revisions"}],"predecessor-version":[{"id":60617,"href":"https:\/\/www.fondapi.it\/fr\/wp-json\/wp\/v2\/pages\/60616\/revisions\/60617"}],"wp:attachment":[{"href":"https:\/\/www.fondapi.it\/fr\/wp-json\/wp\/v2\/media?parent=60616"}],"curies":[{"name":"wp","href":"https:\/\/api.w.org\/{rel}","templated":true}]}}