{"id":60700,"date":"2024-09-23T17:51:23","date_gmt":"2024-09-23T15:51:23","guid":{"rendered":"https:\/\/www.fondapi.it\/espace-entreprises-et-caisses\/echec-de-connexion\/"},"modified":"2025-11-11T08:40:52","modified_gmt":"2025-11-11T07:40:52","slug":"echec-de-connexion","status":"publish","type":"page","link":"https:\/\/www.fondapi.it\/fr\/assistance\/espace-entreprises-et-caisses\/echec-de-connexion\/","title":{"rendered":"\u00c9chec de connexion"},"content":{"rendered":"\t\t<div data-elementor-type=\"wp-page\" data-elementor-id=\"60700\" class=\"elementor elementor-60700 elementor-58777\" data-elementor-post-type=\"page\">\n\t\t\t\t<div class=\"elementor-element elementor-element-653d948 e-flex e-con-boxed e-con e-parent\" data-id=\"653d948\" data-element_type=\"container\" data-e-type=\"container\" data-settings=\"{&quot;background_background&quot;:&quot;classic&quot;,&quot;jet_parallax_layout_list&quot;:[]}\">\n\t\t\t\t\t<div class=\"e-con-inner\">\n\t\t<div class=\"elementor-element elementor-element-dc41a10 e-flex e-con-boxed e-con e-child\" data-id=\"dc41a10\" data-element_type=\"container\" data-e-type=\"container\" data-settings=\"{&quot;jet_parallax_layout_list&quot;:[]}\">\n\t\t\t\t\t<div class=\"e-con-inner\">\n\t\t\t\t<div class=\"elementor-element elementor-element-58908fc elementor-widget elementor-widget-jet-breadcrumbs\" data-id=\"58908fc\" data-element_type=\"widget\" data-e-type=\"widget\" data-widget_type=\"jet-breadcrumbs.default\">\n\t\t\t\t<div class=\"elementor-widget-container\">\n\t\t\t\t\t<div class=\"elementor-jet-breadcrumbs jet-blocks\">\n\t\t<div class=\"jet-breadcrumbs\">\n\t\t<div class=\"jet-breadcrumbs__content\">\n\t\t<div class=\"jet-breadcrumbs__wrap\"><div class=\"jet-breadcrumbs__item\"><a href=\"https:\/\/www.fondapi.it\/fr\/\" class=\"jet-breadcrumbs__item-link is-home\" rel=\"home\" title=\"Accueil\">Accueil<\/a><\/div>\n\t\t<\/div>\n\t\t<\/div>\n\t\t<\/div><\/div>\t\t\t\t<\/div>\n\t\t\t\t<\/div>\n\t\t\t\t<div class=\"elementor-element elementor-element-30db121 elementor-widget elementor-widget-html\" data-id=\"30db121\" data-element_type=\"widget\" data-e-type=\"widget\" data-widget_type=\"html.default\">\n\t\t\t\t<div class=\"elementor-widget-container\">\n\t\t\t\t\t<script>document.addEventListener(\"DOMContentLoaded\", function() {\n  var observer = new MutationObserver(function(mutations) {\n    mutations.forEach(function(mutation) {\n      var link = document.querySelector(\".jet-breadcrumbs__item-link[title='Fondapi']\");\n      if (link) {\n        link.addEventListener(\"click\", function(event) {\n          event.preventDefault();\n        });\n      }\n    });\n  });\n\n  observer.observe(document.body, { childList: true, subtree: true });\n\n  var link = document.querySelector(\".jet-breadcrumbs__item-link[title='Fondapi']\");\n  if (link) {\n    link.addEventListener(\"click\", function(event) {\n      event.preventDefault();\n    });\n  }\n});\n<\/script>\t\t\t\t<\/div>\n\t\t\t\t<\/div>\n\t\t\t\t\t<\/div>\n\t\t\t\t<\/div>\n\t\t<div class=\"elementor-element elementor-element-256d4b4 e-flex e-con-boxed e-con e-child\" data-id=\"256d4b4\" data-element_type=\"container\" data-e-type=\"container\" data-settings=\"{&quot;jet_parallax_layout_list&quot;:[]}\">\n\t\t\t\t\t<div class=\"e-con-inner\">\n\t\t\t\t<div class=\"elementor-element elementor-element-9257370 elementor-widget__width-auto elementor-widget elementor-widget-heading\" data-id=\"9257370\" data-element_type=\"widget\" data-e-type=\"widget\" data-widget_type=\"heading.default\">\n\t\t\t\t<div class=\"elementor-widget-container\">\n\t\t\t\t\t<h6 class=\"elementor-heading-title elementor-size-default\">Assistance<\/h6>\t\t\t\t<\/div>\n\t\t\t\t<\/div>\n\t\t\t\t<div class=\"elementor-element elementor-element-ebefc7a elementor-widget elementor-widget-heading\" data-id=\"ebefc7a\" data-element_type=\"widget\" data-e-type=\"widget\" data-widget_type=\"heading.default\">\n\t\t\t\t<div class=\"elementor-widget-container\">\n\t\t\t\t\t<h4 class=\"elementor-heading-title elementor-size-default\">Identifiant ou mot de passe non valide<\/h4>\t\t\t\t<\/div>\n\t\t\t\t<\/div>\n\t\t\t\t\t<\/div>\n\t\t\t\t<\/div>\n\t\t\t\t\t<\/div>\n\t\t\t\t<\/div>\n\t\t<div class=\"elementor-element elementor-element-deb99cb e-flex e-con-boxed e-con e-parent\" data-id=\"deb99cb\" data-element_type=\"container\" data-e-type=\"container\" data-settings=\"{&quot;jet_parallax_layout_list&quot;:[]}\">\n\t\t\t\t\t<div class=\"e-con-inner\">\n\t\t<div class=\"elementor-element elementor-element-c13b45e e-con-full e-flex e-con e-child\" data-id=\"c13b45e\" data-element_type=\"container\" data-e-type=\"container\" data-settings=\"{&quot;jet_parallax_layout_list&quot;:[],&quot;background_background&quot;:&quot;classic&quot;}\">\n\t\t<div class=\"elementor-element elementor-element-2129e07 e-con-full e-flex e-con e-child\" data-id=\"2129e07\" data-element_type=\"container\" data-e-type=\"container\" data-settings=\"{&quot;jet_parallax_layout_list&quot;:[]}\">\n\t\t\t\t<div class=\"elementor-element elementor-element-4076d14 elementor-widget elementor-widget-heading\" data-id=\"4076d14\" data-element_type=\"widget\" data-e-type=\"widget\" data-widget_type=\"heading.default\">\n\t\t\t\t<div class=\"elementor-widget-container\">\n\t\t\t\t\t<h4 class=\"elementor-heading-title elementor-size-default\">CONNEXION ESPACE R\u00c9SERV\u00c9<\/BR> ENTREPRISES ET CAISSES<\/h4>\t\t\t\t<\/div>\n\t\t\t\t<\/div>\n\t\t\t\t<div class=\"elementor-element elementor-element-f438892 elementor-widget elementor-widget-html\" data-id=\"f438892\" data-element_type=\"widget\" data-e-type=\"widget\" data-widget_type=\"html.default\">\n\t\t\t\t<div class=\"elementor-widget-container\">\n\t\t\t\t\t<div id=\"arac\">\n\t\t<form method=\"post\" action=\"https:\/\/webab.previnet.it\/fondi-pensione\/ecol-fondapi\/login.portal\" name=\"authentication\" class=\"login\">\n\t<fieldset>\n\t\t<div class=\"box-input\">\n\t\t\t<label>Identifiant <\/label>\n\t\t\t<input name=\"den-login\" value=\"\" type=\"txt\" size=\"16\">\n\t\t<\/div>\n\t\t<div class=\"box-input\">\n\t\t\t<label>Mot de passe<\/label>\n\t\t\t<input name=\"den-password\" value=\"\" type=\"password\" size=\"16\">\n\t\t\t<input name=\"url-unauthorized\" value=\"https:\/\/www.fondapi.it\/supporto\/supporto-aziende-e-casse\/login_unau\/\" type=\"hidden\">\n\t\t<\/div>\n\t\t\n\t\t<input type=\"submit\" value=\"Se connecter\" class=\"blue-button\">\n\t\t<a href=\"https:\/\/funds.previnet.it\/w-horizon-fondapi-azienda\/recuperoPassword.html#\/\" target=\"_blank\" class=\"blue-button left\" rel=\"noopener\">Mot de passe oubli\u00e9 ?<\/a>\n\t<\/fieldset>\n<\/form> \n<\/div>\t\t\t\t<\/div>\n\t\t\t\t<\/div>\n\t\t\t\t<\/div>\n\t\t\t\t<\/div>\n\t\t\t\t\t<\/div>\n\t\t\t\t<\/div>\n\t\t\t\t<\/div>\n\t\t","protected":false},"excerpt":{"rendered":"<p>Home Assistance Identifiant ou mot de passe non valide CONNEXION ESPACE R\u00c9SERV\u00c9 ENTREPRISES ET CAISSES Identifiant Mot de passe Mot de passe oubli\u00e9 ?<\/p>\n","protected":false},"author":1,"featured_media":0,"parent":60660,"menu_order":0,"comment_status":"closed","ping_status":"closed","template":"","meta":{"footnotes":""},"class_list":["post-60700","page","type-page","status-publish","hentry"],"yoast_head":"<!-- This site is optimized with the Yoast SEO plugin v27.4 - https:\/\/yoast.com\/product\/yoast-seo-wordpress\/ -->\n<title>\u00c9chec de connexion - Fondapi<\/title>\n<meta name=\"robots\" content=\"index, follow, max-snippet:-1, max-image-preview:large, max-video-preview:-1\" \/>\n<link rel=\"canonical\" href=\"https:\/\/www.fondapi.it\/fr\/assistance\/espace-entreprises-et-caisses\/echec-de-connexion\/\" \/>\n<meta property=\"og:locale\" content=\"fr_FR\" \/>\n<meta property=\"og:type\" content=\"article\" \/>\n<meta property=\"og:title\" content=\"\u00c9chec de connexion - Fondapi\" \/>\n<meta property=\"og:description\" content=\"Home Assistance Identifiant ou mot de passe non valide CONNEXION ESPACE R\u00c9SERV\u00c9 ENTREPRISES ET CAISSES Identifiant Mot de passe Mot de passe oubli\u00e9 ?\" \/>\n<meta property=\"og:url\" content=\"https:\/\/www.fondapi.it\/fr\/assistance\/espace-entreprises-et-caisses\/echec-de-connexion\/\" \/>\n<meta property=\"og:site_name\" content=\"Fondapi\" \/>\n<meta property=\"article:publisher\" content=\"https:\/\/www.facebook.com\/pages\/Scegli-Fondapi\/111620682275544?fref=ts\" \/>\n<meta property=\"article:modified_time\" content=\"2025-11-11T07:40:52+00:00\" \/>\n<meta name=\"twitter:card\" content=\"summary_large_image\" \/>\n<meta name=\"twitter:site\" content=\"@fondapi\" \/>\n<script type=\"application\/ld+json\" class=\"yoast-schema-graph\">{\"@context\":\"https:\\\/\\\/schema.org\",\"@graph\":[{\"@type\":\"WebPage\",\"@id\":\"https:\\\/\\\/www.fondapi.it\\\/fr\\\/assistance\\\/espace-entreprises-et-caisses\\\/echec-de-connexion\\\/\",\"url\":\"https:\\\/\\\/www.fondapi.it\\\/fr\\\/assistance\\\/espace-entreprises-et-caisses\\\/echec-de-connexion\\\/\",\"name\":\"\u00c9chec de connexion - Fondapi\",\"isPartOf\":{\"@id\":\"https:\\\/\\\/www.fondapi.it\\\/fr\\\/#website\"},\"datePublished\":\"2024-09-23T15:51:23+00:00\",\"dateModified\":\"2025-11-11T07:40:52+00:00\",\"breadcrumb\":{\"@id\":\"https:\\\/\\\/www.fondapi.it\\\/fr\\\/assistance\\\/espace-entreprises-et-caisses\\\/echec-de-connexion\\\/#breadcrumb\"},\"inLanguage\":\"fr-FR\",\"potentialAction\":[{\"@type\":\"ReadAction\",\"target\":[\"https:\\\/\\\/www.fondapi.it\\\/fr\\\/assistance\\\/espace-entreprises-et-caisses\\\/echec-de-connexion\\\/\"]}]},{\"@type\":\"BreadcrumbList\",\"@id\":\"https:\\\/\\\/www.fondapi.it\\\/fr\\\/assistance\\\/espace-entreprises-et-caisses\\\/echec-de-connexion\\\/#breadcrumb\",\"itemListElement\":[{\"@type\":\"ListItem\",\"position\":1,\"name\":\"Home\",\"item\":\"https:\\\/\\\/www.fondapi.it\\\/fr\\\/accueil\\\/\"},{\"@type\":\"ListItem\",\"position\":2,\"name\":\"Assistance\",\"item\":\"https:\\\/\\\/www.fondapi.it\\\/fr\\\/assistance\\\/\"},{\"@type\":\"ListItem\",\"position\":3,\"name\":\"Espace entreprises et caisses\",\"item\":\"https:\\\/\\\/www.fondapi.it\\\/fr\\\/assistance\\\/espace-entreprises-et-caisses\\\/\"},{\"@type\":\"ListItem\",\"position\":4,\"name\":\"\u00c9chec de connexion\"}]},{\"@type\":\"WebSite\",\"@id\":\"https:\\\/\\\/www.fondapi.it\\\/fr\\\/#website\",\"url\":\"https:\\\/\\\/www.fondapi.it\\\/fr\\\/\",\"name\":\"Fondapi\",\"description\":\"\",\"publisher\":{\"@id\":\"https:\\\/\\\/www.fondapi.it\\\/fr\\\/#organization\"},\"alternateName\":\"Fondapi Fondo pensione integrativa\",\"potentialAction\":[{\"@type\":\"SearchAction\",\"target\":{\"@type\":\"EntryPoint\",\"urlTemplate\":\"https:\\\/\\\/www.fondapi.it\\\/fr\\\/?s={search_term_string}\"},\"query-input\":{\"@type\":\"PropertyValueSpecification\",\"valueRequired\":true,\"valueName\":\"search_term_string\"}}],\"inLanguage\":\"fr-FR\"},{\"@type\":\"Organization\",\"@id\":\"https:\\\/\\\/www.fondapi.it\\\/fr\\\/#organization\",\"name\":\"Fondapi - Fondo nazionale pensione complementare\",\"alternateName\":\"Fondapi Fondo pensione integrativa\",\"url\":\"https:\\\/\\\/www.fondapi.it\\\/fr\\\/\",\"logo\":{\"@type\":\"ImageObject\",\"inLanguage\":\"fr-FR\",\"@id\":\"https:\\\/\\\/www.fondapi.it\\\/fr\\\/#\\\/schema\\\/logo\\\/image\\\/\",\"url\":\"\",\"contentUrl\":\"\",\"caption\":\"Fondapi - Fondo nazionale pensione complementare\"},\"image\":{\"@id\":\"https:\\\/\\\/www.fondapi.it\\\/fr\\\/#\\\/schema\\\/logo\\\/image\\\/\"},\"sameAs\":[\"https:\\\/\\\/www.facebook.com\\\/pages\\\/Scegli-Fondapi\\\/111620682275544?fref=ts\",\"https:\\\/\\\/x.com\\\/fondapi\",\"https:\\\/\\\/www.linkedin.com\\\/company\\\/18497131\",\"https:\\\/\\\/www.youtube.com\\\/user\\\/Fondapi\",\"https:\\\/\\\/www.instagram.com\\\/fondapi.it\\\/\"]}]}<\/script>\n<!-- \/ Yoast SEO plugin. -->","yoast_head_json":{"title":"\u00c9chec de connexion - Fondapi","robots":{"index":"index","follow":"follow","max-snippet":"max-snippet:-1","max-image-preview":"max-image-preview:large","max-video-preview":"max-video-preview:-1"},"canonical":"https:\/\/www.fondapi.it\/fr\/assistance\/espace-entreprises-et-caisses\/echec-de-connexion\/","og_locale":"fr_FR","og_type":"article","og_title":"\u00c9chec de connexion - Fondapi","og_description":"Home Assistance Identifiant ou mot de passe non valide CONNEXION ESPACE R\u00c9SERV\u00c9 ENTREPRISES ET CAISSES Identifiant Mot de passe Mot de passe oubli\u00e9 ?","og_url":"https:\/\/www.fondapi.it\/fr\/assistance\/espace-entreprises-et-caisses\/echec-de-connexion\/","og_site_name":"Fondapi","article_publisher":"https:\/\/www.facebook.com\/pages\/Scegli-Fondapi\/111620682275544?fref=ts","article_modified_time":"2025-11-11T07:40:52+00:00","twitter_card":"summary_large_image","twitter_site":"@fondapi","schema":{"@context":"https:\/\/schema.org","@graph":[{"@type":"WebPage","@id":"https:\/\/www.fondapi.it\/fr\/assistance\/espace-entreprises-et-caisses\/echec-de-connexion\/","url":"https:\/\/www.fondapi.it\/fr\/assistance\/espace-entreprises-et-caisses\/echec-de-connexion\/","name":"\u00c9chec de connexion - Fondapi","isPartOf":{"@id":"https:\/\/www.fondapi.it\/fr\/#website"},"datePublished":"2024-09-23T15:51:23+00:00","dateModified":"2025-11-11T07:40:52+00:00","breadcrumb":{"@id":"https:\/\/www.fondapi.it\/fr\/assistance\/espace-entreprises-et-caisses\/echec-de-connexion\/#breadcrumb"},"inLanguage":"fr-FR","potentialAction":[{"@type":"ReadAction","target":["https:\/\/www.fondapi.it\/fr\/assistance\/espace-entreprises-et-caisses\/echec-de-connexion\/"]}]},{"@type":"BreadcrumbList","@id":"https:\/\/www.fondapi.it\/fr\/assistance\/espace-entreprises-et-caisses\/echec-de-connexion\/#breadcrumb","itemListElement":[{"@type":"ListItem","position":1,"name":"Home","item":"https:\/\/www.fondapi.it\/fr\/accueil\/"},{"@type":"ListItem","position":2,"name":"Assistance","item":"https:\/\/www.fondapi.it\/fr\/assistance\/"},{"@type":"ListItem","position":3,"name":"Espace entreprises et caisses","item":"https:\/\/www.fondapi.it\/fr\/assistance\/espace-entreprises-et-caisses\/"},{"@type":"ListItem","position":4,"name":"\u00c9chec de connexion"}]},{"@type":"WebSite","@id":"https:\/\/www.fondapi.it\/fr\/#website","url":"https:\/\/www.fondapi.it\/fr\/","name":"Fondapi","description":"","publisher":{"@id":"https:\/\/www.fondapi.it\/fr\/#organization"},"alternateName":"Fondapi Fondo pensione integrativa","potentialAction":[{"@type":"SearchAction","target":{"@type":"EntryPoint","urlTemplate":"https:\/\/www.fondapi.it\/fr\/?s={search_term_string}"},"query-input":{"@type":"PropertyValueSpecification","valueRequired":true,"valueName":"search_term_string"}}],"inLanguage":"fr-FR"},{"@type":"Organization","@id":"https:\/\/www.fondapi.it\/fr\/#organization","name":"Fondapi - Fondo nazionale pensione complementare","alternateName":"Fondapi Fondo pensione integrativa","url":"https:\/\/www.fondapi.it\/fr\/","logo":{"@type":"ImageObject","inLanguage":"fr-FR","@id":"https:\/\/www.fondapi.it\/fr\/#\/schema\/logo\/image\/","url":"","contentUrl":"","caption":"Fondapi - Fondo nazionale pensione complementare"},"image":{"@id":"https:\/\/www.fondapi.it\/fr\/#\/schema\/logo\/image\/"},"sameAs":["https:\/\/www.facebook.com\/pages\/Scegli-Fondapi\/111620682275544?fref=ts","https:\/\/x.com\/fondapi","https:\/\/www.linkedin.com\/company\/18497131","https:\/\/www.youtube.com\/user\/Fondapi","https:\/\/www.instagram.com\/fondapi.it\/"]}]}},"_links":{"self":[{"href":"https:\/\/www.fondapi.it\/fr\/wp-json\/wp\/v2\/pages\/60700","targetHints":{"allow":["GET"]}}],"collection":[{"href":"https:\/\/www.fondapi.it\/fr\/wp-json\/wp\/v2\/pages"}],"about":[{"href":"https:\/\/www.fondapi.it\/fr\/wp-json\/wp\/v2\/types\/page"}],"author":[{"embeddable":true,"href":"https:\/\/www.fondapi.it\/fr\/wp-json\/wp\/v2\/users\/1"}],"replies":[{"embeddable":true,"href":"https:\/\/www.fondapi.it\/fr\/wp-json\/wp\/v2\/comments?post=60700"}],"version-history":[{"count":1,"href":"https:\/\/www.fondapi.it\/fr\/wp-json\/wp\/v2\/pages\/60700\/revisions"}],"predecessor-version":[{"id":60701,"href":"https:\/\/www.fondapi.it\/fr\/wp-json\/wp\/v2\/pages\/60700\/revisions\/60701"}],"up":[{"embeddable":true,"href":"https:\/\/www.fondapi.it\/fr\/wp-json\/wp\/v2\/pages\/60660"}],"wp:attachment":[{"href":"https:\/\/www.fondapi.it\/fr\/wp-json\/wp\/v2\/media?parent=60700"}],"curies":[{"name":"wp","href":"https:\/\/api.w.org\/{rel}","templated":true}]}}