{"id":60718,"date":"2024-09-10T16:45:39","date_gmt":"2024-09-10T14:45:39","guid":{"rendered":"https:\/\/www.fondapi.it\/rachats-et-prestation-de-retraite\/"},"modified":"2025-11-11T08:58:21","modified_gmt":"2025-11-11T07:58:21","slug":"rachats-et-prestation-de-retraite","status":"publish","type":"page","link":"https:\/\/www.fondapi.it\/fr\/comment-ca-fonctionne\/adhesion-des-travailleurs\/rachat-du-fonds-de-pension\/rachats-et-prestation-de-retraite\/","title":{"rendered":"Rachats et prestation de retraite"},"content":{"rendered":"\t\t<div data-elementor-type=\"wp-page\" data-elementor-id=\"60718\" class=\"elementor elementor-60718 elementor-57396\" data-elementor-post-type=\"page\">\n\t\t\t\t<div class=\"elementor-element elementor-element-653d948 e-flex e-con-boxed e-con e-parent\" data-id=\"653d948\" data-element_type=\"container\" data-e-type=\"container\" data-settings=\"{&quot;background_background&quot;:&quot;classic&quot;,&quot;jet_parallax_layout_list&quot;:[]}\">\n\t\t\t\t\t<div class=\"e-con-inner\">\n\t\t<div class=\"elementor-element elementor-element-dc41a10 e-flex e-con-boxed e-con e-child\" data-id=\"dc41a10\" data-element_type=\"container\" data-e-type=\"container\" data-settings=\"{&quot;jet_parallax_layout_list&quot;:[]}\">\n\t\t\t\t\t<div class=\"e-con-inner\">\n\t\t\t\t<div class=\"elementor-element elementor-element-58908fc elementor-widget elementor-widget-jet-breadcrumbs\" data-id=\"58908fc\" data-element_type=\"widget\" data-e-type=\"widget\" data-widget_type=\"jet-breadcrumbs.default\">\n\t\t\t\t<div class=\"elementor-widget-container\">\n\t\t\t\t\t<div class=\"elementor-jet-breadcrumbs jet-blocks\">\n\t\t<div class=\"jet-breadcrumbs\">\n\t\t<div class=\"jet-breadcrumbs__content\">\n\t\t<div class=\"jet-breadcrumbs__wrap\"><div class=\"jet-breadcrumbs__item\"><a href=\"https:\/\/www.fondapi.it\/fr\/\" class=\"jet-breadcrumbs__item-link is-home\" rel=\"home\" title=\"Accueil\">Accueil<\/a><\/div>\n\t\t<\/div>\n\t\t<\/div>\n\t\t<\/div><\/div>\t\t\t\t<\/div>\n\t\t\t\t<\/div>\n\t\t\t\t<div class=\"elementor-element elementor-element-30db121 elementor-widget elementor-widget-html\" data-id=\"30db121\" data-element_type=\"widget\" data-e-type=\"widget\" data-widget_type=\"html.default\">\n\t\t\t\t<div class=\"elementor-widget-container\">\n\t\t\t\t\t<script>document.addEventListener(\"DOMContentLoaded\", function() {\n  var observer = new MutationObserver(function(mutations) {\n    mutations.forEach(function(mutation) {\n      var link = document.querySelector(\".jet-breadcrumbs__item-link[title='Fondapi']\");\n      if (link) {\n        link.addEventListener(\"click\", function(event) {\n          event.preventDefault();\n        });\n      }\n    });\n  });\n\n  observer.observe(document.body, { childList: true, subtree: true });\n\n  var link = document.querySelector(\".jet-breadcrumbs__item-link[title='Fondapi']\");\n  if (link) {\n    link.addEventListener(\"click\", function(event) {\n      event.preventDefault();\n    });\n  }\n});\n<\/script>\t\t\t\t<\/div>\n\t\t\t\t<\/div>\n\t\t\t\t\t<\/div>\n\t\t\t\t<\/div>\n\t\t<div class=\"elementor-element elementor-element-256d4b4 e-flex e-con-boxed e-con e-child\" data-id=\"256d4b4\" data-element_type=\"container\" data-e-type=\"container\" data-settings=\"{&quot;jet_parallax_layout_list&quot;:[]}\">\n\t\t\t\t\t<div class=\"e-con-inner\">\n\t\t\t\t<div class=\"elementor-element elementor-element-9257370 elementor-widget__width-auto elementor-widget elementor-widget-heading\" data-id=\"9257370\" data-element_type=\"widget\" data-e-type=\"widget\" data-widget_type=\"heading.default\">\n\t\t\t\t<div class=\"elementor-widget-container\">\n\t\t\t\t\t<h6 class=\"elementor-heading-title elementor-size-default\">COMMENT \u00c7A FONCTIONNE<\/h6>\t\t\t\t<\/div>\n\t\t\t\t<\/div>\n\t\t\t\t\t<\/div>\n\t\t\t\t<\/div>\n\t\t\t\t\t<\/div>\n\t\t\t\t<\/div>\n\t\t<div class=\"elementor-element elementor-element-fa4006a e-flex e-con-boxed e-con e-parent\" data-id=\"fa4006a\" data-element_type=\"container\" data-e-type=\"container\" data-settings=\"{&quot;jet_parallax_layout_list&quot;:[]}\">\n\t\t\t\t\t<div class=\"e-con-inner\">\n\t\t<div class=\"elementor-element elementor-element-893b52a e-con-full e-flex e-con e-child\" data-id=\"893b52a\" data-element_type=\"container\" data-e-type=\"container\" data-settings=\"{&quot;jet_parallax_layout_list&quot;:[]}\">\n\t\t\t\t<div class=\"elementor-element elementor-element-f26bc70 elementor-widget elementor-widget-heading\" data-id=\"f26bc70\" data-element_type=\"widget\" data-e-type=\"widget\" data-widget_type=\"heading.default\">\n\t\t\t\t<div class=\"elementor-widget-container\">\n\t\t\t\t\t<h4 class=\"elementor-heading-title elementor-size-default\">Depuis avril 2020, les adh\u00e9rents \u00e0 Fondapi peuvent pr\u00e9senter leur demande de rachat ou de prestation de retraite directement en ligne !\n<\/BR>\nPour transmettre la demande en ligne, il suffit d'acc\u00e9der \u00e0 votre Espace r\u00e9serv\u00e9, de cliquer sur la rubrique \u00ab RACHATS \u00bb et de suivre la proc\u00e9dure guid\u00e9e \u00e9tape par \u00e9tape.<\/h4>\t\t\t\t<\/div>\n\t\t\t\t<\/div>\n\t\t\t\t<div class=\"elementor-element elementor-element-2e9892f elementor-widget elementor-widget-button\" data-id=\"2e9892f\" data-element_type=\"widget\" data-e-type=\"widget\" data-widget_type=\"button.default\">\n\t\t\t\t<div class=\"elementor-widget-container\">\n\t\t\t\t\t\t\t\t\t<div class=\"elementor-button-wrapper\">\n\t\t\t\t\t<a class=\"elementor-button elementor-button-link elementor-size-sm\" href=\"https:\/\/funds.previnet.it\/w-horizon-fondapi\/login.html#\/\" target=\"_blank\">\n\t\t\t\t\t\t<span class=\"elementor-button-content-wrapper\">\n\t\t\t\t\t\t\t\t\t<span class=\"elementor-button-text\">Acc\u00e9der \u00e0 l'espace r\u00e9serv\u00e9<\/span>\n\t\t\t\t\t<\/span>\n\t\t\t\t\t<\/a>\n\t\t\t\t<\/div>\n\t\t\t\t\t\t\t\t<\/div>\n\t\t\t\t<\/div>\n\t\t\t\t<div class=\"elementor-element elementor-element-f7481b1 elementor-widget elementor-widget-text-editor\" data-id=\"f7481b1\" data-element_type=\"widget\" data-e-type=\"widget\" data-widget_type=\"text-editor.default\">\n\t\t\t\t<div class=\"elementor-widget-container\">\n\t\t\t\t\t\t\t\t\t<p>Pr\u00e9senter la demande en ligne permet :<\/p><ul><li><strong>Plus de commodit\u00e9 et de s\u00e9curit\u00e9<\/strong> : faites tout depuis chez vous en quelques clics simples ! La demande est envoy\u00e9e \u00e0 Fondapi par voie \u00e9lectronique et vous n&rsquo;aurez pas besoin de vous rendre \u00e0 la poste pour l&rsquo;envoi de la documentation ; <\/li><li><strong>Aucun frais<\/strong> : vous n&rsquo;aurez pas \u00e0 supporter les co\u00fbts \u00e9conomiques d&rsquo;un envoi postal ;<\/li><li><strong>Plus de rapidit\u00e9<\/strong> : Fondapi re\u00e7oit la demande en temps r\u00e9el. En supprimant les d\u00e9lais postaux, la liquidation se r\u00e9alisera en moins de temps ! <\/li><li><strong>Certitude d&rsquo;envoi<\/strong> : apr\u00e8s l&rsquo;envoi de la demande, vous recevrez imm\u00e9diatement un accus\u00e9 de r\u00e9ception ;<\/li><li><strong>Choix \u00e9cologiquement responsable !<\/strong><\/li><\/ul>\t\t\t\t\t\t\t\t<\/div>\n\t\t\t\t<\/div>\n\t\t\t\t<div class=\"elementor-element elementor-element-6dafb21 elementor-widget elementor-widget-text-editor\" data-id=\"6dafb21\" data-element_type=\"widget\" data-e-type=\"widget\" data-widget_type=\"text-editor.default\">\n\t\t\t\t<div class=\"elementor-widget-container\">\n\t\t\t\t\t\t\t\t\t<p>Si vous souhaitez plut\u00f4t pr\u00e9senter la demande de rachat ou de retraite par impression et envoi du formulaire papier, vous pouvez imprimer le formulaire :<\/p><ul><li>de rachat \u2013 <a href=\"https:\/\/www.fondapi.it\/documenti\/modulo-richiesta-riscatto\/\" target=\"_blank\" rel=\"noreferrer noopener\">en cliquant ici<\/a> ;<\/li><li>de rachat \u00e0 80 % \u2013 <a href=\"https:\/\/www.fondapi.it\/documenti\/modulo-richiesta-riscatto-80\/\" target=\"_blank\" rel=\"noreferrer noopener\">en cliquant ici<\/a> ;<\/li><li>de liquidation pour retraite \u2013 <a href=\"https:\/\/www.fondapi.it\/documenti\/modulo-richiesta-liquidazione-per-pensionamento\/\" target=\"_blank\" rel=\"noopener\">en cliquant ici<\/a>.<\/li><\/ul><p>Dans ce cas, nous rappelons de lire et de remplir attentivement le formulaire, de le signer et d&rsquo;envoyer l&rsquo;original \u00e0 :<br><strong>FONDAPI \u2013 Piazza Cola di Rienzo, 80\/a \u2013 00192 \u2013 Roma<\/strong><\/p>\t\t\t\t\t\t\t\t<\/div>\n\t\t\t\t<\/div>\n\t\t\t\t<\/div>\n\t\t<div class=\"elementor-element elementor-element-f58ae9e e-con-full e-flex e-con e-child\" data-id=\"f58ae9e\" data-element_type=\"container\" data-e-type=\"container\" data-settings=\"{&quot;jet_parallax_layout_list&quot;:[]}\">\n\t\t\t\t<div class=\"elementor-element elementor-element-7d86ef4 elementor-widget elementor-widget-image\" data-id=\"7d86ef4\" data-element_type=\"widget\" data-e-type=\"widget\" data-widget_type=\"image.default\">\n\t\t\t\t<div class=\"elementor-widget-container\">\n\t\t\t\t\t\t\t\t\t\t\t\t\t\t\t<img fetchpriority=\"high\" decoding=\"async\" width=\"1333\" height=\"2000\" src=\"https:\/\/www.fondapi.it\/wp-content\/uploads\/2024\/09\/cose.webp\" class=\"attachment-full size-full wp-image-60719\" alt=\"\" srcset=\"https:\/\/www.fondapi.it\/wp-content\/uploads\/2024\/09\/cose.webp 1333w, https:\/\/www.fondapi.it\/wp-content\/uploads\/2024\/09\/cose-200x300.webp 200w, https:\/\/www.fondapi.it\/wp-content\/uploads\/2024\/09\/cose-682x1024.webp 682w, https:\/\/www.fondapi.it\/wp-content\/uploads\/2024\/09\/cose-768x1152.webp 768w, https:\/\/www.fondapi.it\/wp-content\/uploads\/2024\/09\/cose-1024x1536.webp 1024w\" sizes=\"(max-width: 1333px) 100vw, 1333px\" \/>\t\t\t\t\t\t\t\t\t\t\t\t\t\t\t<\/div>\n\t\t\t\t<\/div>\n\t\t\t\t<\/div>\n\t\t\t\t\t<\/div>\n\t\t\t\t<\/div>\n\t\t<div class=\"elementor-element elementor-element-04be12b elementor-hidden-mobile e-flex e-con-boxed e-con e-parent\" data-id=\"04be12b\" data-element_type=\"container\" data-e-type=\"container\" data-settings=\"{&quot;background_background&quot;:&quot;classic&quot;,&quot;jet_parallax_layout_list&quot;:[]}\">\n\t\t\t\t\t<div class=\"e-con-inner\">\n\t\t\t\t\t<\/div>\n\t\t\t\t<\/div>\n\t\t\t\t<\/div>\n\t\t","protected":false},"excerpt":{"rendered":"<p>Home COMMENT \u00c7A FONCTIONNE Depuis avril 2020, les adh\u00e9rents \u00e0 Fondapi peuvent pr\u00e9senter leur demande de rachat ou de prestation de retraite directement en ligne ! Pour transmettre la demande en ligne, il suffit d&rsquo;acc\u00e9der \u00e0 votre Espace r\u00e9serv\u00e9, de cliquer sur la rubrique \u00ab RACHATS \u00bb et de suivre la proc\u00e9dure guid\u00e9e \u00e9tape par [&hellip;]<\/p>\n","protected":false},"author":1,"featured_media":0,"parent":60865,"menu_order":0,"comment_status":"closed","ping_status":"closed","template":"","meta":{"footnotes":""},"class_list":["post-60718","page","type-page","status-publish","hentry"],"yoast_head":"<!-- This site is optimized with the Yoast SEO plugin v27.2 - https:\/\/yoast.com\/product\/yoast-seo-wordpress\/ -->\n<title>Rachats et prestation de retraite - Fondapi<\/title>\n<meta name=\"robots\" content=\"index, follow, max-snippet:-1, max-image-preview:large, max-video-preview:-1\" \/>\n<link rel=\"canonical\" href=\"https:\/\/www.fondapi.it\/fr\/comment-ca-fonctionne\/adhesion-des-travailleurs\/rachat-du-fonds-de-pension\/rachats-et-prestation-de-retraite\/\" \/>\n<meta property=\"og:locale\" content=\"fr_FR\" \/>\n<meta property=\"og:type\" content=\"article\" \/>\n<meta property=\"og:title\" content=\"Rachats et prestation de retraite - Fondapi\" \/>\n<meta property=\"og:description\" content=\"Home COMMENT \u00c7A FONCTIONNE Depuis avril 2020, les adh\u00e9rents \u00e0 Fondapi peuvent pr\u00e9senter leur demande de rachat ou de prestation de retraite directement en ligne ! Pour transmettre la demande en ligne, il suffit d&rsquo;acc\u00e9der \u00e0 votre Espace r\u00e9serv\u00e9, de cliquer sur la rubrique \u00ab RACHATS \u00bb et de suivre la proc\u00e9dure guid\u00e9e \u00e9tape par [&hellip;]\" \/>\n<meta property=\"og:url\" content=\"https:\/\/www.fondapi.it\/fr\/comment-ca-fonctionne\/adhesion-des-travailleurs\/rachat-du-fonds-de-pension\/rachats-et-prestation-de-retraite\/\" \/>\n<meta property=\"og:site_name\" content=\"Fondapi\" \/>\n<meta property=\"article:publisher\" content=\"https:\/\/www.facebook.com\/pages\/Scegli-Fondapi\/111620682275544?fref=ts\" \/>\n<meta property=\"article:modified_time\" content=\"2025-11-11T07:58:21+00:00\" \/>\n<meta property=\"og:image\" content=\"https:\/\/www.fondapi.it\/wp-content\/uploads\/2024\/09\/cose.webp\" \/>\n\t<meta property=\"og:image:width\" content=\"1333\" \/>\n\t<meta property=\"og:image:height\" content=\"2000\" \/>\n\t<meta property=\"og:image:type\" content=\"image\/webp\" \/>\n<meta name=\"twitter:card\" content=\"summary_large_image\" \/>\n<meta name=\"twitter:site\" content=\"@fondapi\" \/>\n<meta name=\"twitter:label1\" content=\"Dur\u00e9e de lecture estim\u00e9e\" \/>\n\t<meta name=\"twitter:data1\" content=\"1 minute\" \/>\n<script type=\"application\/ld+json\" class=\"yoast-schema-graph\">{\"@context\":\"https:\/\/schema.org\",\"@graph\":[{\"@type\":\"WebPage\",\"@id\":\"https:\/\/www.fondapi.it\/fr\/comment-ca-fonctionne\/adhesion-des-travailleurs\/rachat-du-fonds-de-pension\/rachats-et-prestation-de-retraite\/\",\"url\":\"https:\/\/www.fondapi.it\/fr\/comment-ca-fonctionne\/adhesion-des-travailleurs\/rachat-du-fonds-de-pension\/rachats-et-prestation-de-retraite\/\",\"name\":\"Rachats et prestation de retraite - Fondapi\",\"isPartOf\":{\"@id\":\"https:\/\/www.fondapi.it\/fr\/#website\"},\"primaryImageOfPage\":{\"@id\":\"https:\/\/www.fondapi.it\/fr\/comment-ca-fonctionne\/adhesion-des-travailleurs\/rachat-du-fonds-de-pension\/rachats-et-prestation-de-retraite\/#primaryimage\"},\"image\":{\"@id\":\"https:\/\/www.fondapi.it\/fr\/comment-ca-fonctionne\/adhesion-des-travailleurs\/rachat-du-fonds-de-pension\/rachats-et-prestation-de-retraite\/#primaryimage\"},\"thumbnailUrl\":\"https:\/\/www.fondapi.it\/wp-content\/uploads\/2024\/09\/cose.webp\",\"datePublished\":\"2024-09-10T14:45:39+00:00\",\"dateModified\":\"2025-11-11T07:58:21+00:00\",\"breadcrumb\":{\"@id\":\"https:\/\/www.fondapi.it\/fr\/comment-ca-fonctionne\/adhesion-des-travailleurs\/rachat-du-fonds-de-pension\/rachats-et-prestation-de-retraite\/#breadcrumb\"},\"inLanguage\":\"fr-FR\",\"potentialAction\":[{\"@type\":\"ReadAction\",\"target\":[\"https:\/\/www.fondapi.it\/fr\/comment-ca-fonctionne\/adhesion-des-travailleurs\/rachat-du-fonds-de-pension\/rachats-et-prestation-de-retraite\/\"]}]},{\"@type\":\"ImageObject\",\"inLanguage\":\"fr-FR\",\"@id\":\"https:\/\/www.fondapi.it\/fr\/comment-ca-fonctionne\/adhesion-des-travailleurs\/rachat-du-fonds-de-pension\/rachats-et-prestation-de-retraite\/#primaryimage\",\"url\":\"https:\/\/www.fondapi.it\/wp-content\/uploads\/2024\/09\/cose.webp\",\"contentUrl\":\"https:\/\/www.fondapi.it\/wp-content\/uploads\/2024\/09\/cose.webp\"},{\"@type\":\"BreadcrumbList\",\"@id\":\"https:\/\/www.fondapi.it\/fr\/comment-ca-fonctionne\/adhesion-des-travailleurs\/rachat-du-fonds-de-pension\/rachats-et-prestation-de-retraite\/#breadcrumb\",\"itemListElement\":[{\"@type\":\"ListItem\",\"position\":1,\"name\":\"Home\",\"item\":\"https:\/\/www.fondapi.it\/fr\/accueil\/\"},{\"@type\":\"ListItem\",\"position\":2,\"name\":\"Comment \u00e7a fonctionne\",\"item\":\"https:\/\/www.fondapi.it\/fr\/comment-ca-fonctionne\/\"},{\"@type\":\"ListItem\",\"position\":3,\"name\":\"Adh\u00e9sion des travailleurs\",\"item\":\"https:\/\/www.fondapi.it\/fr\/comment-ca-fonctionne\/adhesion-des-travailleurs\/\"},{\"@type\":\"ListItem\",\"position\":4,\"name\":\"Rachat du fonds de pension\",\"item\":\"https:\/\/www.fondapi.it\/fr\/comment-ca-fonctionne\/adhesion-des-travailleurs\/rachat-du-fonds-de-pension\/\"},{\"@type\":\"ListItem\",\"position\":5,\"name\":\"Rachats et prestation de retraite\"}]},{\"@type\":\"WebSite\",\"@id\":\"https:\/\/www.fondapi.it\/fr\/#website\",\"url\":\"https:\/\/www.fondapi.it\/fr\/\",\"name\":\"Fondapi\",\"description\":\"\",\"publisher\":{\"@id\":\"https:\/\/www.fondapi.it\/fr\/#organization\"},\"alternateName\":\"Fondapi Fondo pensione integrativa\",\"potentialAction\":[{\"@type\":\"SearchAction\",\"target\":{\"@type\":\"EntryPoint\",\"urlTemplate\":\"https:\/\/www.fondapi.it\/fr\/?s={search_term_string}\"},\"query-input\":{\"@type\":\"PropertyValueSpecification\",\"valueRequired\":true,\"valueName\":\"search_term_string\"}}],\"inLanguage\":\"fr-FR\"},{\"@type\":\"Organization\",\"@id\":\"https:\/\/www.fondapi.it\/fr\/#organization\",\"name\":\"Fondapi - Fondo nazionale pensione complementare\",\"alternateName\":\"Fondapi Fondo pensione integrativa\",\"url\":\"https:\/\/www.fondapi.it\/fr\/\",\"logo\":{\"@type\":\"ImageObject\",\"inLanguage\":\"fr-FR\",\"@id\":\"https:\/\/www.fondapi.it\/fr\/#\/schema\/logo\/image\/\",\"url\":\"\",\"contentUrl\":\"\",\"caption\":\"Fondapi - Fondo nazionale pensione complementare\"},\"image\":{\"@id\":\"https:\/\/www.fondapi.it\/fr\/#\/schema\/logo\/image\/\"},\"sameAs\":[\"https:\/\/www.facebook.com\/pages\/Scegli-Fondapi\/111620682275544?fref=ts\",\"https:\/\/x.com\/fondapi\",\"https:\/\/www.linkedin.com\/company\/18497131\",\"https:\/\/www.youtube.com\/user\/Fondapi\",\"https:\/\/www.instagram.com\/fondapi.it\/\"]}]}<\/script>\n<!-- \/ Yoast SEO plugin. -->","yoast_head_json":{"title":"Rachats et prestation de retraite - Fondapi","robots":{"index":"index","follow":"follow","max-snippet":"max-snippet:-1","max-image-preview":"max-image-preview:large","max-video-preview":"max-video-preview:-1"},"canonical":"https:\/\/www.fondapi.it\/fr\/comment-ca-fonctionne\/adhesion-des-travailleurs\/rachat-du-fonds-de-pension\/rachats-et-prestation-de-retraite\/","og_locale":"fr_FR","og_type":"article","og_title":"Rachats et prestation de retraite - Fondapi","og_description":"Home COMMENT \u00c7A FONCTIONNE Depuis avril 2020, les adh\u00e9rents \u00e0 Fondapi peuvent pr\u00e9senter leur demande de rachat ou de prestation de retraite directement en ligne ! Pour transmettre la demande en ligne, il suffit d&rsquo;acc\u00e9der \u00e0 votre Espace r\u00e9serv\u00e9, de cliquer sur la rubrique \u00ab RACHATS \u00bb et de suivre la proc\u00e9dure guid\u00e9e \u00e9tape par [&hellip;]","og_url":"https:\/\/www.fondapi.it\/fr\/comment-ca-fonctionne\/adhesion-des-travailleurs\/rachat-du-fonds-de-pension\/rachats-et-prestation-de-retraite\/","og_site_name":"Fondapi","article_publisher":"https:\/\/www.facebook.com\/pages\/Scegli-Fondapi\/111620682275544?fref=ts","article_modified_time":"2025-11-11T07:58:21+00:00","og_image":[{"width":1333,"height":2000,"url":"https:\/\/www.fondapi.it\/wp-content\/uploads\/2024\/09\/cose.webp","type":"image\/webp"}],"twitter_card":"summary_large_image","twitter_site":"@fondapi","twitter_misc":{"Dur\u00e9e de lecture estim\u00e9e":"1 minute"},"schema":{"@context":"https:\/\/schema.org","@graph":[{"@type":"WebPage","@id":"https:\/\/www.fondapi.it\/fr\/comment-ca-fonctionne\/adhesion-des-travailleurs\/rachat-du-fonds-de-pension\/rachats-et-prestation-de-retraite\/","url":"https:\/\/www.fondapi.it\/fr\/comment-ca-fonctionne\/adhesion-des-travailleurs\/rachat-du-fonds-de-pension\/rachats-et-prestation-de-retraite\/","name":"Rachats et prestation de retraite - Fondapi","isPartOf":{"@id":"https:\/\/www.fondapi.it\/fr\/#website"},"primaryImageOfPage":{"@id":"https:\/\/www.fondapi.it\/fr\/comment-ca-fonctionne\/adhesion-des-travailleurs\/rachat-du-fonds-de-pension\/rachats-et-prestation-de-retraite\/#primaryimage"},"image":{"@id":"https:\/\/www.fondapi.it\/fr\/comment-ca-fonctionne\/adhesion-des-travailleurs\/rachat-du-fonds-de-pension\/rachats-et-prestation-de-retraite\/#primaryimage"},"thumbnailUrl":"https:\/\/www.fondapi.it\/wp-content\/uploads\/2024\/09\/cose.webp","datePublished":"2024-09-10T14:45:39+00:00","dateModified":"2025-11-11T07:58:21+00:00","breadcrumb":{"@id":"https:\/\/www.fondapi.it\/fr\/comment-ca-fonctionne\/adhesion-des-travailleurs\/rachat-du-fonds-de-pension\/rachats-et-prestation-de-retraite\/#breadcrumb"},"inLanguage":"fr-FR","potentialAction":[{"@type":"ReadAction","target":["https:\/\/www.fondapi.it\/fr\/comment-ca-fonctionne\/adhesion-des-travailleurs\/rachat-du-fonds-de-pension\/rachats-et-prestation-de-retraite\/"]}]},{"@type":"ImageObject","inLanguage":"fr-FR","@id":"https:\/\/www.fondapi.it\/fr\/comment-ca-fonctionne\/adhesion-des-travailleurs\/rachat-du-fonds-de-pension\/rachats-et-prestation-de-retraite\/#primaryimage","url":"https:\/\/www.fondapi.it\/wp-content\/uploads\/2024\/09\/cose.webp","contentUrl":"https:\/\/www.fondapi.it\/wp-content\/uploads\/2024\/09\/cose.webp"},{"@type":"BreadcrumbList","@id":"https:\/\/www.fondapi.it\/fr\/comment-ca-fonctionne\/adhesion-des-travailleurs\/rachat-du-fonds-de-pension\/rachats-et-prestation-de-retraite\/#breadcrumb","itemListElement":[{"@type":"ListItem","position":1,"name":"Home","item":"https:\/\/www.fondapi.it\/fr\/accueil\/"},{"@type":"ListItem","position":2,"name":"Comment \u00e7a fonctionne","item":"https:\/\/www.fondapi.it\/fr\/comment-ca-fonctionne\/"},{"@type":"ListItem","position":3,"name":"Adh\u00e9sion des travailleurs","item":"https:\/\/www.fondapi.it\/fr\/comment-ca-fonctionne\/adhesion-des-travailleurs\/"},{"@type":"ListItem","position":4,"name":"Rachat du fonds de pension","item":"https:\/\/www.fondapi.it\/fr\/comment-ca-fonctionne\/adhesion-des-travailleurs\/rachat-du-fonds-de-pension\/"},{"@type":"ListItem","position":5,"name":"Rachats et prestation de retraite"}]},{"@type":"WebSite","@id":"https:\/\/www.fondapi.it\/fr\/#website","url":"https:\/\/www.fondapi.it\/fr\/","name":"Fondapi","description":"","publisher":{"@id":"https:\/\/www.fondapi.it\/fr\/#organization"},"alternateName":"Fondapi Fondo pensione integrativa","potentialAction":[{"@type":"SearchAction","target":{"@type":"EntryPoint","urlTemplate":"https:\/\/www.fondapi.it\/fr\/?s={search_term_string}"},"query-input":{"@type":"PropertyValueSpecification","valueRequired":true,"valueName":"search_term_string"}}],"inLanguage":"fr-FR"},{"@type":"Organization","@id":"https:\/\/www.fondapi.it\/fr\/#organization","name":"Fondapi - Fondo nazionale pensione complementare","alternateName":"Fondapi Fondo pensione integrativa","url":"https:\/\/www.fondapi.it\/fr\/","logo":{"@type":"ImageObject","inLanguage":"fr-FR","@id":"https:\/\/www.fondapi.it\/fr\/#\/schema\/logo\/image\/","url":"","contentUrl":"","caption":"Fondapi - Fondo nazionale pensione complementare"},"image":{"@id":"https:\/\/www.fondapi.it\/fr\/#\/schema\/logo\/image\/"},"sameAs":["https:\/\/www.facebook.com\/pages\/Scegli-Fondapi\/111620682275544?fref=ts","https:\/\/x.com\/fondapi","https:\/\/www.linkedin.com\/company\/18497131","https:\/\/www.youtube.com\/user\/Fondapi","https:\/\/www.instagram.com\/fondapi.it\/"]}]}},"_links":{"self":[{"href":"https:\/\/www.fondapi.it\/fr\/wp-json\/wp\/v2\/pages\/60718","targetHints":{"allow":["GET"]}}],"collection":[{"href":"https:\/\/www.fondapi.it\/fr\/wp-json\/wp\/v2\/pages"}],"about":[{"href":"https:\/\/www.fondapi.it\/fr\/wp-json\/wp\/v2\/types\/page"}],"author":[{"embeddable":true,"href":"https:\/\/www.fondapi.it\/fr\/wp-json\/wp\/v2\/users\/1"}],"replies":[{"embeddable":true,"href":"https:\/\/www.fondapi.it\/fr\/wp-json\/wp\/v2\/comments?post=60718"}],"version-history":[{"count":2,"href":"https:\/\/www.fondapi.it\/fr\/wp-json\/wp\/v2\/pages\/60718\/revisions"}],"predecessor-version":[{"id":60866,"href":"https:\/\/www.fondapi.it\/fr\/wp-json\/wp\/v2\/pages\/60718\/revisions\/60866"}],"up":[{"embeddable":true,"href":"https:\/\/www.fondapi.it\/fr\/wp-json\/wp\/v2\/pages\/60865"}],"wp:attachment":[{"href":"https:\/\/www.fondapi.it\/fr\/wp-json\/wp\/v2\/media?parent=60718"}],"curies":[{"name":"wp","href":"https:\/\/api.w.org\/{rel}","templated":true}]}}