{"id":60791,"date":"2024-10-08T10:46:46","date_gmt":"2024-10-08T08:46:46","guid":{"rendered":"https:\/\/www.fondapi.it\/politique-de-confidentialite-pour-les-demandes-davance\/"},"modified":"2025-11-11T08:43:40","modified_gmt":"2025-11-11T07:43:40","slug":"politique-de-confidentialite-pour-les-demandes-davance","status":"publish","type":"page","link":"https:\/\/www.fondapi.it\/fr\/politique-de-confidentialite-pour-les-demandes-davance\/","title":{"rendered":"Politique de confidentialit\u00e9 pour les demandes d&rsquo;avance"},"content":{"rendered":"\t\t<div data-elementor-type=\"wp-page\" data-elementor-id=\"60791\" class=\"elementor elementor-60791\" data-elementor-post-type=\"page\">\n\t\t\t\t<div class=\"elementor-element elementor-element-316fe8c e-flex e-con-boxed e-con e-parent\" data-id=\"316fe8c\" data-element_type=\"container\" data-e-type=\"container\" data-settings=\"{&quot;jet_parallax_layout_list&quot;:[]}\">\n\t\t\t\t\t<div class=\"e-con-inner\">\n\t\t\t\t<div class=\"elementor-element elementor-element-9ac6b54 elementor-widget elementor-widget-heading\" data-id=\"9ac6b54\" data-element_type=\"widget\" data-e-type=\"widget\" data-widget_type=\"heading.default\">\n\t\t\t\t<div class=\"elementor-widget-container\">\n\t\t\t\t\t<h2 class=\"elementor-heading-title elementor-size-default\">INFORMATION FOURNIE \u00c0 LA PERSONNE CONCERN\u00c9E POUR LE TRAITEMENT DES DONN\u00c9ES PERSONNELLES<\/h2>\t\t\t\t<\/div>\n\t\t\t\t<\/div>\n\t\t\t\t\t<\/div>\n\t\t\t\t<\/div>\n\t\t<div class=\"elementor-element elementor-element-6e8ea33 e-flex e-con-boxed e-con e-parent\" data-id=\"6e8ea33\" data-element_type=\"container\" data-e-type=\"container\" data-settings=\"{&quot;jet_parallax_layout_list&quot;:[]}\">\n\t\t\t\t\t<div class=\"e-con-inner\">\n\t\t\t\t<div class=\"elementor-element elementor-element-4ef0536 elementor-widget elementor-widget-text-editor\" data-id=\"4ef0536\" data-element_type=\"widget\" data-e-type=\"widget\" data-widget_type=\"text-editor.default\">\n\t\t\t\t<div class=\"elementor-widget-container\">\n\t\t\t\t\t\t\t\t\t<p>En vertu des articles 13 et 14 du R\u00e8glement UE 679\/2016, FONDAPI Fonds national de pension compl\u00e9mentaire pour les travailleurs des petites et moyennes entreprises (ci-apr\u00e8s Fondapi ou Fonds de Pension) ayant son si\u00e8ge Piazza Cola di Rienzo, 80\/A &#8211; Rome, Responsable du traitement, le DPO du Fonds peut \u00eatre contact\u00e9 \u00e0 l&rsquo;adresse e-mail <a href=\"mailto:dpo_fondapi@protectiontrade.it\">dpo_fondapi@protectiontrade.it<\/a>, vous informe que le traitement de vos donn\u00e9es personnelles est effectu\u00e9 pour la gestion de votre demande d&rsquo;avances ; la fourniture des donn\u00e9es est n\u00e9cessaire pour poursuivre les finalit\u00e9s mentionn\u00e9es. <\/p><p>Le traitement sera effectu\u00e9 avec des outils automatis\u00e9s et manuels. Les donn\u00e9es personnelles, qui ne seront pas diffus\u00e9es, pourront \u00eatre communiqu\u00e9es aux sujets charg\u00e9s de la gestion des contributions de pr\u00e9voyance compl\u00e9mentaires, \u00e0 la Banque d\u00e9positaire Soci\u00e9t\u00e9 G\u00e9n\u00e9rale Securities Services S.p.A., \u00e9galement par l&rsquo;interm\u00e9diaire d&rsquo;un tiers fournisseur\/ Fabrick S.p.A. &#8211; en qualit\u00e9 d&rsquo;interm\u00e9diaire \u00ab Calling \u00bb &#8211; qui \u00e0 son tour les transmettra aux autres sujets impliqu\u00e9s dans le service, avec renvoi via le lien vers la page du site web de Fabrick S.p.A o\u00f9 est disponible l&rsquo;information relative au Check IBAN et avec l&rsquo;indication des autres destinataires <g id=\"gid_0\">https:\/\/www.fabrick.com\/it\/informativa-privacy-check-iban<\/g>, pour le service de v\u00e9rification de la correcte association entre Iban et code fiscal\/N\u00b0 TVA par la consultation de syst\u00e8mes d&rsquo;informations de cr\u00e9dit et syst\u00e8mes informatiques interbancaires ; \u00e0 des tiers pour la fourniture de services informatiques et d&rsquo;archivage et \u00e0 des sujets auxquels la facult\u00e9 d&rsquo;acc\u00e9der aux donn\u00e9es est reconnue par des dispositions de loi et\/ou de r\u00e9glementation secondaire.  <\/p><p>En outre, lors des op\u00e9rations de traitement des donn\u00e9es, le Responsable conna\u00eetra vos donn\u00e9es d&rsquo;identification, administratives et de contact. Le Responsable pourrait \u00e9galement prendre connaissance de Donn\u00e9es que la Loi d\u00e9finit comme particuli\u00e8res (par ex. donn\u00e9es relatives \u00e0 l&rsquo;\u00e9tat de sant\u00e9). \u00c0 cet \u00e9gard \u00e9galement, nous vous confirmons que ces donn\u00e9es seront trait\u00e9es avec la plus grande confidentialit\u00e9.  <\/p><p>La base juridique du traitement est la r\u00e9ponse \u00e0 une demande de la personne concern\u00e9e, l&rsquo;adh\u00e9sion de l&rsquo;inscrit au Fonds de Pension et la d\u00e9termination cons\u00e9quente du rapport associatif, ainsi que les obligations l\u00e9gales et l&rsquo;octroi du consentement pour le traitement des donn\u00e9es particuli\u00e8res. Nous souhaitons en outre vous informer que vous avez le droit de r\u00e9voquer le consentement \u00e0 tout moment. La r\u00e9vocation du consentement ne porte pas atteinte \u00e0 la lic\u00e9it\u00e9 du traitement fond\u00e9 sur le consentement que vous avez fourni avant le retrait. Les donn\u00e9es personnelles acquises pour les finalit\u00e9s susmentionn\u00e9es seront trait\u00e9es pendant la dur\u00e9e du rapport associatif et seront ensuite conserv\u00e9es pour satisfaire aux obligations pr\u00e9vues par la r\u00e9glementation comptable et fiscale ; ces donn\u00e9es seront en outre conserv\u00e9es dans les limites des d\u00e9lais de prescription pr\u00e9vus pour l&rsquo;exercice des droits d\u00e9coulant du rapport associatif instaur\u00e9 avec le Fonds.   <\/p><p>La personne concern\u00e9e pourra s&rsquo;adresser au Responsable pour exercer les droits pr\u00e9vus par le R\u00e8glement en sa faveur et en particulier pourra demander l&rsquo;acc\u00e8s, la rectification, la mise \u00e0 jour, le blocage, la r\u00e9vocation du consentement en conformit\u00e9 avec les normes applicables, la limitation du traitement, la portabilit\u00e9 des donn\u00e9es et leur effacement. La personne concern\u00e9e en relation au traitement de ses donn\u00e9es personnelles a en outre le droit de pr\u00e9senter une r\u00e9clamation \u00e0 l&rsquo;Autorit\u00e9 de contr\u00f4le. Ces droits peuvent \u00eatre exerc\u00e9s en \u00e9crivant \u00e0 l&rsquo;adresse e-mail dpo_<a href=\"mailto:fondapi@protectiontrade.it\">fondapi@protectiontrade.it<\/a>.  <\/p><p> <\/p><h3><strong>SEULEMENT SI LA DEMANDE CONTIENT LA COMMUNICATION DE DONN\u00c9ES PARTICULI\u00c8RES<\/strong><\/h3><p><strong> <\/strong><\/p><p><strong>Consentement au traitement des donn\u00e9es personnelles<\/strong><\/p><p>Ayant pris connaissance des informations vis\u00e9es \u00e0 l&rsquo;article 13 du R\u00e8glement UE 679\/2016, je donne mon consentement au traitement des donn\u00e9es personnelles particuli\u00e8res (par ex. donn\u00e9es relatives \u00e0 l&rsquo;\u00e9tat de sant\u00e9) pour la gestion de ma demande d&rsquo;avance.<\/p>\t\t\t\t\t\t\t\t<\/div>\n\t\t\t\t<\/div>\n\t\t\t\t\t<\/div>\n\t\t\t\t<\/div>\n\t\t\t\t<\/div>\n\t\t","protected":false},"excerpt":{"rendered":"<p>INFORMATION FOURNIE \u00c0 LA PERSONNE CONCERN\u00c9E POUR LE TRAITEMENT DES DONN\u00c9ES PERSONNELLES En vertu des articles 13 et 14 du R\u00e8glement UE 679\/2016, FONDAPI Fonds national de pension compl\u00e9mentaire pour les travailleurs des petites et moyennes entreprises (ci-apr\u00e8s Fondapi ou Fonds de Pension) ayant son si\u00e8ge Piazza Cola di Rienzo, 80\/A &#8211; Rome, Responsable du [&hellip;]<\/p>\n","protected":false},"author":3,"featured_media":0,"parent":0,"menu_order":0,"comment_status":"closed","ping_status":"closed","template":"","meta":{"footnotes":""},"class_list":["post-60791","page","type-page","status-publish","hentry"],"yoast_head":"<!-- This site is optimized with the Yoast SEO plugin v27.2 - https:\/\/yoast.com\/product\/yoast-seo-wordpress\/ -->\n<title>Politique de confidentialit\u00e9 pour les demandes d&#039;avance - Fondapi<\/title>\n<meta name=\"robots\" content=\"index, follow, max-snippet:-1, max-image-preview:large, max-video-preview:-1\" \/>\n<link rel=\"canonical\" href=\"https:\/\/www.fondapi.it\/fr\/politique-de-confidentialite-pour-les-demandes-davance\/\" \/>\n<meta property=\"og:locale\" content=\"fr_FR\" \/>\n<meta property=\"og:type\" content=\"article\" \/>\n<meta property=\"og:title\" content=\"Politique de confidentialit\u00e9 pour les demandes d&#039;avance - Fondapi\" \/>\n<meta property=\"og:description\" content=\"INFORMATION FOURNIE \u00c0 LA PERSONNE CONCERN\u00c9E POUR LE TRAITEMENT DES DONN\u00c9ES PERSONNELLES En vertu des articles 13 et 14 du R\u00e8glement UE 679\/2016, FONDAPI Fonds national de pension compl\u00e9mentaire pour les travailleurs des petites et moyennes entreprises (ci-apr\u00e8s Fondapi ou Fonds de Pension) ayant son si\u00e8ge Piazza Cola di Rienzo, 80\/A &#8211; Rome, Responsable du [&hellip;]\" \/>\n<meta property=\"og:url\" content=\"https:\/\/www.fondapi.it\/fr\/politique-de-confidentialite-pour-les-demandes-davance\/\" \/>\n<meta property=\"og:site_name\" content=\"Fondapi\" \/>\n<meta property=\"article:publisher\" content=\"https:\/\/www.facebook.com\/pages\/Scegli-Fondapi\/111620682275544?fref=ts\" \/>\n<meta property=\"article:modified_time\" content=\"2025-11-11T07:43:40+00:00\" \/>\n<meta name=\"twitter:card\" content=\"summary_large_image\" \/>\n<meta name=\"twitter:site\" content=\"@fondapi\" \/>\n<meta name=\"twitter:label1\" content=\"Dur\u00e9e de lecture estim\u00e9e\" \/>\n\t<meta name=\"twitter:data1\" content=\"3 minutes\" \/>\n<script type=\"application\/ld+json\" class=\"yoast-schema-graph\">{\"@context\":\"https:\/\/schema.org\",\"@graph\":[{\"@type\":\"WebPage\",\"@id\":\"https:\/\/www.fondapi.it\/fr\/politique-de-confidentialite-pour-les-demandes-davance\/\",\"url\":\"https:\/\/www.fondapi.it\/fr\/politique-de-confidentialite-pour-les-demandes-davance\/\",\"name\":\"Politique de confidentialit\u00e9 pour les demandes d'avance - Fondapi\",\"isPartOf\":{\"@id\":\"https:\/\/www.fondapi.it\/fr\/#website\"},\"datePublished\":\"2024-10-08T08:46:46+00:00\",\"dateModified\":\"2025-11-11T07:43:40+00:00\",\"breadcrumb\":{\"@id\":\"https:\/\/www.fondapi.it\/fr\/politique-de-confidentialite-pour-les-demandes-davance\/#breadcrumb\"},\"inLanguage\":\"fr-FR\",\"potentialAction\":[{\"@type\":\"ReadAction\",\"target\":[\"https:\/\/www.fondapi.it\/fr\/politique-de-confidentialite-pour-les-demandes-davance\/\"]}]},{\"@type\":\"BreadcrumbList\",\"@id\":\"https:\/\/www.fondapi.it\/fr\/politique-de-confidentialite-pour-les-demandes-davance\/#breadcrumb\",\"itemListElement\":[{\"@type\":\"ListItem\",\"position\":1,\"name\":\"Home\",\"item\":\"https:\/\/www.fondapi.it\/fr\/accueil\/\"},{\"@type\":\"ListItem\",\"position\":2,\"name\":\"Politique de confidentialit\u00e9 pour les demandes d&#8217;avance\"}]},{\"@type\":\"WebSite\",\"@id\":\"https:\/\/www.fondapi.it\/fr\/#website\",\"url\":\"https:\/\/www.fondapi.it\/fr\/\",\"name\":\"Fondapi\",\"description\":\"\",\"publisher\":{\"@id\":\"https:\/\/www.fondapi.it\/fr\/#organization\"},\"alternateName\":\"Fondapi Fondo pensione integrativa\",\"potentialAction\":[{\"@type\":\"SearchAction\",\"target\":{\"@type\":\"EntryPoint\",\"urlTemplate\":\"https:\/\/www.fondapi.it\/fr\/?s={search_term_string}\"},\"query-input\":{\"@type\":\"PropertyValueSpecification\",\"valueRequired\":true,\"valueName\":\"search_term_string\"}}],\"inLanguage\":\"fr-FR\"},{\"@type\":\"Organization\",\"@id\":\"https:\/\/www.fondapi.it\/fr\/#organization\",\"name\":\"Fondapi - Fondo nazionale pensione complementare\",\"alternateName\":\"Fondapi Fondo pensione integrativa\",\"url\":\"https:\/\/www.fondapi.it\/fr\/\",\"logo\":{\"@type\":\"ImageObject\",\"inLanguage\":\"fr-FR\",\"@id\":\"https:\/\/www.fondapi.it\/fr\/#\/schema\/logo\/image\/\",\"url\":\"\",\"contentUrl\":\"\",\"caption\":\"Fondapi - Fondo nazionale pensione complementare\"},\"image\":{\"@id\":\"https:\/\/www.fondapi.it\/fr\/#\/schema\/logo\/image\/\"},\"sameAs\":[\"https:\/\/www.facebook.com\/pages\/Scegli-Fondapi\/111620682275544?fref=ts\",\"https:\/\/x.com\/fondapi\",\"https:\/\/www.linkedin.com\/company\/18497131\",\"https:\/\/www.youtube.com\/user\/Fondapi\",\"https:\/\/www.instagram.com\/fondapi.it\/\"]}]}<\/script>\n<!-- \/ Yoast SEO plugin. -->","yoast_head_json":{"title":"Politique de confidentialit\u00e9 pour les demandes d'avance - Fondapi","robots":{"index":"index","follow":"follow","max-snippet":"max-snippet:-1","max-image-preview":"max-image-preview:large","max-video-preview":"max-video-preview:-1"},"canonical":"https:\/\/www.fondapi.it\/fr\/politique-de-confidentialite-pour-les-demandes-davance\/","og_locale":"fr_FR","og_type":"article","og_title":"Politique de confidentialit\u00e9 pour les demandes d'avance - Fondapi","og_description":"INFORMATION FOURNIE \u00c0 LA PERSONNE CONCERN\u00c9E POUR LE TRAITEMENT DES DONN\u00c9ES PERSONNELLES En vertu des articles 13 et 14 du R\u00e8glement UE 679\/2016, FONDAPI Fonds national de pension compl\u00e9mentaire pour les travailleurs des petites et moyennes entreprises (ci-apr\u00e8s Fondapi ou Fonds de Pension) ayant son si\u00e8ge Piazza Cola di Rienzo, 80\/A &#8211; Rome, Responsable du [&hellip;]","og_url":"https:\/\/www.fondapi.it\/fr\/politique-de-confidentialite-pour-les-demandes-davance\/","og_site_name":"Fondapi","article_publisher":"https:\/\/www.facebook.com\/pages\/Scegli-Fondapi\/111620682275544?fref=ts","article_modified_time":"2025-11-11T07:43:40+00:00","twitter_card":"summary_large_image","twitter_site":"@fondapi","twitter_misc":{"Dur\u00e9e de lecture estim\u00e9e":"3 minutes"},"schema":{"@context":"https:\/\/schema.org","@graph":[{"@type":"WebPage","@id":"https:\/\/www.fondapi.it\/fr\/politique-de-confidentialite-pour-les-demandes-davance\/","url":"https:\/\/www.fondapi.it\/fr\/politique-de-confidentialite-pour-les-demandes-davance\/","name":"Politique de confidentialit\u00e9 pour les demandes d'avance - Fondapi","isPartOf":{"@id":"https:\/\/www.fondapi.it\/fr\/#website"},"datePublished":"2024-10-08T08:46:46+00:00","dateModified":"2025-11-11T07:43:40+00:00","breadcrumb":{"@id":"https:\/\/www.fondapi.it\/fr\/politique-de-confidentialite-pour-les-demandes-davance\/#breadcrumb"},"inLanguage":"fr-FR","potentialAction":[{"@type":"ReadAction","target":["https:\/\/www.fondapi.it\/fr\/politique-de-confidentialite-pour-les-demandes-davance\/"]}]},{"@type":"BreadcrumbList","@id":"https:\/\/www.fondapi.it\/fr\/politique-de-confidentialite-pour-les-demandes-davance\/#breadcrumb","itemListElement":[{"@type":"ListItem","position":1,"name":"Home","item":"https:\/\/www.fondapi.it\/fr\/accueil\/"},{"@type":"ListItem","position":2,"name":"Politique de confidentialit\u00e9 pour les demandes d&#8217;avance"}]},{"@type":"WebSite","@id":"https:\/\/www.fondapi.it\/fr\/#website","url":"https:\/\/www.fondapi.it\/fr\/","name":"Fondapi","description":"","publisher":{"@id":"https:\/\/www.fondapi.it\/fr\/#organization"},"alternateName":"Fondapi Fondo pensione integrativa","potentialAction":[{"@type":"SearchAction","target":{"@type":"EntryPoint","urlTemplate":"https:\/\/www.fondapi.it\/fr\/?s={search_term_string}"},"query-input":{"@type":"PropertyValueSpecification","valueRequired":true,"valueName":"search_term_string"}}],"inLanguage":"fr-FR"},{"@type":"Organization","@id":"https:\/\/www.fondapi.it\/fr\/#organization","name":"Fondapi - Fondo nazionale pensione complementare","alternateName":"Fondapi Fondo pensione integrativa","url":"https:\/\/www.fondapi.it\/fr\/","logo":{"@type":"ImageObject","inLanguage":"fr-FR","@id":"https:\/\/www.fondapi.it\/fr\/#\/schema\/logo\/image\/","url":"","contentUrl":"","caption":"Fondapi - Fondo nazionale pensione complementare"},"image":{"@id":"https:\/\/www.fondapi.it\/fr\/#\/schema\/logo\/image\/"},"sameAs":["https:\/\/www.facebook.com\/pages\/Scegli-Fondapi\/111620682275544?fref=ts","https:\/\/x.com\/fondapi","https:\/\/www.linkedin.com\/company\/18497131","https:\/\/www.youtube.com\/user\/Fondapi","https:\/\/www.instagram.com\/fondapi.it\/"]}]}},"_links":{"self":[{"href":"https:\/\/www.fondapi.it\/fr\/wp-json\/wp\/v2\/pages\/60791","targetHints":{"allow":["GET"]}}],"collection":[{"href":"https:\/\/www.fondapi.it\/fr\/wp-json\/wp\/v2\/pages"}],"about":[{"href":"https:\/\/www.fondapi.it\/fr\/wp-json\/wp\/v2\/types\/page"}],"author":[{"embeddable":true,"href":"https:\/\/www.fondapi.it\/fr\/wp-json\/wp\/v2\/users\/3"}],"replies":[{"embeddable":true,"href":"https:\/\/www.fondapi.it\/fr\/wp-json\/wp\/v2\/comments?post=60791"}],"version-history":[{"count":1,"href":"https:\/\/www.fondapi.it\/fr\/wp-json\/wp\/v2\/pages\/60791\/revisions"}],"predecessor-version":[{"id":60792,"href":"https:\/\/www.fondapi.it\/fr\/wp-json\/wp\/v2\/pages\/60791\/revisions\/60792"}],"wp:attachment":[{"href":"https:\/\/www.fondapi.it\/fr\/wp-json\/wp\/v2\/media?parent=60791"}],"curies":[{"name":"wp","href":"https:\/\/api.w.org\/{rel}","templated":true}]}}