{"id":60813,"date":"2024-08-28T17:31:45","date_gmt":"2024-08-28T15:31:45","guid":{"rendered":"https:\/\/www.fondapi.it\/comparez-les-couts\/"},"modified":"2025-11-12T08:41:37","modified_gmt":"2025-11-12T07:41:37","slug":"comparez-les-couts","status":"publish","type":"page","link":"https:\/\/www.fondapi.it\/fr\/comment-ca-fonctionne\/couts\/comparez-les-couts\/","title":{"rendered":"Comparez les co\u00fbts"},"content":{"rendered":"\t\t<div data-elementor-type=\"wp-page\" data-elementor-id=\"60813\" class=\"elementor elementor-60813 elementor-57189\" data-elementor-post-type=\"page\">\n\t\t\t\t<div class=\"elementor-element elementor-element-358f0189 e-flex e-con-boxed e-con e-parent\" data-id=\"358f0189\" data-element_type=\"container\" data-e-type=\"container\" data-settings=\"{&quot;background_background&quot;:&quot;classic&quot;,&quot;jet_parallax_layout_list&quot;:[]}\">\n\t\t\t\t\t<div class=\"e-con-inner\">\n\t\t<div class=\"elementor-element elementor-element-6d69c033 e-flex e-con-boxed e-con e-child\" data-id=\"6d69c033\" data-element_type=\"container\" data-e-type=\"container\" data-settings=\"{&quot;jet_parallax_layout_list&quot;:[]}\">\n\t\t\t\t\t<div class=\"e-con-inner\">\n\t\t\t\t<div class=\"elementor-element elementor-element-67aa5191 elementor-widget elementor-widget-jet-breadcrumbs\" data-id=\"67aa5191\" data-element_type=\"widget\" data-e-type=\"widget\" data-widget_type=\"jet-breadcrumbs.default\">\n\t\t\t\t<div class=\"elementor-widget-container\">\n\t\t\t\t\t<div class=\"elementor-jet-breadcrumbs jet-blocks\">\n\t\t<div class=\"jet-breadcrumbs\">\n\t\t<div class=\"jet-breadcrumbs__content\">\n\t\t<div class=\"jet-breadcrumbs__wrap\"><div class=\"jet-breadcrumbs__item\"><a href=\"https:\/\/www.fondapi.it\/fr\/\" class=\"jet-breadcrumbs__item-link is-home\" rel=\"home\" title=\"Accueil\">Accueil<\/a><\/div>\n\t\t<\/div>\n\t\t<\/div>\n\t\t<\/div><\/div>\t\t\t\t<\/div>\n\t\t\t\t<\/div>\n\t\t\t\t<div class=\"elementor-element elementor-element-4e26a608 elementor-widget elementor-widget-html\" data-id=\"4e26a608\" data-element_type=\"widget\" data-e-type=\"widget\" data-widget_type=\"html.default\">\n\t\t\t\t<div class=\"elementor-widget-container\">\n\t\t\t\t\t<script>document.addEventListener(\"DOMContentLoaded\", function() {\n  var observer = new MutationObserver(function(mutations) {\n    mutations.forEach(function(mutation) {\n      var link = document.querySelector(\".jet-breadcrumbs__item-link[title='Fondapi']\");\n      if (link) {\n        link.addEventListener(\"click\", function(event) {\n          event.preventDefault();\n        });\n      }\n    });\n  });\n\n  observer.observe(document.body, { childList: true, subtree: true });\n\n  var link = document.querySelector(\".jet-breadcrumbs__item-link[title='Fondapi']\");\n  if (link) {\n    link.addEventListener(\"click\", function(event) {\n      event.preventDefault();\n    });\n  }\n});\n<\/script>\t\t\t\t<\/div>\n\t\t\t\t<\/div>\n\t\t\t\t\t<\/div>\n\t\t\t\t<\/div>\n\t\t<div class=\"elementor-element elementor-element-7d7edf00 e-flex e-con-boxed e-con e-child\" data-id=\"7d7edf00\" data-element_type=\"container\" data-e-type=\"container\" data-settings=\"{&quot;jet_parallax_layout_list&quot;:[]}\">\n\t\t\t\t\t<div class=\"e-con-inner\">\n\t\t\t\t<div class=\"elementor-element elementor-element-41f6d441 elementor-widget__width-auto elementor-widget elementor-widget-heading\" data-id=\"41f6d441\" data-element_type=\"widget\" data-e-type=\"widget\" data-widget_type=\"heading.default\">\n\t\t\t\t<div class=\"elementor-widget-container\">\n\t\t\t\t\t<h6 class=\"elementor-heading-title elementor-size-default\">COMMENT \u00c7A FONCTIONNE<\/h6>\t\t\t\t<\/div>\n\t\t\t\t<\/div>\n\t\t\t\t\t<\/div>\n\t\t\t\t<\/div>\n\t\t\t\t\t<\/div>\n\t\t\t\t<\/div>\n\t\t<div class=\"elementor-element elementor-element-5f5c2a28 e-flex e-con-boxed e-con e-parent\" data-id=\"5f5c2a28\" data-element_type=\"container\" data-e-type=\"container\" data-settings=\"{&quot;jet_parallax_layout_list&quot;:[]}\">\n\t\t\t\t\t<div class=\"e-con-inner\">\n\t\t<div class=\"elementor-element elementor-element-3585db00 e-con-full e-flex e-con e-child\" data-id=\"3585db00\" data-element_type=\"container\" data-e-type=\"container\" data-settings=\"{&quot;jet_parallax_layout_list&quot;:[]}\">\n\t\t\t\t<div class=\"elementor-element elementor-element-3870dace elementor-widget elementor-widget-text-editor\" data-id=\"3870dace\" data-element_type=\"widget\" data-e-type=\"widget\" data-widget_type=\"text-editor.default\">\n\t\t\t\t<div class=\"elementor-widget-container\">\n\t\t\t\t\t\t\t\t\t<p>Lorsqu&rsquo;il s&rsquo;agit de choisir une source d&rsquo;investissement, les <b>co\u00fbts<\/b> repr\u00e9sentent naturellement <b>un \u00e9l\u00e9ment fondamental dans le processus de d\u00e9cision d&rsquo;un individu<\/b>. <\/p><p>Pr\u00e9cis\u00e9ment parce que la transparence est l&rsquo;une des valeurs fondamentales de Fondapi, nous offrons donc un outil qui permet une comparaison directe entre les diff\u00e9rentes options disponibles. <\/p><p>Essayez toutes les combinaisons pour trouver la solution qui vous convient le mieux !<\/p>\t\t\t\t\t\t\t\t<\/div>\n\t\t\t\t<\/div>\n\t\t\t\t<\/div>\n\t\t<div class=\"elementor-element elementor-element-5270aeed e-con-full e-flex e-con e-child\" data-id=\"5270aeed\" data-element_type=\"container\" data-e-type=\"container\" data-settings=\"{&quot;jet_parallax_layout_list&quot;:[]}\">\n\t\t\t\t<div class=\"elementor-element elementor-element-1a42fbb elementor-widget elementor-widget-html\" data-id=\"1a42fbb\" data-element_type=\"widget\" data-e-type=\"widget\" data-widget_type=\"html.default\">\n\t\t\t\t<div class=\"elementor-widget-container\">\n\t\t\t\t\t<iframe width=\"100%\" height=\"650px\" frameborder=\"0\" src=\"https:\/\/confrontafondi.gdsoftware.it\/fondapi.aspx\" id=\"confronta-costi\"><\/iframe>\t\t\t\t<\/div>\n\t\t\t\t<\/div>\n\t\t\t\t<\/div>\n\t\t\t\t\t<\/div>\n\t\t\t\t<\/div>\n\t\t<div class=\"elementor-element elementor-element-6bfbb58b elementor-hidden-mobile e-flex e-con-boxed e-con e-parent\" data-id=\"6bfbb58b\" data-element_type=\"container\" data-e-type=\"container\" data-settings=\"{&quot;background_background&quot;:&quot;classic&quot;,&quot;jet_parallax_layout_list&quot;:[]}\">\n\t\t\t\t\t<div class=\"e-con-inner\">\n\t\t\t\t\t<\/div>\n\t\t\t\t<\/div>\n\t\t\t\t<\/div>\n\t\t","protected":false},"excerpt":{"rendered":"<p>Home COMMENT \u00c7A FONCTIONNE Lorsqu&rsquo;il s&rsquo;agit de choisir une source d&rsquo;investissement, les co\u00fbts repr\u00e9sentent naturellement un \u00e9l\u00e9ment fondamental dans le processus de d\u00e9cision d&rsquo;un individu. Pr\u00e9cis\u00e9ment parce que la transparence est l&rsquo;une des valeurs fondamentales de Fondapi, nous offrons donc un outil qui permet une comparaison directe entre les diff\u00e9rentes options disponibles. Essayez toutes les [&hellip;]<\/p>\n","protected":false},"author":1,"featured_media":0,"parent":60967,"menu_order":0,"comment_status":"closed","ping_status":"closed","template":"","meta":{"footnotes":""},"class_list":["post-60813","page","type-page","status-publish","hentry"],"yoast_head":"<!-- This site is optimized with the Yoast SEO plugin v27.2 - https:\/\/yoast.com\/product\/yoast-seo-wordpress\/ -->\n<title>Comparez les co\u00fbts - Fondapi<\/title>\n<meta name=\"robots\" content=\"index, follow, max-snippet:-1, max-image-preview:large, max-video-preview:-1\" \/>\n<link rel=\"canonical\" href=\"https:\/\/www.fondapi.it\/fr\/comment-ca-fonctionne\/couts\/comparez-les-couts\/\" \/>\n<meta property=\"og:locale\" content=\"fr_FR\" \/>\n<meta property=\"og:type\" content=\"article\" \/>\n<meta property=\"og:title\" content=\"Comparez les co\u00fbts - Fondapi\" \/>\n<meta property=\"og:description\" content=\"Home COMMENT \u00c7A FONCTIONNE Lorsqu&rsquo;il s&rsquo;agit de choisir une source d&rsquo;investissement, les co\u00fbts repr\u00e9sentent naturellement un \u00e9l\u00e9ment fondamental dans le processus de d\u00e9cision d&rsquo;un individu. Pr\u00e9cis\u00e9ment parce que la transparence est l&rsquo;une des valeurs fondamentales de Fondapi, nous offrons donc un outil qui permet une comparaison directe entre les diff\u00e9rentes options disponibles. Essayez toutes les [&hellip;]\" \/>\n<meta property=\"og:url\" content=\"https:\/\/www.fondapi.it\/fr\/comment-ca-fonctionne\/couts\/comparez-les-couts\/\" \/>\n<meta property=\"og:site_name\" content=\"Fondapi\" \/>\n<meta property=\"article:publisher\" content=\"https:\/\/www.facebook.com\/pages\/Scegli-Fondapi\/111620682275544?fref=ts\" \/>\n<meta property=\"article:modified_time\" content=\"2025-11-12T07:41:37+00:00\" \/>\n<meta name=\"twitter:card\" content=\"summary_large_image\" \/>\n<meta name=\"twitter:site\" content=\"@fondapi\" \/>\n<script type=\"application\/ld+json\" class=\"yoast-schema-graph\">{\"@context\":\"https:\/\/schema.org\",\"@graph\":[{\"@type\":\"WebPage\",\"@id\":\"https:\/\/www.fondapi.it\/fr\/comment-ca-fonctionne\/couts\/comparez-les-couts\/\",\"url\":\"https:\/\/www.fondapi.it\/fr\/comment-ca-fonctionne\/couts\/comparez-les-couts\/\",\"name\":\"Comparez les co\u00fbts - Fondapi\",\"isPartOf\":{\"@id\":\"https:\/\/www.fondapi.it\/fr\/#website\"},\"datePublished\":\"2024-08-28T15:31:45+00:00\",\"dateModified\":\"2025-11-12T07:41:37+00:00\",\"breadcrumb\":{\"@id\":\"https:\/\/www.fondapi.it\/fr\/comment-ca-fonctionne\/couts\/comparez-les-couts\/#breadcrumb\"},\"inLanguage\":\"fr-FR\",\"potentialAction\":[{\"@type\":\"ReadAction\",\"target\":[\"https:\/\/www.fondapi.it\/fr\/comment-ca-fonctionne\/couts\/comparez-les-couts\/\"]}]},{\"@type\":\"BreadcrumbList\",\"@id\":\"https:\/\/www.fondapi.it\/fr\/comment-ca-fonctionne\/couts\/comparez-les-couts\/#breadcrumb\",\"itemListElement\":[{\"@type\":\"ListItem\",\"position\":1,\"name\":\"Home\",\"item\":\"https:\/\/www.fondapi.it\/fr\/accueil\/\"},{\"@type\":\"ListItem\",\"position\":2,\"name\":\"Comment \u00e7a fonctionne\",\"item\":\"https:\/\/www.fondapi.it\/fr\/comment-ca-fonctionne\/\"},{\"@type\":\"ListItem\",\"position\":3,\"name\":\"Co\u00fbts\",\"item\":\"https:\/\/www.fondapi.it\/fr\/comment-ca-fonctionne\/couts\/\"},{\"@type\":\"ListItem\",\"position\":4,\"name\":\"Comparez les co\u00fbts\"}]},{\"@type\":\"WebSite\",\"@id\":\"https:\/\/www.fondapi.it\/fr\/#website\",\"url\":\"https:\/\/www.fondapi.it\/fr\/\",\"name\":\"Fondapi\",\"description\":\"\",\"publisher\":{\"@id\":\"https:\/\/www.fondapi.it\/fr\/#organization\"},\"alternateName\":\"Fondapi Fondo pensione integrativa\",\"potentialAction\":[{\"@type\":\"SearchAction\",\"target\":{\"@type\":\"EntryPoint\",\"urlTemplate\":\"https:\/\/www.fondapi.it\/fr\/?s={search_term_string}\"},\"query-input\":{\"@type\":\"PropertyValueSpecification\",\"valueRequired\":true,\"valueName\":\"search_term_string\"}}],\"inLanguage\":\"fr-FR\"},{\"@type\":\"Organization\",\"@id\":\"https:\/\/www.fondapi.it\/fr\/#organization\",\"name\":\"Fondapi - Fondo nazionale pensione complementare\",\"alternateName\":\"Fondapi Fondo pensione integrativa\",\"url\":\"https:\/\/www.fondapi.it\/fr\/\",\"logo\":{\"@type\":\"ImageObject\",\"inLanguage\":\"fr-FR\",\"@id\":\"https:\/\/www.fondapi.it\/fr\/#\/schema\/logo\/image\/\",\"url\":\"\",\"contentUrl\":\"\",\"caption\":\"Fondapi - Fondo nazionale pensione complementare\"},\"image\":{\"@id\":\"https:\/\/www.fondapi.it\/fr\/#\/schema\/logo\/image\/\"},\"sameAs\":[\"https:\/\/www.facebook.com\/pages\/Scegli-Fondapi\/111620682275544?fref=ts\",\"https:\/\/x.com\/fondapi\",\"https:\/\/www.linkedin.com\/company\/18497131\",\"https:\/\/www.youtube.com\/user\/Fondapi\",\"https:\/\/www.instagram.com\/fondapi.it\/\"]}]}<\/script>\n<!-- \/ Yoast SEO plugin. -->","yoast_head_json":{"title":"Comparez les co\u00fbts - Fondapi","robots":{"index":"index","follow":"follow","max-snippet":"max-snippet:-1","max-image-preview":"max-image-preview:large","max-video-preview":"max-video-preview:-1"},"canonical":"https:\/\/www.fondapi.it\/fr\/comment-ca-fonctionne\/couts\/comparez-les-couts\/","og_locale":"fr_FR","og_type":"article","og_title":"Comparez les co\u00fbts - Fondapi","og_description":"Home COMMENT \u00c7A FONCTIONNE Lorsqu&rsquo;il s&rsquo;agit de choisir une source d&rsquo;investissement, les co\u00fbts repr\u00e9sentent naturellement un \u00e9l\u00e9ment fondamental dans le processus de d\u00e9cision d&rsquo;un individu. Pr\u00e9cis\u00e9ment parce que la transparence est l&rsquo;une des valeurs fondamentales de Fondapi, nous offrons donc un outil qui permet une comparaison directe entre les diff\u00e9rentes options disponibles. Essayez toutes les [&hellip;]","og_url":"https:\/\/www.fondapi.it\/fr\/comment-ca-fonctionne\/couts\/comparez-les-couts\/","og_site_name":"Fondapi","article_publisher":"https:\/\/www.facebook.com\/pages\/Scegli-Fondapi\/111620682275544?fref=ts","article_modified_time":"2025-11-12T07:41:37+00:00","twitter_card":"summary_large_image","twitter_site":"@fondapi","schema":{"@context":"https:\/\/schema.org","@graph":[{"@type":"WebPage","@id":"https:\/\/www.fondapi.it\/fr\/comment-ca-fonctionne\/couts\/comparez-les-couts\/","url":"https:\/\/www.fondapi.it\/fr\/comment-ca-fonctionne\/couts\/comparez-les-couts\/","name":"Comparez les co\u00fbts - Fondapi","isPartOf":{"@id":"https:\/\/www.fondapi.it\/fr\/#website"},"datePublished":"2024-08-28T15:31:45+00:00","dateModified":"2025-11-12T07:41:37+00:00","breadcrumb":{"@id":"https:\/\/www.fondapi.it\/fr\/comment-ca-fonctionne\/couts\/comparez-les-couts\/#breadcrumb"},"inLanguage":"fr-FR","potentialAction":[{"@type":"ReadAction","target":["https:\/\/www.fondapi.it\/fr\/comment-ca-fonctionne\/couts\/comparez-les-couts\/"]}]},{"@type":"BreadcrumbList","@id":"https:\/\/www.fondapi.it\/fr\/comment-ca-fonctionne\/couts\/comparez-les-couts\/#breadcrumb","itemListElement":[{"@type":"ListItem","position":1,"name":"Home","item":"https:\/\/www.fondapi.it\/fr\/accueil\/"},{"@type":"ListItem","position":2,"name":"Comment \u00e7a fonctionne","item":"https:\/\/www.fondapi.it\/fr\/comment-ca-fonctionne\/"},{"@type":"ListItem","position":3,"name":"Co\u00fbts","item":"https:\/\/www.fondapi.it\/fr\/comment-ca-fonctionne\/couts\/"},{"@type":"ListItem","position":4,"name":"Comparez les co\u00fbts"}]},{"@type":"WebSite","@id":"https:\/\/www.fondapi.it\/fr\/#website","url":"https:\/\/www.fondapi.it\/fr\/","name":"Fondapi","description":"","publisher":{"@id":"https:\/\/www.fondapi.it\/fr\/#organization"},"alternateName":"Fondapi Fondo pensione integrativa","potentialAction":[{"@type":"SearchAction","target":{"@type":"EntryPoint","urlTemplate":"https:\/\/www.fondapi.it\/fr\/?s={search_term_string}"},"query-input":{"@type":"PropertyValueSpecification","valueRequired":true,"valueName":"search_term_string"}}],"inLanguage":"fr-FR"},{"@type":"Organization","@id":"https:\/\/www.fondapi.it\/fr\/#organization","name":"Fondapi - Fondo nazionale pensione complementare","alternateName":"Fondapi Fondo pensione integrativa","url":"https:\/\/www.fondapi.it\/fr\/","logo":{"@type":"ImageObject","inLanguage":"fr-FR","@id":"https:\/\/www.fondapi.it\/fr\/#\/schema\/logo\/image\/","url":"","contentUrl":"","caption":"Fondapi - Fondo nazionale pensione complementare"},"image":{"@id":"https:\/\/www.fondapi.it\/fr\/#\/schema\/logo\/image\/"},"sameAs":["https:\/\/www.facebook.com\/pages\/Scegli-Fondapi\/111620682275544?fref=ts","https:\/\/x.com\/fondapi","https:\/\/www.linkedin.com\/company\/18497131","https:\/\/www.youtube.com\/user\/Fondapi","https:\/\/www.instagram.com\/fondapi.it\/"]}]}},"_links":{"self":[{"href":"https:\/\/www.fondapi.it\/fr\/wp-json\/wp\/v2\/pages\/60813","targetHints":{"allow":["GET"]}}],"collection":[{"href":"https:\/\/www.fondapi.it\/fr\/wp-json\/wp\/v2\/pages"}],"about":[{"href":"https:\/\/www.fondapi.it\/fr\/wp-json\/wp\/v2\/types\/page"}],"author":[{"embeddable":true,"href":"https:\/\/www.fondapi.it\/fr\/wp-json\/wp\/v2\/users\/1"}],"replies":[{"embeddable":true,"href":"https:\/\/www.fondapi.it\/fr\/wp-json\/wp\/v2\/comments?post=60813"}],"version-history":[{"count":2,"href":"https:\/\/www.fondapi.it\/fr\/wp-json\/wp\/v2\/pages\/60813\/revisions"}],"predecessor-version":[{"id":60968,"href":"https:\/\/www.fondapi.it\/fr\/wp-json\/wp\/v2\/pages\/60813\/revisions\/60968"}],"up":[{"embeddable":true,"href":"https:\/\/www.fondapi.it\/fr\/wp-json\/wp\/v2\/pages\/60967"}],"wp:attachment":[{"href":"https:\/\/www.fondapi.it\/fr\/wp-json\/wp\/v2\/media?parent=60813"}],"curies":[{"name":"wp","href":"https:\/\/api.w.org\/{rel}","templated":true}]}}