{"id":61112,"date":"2024-06-19T12:50:28","date_gmt":"2024-06-19T10:50:28","guid":{"rendered":"https:\/\/www.fondapi.it\/couts\/calculateur-dimpots-et-deconomies-fiscales\/"},"modified":"2025-11-12T08:43:46","modified_gmt":"2025-11-12T07:43:46","slug":"calculateur-dimpots-et-deconomies-fiscales","status":"publish","type":"page","link":"https:\/\/www.fondapi.it\/fr\/comment-ca-fonctionne\/couts\/calculateur-dimpots-et-deconomies-fiscales\/","title":{"rendered":"Calculateur d&rsquo;imp\u00f4ts et d&rsquo;\u00e9conomies fiscales"},"content":{"rendered":"\t\t<div data-elementor-type=\"wp-page\" data-elementor-id=\"61112\" class=\"elementor elementor-61112 elementor-55830\" data-elementor-post-type=\"page\">\n\t\t\t\t<div class=\"elementor-element elementor-element-653d948 e-flex e-con-boxed e-con e-parent\" data-id=\"653d948\" data-element_type=\"container\" data-e-type=\"container\" data-settings=\"{&quot;background_background&quot;:&quot;classic&quot;,&quot;jet_parallax_layout_list&quot;:[]}\">\n\t\t\t\t\t<div class=\"e-con-inner\">\n\t\t<div class=\"elementor-element elementor-element-dc41a10 e-flex e-con-boxed e-con e-child\" data-id=\"dc41a10\" data-element_type=\"container\" data-e-type=\"container\" data-settings=\"{&quot;jet_parallax_layout_list&quot;:[]}\">\n\t\t\t\t\t<div class=\"e-con-inner\">\n\t\t\t\t<div class=\"elementor-element elementor-element-58908fc elementor-widget elementor-widget-jet-breadcrumbs\" data-id=\"58908fc\" data-element_type=\"widget\" data-e-type=\"widget\" data-widget_type=\"jet-breadcrumbs.default\">\n\t\t\t\t<div class=\"elementor-widget-container\">\n\t\t\t\t\t<div class=\"elementor-jet-breadcrumbs jet-blocks\">\n\t\t<div class=\"jet-breadcrumbs\">\n\t\t<div class=\"jet-breadcrumbs__content\">\n\t\t<div class=\"jet-breadcrumbs__wrap\"><div class=\"jet-breadcrumbs__item\"><a href=\"https:\/\/www.fondapi.it\/fr\/\" class=\"jet-breadcrumbs__item-link is-home\" rel=\"home\" title=\"Accueil\">Accueil<\/a><\/div>\n\t\t<\/div>\n\t\t<\/div>\n\t\t<\/div><\/div>\t\t\t\t<\/div>\n\t\t\t\t<\/div>\n\t\t\t\t<div class=\"elementor-element elementor-element-30db121 elementor-widget elementor-widget-html\" data-id=\"30db121\" data-element_type=\"widget\" data-e-type=\"widget\" data-widget_type=\"html.default\">\n\t\t\t\t<div class=\"elementor-widget-container\">\n\t\t\t\t\t<script>document.addEventListener(\"DOMContentLoaded\", function() {\n  var observer = new MutationObserver(function(mutations) {\n    mutations.forEach(function(mutation) {\n      var link = document.querySelector(\".jet-breadcrumbs__item-link[title='Fondapi']\");\n      if (link) {\n        link.addEventListener(\"click\", function(event) {\n          event.preventDefault();\n        });\n      }\n    });\n  });\n\n  observer.observe(document.body, { childList: true, subtree: true });\n\n  var link = document.querySelector(\".jet-breadcrumbs__item-link[title='Fondapi']\");\n  if (link) {\n    link.addEventListener(\"click\", function(event) {\n      event.preventDefault();\n    });\n  }\n});\n<\/script>\t\t\t\t<\/div>\n\t\t\t\t<\/div>\n\t\t\t\t\t<\/div>\n\t\t\t\t<\/div>\n\t\t<div class=\"elementor-element elementor-element-256d4b4 e-flex e-con-boxed e-con e-child\" data-id=\"256d4b4\" data-element_type=\"container\" data-e-type=\"container\" data-settings=\"{&quot;jet_parallax_layout_list&quot;:[]}\">\n\t\t\t\t\t<div class=\"e-con-inner\">\n\t\t\t\t<div class=\"elementor-element elementor-element-9257370 elementor-widget__width-auto elementor-widget elementor-widget-heading\" data-id=\"9257370\" data-element_type=\"widget\" data-e-type=\"widget\" data-widget_type=\"heading.default\">\n\t\t\t\t<div class=\"elementor-widget-container\">\n\t\t\t\t\t<h6 class=\"elementor-heading-title elementor-size-default\">COMMENT \u00c7A FONCTIONNE<\/h6>\t\t\t\t<\/div>\n\t\t\t\t<\/div>\n\t\t\t\t\t<\/div>\n\t\t\t\t<\/div>\n\t\t\t\t\t<\/div>\n\t\t\t\t<\/div>\n\t\t<div class=\"elementor-element elementor-element-fa4006a e-flex e-con-boxed e-con e-parent\" data-id=\"fa4006a\" data-element_type=\"container\" data-e-type=\"container\" data-settings=\"{&quot;jet_parallax_layout_list&quot;:[]}\">\n\t\t\t\t\t<div class=\"e-con-inner\">\n\t\t<div class=\"elementor-element elementor-element-893b52a e-con-full e-flex e-con e-child\" data-id=\"893b52a\" data-element_type=\"container\" data-e-type=\"container\" data-settings=\"{&quot;jet_parallax_layout_list&quot;:[]}\">\n\t\t\t\t<div class=\"elementor-element elementor-element-f26bc70 elementor-widget elementor-widget-heading\" data-id=\"f26bc70\" data-element_type=\"widget\" data-e-type=\"widget\" data-widget_type=\"heading.default\">\n\t\t\t\t<div class=\"elementor-widget-container\">\n\t\t\t\t\t<h3 class=\"elementor-heading-title elementor-size-default\">Saisissez les informations demand\u00e9es<\/h3>\t\t\t\t<\/div>\n\t\t\t\t<\/div>\n\t\t\t\t<div class=\"elementor-element elementor-element-6a5dafc elementor-widget elementor-widget-html\" data-id=\"6a5dafc\" data-element_type=\"widget\" data-e-type=\"widget\" data-widget_type=\"html.default\">\n\t\t\t\t<div class=\"elementor-widget-container\">\n\t\t\t\t\t<div id=\"calculatorContainer\">\n<form id=\"taxCalculator\">\n  <label for=\"income\">Revenu Annuel Brut (RAB) :<\/label>\n<input type=\"number\" id=\"income\" name=\"income\" placeholder=\"25000\" min=\"8500\" required=\"\">\n<label for=\"contribution\">Versement au Fonds (max 5 164 \u20ac) :<\/label>\n<input type=\"number\" id=\"contribution\" name=\"contribution\" max=\"5164\" value=\"0\" placeholder=\"0\" required=\"\">\n<button type=\"submit\">Calculer<\/button>\n<\/form>\n<div id=\"results\">\n  <p id=\"result5\"><\/p>\n  <p id=\"result4\"><\/p>\n  <p id=\"result6\"><\/p>\n  <progress id=\"progressBar\" value=\"0\" max=\"100\"><\/progress>\n  <div id=\"disclaimer\">\n  <p><strong>REMARQUE IMPORTANTE :<\/strong><\/p>\n  <p>Dans le champ <strong>\u00ab Si je verse \u00e0 Fondapi \u00bb<\/strong>, il ne faut PAS inclure l'indemnit\u00e9 de fin de carri\u00e8re.<\/p>\n  <p><strong>Aux fins de la d\u00e9ductibilit\u00e9 fiscale<\/strong>, SEULS sont comptabilisables :<\/p>\n  <ul>\n    <li>- la cotisation mensuelle du salari\u00e9<\/li>\n    <li>- la contribution suppl\u00e9mentaire de l'entreprise<\/li>\n    <li>- les \u00e9ventuelles cotisations uniques que l'adh\u00e9rent verse sur son compte<\/li>\n    <li>- les cotisations suppl\u00e9mentaires en faveur des fils ou filles inscrits comme personnes \u00e0 charge fiscalement<\/li>\n  <\/ul>\n  <p>Le simulateur repr\u00e9sente <strong>uniquement une estimation<\/strong> et ne prend PAS en compte, pour simplifier le calcul, les taxes additionnelles r\u00e9gionales et municipales ni les d\u00e9ductions pour travail salari\u00e9.<\/p>\n<\/div>\n<\/div>\n\n\n\n<script>\ndocument.getElementById('taxCalculator').addEventListener('submit', function(event) {\n  event.preventDefault();\n\n  const income = parseFloat(document.getElementById('income').value.replace(\/\\.\/g, '').replace(',', '.'));\n  const contribution = parseFloat(document.getElementById('contribution').value.replace(\/\\.\/g, '').replace(',', '.'));\n\n  const taxableIncome = income - contribution;\n  const threshold1 = 28000;\n  const threshold2 = 50000;\n  const taxRate1 = 0.23;\n  const taxRate2 = 0.35;\n  const taxRate3 = 0.43;\n\n  let irpefWithoutContribution = 0;\n\n  if (income <= threshold1) {\n    irpefWithoutContribution = income * taxRate1;\n  } else if (income <= threshold2) {\n    irpefWithoutContribution = (income - threshold1) * taxRate2 + (threshold1 * taxRate1);\n  } else {\n    irpefWithoutContribution = (income - threshold2) * taxRate3 + (threshold1 * taxRate1) + ((threshold2 - threshold1) * taxRate2);\n  }\n\n  let irpefWithContribution = 0;\n\n  if (taxableIncome <= threshold1) {\n    irpefWithContribution = taxableIncome * taxRate1;\n  } else if (taxableIncome <= threshold2) {\n    irpefWithContribution = (taxableIncome - threshold1) * taxRate2 + (threshold1 * taxRate1);\n  } else {\n    irpefWithContribution = (taxableIncome - threshold2) * taxRate3 + (threshold1 * taxRate1) + ((threshold2 - threshold1) * taxRate2);\n  }\n\n  const taxSaving = irpefWithoutContribution - irpefWithContribution;\n  const savingPercentage = (taxSaving \/ irpefWithoutContribution) * 100;\n\n  \/\/ Calcola la percentuale di riempimento della progress bar\n  const progressBarValue = (contribution \/ 5164) * 100;\n\n  document.getElementById('result5').innerText = `IRPEF da pagare senza versamento: ${irpefWithoutContribution.toLocaleString('it-IT', {minimumFractionDigits: 2, maximumFractionDigits: 2})}\u20ac`;\n  document.getElementById('result4').innerText = `IRPEF da pagare con versamento di ${contribution.toLocaleString('it-IT', {minimumFractionDigits: 2, maximumFractionDigits: 2})}\u20ac: ${irpefWithContribution.toLocaleString('it-IT', {minimumFractionDigits: 2, maximumFractionDigits: 2})}\u20ac`;\n  document.getElementById('result6').innerText = `Il tuo risparmio fiscale grazie alla deducibilit\u00e0: ${taxSaving.toLocaleString('it-IT', {minimumFractionDigits: 2, maximumFractionDigits: 2})}\u20ac`;\n  document.getElementById('progressBar').value = progressBarValue;\n\n  \/\/ Imposta il colore della barra di avanzamento in base alla percentuale di riempimento\n  if (progressBarValue <= 30) {\n    document.getElementById('progressBar').style.backgroundColor = '#ff0000'; \/\/ Rosso\n  } else if (progressBarValue <= 50) {\n    document.getElementById('progressBar').style.backgroundColor = '#ffff00'; \/\/ Giallo\n  } else if (progressBarValue <= 70) {\n    document.getElementById('progressBar').style.backgroundColor = '#00ff00'; \/\/ Verde chiaro\n  } else {\n    document.getElementById('progressBar').style.backgroundColor = '#006600'; \/\/ Verde scuro\n  }\n\n  \/\/ Mostra il risultato\n  document.getElementById('results').style.display = 'block';\n});\n<\/script><\/div>\t\t\t\t<\/div>\n\t\t\t\t<\/div>\n\t\t\t\t<\/div>\n\t\t\t\t\t<\/div>\n\t\t\t\t<\/div>\n\t\t<div class=\"elementor-element elementor-element-04be12b elementor-hidden-mobile e-flex e-con-boxed e-con e-parent\" data-id=\"04be12b\" data-element_type=\"container\" data-e-type=\"container\" data-settings=\"{&quot;background_background&quot;:&quot;classic&quot;,&quot;jet_parallax_layout_list&quot;:[]}\">\n\t\t\t\t\t<div class=\"e-con-inner\">\n\t\t\t\t\t<\/div>\n\t\t\t\t<\/div>\n\t\t\t\t<\/div>\n\t\t","protected":false},"excerpt":{"rendered":"<p>Home COMMENT \u00c7A FONCTIONNE Saisissez les informations demand\u00e9es Revenu Annuel Brut (RAB) : Versement au Fonds (max 5 164 \u20ac) : Calculer REMARQUE IMPORTANTE : Dans le champ \u00ab Si je verse \u00e0 Fondapi \u00bb, il ne faut PAS inclure l&rsquo;indemnit\u00e9 de fin de carri\u00e8re. Aux fins de la d\u00e9ductibilit\u00e9 fiscale, SEULS sont comptabilisables : [&hellip;]<\/p>\n","protected":false},"author":1,"featured_media":0,"parent":60967,"menu_order":0,"comment_status":"closed","ping_status":"closed","template":"","meta":{"footnotes":""},"class_list":["post-61112","page","type-page","status-publish","hentry"],"yoast_head":"<!-- This site is optimized with the Yoast SEO plugin v27.2 - https:\/\/yoast.com\/product\/yoast-seo-wordpress\/ -->\n<title>Calculateur d&#039;imp\u00f4ts et d&#039;\u00e9conomies fiscales - Fondapi<\/title>\n<meta name=\"robots\" content=\"index, follow, max-snippet:-1, max-image-preview:large, max-video-preview:-1\" \/>\n<link rel=\"canonical\" href=\"https:\/\/www.fondapi.it\/fr\/comment-ca-fonctionne\/couts\/calculateur-dimpots-et-deconomies-fiscales\/\" \/>\n<meta property=\"og:locale\" content=\"fr_FR\" \/>\n<meta property=\"og:type\" content=\"article\" \/>\n<meta property=\"og:title\" content=\"Calculateur d&#039;imp\u00f4ts et d&#039;\u00e9conomies fiscales - Fondapi\" \/>\n<meta property=\"og:description\" content=\"Home COMMENT \u00c7A FONCTIONNE Saisissez les informations demand\u00e9es Revenu Annuel Brut (RAB) : Versement au Fonds (max 5 164 \u20ac) : Calculer REMARQUE IMPORTANTE : Dans le champ \u00ab Si je verse \u00e0 Fondapi \u00bb, il ne faut PAS inclure l&rsquo;indemnit\u00e9 de fin de carri\u00e8re. Aux fins de la d\u00e9ductibilit\u00e9 fiscale, SEULS sont comptabilisables : [&hellip;]\" \/>\n<meta property=\"og:url\" content=\"https:\/\/www.fondapi.it\/fr\/comment-ca-fonctionne\/couts\/calculateur-dimpots-et-deconomies-fiscales\/\" \/>\n<meta property=\"og:site_name\" content=\"Fondapi\" \/>\n<meta property=\"article:publisher\" content=\"https:\/\/www.facebook.com\/pages\/Scegli-Fondapi\/111620682275544?fref=ts\" \/>\n<meta property=\"article:modified_time\" content=\"2025-11-12T07:43:46+00:00\" \/>\n<meta name=\"twitter:card\" content=\"summary_large_image\" \/>\n<meta name=\"twitter:site\" content=\"@fondapi\" \/>\n<meta name=\"twitter:label1\" content=\"Dur\u00e9e de lecture estim\u00e9e\" \/>\n\t<meta name=\"twitter:data1\" content=\"1 minute\" \/>\n<script type=\"application\/ld+json\" class=\"yoast-schema-graph\">{\"@context\":\"https:\/\/schema.org\",\"@graph\":[{\"@type\":\"WebPage\",\"@id\":\"https:\/\/www.fondapi.it\/fr\/comment-ca-fonctionne\/couts\/calculateur-dimpots-et-deconomies-fiscales\/\",\"url\":\"https:\/\/www.fondapi.it\/fr\/comment-ca-fonctionne\/couts\/calculateur-dimpots-et-deconomies-fiscales\/\",\"name\":\"Calculateur d'imp\u00f4ts et d'\u00e9conomies fiscales - Fondapi\",\"isPartOf\":{\"@id\":\"https:\/\/www.fondapi.it\/fr\/#website\"},\"datePublished\":\"2024-06-19T10:50:28+00:00\",\"dateModified\":\"2025-11-12T07:43:46+00:00\",\"breadcrumb\":{\"@id\":\"https:\/\/www.fondapi.it\/fr\/comment-ca-fonctionne\/couts\/calculateur-dimpots-et-deconomies-fiscales\/#breadcrumb\"},\"inLanguage\":\"fr-FR\",\"potentialAction\":[{\"@type\":\"ReadAction\",\"target\":[\"https:\/\/www.fondapi.it\/fr\/comment-ca-fonctionne\/couts\/calculateur-dimpots-et-deconomies-fiscales\/\"]}]},{\"@type\":\"BreadcrumbList\",\"@id\":\"https:\/\/www.fondapi.it\/fr\/comment-ca-fonctionne\/couts\/calculateur-dimpots-et-deconomies-fiscales\/#breadcrumb\",\"itemListElement\":[{\"@type\":\"ListItem\",\"position\":1,\"name\":\"Home\",\"item\":\"https:\/\/www.fondapi.it\/fr\/accueil\/\"},{\"@type\":\"ListItem\",\"position\":2,\"name\":\"Comment \u00e7a fonctionne\",\"item\":\"https:\/\/www.fondapi.it\/fr\/comment-ca-fonctionne\/\"},{\"@type\":\"ListItem\",\"position\":3,\"name\":\"Co\u00fbts\",\"item\":\"https:\/\/www.fondapi.it\/fr\/comment-ca-fonctionne\/couts\/\"},{\"@type\":\"ListItem\",\"position\":4,\"name\":\"Calculateur d&#8217;imp\u00f4ts et d&#8217;\u00e9conomies fiscales\"}]},{\"@type\":\"WebSite\",\"@id\":\"https:\/\/www.fondapi.it\/fr\/#website\",\"url\":\"https:\/\/www.fondapi.it\/fr\/\",\"name\":\"Fondapi\",\"description\":\"\",\"publisher\":{\"@id\":\"https:\/\/www.fondapi.it\/fr\/#organization\"},\"alternateName\":\"Fondapi Fondo pensione integrativa\",\"potentialAction\":[{\"@type\":\"SearchAction\",\"target\":{\"@type\":\"EntryPoint\",\"urlTemplate\":\"https:\/\/www.fondapi.it\/fr\/?s={search_term_string}\"},\"query-input\":{\"@type\":\"PropertyValueSpecification\",\"valueRequired\":true,\"valueName\":\"search_term_string\"}}],\"inLanguage\":\"fr-FR\"},{\"@type\":\"Organization\",\"@id\":\"https:\/\/www.fondapi.it\/fr\/#organization\",\"name\":\"Fondapi - Fondo nazionale pensione complementare\",\"alternateName\":\"Fondapi Fondo pensione integrativa\",\"url\":\"https:\/\/www.fondapi.it\/fr\/\",\"logo\":{\"@type\":\"ImageObject\",\"inLanguage\":\"fr-FR\",\"@id\":\"https:\/\/www.fondapi.it\/fr\/#\/schema\/logo\/image\/\",\"url\":\"\",\"contentUrl\":\"\",\"caption\":\"Fondapi - Fondo nazionale pensione complementare\"},\"image\":{\"@id\":\"https:\/\/www.fondapi.it\/fr\/#\/schema\/logo\/image\/\"},\"sameAs\":[\"https:\/\/www.facebook.com\/pages\/Scegli-Fondapi\/111620682275544?fref=ts\",\"https:\/\/x.com\/fondapi\",\"https:\/\/www.linkedin.com\/company\/18497131\",\"https:\/\/www.youtube.com\/user\/Fondapi\",\"https:\/\/www.instagram.com\/fondapi.it\/\"]}]}<\/script>\n<!-- \/ Yoast SEO plugin. -->","yoast_head_json":{"title":"Calculateur d'imp\u00f4ts et d'\u00e9conomies fiscales - Fondapi","robots":{"index":"index","follow":"follow","max-snippet":"max-snippet:-1","max-image-preview":"max-image-preview:large","max-video-preview":"max-video-preview:-1"},"canonical":"https:\/\/www.fondapi.it\/fr\/comment-ca-fonctionne\/couts\/calculateur-dimpots-et-deconomies-fiscales\/","og_locale":"fr_FR","og_type":"article","og_title":"Calculateur d'imp\u00f4ts et d'\u00e9conomies fiscales - Fondapi","og_description":"Home COMMENT \u00c7A FONCTIONNE Saisissez les informations demand\u00e9es Revenu Annuel Brut (RAB) : Versement au Fonds (max 5 164 \u20ac) : Calculer REMARQUE IMPORTANTE : Dans le champ \u00ab Si je verse \u00e0 Fondapi \u00bb, il ne faut PAS inclure l&rsquo;indemnit\u00e9 de fin de carri\u00e8re. Aux fins de la d\u00e9ductibilit\u00e9 fiscale, SEULS sont comptabilisables : [&hellip;]","og_url":"https:\/\/www.fondapi.it\/fr\/comment-ca-fonctionne\/couts\/calculateur-dimpots-et-deconomies-fiscales\/","og_site_name":"Fondapi","article_publisher":"https:\/\/www.facebook.com\/pages\/Scegli-Fondapi\/111620682275544?fref=ts","article_modified_time":"2025-11-12T07:43:46+00:00","twitter_card":"summary_large_image","twitter_site":"@fondapi","twitter_misc":{"Dur\u00e9e de lecture estim\u00e9e":"1 minute"},"schema":{"@context":"https:\/\/schema.org","@graph":[{"@type":"WebPage","@id":"https:\/\/www.fondapi.it\/fr\/comment-ca-fonctionne\/couts\/calculateur-dimpots-et-deconomies-fiscales\/","url":"https:\/\/www.fondapi.it\/fr\/comment-ca-fonctionne\/couts\/calculateur-dimpots-et-deconomies-fiscales\/","name":"Calculateur d'imp\u00f4ts et d'\u00e9conomies fiscales - Fondapi","isPartOf":{"@id":"https:\/\/www.fondapi.it\/fr\/#website"},"datePublished":"2024-06-19T10:50:28+00:00","dateModified":"2025-11-12T07:43:46+00:00","breadcrumb":{"@id":"https:\/\/www.fondapi.it\/fr\/comment-ca-fonctionne\/couts\/calculateur-dimpots-et-deconomies-fiscales\/#breadcrumb"},"inLanguage":"fr-FR","potentialAction":[{"@type":"ReadAction","target":["https:\/\/www.fondapi.it\/fr\/comment-ca-fonctionne\/couts\/calculateur-dimpots-et-deconomies-fiscales\/"]}]},{"@type":"BreadcrumbList","@id":"https:\/\/www.fondapi.it\/fr\/comment-ca-fonctionne\/couts\/calculateur-dimpots-et-deconomies-fiscales\/#breadcrumb","itemListElement":[{"@type":"ListItem","position":1,"name":"Home","item":"https:\/\/www.fondapi.it\/fr\/accueil\/"},{"@type":"ListItem","position":2,"name":"Comment \u00e7a fonctionne","item":"https:\/\/www.fondapi.it\/fr\/comment-ca-fonctionne\/"},{"@type":"ListItem","position":3,"name":"Co\u00fbts","item":"https:\/\/www.fondapi.it\/fr\/comment-ca-fonctionne\/couts\/"},{"@type":"ListItem","position":4,"name":"Calculateur d&#8217;imp\u00f4ts et d&#8217;\u00e9conomies fiscales"}]},{"@type":"WebSite","@id":"https:\/\/www.fondapi.it\/fr\/#website","url":"https:\/\/www.fondapi.it\/fr\/","name":"Fondapi","description":"","publisher":{"@id":"https:\/\/www.fondapi.it\/fr\/#organization"},"alternateName":"Fondapi Fondo pensione integrativa","potentialAction":[{"@type":"SearchAction","target":{"@type":"EntryPoint","urlTemplate":"https:\/\/www.fondapi.it\/fr\/?s={search_term_string}"},"query-input":{"@type":"PropertyValueSpecification","valueRequired":true,"valueName":"search_term_string"}}],"inLanguage":"fr-FR"},{"@type":"Organization","@id":"https:\/\/www.fondapi.it\/fr\/#organization","name":"Fondapi - Fondo nazionale pensione complementare","alternateName":"Fondapi Fondo pensione integrativa","url":"https:\/\/www.fondapi.it\/fr\/","logo":{"@type":"ImageObject","inLanguage":"fr-FR","@id":"https:\/\/www.fondapi.it\/fr\/#\/schema\/logo\/image\/","url":"","contentUrl":"","caption":"Fondapi - Fondo nazionale pensione complementare"},"image":{"@id":"https:\/\/www.fondapi.it\/fr\/#\/schema\/logo\/image\/"},"sameAs":["https:\/\/www.facebook.com\/pages\/Scegli-Fondapi\/111620682275544?fref=ts","https:\/\/x.com\/fondapi","https:\/\/www.linkedin.com\/company\/18497131","https:\/\/www.youtube.com\/user\/Fondapi","https:\/\/www.instagram.com\/fondapi.it\/"]}]}},"_links":{"self":[{"href":"https:\/\/www.fondapi.it\/fr\/wp-json\/wp\/v2\/pages\/61112","targetHints":{"allow":["GET"]}}],"collection":[{"href":"https:\/\/www.fondapi.it\/fr\/wp-json\/wp\/v2\/pages"}],"about":[{"href":"https:\/\/www.fondapi.it\/fr\/wp-json\/wp\/v2\/types\/page"}],"author":[{"embeddable":true,"href":"https:\/\/www.fondapi.it\/fr\/wp-json\/wp\/v2\/users\/1"}],"replies":[{"embeddable":true,"href":"https:\/\/www.fondapi.it\/fr\/wp-json\/wp\/v2\/comments?post=61112"}],"version-history":[{"count":1,"href":"https:\/\/www.fondapi.it\/fr\/wp-json\/wp\/v2\/pages\/61112\/revisions"}],"predecessor-version":[{"id":61115,"href":"https:\/\/www.fondapi.it\/fr\/wp-json\/wp\/v2\/pages\/61112\/revisions\/61115"}],"up":[{"embeddable":true,"href":"https:\/\/www.fondapi.it\/fr\/wp-json\/wp\/v2\/pages\/60967"}],"wp:attachment":[{"href":"https:\/\/www.fondapi.it\/fr\/wp-json\/wp\/v2\/media?parent=61112"}],"curies":[{"name":"wp","href":"https:\/\/api.w.org\/{rel}","templated":true}]}}