{"id":61120,"date":"2024-06-19T12:54:19","date_gmt":"2024-06-19T10:54:19","guid":{"rendered":"https:\/\/www.fondapi.it\/transparence-et-information\/"},"modified":"2025-11-12T16:32:45","modified_gmt":"2025-11-12T15:32:45","slug":"transparence-et-information","status":"publish","type":"page","link":"https:\/\/www.fondapi.it\/fr\/fondapi\/transparence-et-information\/","title":{"rendered":"Transparence et information"},"content":{"rendered":"\t\t<div data-elementor-type=\"wp-page\" data-elementor-id=\"61120\" class=\"elementor elementor-61120 elementor-55837\" data-elementor-post-type=\"page\">\n\t\t\t\t<div class=\"elementor-element elementor-element-653d948 e-flex e-con-boxed e-con e-parent\" data-id=\"653d948\" data-element_type=\"container\" data-e-type=\"container\" data-settings=\"{&quot;background_background&quot;:&quot;classic&quot;,&quot;jet_parallax_layout_list&quot;:[]}\">\n\t\t\t\t\t<div class=\"e-con-inner\">\n\t\t<div class=\"elementor-element elementor-element-dc41a10 e-flex e-con-boxed e-con e-child\" data-id=\"dc41a10\" data-element_type=\"container\" data-e-type=\"container\" data-settings=\"{&quot;jet_parallax_layout_list&quot;:[]}\">\n\t\t\t\t\t<div class=\"e-con-inner\">\n\t\t\t\t<div class=\"elementor-element elementor-element-58908fc elementor-widget elementor-widget-jet-breadcrumbs\" data-id=\"58908fc\" data-element_type=\"widget\" data-e-type=\"widget\" data-widget_type=\"jet-breadcrumbs.default\">\n\t\t\t\t<div class=\"elementor-widget-container\">\n\t\t\t\t\t<div class=\"elementor-jet-breadcrumbs jet-blocks\">\n\t\t<div class=\"jet-breadcrumbs\">\n\t\t<div class=\"jet-breadcrumbs__content\">\n\t\t<div class=\"jet-breadcrumbs__wrap\"><div class=\"jet-breadcrumbs__item\"><a href=\"https:\/\/www.fondapi.it\/fr\/\" class=\"jet-breadcrumbs__item-link is-home\" rel=\"home\" title=\"Accueil\">Accueil<\/a><\/div>\n\t\t<\/div>\n\t\t<\/div>\n\t\t<\/div><\/div>\t\t\t\t<\/div>\n\t\t\t\t<\/div>\n\t\t\t\t<div class=\"elementor-element elementor-element-30db121 elementor-widget elementor-widget-html\" data-id=\"30db121\" data-element_type=\"widget\" data-e-type=\"widget\" data-widget_type=\"html.default\">\n\t\t\t\t<div class=\"elementor-widget-container\">\n\t\t\t\t\t<script>document.addEventListener(\"DOMContentLoaded\", function() {\n  var observer = new MutationObserver(function(mutations) {\n    mutations.forEach(function(mutation) {\n      var link = document.querySelector(\".jet-breadcrumbs__item-link[title='Fondapi']\");\n      if (link) {\n        link.addEventListener(\"click\", function(event) {\n          event.preventDefault();\n        });\n      }\n    });\n  });\n\n  observer.observe(document.body, { childList: true, subtree: true });\n\n  var link = document.querySelector(\".jet-breadcrumbs__item-link[title='Fondapi']\");\n  if (link) {\n    link.addEventListener(\"click\", function(event) {\n      event.preventDefault();\n    });\n  }\n});\n<\/script>\t\t\t\t<\/div>\n\t\t\t\t<\/div>\n\t\t\t\t\t<\/div>\n\t\t\t\t<\/div>\n\t\t<div class=\"elementor-element elementor-element-256d4b4 e-flex e-con-boxed e-con e-child\" data-id=\"256d4b4\" data-element_type=\"container\" data-e-type=\"container\" data-settings=\"{&quot;jet_parallax_layout_list&quot;:[]}\">\n\t\t\t\t\t<div class=\"e-con-inner\">\n\t\t\t\t<div class=\"elementor-element elementor-element-9257370 elementor-widget__width-auto elementor-widget elementor-widget-heading\" data-id=\"9257370\" data-element_type=\"widget\" data-e-type=\"widget\" data-widget_type=\"heading.default\">\n\t\t\t\t<div class=\"elementor-widget-container\">\n\t\t\t\t\t<h6 class=\"elementor-heading-title elementor-size-default\">Fondapi<\/h6>\t\t\t\t<\/div>\n\t\t\t\t<\/div>\n\t\t\t\t\t<\/div>\n\t\t\t\t<\/div>\n\t\t\t\t\t<\/div>\n\t\t\t\t<\/div>\n\t\t<div class=\"elementor-element elementor-element-fa4006a e-flex e-con-boxed e-con e-parent\" data-id=\"fa4006a\" data-element_type=\"container\" data-e-type=\"container\" data-settings=\"{&quot;jet_parallax_layout_list&quot;:[]}\">\n\t\t\t\t\t<div class=\"e-con-inner\">\n\t\t<div class=\"elementor-element elementor-element-893b52a e-con-full e-flex e-con e-child\" data-id=\"893b52a\" data-element_type=\"container\" data-e-type=\"container\" data-settings=\"{&quot;jet_parallax_layout_list&quot;:[]}\">\n\t\t\t\t<div class=\"elementor-element elementor-element-f26bc70 elementor-widget elementor-widget-heading\" data-id=\"f26bc70\" data-element_type=\"widget\" data-e-type=\"widget\" data-widget_type=\"heading.default\">\n\t\t\t\t<div class=\"elementor-widget-container\">\n\t\t\t\t\t<h4 class=\"elementor-heading-title elementor-size-default\">Pour parler de transparence et d'information, il est avant tout important d'expliquer comment sont compos\u00e9s les Organes de Fondapi.\n<\/h4>\t\t\t\t<\/div>\n\t\t\t\t<\/div>\n\t\t\t\t<div class=\"elementor-element elementor-element-f7481b1 elementor-widget elementor-widget-text-editor\" data-id=\"f7481b1\" data-element_type=\"widget\" data-e-type=\"widget\" data-widget_type=\"text-editor.default\">\n\t\t\t\t<div class=\"elementor-widget-container\">\n\t\t\t\t\t\t\t\t\t<p>L&rsquo;<b>Assembl\u00e9e des d\u00e9l\u00e9gu\u00e9s<\/b> est constitu\u00e9e paritairement de repr\u00e9sentants des salari\u00e9s et de repr\u00e9sentants des entreprises, et se renouvelle environ tous les 3 ans.<\/p><p>Selon la m\u00eame p\u00e9riodicit\u00e9, l&rsquo;Assembl\u00e9e nomme les membres du <b>Conseil d&rsquo;administration<\/b>, \u00e9galement constitu\u00e9 paritairement de repr\u00e9sentants des salari\u00e9s et des entreprises. La fonction de <b>Pr\u00e9sidence du Conseil d&rsquo;administration<\/b> est assur\u00e9e, \u00e0 chaque renouvellement, en alternance entre les deux repr\u00e9sentations. <\/p><p>Ce sch\u00e9ma, en plus d&rsquo;offrir la possibilit\u00e9 de dialogue avec les membres des organes, garantit la <b>plus \u00e9quitable repr\u00e9sentativit\u00e9 pour les salari\u00e9s et les entreprises adh\u00e9rentes \u00e0 Fondapi<\/b>.<\/p><p><b>Transparence et information<\/b> signifie doter chacun des outils pour v\u00e9rifier ce qui se passe autour du Fonds de pension et des positions contributives individuelles. Chaque salari\u00e9 a donc la possibilit\u00e9 de <b>consulter sa position contributive<\/b> en acc\u00e9dant \u00e0 l&rsquo;<b>espace personnel<\/b> depuis un ordinateur <b>ou<\/b> via l&rsquo;<b>application pour smartphone et tablette<\/b>, o\u00f9 il peut : <\/p><ul><li aria-level=\"1\">consulter les <b>relev\u00e9s de cotisations<\/b> des derni\u00e8res ann\u00e9es et les t\u00e9l\u00e9charger sur son appareil ;<\/li><li aria-level=\"1\">v\u00e9rifier l&rsquo;<b>exactitude des cotisations<\/b> de l&rsquo;entreprise ;<\/li><li aria-level=\"1\">v\u00e9rifier la <b>possibilit\u00e9 de demander des avances<\/b> et le montant maximum possible ;<\/li><li aria-level=\"1\">D\u00e9signer les b\u00e9n\u00e9ficiaires en cas de d\u00e9c\u00e8s ;<\/li><li aria-level=\"1\"><b>Demander des rachats, des d\u00e9parts en retraite et des avances<\/b> ;<\/li><li aria-level=\"1\">Verser des cotisations volontaires suppl\u00e9mentaires ;<\/li><li aria-level=\"1\">Modifier le compartiment d&rsquo;investissement en l&rsquo;adaptant \u00e0 ses besoins ;<\/li><li aria-level=\"1\">T\u00e9l\u00e9charger les documents utiles \u00e0 des fins fiscales.<\/li><\/ul><p><br>De plus, le salari\u00e9 peut choisir de recevoir les <b>newsletters de Fondapi<\/b> : une occasion p\u00e9riodique de faire le point sur les activit\u00e9s du Fonds et sur les th\u00e8mes r\u00e9cents li\u00e9s \u00e0 la retraite compl\u00e9mentaire.<\/p>\t\t\t\t\t\t\t\t<\/div>\n\t\t\t\t<\/div>\n\t\t\t\t<div class=\"elementor-element elementor-element-e978cec elementor-widget elementor-widget-button\" data-id=\"e978cec\" data-element_type=\"widget\" data-e-type=\"widget\" data-widget_type=\"button.default\">\n\t\t\t\t<div class=\"elementor-widget-container\">\n\t\t\t\t\t\t\t\t\t<div class=\"elementor-button-wrapper\">\n\t\t\t\t\t<a class=\"elementor-button elementor-button-link elementor-size-sm\" href=\"https:\/\/www.fondapi.it\/fr\/#newsletter\">\n\t\t\t\t\t\t<span class=\"elementor-button-content-wrapper\">\n\t\t\t\t\t\t\t\t\t<span class=\"elementor-button-text\">Inscrivez-vous maintenant<\/span>\n\t\t\t\t\t<\/span>\n\t\t\t\t\t<\/a>\n\t\t\t\t<\/div>\n\t\t\t\t\t\t\t\t<\/div>\n\t\t\t\t<\/div>\n\t\t\t\t<\/div>\n\t\t<div class=\"elementor-element elementor-element-f58ae9e e-con-full e-flex e-con e-child\" data-id=\"f58ae9e\" data-element_type=\"container\" data-e-type=\"container\" data-settings=\"{&quot;jet_parallax_layout_list&quot;:[]}\">\n\t\t\t\t<div class=\"elementor-element elementor-element-7d86ef4 elementor-widget elementor-widget-image\" data-id=\"7d86ef4\" data-element_type=\"widget\" data-e-type=\"widget\" data-widget_type=\"image.default\">\n\t\t\t\t<div class=\"elementor-widget-container\">\n\t\t\t\t\t\t\t\t\t\t\t\t\t\t\t<img fetchpriority=\"high\" decoding=\"async\" width=\"1333\" height=\"2000\" src=\"https:\/\/www.fondapi.it\/wp-content\/uploads\/2024\/09\/trasparenza-1.webp\" class=\"attachment-full size-full wp-image-61121\" alt=\"\" srcset=\"https:\/\/www.fondapi.it\/wp-content\/uploads\/2024\/09\/trasparenza-1.webp 1333w, https:\/\/www.fondapi.it\/wp-content\/uploads\/2024\/09\/trasparenza-1-200x300.webp 200w, https:\/\/www.fondapi.it\/wp-content\/uploads\/2024\/09\/trasparenza-1-682x1024.webp 682w, https:\/\/www.fondapi.it\/wp-content\/uploads\/2024\/09\/trasparenza-1-768x1152.webp 768w, https:\/\/www.fondapi.it\/wp-content\/uploads\/2024\/09\/trasparenza-1-1024x1536.webp 1024w\" sizes=\"(max-width: 1333px) 100vw, 1333px\" \/>\t\t\t\t\t\t\t\t\t\t\t\t\t\t\t<\/div>\n\t\t\t\t<\/div>\n\t\t\t\t<\/div>\n\t\t\t\t\t<\/div>\n\t\t\t\t<\/div>\n\t\t<div class=\"elementor-element elementor-element-04be12b elementor-hidden-mobile e-flex e-con-boxed e-con e-parent\" data-id=\"04be12b\" data-element_type=\"container\" data-e-type=\"container\" data-settings=\"{&quot;background_background&quot;:&quot;classic&quot;,&quot;jet_parallax_layout_list&quot;:[]}\">\n\t\t\t\t\t<div class=\"e-con-inner\">\n\t\t\t\t\t<\/div>\n\t\t\t\t<\/div>\n\t\t\t\t<\/div>\n\t\t","protected":false},"excerpt":{"rendered":"<p>Home Fondapi Pour parler de transparence et d&rsquo;information, il est avant tout important d&rsquo;expliquer comment sont compos\u00e9s les Organes de Fondapi. L&rsquo;Assembl\u00e9e des d\u00e9l\u00e9gu\u00e9s est constitu\u00e9e paritairement de repr\u00e9sentants des salari\u00e9s et de repr\u00e9sentants des entreprises, et se renouvelle environ tous les 3 ans. Selon la m\u00eame p\u00e9riodicit\u00e9, l&rsquo;Assembl\u00e9e nomme les membres du Conseil d&rsquo;administration, [&hellip;]<\/p>\n","protected":false},"author":1,"featured_media":0,"parent":61267,"menu_order":6,"comment_status":"closed","ping_status":"closed","template":"","meta":{"footnotes":""},"class_list":["post-61120","page","type-page","status-publish","hentry"],"yoast_head":"<!-- This site is optimized with the Yoast SEO plugin v27.2 - https:\/\/yoast.com\/product\/yoast-seo-wordpress\/ -->\n<title>Transparence et information - Fondapi<\/title>\n<meta name=\"robots\" content=\"index, follow, max-snippet:-1, max-image-preview:large, max-video-preview:-1\" \/>\n<link rel=\"canonical\" href=\"https:\/\/www.fondapi.it\/fr\/fondapi\/transparence-et-information\/\" \/>\n<meta property=\"og:locale\" content=\"fr_FR\" \/>\n<meta property=\"og:type\" content=\"article\" \/>\n<meta property=\"og:title\" content=\"Transparence et information - Fondapi\" \/>\n<meta property=\"og:description\" content=\"Home Fondapi Pour parler de transparence et d&rsquo;information, il est avant tout important d&rsquo;expliquer comment sont compos\u00e9s les Organes de Fondapi. L&rsquo;Assembl\u00e9e des d\u00e9l\u00e9gu\u00e9s est constitu\u00e9e paritairement de repr\u00e9sentants des salari\u00e9s et de repr\u00e9sentants des entreprises, et se renouvelle environ tous les 3 ans. Selon la m\u00eame p\u00e9riodicit\u00e9, l&rsquo;Assembl\u00e9e nomme les membres du Conseil d&rsquo;administration, [&hellip;]\" \/>\n<meta property=\"og:url\" content=\"https:\/\/www.fondapi.it\/fr\/fondapi\/transparence-et-information\/\" \/>\n<meta property=\"og:site_name\" content=\"Fondapi\" \/>\n<meta property=\"article:publisher\" content=\"https:\/\/www.facebook.com\/pages\/Scegli-Fondapi\/111620682275544?fref=ts\" \/>\n<meta property=\"article:modified_time\" content=\"2025-11-12T15:32:45+00:00\" \/>\n<meta property=\"og:image\" content=\"https:\/\/www.fondapi.it\/wp-content\/uploads\/2024\/09\/trasparenza-1.webp\" \/>\n\t<meta property=\"og:image:width\" content=\"1333\" \/>\n\t<meta property=\"og:image:height\" content=\"2000\" \/>\n\t<meta property=\"og:image:type\" content=\"image\/webp\" \/>\n<meta name=\"twitter:card\" content=\"summary_large_image\" \/>\n<meta name=\"twitter:site\" content=\"@fondapi\" \/>\n<meta name=\"twitter:label1\" content=\"Dur\u00e9e de lecture estim\u00e9e\" \/>\n\t<meta name=\"twitter:data1\" content=\"2 minutes\" \/>\n<script type=\"application\/ld+json\" class=\"yoast-schema-graph\">{\"@context\":\"https:\/\/schema.org\",\"@graph\":[{\"@type\":\"WebPage\",\"@id\":\"https:\/\/www.fondapi.it\/fr\/fondapi\/transparence-et-information\/\",\"url\":\"https:\/\/www.fondapi.it\/fr\/fondapi\/transparence-et-information\/\",\"name\":\"Transparence et information - Fondapi\",\"isPartOf\":{\"@id\":\"https:\/\/www.fondapi.it\/fr\/#website\"},\"primaryImageOfPage\":{\"@id\":\"https:\/\/www.fondapi.it\/fr\/fondapi\/transparence-et-information\/#primaryimage\"},\"image\":{\"@id\":\"https:\/\/www.fondapi.it\/fr\/fondapi\/transparence-et-information\/#primaryimage\"},\"thumbnailUrl\":\"https:\/\/www.fondapi.it\/wp-content\/uploads\/2024\/09\/trasparenza-1.webp\",\"datePublished\":\"2024-06-19T10:54:19+00:00\",\"dateModified\":\"2025-11-12T15:32:45+00:00\",\"breadcrumb\":{\"@id\":\"https:\/\/www.fondapi.it\/fr\/fondapi\/transparence-et-information\/#breadcrumb\"},\"inLanguage\":\"fr-FR\",\"potentialAction\":[{\"@type\":\"ReadAction\",\"target\":[\"https:\/\/www.fondapi.it\/fr\/fondapi\/transparence-et-information\/\"]}]},{\"@type\":\"ImageObject\",\"inLanguage\":\"fr-FR\",\"@id\":\"https:\/\/www.fondapi.it\/fr\/fondapi\/transparence-et-information\/#primaryimage\",\"url\":\"https:\/\/www.fondapi.it\/wp-content\/uploads\/2024\/09\/trasparenza-1.webp\",\"contentUrl\":\"https:\/\/www.fondapi.it\/wp-content\/uploads\/2024\/09\/trasparenza-1.webp\"},{\"@type\":\"BreadcrumbList\",\"@id\":\"https:\/\/www.fondapi.it\/fr\/fondapi\/transparence-et-information\/#breadcrumb\",\"itemListElement\":[{\"@type\":\"ListItem\",\"position\":1,\"name\":\"Home\",\"item\":\"https:\/\/www.fondapi.it\/fr\/accueil\/\"},{\"@type\":\"ListItem\",\"position\":2,\"name\":\"Fondapi\",\"item\":\"https:\/\/www.fondapi.it\/fr\/fondapi\/\"},{\"@type\":\"ListItem\",\"position\":3,\"name\":\"Transparence et information\"}]},{\"@type\":\"WebSite\",\"@id\":\"https:\/\/www.fondapi.it\/fr\/#website\",\"url\":\"https:\/\/www.fondapi.it\/fr\/\",\"name\":\"Fondapi\",\"description\":\"\",\"publisher\":{\"@id\":\"https:\/\/www.fondapi.it\/fr\/#organization\"},\"alternateName\":\"Fondapi Fondo pensione integrativa\",\"potentialAction\":[{\"@type\":\"SearchAction\",\"target\":{\"@type\":\"EntryPoint\",\"urlTemplate\":\"https:\/\/www.fondapi.it\/fr\/?s={search_term_string}\"},\"query-input\":{\"@type\":\"PropertyValueSpecification\",\"valueRequired\":true,\"valueName\":\"search_term_string\"}}],\"inLanguage\":\"fr-FR\"},{\"@type\":\"Organization\",\"@id\":\"https:\/\/www.fondapi.it\/fr\/#organization\",\"name\":\"Fondapi - Fondo nazionale pensione complementare\",\"alternateName\":\"Fondapi Fondo pensione integrativa\",\"url\":\"https:\/\/www.fondapi.it\/fr\/\",\"logo\":{\"@type\":\"ImageObject\",\"inLanguage\":\"fr-FR\",\"@id\":\"https:\/\/www.fondapi.it\/fr\/#\/schema\/logo\/image\/\",\"url\":\"\",\"contentUrl\":\"\",\"caption\":\"Fondapi - Fondo nazionale pensione complementare\"},\"image\":{\"@id\":\"https:\/\/www.fondapi.it\/fr\/#\/schema\/logo\/image\/\"},\"sameAs\":[\"https:\/\/www.facebook.com\/pages\/Scegli-Fondapi\/111620682275544?fref=ts\",\"https:\/\/x.com\/fondapi\",\"https:\/\/www.linkedin.com\/company\/18497131\",\"https:\/\/www.youtube.com\/user\/Fondapi\",\"https:\/\/www.instagram.com\/fondapi.it\/\"]}]}<\/script>\n<!-- \/ Yoast SEO plugin. -->","yoast_head_json":{"title":"Transparence et information - Fondapi","robots":{"index":"index","follow":"follow","max-snippet":"max-snippet:-1","max-image-preview":"max-image-preview:large","max-video-preview":"max-video-preview:-1"},"canonical":"https:\/\/www.fondapi.it\/fr\/fondapi\/transparence-et-information\/","og_locale":"fr_FR","og_type":"article","og_title":"Transparence et information - Fondapi","og_description":"Home Fondapi Pour parler de transparence et d&rsquo;information, il est avant tout important d&rsquo;expliquer comment sont compos\u00e9s les Organes de Fondapi. L&rsquo;Assembl\u00e9e des d\u00e9l\u00e9gu\u00e9s est constitu\u00e9e paritairement de repr\u00e9sentants des salari\u00e9s et de repr\u00e9sentants des entreprises, et se renouvelle environ tous les 3 ans. Selon la m\u00eame p\u00e9riodicit\u00e9, l&rsquo;Assembl\u00e9e nomme les membres du Conseil d&rsquo;administration, [&hellip;]","og_url":"https:\/\/www.fondapi.it\/fr\/fondapi\/transparence-et-information\/","og_site_name":"Fondapi","article_publisher":"https:\/\/www.facebook.com\/pages\/Scegli-Fondapi\/111620682275544?fref=ts","article_modified_time":"2025-11-12T15:32:45+00:00","og_image":[{"width":1333,"height":2000,"url":"https:\/\/www.fondapi.it\/wp-content\/uploads\/2024\/09\/trasparenza-1.webp","type":"image\/webp"}],"twitter_card":"summary_large_image","twitter_site":"@fondapi","twitter_misc":{"Dur\u00e9e de lecture estim\u00e9e":"2 minutes"},"schema":{"@context":"https:\/\/schema.org","@graph":[{"@type":"WebPage","@id":"https:\/\/www.fondapi.it\/fr\/fondapi\/transparence-et-information\/","url":"https:\/\/www.fondapi.it\/fr\/fondapi\/transparence-et-information\/","name":"Transparence et information - Fondapi","isPartOf":{"@id":"https:\/\/www.fondapi.it\/fr\/#website"},"primaryImageOfPage":{"@id":"https:\/\/www.fondapi.it\/fr\/fondapi\/transparence-et-information\/#primaryimage"},"image":{"@id":"https:\/\/www.fondapi.it\/fr\/fondapi\/transparence-et-information\/#primaryimage"},"thumbnailUrl":"https:\/\/www.fondapi.it\/wp-content\/uploads\/2024\/09\/trasparenza-1.webp","datePublished":"2024-06-19T10:54:19+00:00","dateModified":"2025-11-12T15:32:45+00:00","breadcrumb":{"@id":"https:\/\/www.fondapi.it\/fr\/fondapi\/transparence-et-information\/#breadcrumb"},"inLanguage":"fr-FR","potentialAction":[{"@type":"ReadAction","target":["https:\/\/www.fondapi.it\/fr\/fondapi\/transparence-et-information\/"]}]},{"@type":"ImageObject","inLanguage":"fr-FR","@id":"https:\/\/www.fondapi.it\/fr\/fondapi\/transparence-et-information\/#primaryimage","url":"https:\/\/www.fondapi.it\/wp-content\/uploads\/2024\/09\/trasparenza-1.webp","contentUrl":"https:\/\/www.fondapi.it\/wp-content\/uploads\/2024\/09\/trasparenza-1.webp"},{"@type":"BreadcrumbList","@id":"https:\/\/www.fondapi.it\/fr\/fondapi\/transparence-et-information\/#breadcrumb","itemListElement":[{"@type":"ListItem","position":1,"name":"Home","item":"https:\/\/www.fondapi.it\/fr\/accueil\/"},{"@type":"ListItem","position":2,"name":"Fondapi","item":"https:\/\/www.fondapi.it\/fr\/fondapi\/"},{"@type":"ListItem","position":3,"name":"Transparence et information"}]},{"@type":"WebSite","@id":"https:\/\/www.fondapi.it\/fr\/#website","url":"https:\/\/www.fondapi.it\/fr\/","name":"Fondapi","description":"","publisher":{"@id":"https:\/\/www.fondapi.it\/fr\/#organization"},"alternateName":"Fondapi Fondo pensione integrativa","potentialAction":[{"@type":"SearchAction","target":{"@type":"EntryPoint","urlTemplate":"https:\/\/www.fondapi.it\/fr\/?s={search_term_string}"},"query-input":{"@type":"PropertyValueSpecification","valueRequired":true,"valueName":"search_term_string"}}],"inLanguage":"fr-FR"},{"@type":"Organization","@id":"https:\/\/www.fondapi.it\/fr\/#organization","name":"Fondapi - Fondo nazionale pensione complementare","alternateName":"Fondapi Fondo pensione integrativa","url":"https:\/\/www.fondapi.it\/fr\/","logo":{"@type":"ImageObject","inLanguage":"fr-FR","@id":"https:\/\/www.fondapi.it\/fr\/#\/schema\/logo\/image\/","url":"","contentUrl":"","caption":"Fondapi - Fondo nazionale pensione complementare"},"image":{"@id":"https:\/\/www.fondapi.it\/fr\/#\/schema\/logo\/image\/"},"sameAs":["https:\/\/www.facebook.com\/pages\/Scegli-Fondapi\/111620682275544?fref=ts","https:\/\/x.com\/fondapi","https:\/\/www.linkedin.com\/company\/18497131","https:\/\/www.youtube.com\/user\/Fondapi","https:\/\/www.instagram.com\/fondapi.it\/"]}]}},"_links":{"self":[{"href":"https:\/\/www.fondapi.it\/fr\/wp-json\/wp\/v2\/pages\/61120","targetHints":{"allow":["GET"]}}],"collection":[{"href":"https:\/\/www.fondapi.it\/fr\/wp-json\/wp\/v2\/pages"}],"about":[{"href":"https:\/\/www.fondapi.it\/fr\/wp-json\/wp\/v2\/types\/page"}],"author":[{"embeddable":true,"href":"https:\/\/www.fondapi.it\/fr\/wp-json\/wp\/v2\/users\/1"}],"replies":[{"embeddable":true,"href":"https:\/\/www.fondapi.it\/fr\/wp-json\/wp\/v2\/comments?post=61120"}],"version-history":[{"count":5,"href":"https:\/\/www.fondapi.it\/fr\/wp-json\/wp\/v2\/pages\/61120\/revisions"}],"predecessor-version":[{"id":62932,"href":"https:\/\/www.fondapi.it\/fr\/wp-json\/wp\/v2\/pages\/61120\/revisions\/62932"}],"up":[{"embeddable":true,"href":"https:\/\/www.fondapi.it\/fr\/wp-json\/wp\/v2\/pages\/61267"}],"wp:attachment":[{"href":"https:\/\/www.fondapi.it\/fr\/wp-json\/wp\/v2\/media?parent=61120"}],"curies":[{"name":"wp","href":"https:\/\/api.w.org\/{rel}","templated":true}]}}