{"id":61140,"date":"2024-06-19T14:42:58","date_gmt":"2024-06-19T12:42:58","guid":{"rendered":"https:\/\/www.fondapi.it\/avantages-pour-les-entreprises\/"},"modified":"2025-11-12T08:49:22","modified_gmt":"2025-11-12T07:49:22","slug":"avantages-pour-les-entreprises","status":"publish","type":"page","link":"https:\/\/www.fondapi.it\/fr\/comment-ca-fonctionne\/avantages-pour-les-entreprises\/","title":{"rendered":"Avantages pour les entreprises"},"content":{"rendered":"\t\t<div data-elementor-type=\"wp-page\" data-elementor-id=\"61140\" class=\"elementor elementor-61140 elementor-55874\" data-elementor-post-type=\"page\">\n\t\t\t\t<div class=\"elementor-element elementor-element-50a207b1 e-flex e-con-boxed e-con e-parent\" data-id=\"50a207b1\" data-element_type=\"container\" data-e-type=\"container\" data-settings=\"{&quot;background_background&quot;:&quot;classic&quot;,&quot;jet_parallax_layout_list&quot;:[]}\">\n\t\t\t\t\t<div class=\"e-con-inner\">\n\t\t<div class=\"elementor-element elementor-element-650947b9 e-flex e-con-boxed e-con e-child\" data-id=\"650947b9\" data-element_type=\"container\" data-e-type=\"container\" data-settings=\"{&quot;jet_parallax_layout_list&quot;:[]}\">\n\t\t\t\t\t<div class=\"e-con-inner\">\n\t\t\t\t<div class=\"elementor-element elementor-element-7140745e elementor-widget elementor-widget-jet-breadcrumbs\" data-id=\"7140745e\" data-element_type=\"widget\" data-e-type=\"widget\" data-widget_type=\"jet-breadcrumbs.default\">\n\t\t\t\t<div class=\"elementor-widget-container\">\n\t\t\t\t\t<div class=\"elementor-jet-breadcrumbs jet-blocks\">\n\t\t<div class=\"jet-breadcrumbs\">\n\t\t<div class=\"jet-breadcrumbs__content\">\n\t\t<div class=\"jet-breadcrumbs__wrap\"><div class=\"jet-breadcrumbs__item\"><a href=\"https:\/\/www.fondapi.it\/fr\/\" class=\"jet-breadcrumbs__item-link is-home\" rel=\"home\" title=\"Accueil\">Accueil<\/a><\/div>\n\t\t<\/div>\n\t\t<\/div>\n\t\t<\/div><\/div>\t\t\t\t<\/div>\n\t\t\t\t<\/div>\n\t\t\t\t<div class=\"elementor-element elementor-element-5f3e39e3 elementor-widget elementor-widget-html\" data-id=\"5f3e39e3\" data-element_type=\"widget\" data-e-type=\"widget\" data-widget_type=\"html.default\">\n\t\t\t\t<div class=\"elementor-widget-container\">\n\t\t\t\t\t<script>document.addEventListener(\"DOMContentLoaded\", function() {\n  var observer = new MutationObserver(function(mutations) {\n    mutations.forEach(function(mutation) {\n      var link = document.querySelector(\".jet-breadcrumbs__item-link[title='Fondapi']\");\n      if (link) {\n        link.addEventListener(\"click\", function(event) {\n          event.preventDefault();\n        });\n      }\n    });\n  });\n\n  observer.observe(document.body, { childList: true, subtree: true });\n\n  var link = document.querySelector(\".jet-breadcrumbs__item-link[title='Fondapi']\");\n  if (link) {\n    link.addEventListener(\"click\", function(event) {\n      event.preventDefault();\n    });\n  }\n});\n<\/script>\t\t\t\t<\/div>\n\t\t\t\t<\/div>\n\t\t\t\t\t<\/div>\n\t\t\t\t<\/div>\n\t\t<div class=\"elementor-element elementor-element-74b90932 e-flex e-con-boxed e-con e-child\" data-id=\"74b90932\" data-element_type=\"container\" data-e-type=\"container\" data-settings=\"{&quot;jet_parallax_layout_list&quot;:[]}\">\n\t\t\t\t\t<div class=\"e-con-inner\">\n\t\t\t\t<div class=\"elementor-element elementor-element-1b838b8b elementor-widget__width-auto elementor-widget elementor-widget-heading\" data-id=\"1b838b8b\" data-element_type=\"widget\" data-e-type=\"widget\" data-widget_type=\"heading.default\">\n\t\t\t\t<div class=\"elementor-widget-container\">\n\t\t\t\t\t<h6 class=\"elementor-heading-title elementor-size-default\">comment \u00e7a fonctionne<\/h6>\t\t\t\t<\/div>\n\t\t\t\t<\/div>\n\t\t\t\t\t<\/div>\n\t\t\t\t<\/div>\n\t\t\t\t\t<\/div>\n\t\t\t\t<\/div>\n\t\t<div class=\"elementor-element elementor-element-5c4fe14d e-flex e-con-boxed e-con e-parent\" data-id=\"5c4fe14d\" data-element_type=\"container\" data-e-type=\"container\" data-settings=\"{&quot;jet_parallax_layout_list&quot;:[]}\">\n\t\t\t\t\t<div class=\"e-con-inner\">\n\t\t<div class=\"elementor-element elementor-element-158d1054 e-con-full e-flex e-con e-child\" data-id=\"158d1054\" data-element_type=\"container\" data-e-type=\"container\" data-settings=\"{&quot;jet_parallax_layout_list&quot;:[]}\">\n\t\t\t\t<div class=\"elementor-element elementor-element-6b868ef4 elementor-widget elementor-widget-text-editor\" data-id=\"6b868ef4\" data-element_type=\"widget\" data-e-type=\"widget\" data-widget_type=\"text-editor.default\">\n\t\t\t\t<div class=\"elementor-widget-container\">\n\t\t\t\t\t\t\t\t\t<p>Il est commun\u00e9ment admis qu&rsquo;un fonds de pension est un instrument d&rsquo;avantage contractuel qui ne concerne que les travailleurs. La r\u00e9alit\u00e9 est cependant diff\u00e9rente, surtout si l&rsquo;on consid\u00e8re le service offert par Fondapi aux entreprises adh\u00e9rentes ; sp\u00e9cifiquement : <\/p><ul><li aria-level=\"1\"><b>Fondapi dialogue directement avec les entreprises<\/b> : ces derni\u00e8res ann\u00e9es, la meilleure qualit\u00e9 de service est assur\u00e9e d&rsquo;une part par le <b>personnel interne de Fondapi qui dialogue avec les entreprises<\/b>, d&rsquo;autre part par un <b>standard t\u00e9l\u00e9phonique qualifi\u00e9 qui<\/b> r\u00e9sout les doutes et les questions pos\u00e9es directement par les travailleurs inscrits et non inscrits.<\/li><li aria-level=\"1\">Fondapi dispose d&rsquo;un <b>archivage de donn\u00e9es et documents enti\u00e8rement num\u00e9ris\u00e9<\/b> qui permet la lecture imm\u00e9diate des \u00e9v\u00e9nements et documents d\u00e8s la r\u00e9ception du dossier.<\/li><li aria-level=\"1\"><b>Avantage organisationnel<\/b> : Fondapi se positionne comme <b>interlocuteur unique<\/b> <b>qualifi\u00e9<\/b>, pr\u00eat \u00e0 r\u00e9pondre \u00e0 tous les besoins des travailleurs ; et avec Fondapi, vous disposez d&rsquo;une exp\u00e9rience acquise dans le secteur depuis plus de 15 ans.<\/li><li aria-level=\"1\"><b>Un syst\u00e8me d&rsquo;envoi de flux test\u00e9<\/b> : le syst\u00e8me d&rsquo;<b>envoi de flux<\/b> est simple et rapide. L&rsquo;entreprise, au moyen de codes d&rsquo;acc\u00e8s, entre dans le syst\u00e8me et remplit le formulaire \u00e9lectronique, puis l&rsquo;envoie ; lors des connexions suivantes au syst\u00e8me, les anomalies ou les signalements manqu\u00e9s sont imm\u00e9diatement mis en \u00e9vidence, indiquant les corrections \u00e0 apporter, s&rsquo;il y en a. <\/li><\/ul>\t\t\t\t\t\t\t\t<\/div>\n\t\t\t\t<\/div>\n\t\t\t\t<\/div>\n\t\t<div class=\"elementor-element elementor-element-9b4717d e-con-full e-flex e-con e-child\" data-id=\"9b4717d\" data-element_type=\"container\" data-e-type=\"container\" data-settings=\"{&quot;jet_parallax_layout_list&quot;:[]}\">\n\t\t\t\t<div class=\"elementor-element elementor-element-7d88e57e elementor-widget elementor-widget-image\" data-id=\"7d88e57e\" data-element_type=\"widget\" data-e-type=\"widget\" data-widget_type=\"image.default\">\n\t\t\t\t<div class=\"elementor-widget-container\">\n\t\t\t\t\t\t\t\t\t\t\t\t\t\t\t<img fetchpriority=\"high\" decoding=\"async\" width=\"1333\" height=\"2000\" src=\"https:\/\/www.fondapi.it\/wp-content\/uploads\/2024\/09\/vantaggi-aziende.webp\" class=\"attachment-full size-full wp-image-61141\" alt=\"\" srcset=\"https:\/\/www.fondapi.it\/wp-content\/uploads\/2024\/09\/vantaggi-aziende.webp 1333w, https:\/\/www.fondapi.it\/wp-content\/uploads\/2024\/09\/vantaggi-aziende-200x300.webp 200w, https:\/\/www.fondapi.it\/wp-content\/uploads\/2024\/09\/vantaggi-aziende-682x1024.webp 682w, https:\/\/www.fondapi.it\/wp-content\/uploads\/2024\/09\/vantaggi-aziende-768x1152.webp 768w, https:\/\/www.fondapi.it\/wp-content\/uploads\/2024\/09\/vantaggi-aziende-1024x1536.webp 1024w\" sizes=\"(max-width: 1333px) 100vw, 1333px\" \/>\t\t\t\t\t\t\t\t\t\t\t\t\t\t\t<\/div>\n\t\t\t\t<\/div>\n\t\t\t\t<\/div>\n\t\t\t\t\t<\/div>\n\t\t\t\t<\/div>\n\t\t<div class=\"elementor-element elementor-element-c59d148 elementor-hidden-mobile e-flex e-con-boxed e-con e-parent\" data-id=\"c59d148\" data-element_type=\"container\" data-e-type=\"container\" data-settings=\"{&quot;background_background&quot;:&quot;classic&quot;,&quot;jet_parallax_layout_list&quot;:[]}\">\n\t\t\t\t\t<div class=\"e-con-inner\">\n\t\t\t\t\t<\/div>\n\t\t\t\t<\/div>\n\t\t<div class=\"elementor-element elementor-element-a4c7114 e-flex e-con-boxed e-con e-parent\" data-id=\"a4c7114\" data-element_type=\"container\" data-e-type=\"container\" data-settings=\"{&quot;jet_parallax_layout_list&quot;:[]}\">\n\t\t\t\t\t<div class=\"e-con-inner\">\n\t\t<div class=\"elementor-element elementor-element-98d4c90 e-con-full e-flex e-con e-child\" data-id=\"98d4c90\" data-element_type=\"container\" data-e-type=\"container\" data-settings=\"{&quot;jet_parallax_layout_list&quot;:[]}\">\n\t\t\t\t<div class=\"elementor-element elementor-element-945a077 elementor-widget elementor-widget-text-editor\" data-id=\"945a077\" data-element_type=\"widget\" data-e-type=\"widget\" data-widget_type=\"text-editor.default\">\n\t\t\t\t<div class=\"elementor-widget-container\">\n\t\t\t\t\t\t\t\t\t<ul><li aria-level=\"1\"><b>L&rsquo;entreprise optimise la gestion des flux de tr\u00e9sorerie prospectifs :<\/b> si elle a moins de 50 employ\u00e9s, l&rsquo;entreprise ne court pas le risque de devoir liquider soudainement le travailleur pour la sortie avec des d\u00e9bours impr\u00e9vus non planifi\u00e9s.<\/li><li aria-level=\"1\"><b>Fondapi est un instrument contractuel<\/b> : dans tous les organes de gouvernance du Fonds (Conseil d&rsquo;administration et Assembl\u00e9e) il y a des entrepreneurs en repr\u00e9sentation des entreprises qui en d\u00e9fendent les int\u00e9r\u00eats.<\/li><li aria-level=\"1\"><b>Simplification administrative<\/b> : l&rsquo;entreprise n&rsquo;a plus besoin de proc\u00e9der \u00e0 la mise en r\u00e9serve du TFR, de calculer annuellement la r\u00e9\u00e9valuation, de calculer et verser annuellement l&rsquo;imp\u00f4t de substitution sur la r\u00e9\u00e9valuation, de liquider les avances et soldes du TFR en calculant les imp\u00f4ts dus, de remplir la certification unique (CU) en cas de versement et d&rsquo;assister l&rsquo;ex-employ\u00e9 lorsque l&rsquo;agence, apr\u00e8s 4 ans, reliquide le TFR.<\/li><li aria-level=\"1\"><b>L&rsquo;entreprise peut se pr\u00e9valoir d&rsquo;un instrument de fid\u00e9lisation et de r\u00e9compense pour les travailleurs<\/b> : la pr\u00e9voyance est une valeur importante, et la promouvoir en entreprise rapproche les travailleurs et rassure les entrepreneurs car cela va dans le sens de rendre moins difficiles les ann\u00e9es de retraite. De plus, l&rsquo;entrepreneur qui entend r\u00e9compenser le m\u00e9rite en entreprise peut augmenter la contribution \u00e0 la pr\u00e9voyance aux travailleurs m\u00e9ritants ; r\u00e9compenser ainsi les travailleurs oblige l&rsquo;entreprise \u00e0 supporter en plus seulement la contribution de solidarit\u00e9 de 10 % : une modalit\u00e9 de gratification beaucoup moins on\u00e9reuse qu&rsquo;une augmentation de salaire \u00e0 laquelle s&rsquo;ajoutent n\u00e9cessairement les charges sociales et d&rsquo;assistance l\u00e9gales, bien plus lourdes. <\/li><li aria-level=\"1\"><b>\u00c9limination de la contribution au Fonds de Garantie de l&rsquo;INPS<\/b> : avec l&rsquo;inscription des travailleurs \u00e0 la pr\u00e9voyance dispara\u00eet le co\u00fbt du travail pour une valeur \u00e9gale \u00e0 environ 0,20 % (l&rsquo;effet est proportionnel au TFR) ; avec la r\u00e9duction du co\u00fbt du travail on estime que l&rsquo;\u00e9conomie tendancielle est \u00e9gale \u00e0 environ 0,28 % par an.<\/li><li aria-level=\"1\"><b>La contribution \u00e0 la charge de l&rsquo;entreprise est un co\u00fbt mais,<\/b> comme dit, <b>on paie une contribution de solidarit\u00e9 \u00e0 l&rsquo;INPS de 10 %<\/b>, non la contribution de pr\u00e9voyance qui serait autrement de 23,81 %, et on ne paie pas la mise en r\u00e9serve TFR de 7,41 %. Comme co\u00fbt, elle r\u00e9duit le b\u00e9n\u00e9fice fiscal, et la contribution \u00e0 la charge de l&rsquo;entreprise \u00e9gale \u00e0 1 % a un co\u00fbt effectif pour l&rsquo;entreprise inf\u00e9rieur \u00e0 0,80 %. <\/li><li aria-level=\"1\"><b>D\u00e9ductibilit\u00e9 du revenu d&rsquo;entreprise<\/b> : le <b>montant \u00e9gal \u00e0 4 % du montant du TFR<\/b> destin\u00e9 chaque ann\u00e9e aux formes de pension compl\u00e9mentaires et au Fonds pour le versement aux travailleurs salari\u00e9s du secteur priv\u00e9 des traitements de fin de rapport vis\u00e9s \u00e0 l&rsquo;article 2120 du code civil est <b>d\u00e9ductible du revenu d&rsquo;entreprise<\/b>. Pour les <b>entreprises de moins de 50 employ\u00e9s<\/b> le <b>montant d\u00e9ductible est \u00e9gal \u00e0 6 %<\/b>. <\/li><li aria-level=\"1\"><b>R\u00e9duction des charges impropres :<\/b> avec la r\u00e9duction du co\u00fbt du travail on estime que l&rsquo;<b>\u00e9conomie tendancielle est \u00e9gale \u00e0 environ 0,28 % par an<\/b>.<\/li><li aria-level=\"1\"><b>Loi de Stabilit\u00e9 2017 :<\/b> \u00e9tend le champ d&rsquo;application des <b>facilitations pour le versement des primes de productivit\u00e9<\/b> reconnues aux travailleurs et vers\u00e9es au Fonds de pension jusqu&rsquo;\u00e0 un maximum de 4 000 euros.<\/li><\/ul>\t\t\t\t\t\t\t\t<\/div>\n\t\t\t\t<\/div>\n\t\t\t\t<\/div>\n\t\t\t\t\t<\/div>\n\t\t\t\t<\/div>\n\t\t<div class=\"elementor-element elementor-element-182001d e-flex e-con-boxed e-con e-parent\" data-id=\"182001d\" data-element_type=\"container\" data-e-type=\"container\" data-settings=\"{&quot;jet_parallax_layout_list&quot;:[]}\">\n\t\t\t\t\t<div class=\"e-con-inner\">\n\t\t\t\t<div class=\"elementor-element elementor-element-9650ca3 elementor-widget elementor-widget-html\" data-id=\"9650ca3\" data-element_type=\"widget\" data-e-type=\"widget\" data-widget_type=\"html.default\">\n\t\t\t\t<div class=\"elementor-widget-container\">\n\t\t\t\t\t<script type=\"text\/javascript\" src=\"\/\/widget.trustpilot.com\/bootstrap\/v5\/tp.widget.bootstrap.min.js\" async=\"\"><\/script>\n<div class=\"trustpilot-widget\" data-locale=\"it-IT\" data-template-id=\"54ad5defc6454f065c28af8b\" data-businessunit-id=\"636d0a1b79e3f339e1d60a3b\" data-style-height=\"240px\" data-style-width=\"100%\" data-theme=\"light\" data-stars=\"1,2,3,4,5\" data-review-languages=\"it\" data-font-family=\"Lato\" data-text-color=\"#000000\">\n  <a href=\"https:\/\/it.trustpilot.com\/review\/fondapi.it\" target=\"_blank\" rel=\"noopener\">Trustpilot<\/a>\n<\/div>\t\t\t\t<\/div>\n\t\t\t\t<\/div>\n\t\t\t\t\t<\/div>\n\t\t\t\t<\/div>\n\t\t<div class=\"elementor-element elementor-element-9d178d0 e-flex e-con-boxed e-con e-parent\" data-id=\"9d178d0\" data-element_type=\"container\" data-e-type=\"container\" data-settings=\"{&quot;jet_parallax_layout_list&quot;:[]}\">\n\t\t\t\t\t<div class=\"e-con-inner\">\n\t\t\t\t<div class=\"elementor-element elementor-element-3984b19 elementor-widget elementor-widget-text-editor\" data-id=\"3984b19\" data-element_type=\"widget\" data-e-type=\"widget\" data-widget_type=\"text-editor.default\">\n\t\t\t\t<div class=\"elementor-widget-container\">\n\t\t\t\t\t\t\t\t\t<p>Message promotionnel concernant les formes de retraite compl\u00e9mentaire \u2013 avant l&rsquo;adh\u00e9sion, lisez la Partie I &lsquo;Les informations cl\u00e9s pour l&rsquo;adh\u00e9rent&rsquo; et l&rsquo;Annexe &lsquo;Informations sur la durabilit\u00e9&rsquo; de la Note d&rsquo;information.<\/p>\t\t\t\t\t\t\t\t<\/div>\n\t\t\t\t<\/div>\n\t\t\t\t\t<\/div>\n\t\t\t\t<\/div>\n\t\t\t\t<\/div>\n\t\t","protected":false},"excerpt":{"rendered":"<p>Home comment \u00e7a fonctionne Il est commun\u00e9ment admis qu&rsquo;un fonds de pension est un instrument d&rsquo;avantage contractuel qui ne concerne que les travailleurs. La r\u00e9alit\u00e9 est cependant diff\u00e9rente, surtout si l&rsquo;on consid\u00e8re le service offert par Fondapi aux entreprises adh\u00e9rentes ; sp\u00e9cifiquement : Fondapi dialogue directement avec les entreprises : ces derni\u00e8res ann\u00e9es, la meilleure [&hellip;]<\/p>\n","protected":false},"author":1,"featured_media":0,"parent":61287,"menu_order":12,"comment_status":"closed","ping_status":"closed","template":"","meta":{"footnotes":""},"class_list":["post-61140","page","type-page","status-publish","hentry"],"yoast_head":"<!-- This site is optimized with the Yoast SEO plugin v27.2 - https:\/\/yoast.com\/product\/yoast-seo-wordpress\/ -->\n<title>Avantages pour les entreprises - Fondapi<\/title>\n<meta name=\"description\" content=\"Les employ\u00e9s ne sont pas les seuls \u00e0 b\u00e9n\u00e9ficier de l&#039;adh\u00e9sion \u00e0 un fonds de pension. D\u00e9couvrez tous les avantages r\u00e9serv\u00e9s aux entreprises !\" \/>\n<meta name=\"robots\" content=\"index, follow, max-snippet:-1, max-image-preview:large, max-video-preview:-1\" \/>\n<link rel=\"canonical\" href=\"https:\/\/www.fondapi.it\/fr\/comment-ca-fonctionne\/avantages-pour-les-entreprises\/\" \/>\n<meta property=\"og:locale\" content=\"fr_FR\" \/>\n<meta property=\"og:type\" content=\"article\" \/>\n<meta property=\"og:title\" content=\"Avantages pour les entreprises - Fondapi\" \/>\n<meta property=\"og:description\" content=\"Les employ\u00e9s ne sont pas les seuls \u00e0 b\u00e9n\u00e9ficier de l&#039;adh\u00e9sion \u00e0 un fonds de pension. D\u00e9couvrez tous les avantages r\u00e9serv\u00e9s aux entreprises !\" \/>\n<meta property=\"og:url\" content=\"https:\/\/www.fondapi.it\/fr\/comment-ca-fonctionne\/avantages-pour-les-entreprises\/\" \/>\n<meta property=\"og:site_name\" content=\"Fondapi\" \/>\n<meta property=\"article:publisher\" content=\"https:\/\/www.facebook.com\/pages\/Scegli-Fondapi\/111620682275544?fref=ts\" \/>\n<meta property=\"article:modified_time\" content=\"2025-11-12T07:49:22+00:00\" \/>\n<meta property=\"og:image\" content=\"https:\/\/www.fondapi.it\/wp-content\/uploads\/2024\/09\/vantaggi-aziende.webp\" \/>\n\t<meta property=\"og:image:width\" content=\"1333\" \/>\n\t<meta property=\"og:image:height\" content=\"2000\" \/>\n\t<meta property=\"og:image:type\" content=\"image\/webp\" \/>\n<meta name=\"twitter:card\" content=\"summary_large_image\" \/>\n<meta name=\"twitter:site\" content=\"@fondapi\" \/>\n<meta name=\"twitter:label1\" content=\"Dur\u00e9e de lecture estim\u00e9e\" \/>\n\t<meta name=\"twitter:data1\" content=\"4 minutes\" \/>\n<script type=\"application\/ld+json\" class=\"yoast-schema-graph\">{\"@context\":\"https:\/\/schema.org\",\"@graph\":[{\"@type\":\"WebPage\",\"@id\":\"https:\/\/www.fondapi.it\/fr\/comment-ca-fonctionne\/avantages-pour-les-entreprises\/\",\"url\":\"https:\/\/www.fondapi.it\/fr\/comment-ca-fonctionne\/avantages-pour-les-entreprises\/\",\"name\":\"Avantages pour les entreprises - Fondapi\",\"isPartOf\":{\"@id\":\"https:\/\/www.fondapi.it\/fr\/#website\"},\"primaryImageOfPage\":{\"@id\":\"https:\/\/www.fondapi.it\/fr\/comment-ca-fonctionne\/avantages-pour-les-entreprises\/#primaryimage\"},\"image\":{\"@id\":\"https:\/\/www.fondapi.it\/fr\/comment-ca-fonctionne\/avantages-pour-les-entreprises\/#primaryimage\"},\"thumbnailUrl\":\"https:\/\/www.fondapi.it\/wp-content\/uploads\/2024\/09\/vantaggi-aziende.webp\",\"datePublished\":\"2024-06-19T12:42:58+00:00\",\"dateModified\":\"2025-11-12T07:49:22+00:00\",\"description\":\"Les employ\u00e9s ne sont pas les seuls \u00e0 b\u00e9n\u00e9ficier de l'adh\u00e9sion \u00e0 un fonds de pension. D\u00e9couvrez tous les avantages r\u00e9serv\u00e9s aux entreprises !\",\"breadcrumb\":{\"@id\":\"https:\/\/www.fondapi.it\/fr\/comment-ca-fonctionne\/avantages-pour-les-entreprises\/#breadcrumb\"},\"inLanguage\":\"fr-FR\",\"potentialAction\":[{\"@type\":\"ReadAction\",\"target\":[\"https:\/\/www.fondapi.it\/fr\/comment-ca-fonctionne\/avantages-pour-les-entreprises\/\"]}]},{\"@type\":\"ImageObject\",\"inLanguage\":\"fr-FR\",\"@id\":\"https:\/\/www.fondapi.it\/fr\/comment-ca-fonctionne\/avantages-pour-les-entreprises\/#primaryimage\",\"url\":\"https:\/\/www.fondapi.it\/wp-content\/uploads\/2024\/09\/vantaggi-aziende.webp\",\"contentUrl\":\"https:\/\/www.fondapi.it\/wp-content\/uploads\/2024\/09\/vantaggi-aziende.webp\"},{\"@type\":\"BreadcrumbList\",\"@id\":\"https:\/\/www.fondapi.it\/fr\/comment-ca-fonctionne\/avantages-pour-les-entreprises\/#breadcrumb\",\"itemListElement\":[{\"@type\":\"ListItem\",\"position\":1,\"name\":\"Home\",\"item\":\"https:\/\/www.fondapi.it\/fr\/accueil\/\"},{\"@type\":\"ListItem\",\"position\":2,\"name\":\"Comment \u00e7a fonctionne\",\"item\":\"https:\/\/www.fondapi.it\/fr\/comment-ca-fonctionne\/\"},{\"@type\":\"ListItem\",\"position\":3,\"name\":\"Avantages pour les entreprises\"}]},{\"@type\":\"WebSite\",\"@id\":\"https:\/\/www.fondapi.it\/fr\/#website\",\"url\":\"https:\/\/www.fondapi.it\/fr\/\",\"name\":\"Fondapi\",\"description\":\"\",\"publisher\":{\"@id\":\"https:\/\/www.fondapi.it\/fr\/#organization\"},\"alternateName\":\"Fondapi Fondo pensione integrativa\",\"potentialAction\":[{\"@type\":\"SearchAction\",\"target\":{\"@type\":\"EntryPoint\",\"urlTemplate\":\"https:\/\/www.fondapi.it\/fr\/?s={search_term_string}\"},\"query-input\":{\"@type\":\"PropertyValueSpecification\",\"valueRequired\":true,\"valueName\":\"search_term_string\"}}],\"inLanguage\":\"fr-FR\"},{\"@type\":\"Organization\",\"@id\":\"https:\/\/www.fondapi.it\/fr\/#organization\",\"name\":\"Fondapi - Fondo nazionale pensione complementare\",\"alternateName\":\"Fondapi Fondo pensione integrativa\",\"url\":\"https:\/\/www.fondapi.it\/fr\/\",\"logo\":{\"@type\":\"ImageObject\",\"inLanguage\":\"fr-FR\",\"@id\":\"https:\/\/www.fondapi.it\/fr\/#\/schema\/logo\/image\/\",\"url\":\"\",\"contentUrl\":\"\",\"caption\":\"Fondapi - Fondo nazionale pensione complementare\"},\"image\":{\"@id\":\"https:\/\/www.fondapi.it\/fr\/#\/schema\/logo\/image\/\"},\"sameAs\":[\"https:\/\/www.facebook.com\/pages\/Scegli-Fondapi\/111620682275544?fref=ts\",\"https:\/\/x.com\/fondapi\",\"https:\/\/www.linkedin.com\/company\/18497131\",\"https:\/\/www.youtube.com\/user\/Fondapi\",\"https:\/\/www.instagram.com\/fondapi.it\/\"]}]}<\/script>\n<!-- \/ Yoast SEO plugin. -->","yoast_head_json":{"title":"Avantages pour les entreprises - Fondapi","description":"Les employ\u00e9s ne sont pas les seuls \u00e0 b\u00e9n\u00e9ficier de l'adh\u00e9sion \u00e0 un fonds de pension. D\u00e9couvrez tous les avantages r\u00e9serv\u00e9s aux entreprises !","robots":{"index":"index","follow":"follow","max-snippet":"max-snippet:-1","max-image-preview":"max-image-preview:large","max-video-preview":"max-video-preview:-1"},"canonical":"https:\/\/www.fondapi.it\/fr\/comment-ca-fonctionne\/avantages-pour-les-entreprises\/","og_locale":"fr_FR","og_type":"article","og_title":"Avantages pour les entreprises - Fondapi","og_description":"Les employ\u00e9s ne sont pas les seuls \u00e0 b\u00e9n\u00e9ficier de l'adh\u00e9sion \u00e0 un fonds de pension. D\u00e9couvrez tous les avantages r\u00e9serv\u00e9s aux entreprises !","og_url":"https:\/\/www.fondapi.it\/fr\/comment-ca-fonctionne\/avantages-pour-les-entreprises\/","og_site_name":"Fondapi","article_publisher":"https:\/\/www.facebook.com\/pages\/Scegli-Fondapi\/111620682275544?fref=ts","article_modified_time":"2025-11-12T07:49:22+00:00","og_image":[{"width":1333,"height":2000,"url":"https:\/\/www.fondapi.it\/wp-content\/uploads\/2024\/09\/vantaggi-aziende.webp","type":"image\/webp"}],"twitter_card":"summary_large_image","twitter_site":"@fondapi","twitter_misc":{"Dur\u00e9e de lecture estim\u00e9e":"4 minutes"},"schema":{"@context":"https:\/\/schema.org","@graph":[{"@type":"WebPage","@id":"https:\/\/www.fondapi.it\/fr\/comment-ca-fonctionne\/avantages-pour-les-entreprises\/","url":"https:\/\/www.fondapi.it\/fr\/comment-ca-fonctionne\/avantages-pour-les-entreprises\/","name":"Avantages pour les entreprises - Fondapi","isPartOf":{"@id":"https:\/\/www.fondapi.it\/fr\/#website"},"primaryImageOfPage":{"@id":"https:\/\/www.fondapi.it\/fr\/comment-ca-fonctionne\/avantages-pour-les-entreprises\/#primaryimage"},"image":{"@id":"https:\/\/www.fondapi.it\/fr\/comment-ca-fonctionne\/avantages-pour-les-entreprises\/#primaryimage"},"thumbnailUrl":"https:\/\/www.fondapi.it\/wp-content\/uploads\/2024\/09\/vantaggi-aziende.webp","datePublished":"2024-06-19T12:42:58+00:00","dateModified":"2025-11-12T07:49:22+00:00","description":"Les employ\u00e9s ne sont pas les seuls \u00e0 b\u00e9n\u00e9ficier de l'adh\u00e9sion \u00e0 un fonds de pension. D\u00e9couvrez tous les avantages r\u00e9serv\u00e9s aux entreprises !","breadcrumb":{"@id":"https:\/\/www.fondapi.it\/fr\/comment-ca-fonctionne\/avantages-pour-les-entreprises\/#breadcrumb"},"inLanguage":"fr-FR","potentialAction":[{"@type":"ReadAction","target":["https:\/\/www.fondapi.it\/fr\/comment-ca-fonctionne\/avantages-pour-les-entreprises\/"]}]},{"@type":"ImageObject","inLanguage":"fr-FR","@id":"https:\/\/www.fondapi.it\/fr\/comment-ca-fonctionne\/avantages-pour-les-entreprises\/#primaryimage","url":"https:\/\/www.fondapi.it\/wp-content\/uploads\/2024\/09\/vantaggi-aziende.webp","contentUrl":"https:\/\/www.fondapi.it\/wp-content\/uploads\/2024\/09\/vantaggi-aziende.webp"},{"@type":"BreadcrumbList","@id":"https:\/\/www.fondapi.it\/fr\/comment-ca-fonctionne\/avantages-pour-les-entreprises\/#breadcrumb","itemListElement":[{"@type":"ListItem","position":1,"name":"Home","item":"https:\/\/www.fondapi.it\/fr\/accueil\/"},{"@type":"ListItem","position":2,"name":"Comment \u00e7a fonctionne","item":"https:\/\/www.fondapi.it\/fr\/comment-ca-fonctionne\/"},{"@type":"ListItem","position":3,"name":"Avantages pour les entreprises"}]},{"@type":"WebSite","@id":"https:\/\/www.fondapi.it\/fr\/#website","url":"https:\/\/www.fondapi.it\/fr\/","name":"Fondapi","description":"","publisher":{"@id":"https:\/\/www.fondapi.it\/fr\/#organization"},"alternateName":"Fondapi Fondo pensione integrativa","potentialAction":[{"@type":"SearchAction","target":{"@type":"EntryPoint","urlTemplate":"https:\/\/www.fondapi.it\/fr\/?s={search_term_string}"},"query-input":{"@type":"PropertyValueSpecification","valueRequired":true,"valueName":"search_term_string"}}],"inLanguage":"fr-FR"},{"@type":"Organization","@id":"https:\/\/www.fondapi.it\/fr\/#organization","name":"Fondapi - Fondo nazionale pensione complementare","alternateName":"Fondapi Fondo pensione integrativa","url":"https:\/\/www.fondapi.it\/fr\/","logo":{"@type":"ImageObject","inLanguage":"fr-FR","@id":"https:\/\/www.fondapi.it\/fr\/#\/schema\/logo\/image\/","url":"","contentUrl":"","caption":"Fondapi - Fondo nazionale pensione complementare"},"image":{"@id":"https:\/\/www.fondapi.it\/fr\/#\/schema\/logo\/image\/"},"sameAs":["https:\/\/www.facebook.com\/pages\/Scegli-Fondapi\/111620682275544?fref=ts","https:\/\/x.com\/fondapi","https:\/\/www.linkedin.com\/company\/18497131","https:\/\/www.youtube.com\/user\/Fondapi","https:\/\/www.instagram.com\/fondapi.it\/"]}]}},"_links":{"self":[{"href":"https:\/\/www.fondapi.it\/fr\/wp-json\/wp\/v2\/pages\/61140","targetHints":{"allow":["GET"]}}],"collection":[{"href":"https:\/\/www.fondapi.it\/fr\/wp-json\/wp\/v2\/pages"}],"about":[{"href":"https:\/\/www.fondapi.it\/fr\/wp-json\/wp\/v2\/types\/page"}],"author":[{"embeddable":true,"href":"https:\/\/www.fondapi.it\/fr\/wp-json\/wp\/v2\/users\/1"}],"replies":[{"embeddable":true,"href":"https:\/\/www.fondapi.it\/fr\/wp-json\/wp\/v2\/comments?post=61140"}],"version-history":[{"count":1,"href":"https:\/\/www.fondapi.it\/fr\/wp-json\/wp\/v2\/pages\/61140\/revisions"}],"predecessor-version":[{"id":61142,"href":"https:\/\/www.fondapi.it\/fr\/wp-json\/wp\/v2\/pages\/61140\/revisions\/61142"}],"up":[{"embeddable":true,"href":"https:\/\/www.fondapi.it\/fr\/wp-json\/wp\/v2\/pages\/61287"}],"wp:attachment":[{"href":"https:\/\/www.fondapi.it\/fr\/wp-json\/wp\/v2\/media?parent=61140"}],"curies":[{"name":"wp","href":"https:\/\/api.w.org\/{rel}","templated":true}]}}