{"id":61371,"date":"2024-06-19T12:04:42","date_gmt":"2024-06-19T10:04:42","guid":{"rendered":"https:\/\/www.fondapi.it\/politique-de-confidentialite\/"},"modified":"2025-11-12T08:51:11","modified_gmt":"2025-11-12T07:51:11","slug":"politique-de-confidentialite","status":"publish","type":"page","link":"https:\/\/www.fondapi.it\/fr\/politique-de-confidentialite\/","title":{"rendered":"Politique de confidentialit\u00e9"},"content":{"rendered":"\t\t<div data-elementor-type=\"wp-page\" data-elementor-id=\"61371\" class=\"elementor elementor-61371 elementor-55801\" data-elementor-post-type=\"page\">\n\t\t\t\t<div class=\"elementor-element elementor-element-653d948 e-flex e-con-boxed e-con e-parent\" data-id=\"653d948\" data-element_type=\"container\" data-e-type=\"container\" data-settings=\"{&quot;background_background&quot;:&quot;classic&quot;,&quot;jet_parallax_layout_list&quot;:[]}\">\n\t\t\t\t\t<div class=\"e-con-inner\">\n\t\t<div class=\"elementor-element elementor-element-dc41a10 e-flex e-con-boxed e-con e-child\" data-id=\"dc41a10\" data-element_type=\"container\" data-e-type=\"container\" data-settings=\"{&quot;jet_parallax_layout_list&quot;:[]}\">\n\t\t\t\t\t<div class=\"e-con-inner\">\n\t\t\t\t<div class=\"elementor-element elementor-element-58908fc elementor-widget elementor-widget-jet-breadcrumbs\" data-id=\"58908fc\" data-element_type=\"widget\" data-e-type=\"widget\" data-widget_type=\"jet-breadcrumbs.default\">\n\t\t\t\t<div class=\"elementor-widget-container\">\n\t\t\t\t\t<div class=\"elementor-jet-breadcrumbs jet-blocks\">\n\t\t<div class=\"jet-breadcrumbs\">\n\t\t<div class=\"jet-breadcrumbs__content\">\n\t\t<div class=\"jet-breadcrumbs__wrap\"><div class=\"jet-breadcrumbs__item\"><a href=\"https:\/\/www.fondapi.it\/fr\/\" class=\"jet-breadcrumbs__item-link is-home\" rel=\"home\" title=\"Accueil\">Accueil<\/a><\/div>\n\t\t<\/div>\n\t\t<\/div>\n\t\t<\/div><\/div>\t\t\t\t<\/div>\n\t\t\t\t<\/div>\n\t\t\t\t<div class=\"elementor-element elementor-element-30db121 elementor-widget elementor-widget-html\" data-id=\"30db121\" data-element_type=\"widget\" data-e-type=\"widget\" data-widget_type=\"html.default\">\n\t\t\t\t<div class=\"elementor-widget-container\">\n\t\t\t\t\t<script>document.addEventListener(\"DOMContentLoaded\", function() {\n  var observer = new MutationObserver(function(mutations) {\n    mutations.forEach(function(mutation) {\n      var link = document.querySelector(\".jet-breadcrumbs__item-link[title='Fondapi']\");\n      if (link) {\n        link.addEventListener(\"click\", function(event) {\n          event.preventDefault();\n        });\n      }\n    });\n  });\n\n  observer.observe(document.body, { childList: true, subtree: true });\n\n  var link = document.querySelector(\".jet-breadcrumbs__item-link[title='Fondapi']\");\n  if (link) {\n    link.addEventListener(\"click\", function(event) {\n      event.preventDefault();\n    });\n  }\n});\n<\/script>\t\t\t\t<\/div>\n\t\t\t\t<\/div>\n\t\t\t\t\t<\/div>\n\t\t\t\t<\/div>\n\t\t<div class=\"elementor-element elementor-element-256d4b4 e-flex e-con-boxed e-con e-child\" data-id=\"256d4b4\" data-element_type=\"container\" data-e-type=\"container\" data-settings=\"{&quot;jet_parallax_layout_list&quot;:[]}\">\n\t\t\t\t\t<div class=\"e-con-inner\">\n\t\t\t\t<div class=\"elementor-element elementor-element-9257370 elementor-widget__width-auto elementor-widget elementor-widget-heading\" data-id=\"9257370\" data-element_type=\"widget\" data-e-type=\"widget\" data-widget_type=\"heading.default\">\n\t\t\t\t<div class=\"elementor-widget-container\">\n\t\t\t\t\t<h6 class=\"elementor-heading-title elementor-size-default\">Fondapi<\/h6>\t\t\t\t<\/div>\n\t\t\t\t<\/div>\n\t\t\t\t\t<\/div>\n\t\t\t\t<\/div>\n\t\t\t\t\t<\/div>\n\t\t\t\t<\/div>\n\t\t<div class=\"elementor-element elementor-element-fa4006a e-flex e-con-boxed e-con e-parent\" data-id=\"fa4006a\" data-element_type=\"container\" data-e-type=\"container\" data-settings=\"{&quot;jet_parallax_layout_list&quot;:[]}\">\n\t\t\t\t\t<div class=\"e-con-inner\">\n\t\t<div class=\"elementor-element elementor-element-893b52a e-con-full e-flex e-con e-child\" data-id=\"893b52a\" data-element_type=\"container\" data-e-type=\"container\" data-settings=\"{&quot;jet_parallax_layout_list&quot;:[]}\">\n\t\t\t\t<div class=\"elementor-element elementor-element-f26bc70 elementor-widget elementor-widget-heading\" data-id=\"f26bc70\" data-element_type=\"widget\" data-e-type=\"widget\" data-widget_type=\"heading.default\">\n\t\t\t\t<div class=\"elementor-widget-container\">\n\t\t\t\t\t<h3 class=\"elementor-heading-title elementor-size-default\">Information conform\u00e9ment \u00e0 l'art. 13 du R\u00e8glement (UE) 2016\/679  <\/h3>\t\t\t\t<\/div>\n\t\t\t\t<\/div>\n\t\t\t\t<div class=\"elementor-element elementor-element-b569226 elementor-widget elementor-widget-text-editor\" data-id=\"b569226\" data-element_type=\"widget\" data-e-type=\"widget\" data-widget_type=\"text-editor.default\">\n\t\t\t\t<div class=\"elementor-widget-container\">\n\t\t\t\t\t\t\t\t\t<p><span style=\"font-weight: 400;\">Cette information est fournie conform\u00e9ment \u00e0 l&rsquo;art. 13 du R\u00e8glement (UE) 2016\/679 (ci-apr\u00e8s \u00e9galement d\u00e9nomm\u00e9 le R\u00e8glement) ; selon la loi indiqu\u00e9e, ce traitement sera bas\u00e9 sur les principes d&rsquo;\u00e9quit\u00e9, de lic\u00e9it\u00e9 et de transparence, et de protection de votre confidentialit\u00e9 et de vos droits. <\/span><\/p><p><b>Responsable du traitement <\/b><\/p><p><span style=\"font-weight: 400;\">Le responsable du traitement des donn\u00e9es est FONDAPI Fondo nazionale pensione complementare per i lavoratori delle piccole e medie imprese, dont le si\u00e8ge est situ\u00e9 Piazza Cola di Rienzo, 80\/A &#8211; Rome (\u00e9galement d\u00e9nomm\u00e9 le Fonds)<\/span><\/p><p><b>D\u00e9l\u00e9gu\u00e9 \u00e0 la protection des donn\u00e9es (DPO)<\/b><\/p><p><span style=\"font-weight: 400;\">Le D\u00e9l\u00e9gu\u00e9 \u00e0 la Protection des Donn\u00e9es est Protection Trade S.r.l. dont le si\u00e8ge social est situ\u00e9 Via Giorgio Morandi &#8211; 22, Itri (LT) ; ses coordonn\u00e9es sont les suivantes : <\/span><a href=\"mailto:dpo_fondapi@protectiontrade.it\"><span style=\"font-weight: 400;\">dpo_fondapi@protectiontrade.it<\/span><\/a><span style=\"font-weight: 400;\">.<\/span><\/p><p><b>Finalit\u00e9 du traitement et base juridique du traitement <\/b><\/p><p><span style=\"font-weight: 400;\">La collecte et le traitement de vos donn\u00e9es personnelles sont effectu\u00e9s pour l&rsquo;envoi de la newsletter du Fonds par e-mail que vous avez fourni. La base juridique du traitement est le consentement.<\/span> <span style=\"font-weight: 400;\">En ce qui concerne ce dernier, vous avez le droit de le r\u00e9voquer \u00e0 tout moment. La r\u00e9vocation du consentement n&rsquo;affecte pas la lic\u00e9it\u00e9 du traitement bas\u00e9 sur le consentement que vous avez fourni avant la r\u00e9vocation<\/span><\/p><p><b>Nature des donn\u00e9es trait\u00e9es<\/b><\/p><p><span style=\"font-weight: 400;\">Pour la poursuite des finalit\u00e9s susmentionn\u00e9es, les donn\u00e9es suivantes seront trait\u00e9es : nom et pr\u00e9nom, adresse IP et adresse e-mail.<\/span><\/p><p><b>Nature de la fourniture des donn\u00e9es personnelles<\/b><\/p><p><span style=\"font-weight: 400;\">La fourniture de donn\u00e9es pour ces activit\u00e9s est facultative et un \u00e9ventuel refus peut entra\u00eener l&rsquo;impossibilit\u00e9 pour le Responsable de poursuivre les finalit\u00e9s susmentionn\u00e9es. Vous avez le droit de r\u00e9voquer votre consentement \u00e0 tout moment. La r\u00e9vocation du consentement n&rsquo;affecte pas la lic\u00e9it\u00e9 du traitement bas\u00e9 sur le consentement que vous avez fourni avant la r\u00e9vocation.  <\/span><\/p><p><b>Modalit\u00e9s de traitement<\/b><\/p><p><span style=\"font-weight: 400;\">Le traitement est effectu\u00e9 principalement par des moyens automatis\u00e9s et dans tous les cas en observant toutes les mesures de pr\u00e9caution pour la s\u00e9curit\u00e9 et la confidentialit\u00e9 des donn\u00e9es.<\/span><\/p><p><b>Destinataires des donn\u00e9es<\/b><\/p><p><span style=\"font-weight: 400;\">Les personnes autoris\u00e9es qui s&rsquo;occupent de la gestion des communications et les sujets externes nomm\u00e9s responsables du traitement ex art 28 du R\u00e8glement UE 2016\/679, pourront prendre connaissance de vos donn\u00e9es personnelles exclusivement pour la poursuite des finalit\u00e9s susmentionn\u00e9es. Les donn\u00e9es, qui ne seront pas diffus\u00e9es, pourront \u00eatre communiqu\u00e9es \u00e0 des sujets qui, pour le compte du Responsable, effectuent des activit\u00e9s de gestion comptable et fiscale et \u00e0 des sujets auxquels la facult\u00e9 d&rsquo;acc\u00e9der aux donn\u00e9es est reconnue par des dispositions l\u00e9gales et\/ou r\u00e9glementaires. Les donn\u00e9es ne seront normalement pas transf\u00e9r\u00e9es hors de l&rsquo;Union europ\u00e9enne. Tout transfert de donn\u00e9es en dehors de l&rsquo;Union europ\u00e9enne ne se fera que vers des entit\u00e9s garantissant un niveau ad\u00e9quat de protection du traitement et\/ou vers des pays pour lesquels les autorit\u00e9s comp\u00e9tentes ont \u00e9mis une d\u00e9cision d&rsquo;ad\u00e9quation et vers des entit\u00e9s ayant fourni des garanties appropri\u00e9es pour le traitement des donn\u00e9es par le biais d&rsquo;instruments juridiques\/contractuels ad\u00e9quats, tels que la signature de clauses contractuelles types.   <\/span><\/p><p><b>P\u00e9riode de conservation des donn\u00e9es personnelles<\/b><\/p><p><span style=\"font-weight: 400;\">Les donn\u00e9es personnelles seront conserv\u00e9es pendant deux ans ou jusqu&rsquo;\u00e0 la r\u00e9vocation du consentement.<\/span><\/p><p><b>Droits des personnes concern\u00e9es<\/b><\/p><p><span style=\"font-weight: 400;\">La personne concern\u00e9e peut enfin demander des informations sur le traitement de ses donn\u00e9es personnelles en \u00e9crivant \u00e0 l&rsquo;adresse e-mail <\/span><a href=\"mailto:dpo_fondapi@protectiontrade.it\"><span style=\"font-weight: 400;\">dpo_fondapi@protectiontrade.it<\/span><\/a><span style=\"font-weight: 400;\">. En particulier, la personne concern\u00e9e pourra :<\/span><\/p><ul><li style=\"font-weight: 400;\" aria-level=\"1\"><span style=\"font-weight: 400;\">acc\u00e9der \u00e0 vos donn\u00e9es personnelles, en obtenant la preuve des finalit\u00e9s poursuivies par le Responsable du traitement, des cat\u00e9gories de donn\u00e9es concern\u00e9es, des destinataires auxquels elles peuvent \u00eatre communiqu\u00e9es, de la p\u00e9riode de conservation applicable, de l&rsquo;existence de processus d\u00e9cisionnels automatis\u00e9s, y compris le profilage, et, au moins dans ces cas, des informations significatives sur la logique utilis\u00e9e, ainsi que l&rsquo;importance et les cons\u00e9quences possibles pour la personne concern\u00e9e, si cela n&rsquo;est pas d\u00e9j\u00e0 indiqu\u00e9 dans le texte de cette Information ;<\/span><\/li><li style=\"font-weight: 400;\" aria-level=\"1\"><span style=\"font-weight: 400;\">obtenir sans d\u00e9lai la rectification des donn\u00e9es personnelles inexactes la concernant ;<\/span><\/li><li style=\"font-weight: 400;\" aria-level=\"1\"><span style=\"font-weight: 400;\">obtenir, dans les cas pr\u00e9vus par la loi, l&rsquo;effacement de vos donn\u00e9es ;<\/span><\/li><\/ul><ul><li style=\"font-weight: 400;\" aria-level=\"1\"><span style=\"font-weight: 400;\">obtenir la limitation du traitement ou vous y opposer, lorsque cela est admis sur la base des dispositions l\u00e9gales applicables au cas sp\u00e9cifique.<\/span><\/li><\/ul><h4><span style=\"font-weight: 400;\">Si elle le juge opportun, la personne concern\u00e9e pourra d\u00e9poser une plainte aupr\u00e8s de l&rsquo;Autorit\u00e9 de contr\u00f4le (Autorit\u00e9 de protection des donn\u00e9es personnelles).<\/span><\/h4>\t\t\t\t\t\t\t\t<\/div>\n\t\t\t\t<\/div>\n\t\t\t\t<div class=\"elementor-element elementor-element-f6ca896 elementor-widget elementor-widget-text-editor\" data-id=\"f6ca896\" data-element_type=\"widget\" data-e-type=\"widget\" data-widget_type=\"text-editor.default\">\n\t\t\t\t<div class=\"elementor-widget-container\">\n\t\t\t\t\t\t\t\t\t<h4><strong>CARACT\u00c8RE FACULTATIF DE LA FOURNITURE DES DONN\u00c9ES<\/strong><\/h4><p>\u00c0 l&rsquo;exception de ce qui est sp\u00e9cifi\u00e9 pour les donn\u00e9es de navigation, l&rsquo;utilisateur est libre de fournir les donn\u00e9es personnelles indiqu\u00e9es dans les formulaires de demande ou autrement indiqu\u00e9es dans les contacts avec Fondapi pour solliciter l&rsquo;envoi de mat\u00e9riel d&rsquo;information ou d&rsquo;autres communications.<br>Leur non-fourniture peut entra\u00eener l&rsquo;impossibilit\u00e9 d&rsquo;obtenir ce qui est demand\u00e9.<br>Il est \u00e9galement signal\u00e9 que l&rsquo;acceptation des cookies est une condition n\u00e9cessaire pour utiliser le service de consultation des pages dynamiques.<br>Pour \u00eatre complet, il faut rappeler que dans certains cas (ne faisant pas l&rsquo;objet de la gestion ordinaire de ce site) l&rsquo;Autorit\u00e9 peut demander des nouvelles et des informations aux fins du contr\u00f4le sur le traitement des donn\u00e9es personnelles.<br>Dans ces cas, la r\u00e9ponse est obligatoire sous peine de sanction administrative.<\/p>\t\t\t\t\t\t\t\t<\/div>\n\t\t\t\t<\/div>\n\t\t\t\t<div class=\"elementor-element elementor-element-1155e6c elementor-widget elementor-widget-text-editor\" data-id=\"1155e6c\" data-element_type=\"widget\" data-e-type=\"widget\" data-widget_type=\"text-editor.default\">\n\t\t\t\t<div class=\"elementor-widget-container\">\n\t\t\t\t\t\t\t\t\t<h4><strong>MODALIT\u00c9S DE TRAITEMENT<\/strong><\/h4>\nLes donn\u00e9es personnelles sont trait\u00e9es avec des outils automatis\u00e9s pendant le temps strictement n\u00e9cessaire pour atteindre les objectifs pour lesquels elles ont \u00e9t\u00e9 collect\u00e9es. Des mesures de s\u00e9curit\u00e9 sp\u00e9cifiques sont observ\u00e9es pour pr\u00e9venir la perte de donn\u00e9es, les utilisations illicites ou incorrectes et les acc\u00e8s non autoris\u00e9s. \t\t\t\t\t\t\t\t<\/div>\n\t\t\t\t<\/div>\n\t\t\t\t<div class=\"elementor-element elementor-element-7174e3b elementor-widget elementor-widget-text-editor\" data-id=\"7174e3b\" data-element_type=\"widget\" data-e-type=\"widget\" data-widget_type=\"text-editor.default\">\n\t\t\t\t<div class=\"elementor-widget-container\">\n\t\t\t\t\t\t\t\t\t<h4><strong>LIEU DE TRAITEMENT DES DONN\u00c9ES<\/strong><\/h4>\nLes traitements li\u00e9s aux services web de ce site ont lieu au si\u00e8ge du Responsable du traitement, \u00e0 savoir Fondapi, et sont effectu\u00e9s uniquement par du personnel autoris\u00e9 et express\u00e9ment\ncharg\u00e9 de cette t\u00e2che. Aucune donn\u00e9e d\u00e9riv\u00e9e du service web n&rsquo;est communiqu\u00e9e ou diffus\u00e9e.\nLes donn\u00e9es, qui ne seront pas diffus\u00e9es, pourront \u00e9galement \u00eatre communiqu\u00e9es \u00e0 des soci\u00e9t\u00e9s tierces qui, pour notre compte,\ns&rsquo;occupent de la gestion informatique du site et\/ou de la gestion d&rsquo;autres activit\u00e9s li\u00e9es aux services web fournis par celui-ci. \t\t\t\t\t\t\t\t<\/div>\n\t\t\t\t<\/div>\n\t\t\t\t<div class=\"elementor-element elementor-element-0b8986a elementor-widget elementor-widget-text-editor\" data-id=\"0b8986a\" data-element_type=\"widget\" data-e-type=\"widget\" data-widget_type=\"text-editor.default\">\n\t\t\t\t<div class=\"elementor-widget-container\">\n\t\t\t\t\t\t\t\t\t<h4><strong>DROITS DES PERSONNES CONCERN\u00c9ES<\/strong><\/h4>\nLa personne concern\u00e9e pourra s&rsquo;adresser au Responsable pour exercer les droits pr\u00e9vus par le R\u00e8glement en sa faveur et\nen particulier pourra demander l&rsquo;acc\u00e8s, la rectification, la mise \u00e0 jour, le blocage, la r\u00e9vocation du\nconsentement conform\u00e9ment aux normes applicables, la limitation du traitement, la portabilit\u00e9 des donn\u00e9es\net leur suppression. La personne concern\u00e9e a \u00e9galement le droit, en ce qui concerne le traitement de ses donn\u00e9es personnelles, de d\u00e9poser une plainte aupr\u00e8s de l&rsquo;Autorit\u00e9 de contr\u00f4le. Ces droits peuvent \u00eatre exerc\u00e9s\nen \u00e9crivant \u00e0 l&rsquo;adresse e-mail fondapi@protectiontrade.it.  \t\t\t\t\t\t\t\t<\/div>\n\t\t\t\t<\/div>\n\t\t\t\t<div class=\"elementor-element elementor-element-20a95a3 elementor-widget elementor-widget-text-editor\" data-id=\"20a95a3\" data-element_type=\"widget\" data-e-type=\"widget\" data-widget_type=\"text-editor.default\">\n\t\t\t\t<div class=\"elementor-widget-container\">\n\t\t\t\t\t\t\t\t\t<h4><strong>RESPONSABLE DU TRAITEMENT<\/strong><\/h4>\nLe responsable du traitement des donn\u00e9es est FONDAPI Fondo nazionale pensione complementare per i\nlavoratori delle piccole e medie imprese, dont le si\u00e8ge est situ\u00e9 Piazza Cola di Rienzo, 80\/A &#8211; Rome.\t\t\t\t\t\t\t\t<\/div>\n\t\t\t\t<\/div>\n\t\t\t\t<\/div>\n\t\t\t\t\t<\/div>\n\t\t\t\t<\/div>\n\t\t\t\t<\/div>\n\t\t","protected":false},"excerpt":{"rendered":"<p>Home Fondapi Information conform\u00e9ment \u00e0 l&rsquo;art. 13 du R\u00e8glement (UE) 2016\/679 Cette information est fournie conform\u00e9ment \u00e0 l&rsquo;art. 13 du R\u00e8glement (UE) 2016\/679 (ci-apr\u00e8s \u00e9galement d\u00e9nomm\u00e9 le R\u00e8glement) ; selon la loi indiqu\u00e9e, ce traitement sera bas\u00e9 sur les principes d&rsquo;\u00e9quit\u00e9, de lic\u00e9it\u00e9 et de transparence, et de protection de votre confidentialit\u00e9 et de vos [&hellip;]<\/p>\n","protected":false},"author":1,"featured_media":0,"parent":0,"menu_order":26,"comment_status":"closed","ping_status":"closed","template":"","meta":{"footnotes":""},"class_list":["post-61371","page","type-page","status-publish","hentry"],"yoast_head":"<!-- This site is optimized with the Yoast SEO plugin v27.2 - https:\/\/yoast.com\/product\/yoast-seo-wordpress\/ -->\n<title>Politique de confidentialit\u00e9 - Fondapi<\/title>\n<meta name=\"robots\" content=\"index, follow, max-snippet:-1, max-image-preview:large, max-video-preview:-1\" \/>\n<link rel=\"canonical\" href=\"https:\/\/www.fondapi.it\/fr\/politique-de-confidentialite\/\" \/>\n<meta property=\"og:locale\" content=\"fr_FR\" \/>\n<meta property=\"og:type\" content=\"article\" \/>\n<meta property=\"og:title\" content=\"Politique de confidentialit\u00e9 - Fondapi\" \/>\n<meta property=\"og:description\" content=\"Home Fondapi Information conform\u00e9ment \u00e0 l&rsquo;art. 13 du R\u00e8glement (UE) 2016\/679 Cette information est fournie conform\u00e9ment \u00e0 l&rsquo;art. 13 du R\u00e8glement (UE) 2016\/679 (ci-apr\u00e8s \u00e9galement d\u00e9nomm\u00e9 le R\u00e8glement) ; selon la loi indiqu\u00e9e, ce traitement sera bas\u00e9 sur les principes d&rsquo;\u00e9quit\u00e9, de lic\u00e9it\u00e9 et de transparence, et de protection de votre confidentialit\u00e9 et de vos [&hellip;]\" \/>\n<meta property=\"og:url\" content=\"https:\/\/www.fondapi.it\/fr\/politique-de-confidentialite\/\" \/>\n<meta property=\"og:site_name\" content=\"Fondapi\" \/>\n<meta property=\"article:publisher\" content=\"https:\/\/www.facebook.com\/pages\/Scegli-Fondapi\/111620682275544?fref=ts\" \/>\n<meta property=\"article:modified_time\" content=\"2025-11-12T07:51:11+00:00\" \/>\n<meta name=\"twitter:card\" content=\"summary_large_image\" \/>\n<meta name=\"twitter:site\" content=\"@fondapi\" \/>\n<meta name=\"twitter:label1\" content=\"Dur\u00e9e de lecture estim\u00e9e\" \/>\n\t<meta name=\"twitter:data1\" content=\"6 minutes\" \/>\n<script type=\"application\/ld+json\" class=\"yoast-schema-graph\">{\"@context\":\"https:\/\/schema.org\",\"@graph\":[{\"@type\":\"WebPage\",\"@id\":\"https:\/\/www.fondapi.it\/fr\/politique-de-confidentialite\/\",\"url\":\"https:\/\/www.fondapi.it\/fr\/politique-de-confidentialite\/\",\"name\":\"Politique de confidentialit\u00e9 - Fondapi\",\"isPartOf\":{\"@id\":\"https:\/\/www.fondapi.it\/fr\/#website\"},\"datePublished\":\"2024-06-19T10:04:42+00:00\",\"dateModified\":\"2025-11-12T07:51:11+00:00\",\"breadcrumb\":{\"@id\":\"https:\/\/www.fondapi.it\/fr\/politique-de-confidentialite\/#breadcrumb\"},\"inLanguage\":\"fr-FR\",\"potentialAction\":[{\"@type\":\"ReadAction\",\"target\":[\"https:\/\/www.fondapi.it\/fr\/politique-de-confidentialite\/\"]}]},{\"@type\":\"BreadcrumbList\",\"@id\":\"https:\/\/www.fondapi.it\/fr\/politique-de-confidentialite\/#breadcrumb\",\"itemListElement\":[{\"@type\":\"ListItem\",\"position\":1,\"name\":\"Home\",\"item\":\"https:\/\/www.fondapi.it\/fr\/accueil\/\"},{\"@type\":\"ListItem\",\"position\":2,\"name\":\"Politique de confidentialit\u00e9\"}]},{\"@type\":\"WebSite\",\"@id\":\"https:\/\/www.fondapi.it\/fr\/#website\",\"url\":\"https:\/\/www.fondapi.it\/fr\/\",\"name\":\"Fondapi\",\"description\":\"\",\"publisher\":{\"@id\":\"https:\/\/www.fondapi.it\/fr\/#organization\"},\"alternateName\":\"Fondapi Fondo pensione integrativa\",\"potentialAction\":[{\"@type\":\"SearchAction\",\"target\":{\"@type\":\"EntryPoint\",\"urlTemplate\":\"https:\/\/www.fondapi.it\/fr\/?s={search_term_string}\"},\"query-input\":{\"@type\":\"PropertyValueSpecification\",\"valueRequired\":true,\"valueName\":\"search_term_string\"}}],\"inLanguage\":\"fr-FR\"},{\"@type\":\"Organization\",\"@id\":\"https:\/\/www.fondapi.it\/fr\/#organization\",\"name\":\"Fondapi - Fondo nazionale pensione complementare\",\"alternateName\":\"Fondapi Fondo pensione integrativa\",\"url\":\"https:\/\/www.fondapi.it\/fr\/\",\"logo\":{\"@type\":\"ImageObject\",\"inLanguage\":\"fr-FR\",\"@id\":\"https:\/\/www.fondapi.it\/fr\/#\/schema\/logo\/image\/\",\"url\":\"\",\"contentUrl\":\"\",\"caption\":\"Fondapi - Fondo nazionale pensione complementare\"},\"image\":{\"@id\":\"https:\/\/www.fondapi.it\/fr\/#\/schema\/logo\/image\/\"},\"sameAs\":[\"https:\/\/www.facebook.com\/pages\/Scegli-Fondapi\/111620682275544?fref=ts\",\"https:\/\/x.com\/fondapi\",\"https:\/\/www.linkedin.com\/company\/18497131\",\"https:\/\/www.youtube.com\/user\/Fondapi\",\"https:\/\/www.instagram.com\/fondapi.it\/\"]}]}<\/script>\n<!-- \/ Yoast SEO plugin. -->","yoast_head_json":{"title":"Politique de confidentialit\u00e9 - Fondapi","robots":{"index":"index","follow":"follow","max-snippet":"max-snippet:-1","max-image-preview":"max-image-preview:large","max-video-preview":"max-video-preview:-1"},"canonical":"https:\/\/www.fondapi.it\/fr\/politique-de-confidentialite\/","og_locale":"fr_FR","og_type":"article","og_title":"Politique de confidentialit\u00e9 - Fondapi","og_description":"Home Fondapi Information conform\u00e9ment \u00e0 l&rsquo;art. 13 du R\u00e8glement (UE) 2016\/679 Cette information est fournie conform\u00e9ment \u00e0 l&rsquo;art. 13 du R\u00e8glement (UE) 2016\/679 (ci-apr\u00e8s \u00e9galement d\u00e9nomm\u00e9 le R\u00e8glement) ; selon la loi indiqu\u00e9e, ce traitement sera bas\u00e9 sur les principes d&rsquo;\u00e9quit\u00e9, de lic\u00e9it\u00e9 et de transparence, et de protection de votre confidentialit\u00e9 et de vos [&hellip;]","og_url":"https:\/\/www.fondapi.it\/fr\/politique-de-confidentialite\/","og_site_name":"Fondapi","article_publisher":"https:\/\/www.facebook.com\/pages\/Scegli-Fondapi\/111620682275544?fref=ts","article_modified_time":"2025-11-12T07:51:11+00:00","twitter_card":"summary_large_image","twitter_site":"@fondapi","twitter_misc":{"Dur\u00e9e de lecture estim\u00e9e":"6 minutes"},"schema":{"@context":"https:\/\/schema.org","@graph":[{"@type":"WebPage","@id":"https:\/\/www.fondapi.it\/fr\/politique-de-confidentialite\/","url":"https:\/\/www.fondapi.it\/fr\/politique-de-confidentialite\/","name":"Politique de confidentialit\u00e9 - Fondapi","isPartOf":{"@id":"https:\/\/www.fondapi.it\/fr\/#website"},"datePublished":"2024-06-19T10:04:42+00:00","dateModified":"2025-11-12T07:51:11+00:00","breadcrumb":{"@id":"https:\/\/www.fondapi.it\/fr\/politique-de-confidentialite\/#breadcrumb"},"inLanguage":"fr-FR","potentialAction":[{"@type":"ReadAction","target":["https:\/\/www.fondapi.it\/fr\/politique-de-confidentialite\/"]}]},{"@type":"BreadcrumbList","@id":"https:\/\/www.fondapi.it\/fr\/politique-de-confidentialite\/#breadcrumb","itemListElement":[{"@type":"ListItem","position":1,"name":"Home","item":"https:\/\/www.fondapi.it\/fr\/accueil\/"},{"@type":"ListItem","position":2,"name":"Politique de confidentialit\u00e9"}]},{"@type":"WebSite","@id":"https:\/\/www.fondapi.it\/fr\/#website","url":"https:\/\/www.fondapi.it\/fr\/","name":"Fondapi","description":"","publisher":{"@id":"https:\/\/www.fondapi.it\/fr\/#organization"},"alternateName":"Fondapi Fondo pensione integrativa","potentialAction":[{"@type":"SearchAction","target":{"@type":"EntryPoint","urlTemplate":"https:\/\/www.fondapi.it\/fr\/?s={search_term_string}"},"query-input":{"@type":"PropertyValueSpecification","valueRequired":true,"valueName":"search_term_string"}}],"inLanguage":"fr-FR"},{"@type":"Organization","@id":"https:\/\/www.fondapi.it\/fr\/#organization","name":"Fondapi - Fondo nazionale pensione complementare","alternateName":"Fondapi Fondo pensione integrativa","url":"https:\/\/www.fondapi.it\/fr\/","logo":{"@type":"ImageObject","inLanguage":"fr-FR","@id":"https:\/\/www.fondapi.it\/fr\/#\/schema\/logo\/image\/","url":"","contentUrl":"","caption":"Fondapi - Fondo nazionale pensione complementare"},"image":{"@id":"https:\/\/www.fondapi.it\/fr\/#\/schema\/logo\/image\/"},"sameAs":["https:\/\/www.facebook.com\/pages\/Scegli-Fondapi\/111620682275544?fref=ts","https:\/\/x.com\/fondapi","https:\/\/www.linkedin.com\/company\/18497131","https:\/\/www.youtube.com\/user\/Fondapi","https:\/\/www.instagram.com\/fondapi.it\/"]}]}},"_links":{"self":[{"href":"https:\/\/www.fondapi.it\/fr\/wp-json\/wp\/v2\/pages\/61371","targetHints":{"allow":["GET"]}}],"collection":[{"href":"https:\/\/www.fondapi.it\/fr\/wp-json\/wp\/v2\/pages"}],"about":[{"href":"https:\/\/www.fondapi.it\/fr\/wp-json\/wp\/v2\/types\/page"}],"author":[{"embeddable":true,"href":"https:\/\/www.fondapi.it\/fr\/wp-json\/wp\/v2\/users\/1"}],"replies":[{"embeddable":true,"href":"https:\/\/www.fondapi.it\/fr\/wp-json\/wp\/v2\/comments?post=61371"}],"version-history":[{"count":1,"href":"https:\/\/www.fondapi.it\/fr\/wp-json\/wp\/v2\/pages\/61371\/revisions"}],"predecessor-version":[{"id":61372,"href":"https:\/\/www.fondapi.it\/fr\/wp-json\/wp\/v2\/pages\/61371\/revisions\/61372"}],"wp:attachment":[{"href":"https:\/\/www.fondapi.it\/fr\/wp-json\/wp\/v2\/media?parent=61371"}],"curies":[{"name":"wp","href":"https:\/\/api.w.org\/{rel}","templated":true}]}}